{"id":11352,"date":"2022-10-27T12:28:55","date_gmt":"2022-10-27T12:28:55","guid":{"rendered":"https:\/\/kitchtenstore.com\/?post_type=product&#038;p=11352"},"modified":"2022-10-27T12:28:55","modified_gmt":"2022-10-27T12:28:55","slug":"maison-friends-house-avec-sonnette-incluse","status":"publish","type":"product","link":"https:\/\/kitchtenstore.com\/fr\/produit\/maison-friends-house-avec-sonnette-incluse\/","title":{"rendered":"Maison Friends House avec Sonnette Incluse"},"content":{"rendered":"<h2>Description<\/h2>\n<div id=\"presContent\" class=\"fpBlk testSep extCode\">\n<table>\n<tbody>\n<tr>\n<td><img decoding=\"async\" id=\"img_165502\" src=\"https:\/\/i6.cdscdn.com\/other\/165502.jpg\" alt=\"\" \/><\/td>\n<td><strong>Maisonnette enfant\u00a0Friends House<\/strong><\/td>\n<\/tr>\n<tr>\n<td colspan=\"2\"><strong>Design et robuste<\/strong>, la Friends House offre \u00e0 vos enfants un\u00a0<strong>grand espace pour jouer et se cacher<\/strong>\u00a0!<span id=\"_radEditor_new_line\"><br \/>\n<\/span>Elle poss\u00e8de un\u00a0<strong>passage secret<\/strong>, un\u00a0<strong>espace de pic nic<\/strong>\u00a0et une\u00a0<strong>sonnette \u00e9lectronique<\/strong>, pour encore encore plus de jeux et de rires !<\/td>\n<\/tr>\n<tr>\n<td><img decoding=\"async\" id=\"img_165504\" src=\"https:\/\/i6.cdscdn.com\/other\/165504.jpg\" alt=\"\" \/><\/td>\n<td>\u00a0\u2013 Les couleurs de la Friends House font que cette maisonnette\u00a0<strong>s\u2019harmonisera parfaitement dans votre jardin<\/strong>.<\/p>\n<p>\u2013 Originale, cette maisonnette en plastique trait\u00e9 anti-UV, imite la pierre, le bois, le cr\u00e9pis\u2026 et des animaux ornent la fa\u00e7ade.&nbsp;<\/p>\n<p>\u2013 Tr\u00e8s spacieuse, notamment avec sa\u00a0<strong>grande hauteur de 1.72 m\u00e8tres<\/strong>, elle sera l\u2019espace de jeu pr\u00e9f\u00e9r\u00e9 de vos enfants !<br \/>\n<span id=\"_radEditor_new_line\"><br \/>\n<\/span>\u00a0\u2013\u00a0<strong>Pour faire comme les parents et s\u2019imaginer vivre dans une grande maison !<\/strong><\/td>\n<\/tr>\n<tr>\n<td colspan=\"2\"><\/td>\n<\/tr>\n<tr>\n<td>\u00a0 \u2013 La Friends House fait la diff\u00e9rence par ses d\u00e9tails, qui permettront \u00e0 vos enfants de s\u2019imaginer mille histoires et situations diff\u00e9rentes !<br \/>\n<span id=\"_radEditor_new_line\"><br \/>\n<\/span>\u2013 Elle comprend notamment\u00a0<strong>2 portillons<\/strong>\u00a0(celui \u00e0 l\u2019arri\u00e8re faisant office de\u00a0<strong>passage secret<\/strong>), et une\u00a0<strong>sonnette \u00e9lectronique<\/strong>\u00a0pour plus de r\u00e9alisme (n\u00e9cessitant 2 piles AAA). Les volets s\u2019ouvrent \u00e0 360\u00b0.<br \/>\n<span id=\"_radEditor_new_line\"><br \/>\n<\/span>\u00a0\u2013 Elle est \u00e9quip\u00e9e d\u2019<strong>une table de pic nic et de deux bancs<\/strong>, que vos enfants pourront placer\u00a0<strong>\u00e0 l\u2019int\u00e9rieur ou \u00e0 l\u2019ext\u00e9rieur<\/strong>\u00a0de la maison, selon l\u2019envie !<br \/>\n<span id=\"_radEditor_new_line\"><br \/>\n<\/span>\u00a0\u2013\u00a0<strong>Avec l\u2019espace jardinet, deux jardini\u00e8res<\/strong>\u00a0en plastique sont fournies avec la Friends House, ainsi vous pourrez faire d\u00e9couvrir le jardinage et la nature \u00e0 vos enfants.<\/td>\n<td><img decoding=\"async\" id=\"img_165512\" src=\"https:\/\/i6.cdscdn.com\/other\/165512.jpg\" alt=\"\" \/><\/td>\n<\/tr>\n<tr>\n<td colspan=\"2\"><\/td>\n<\/tr>\n<tr>\n<td colspan=\"2\">\n<table>\n<tbody>\n<tr>\n<td><img decoding=\"async\" id=\"img_165517\" src=\"https:\/\/i6.cdscdn.com\/other\/165517.jpg\" alt=\"\" \/><\/td>\n<td><\/td>\n<td><img decoding=\"async\" id=\"img_165519\" src=\"https:\/\/i6.cdscdn.com\/other\/165519.jpg\" alt=\"\" \/><\/td>\n<\/tr>\n<\/tbody>\n<\/table>\n<\/td>\n<\/tr>\n<tr>\n<td>\u00a0Table de pic nic et bancs positionn\u00e9s \u00e0 l\u2019int\u00e9rieur de la Friends House<\/td>\n<td>\n<table>\n<tbody>\n<tr>\n<td><\/td>\n<td>Sonnette \u00e9lectronique<\/td>\n<\/tr>\n<\/tbody>\n<\/table>\n<\/td>\n<\/tr>\n<tr>\n<td colspan=\"2\"><\/td>\n<\/tr>\n<tr>\n<td colspan=\"2\"><\/td>\n<\/tr>\n<\/tbody>\n<\/table>\n<\/div>\n<div id=\"desc\" class=\"anchor\"><\/div>\n<div id=\"descContent\" class=\"fpBlk testSep\" data-cs-override-id=\"Descriptif\">\n<p class=\"fpMb\">Maisonnette Friends House, \u00e0 partir de 3 ans. Spacieuse, avec plusieurs espaces de jeu : maison, pic nic, jardinet, passage secret\u2026 Id\u00e9ale pour jouer et se cacher ! Avec une sonnette \u00e9lectronique. Design et robuste, anti-UV. Fabriqu\u00e9 en France<\/p>\n<div class=\"regBloc no1023\">\n<div id=\"gpt-R2-300X250BODY2\" data-google-query-id=\"CMGQxda-megCFeaxswodSAQEKg\"><\/div>\n<div class=\"regTxt\"><\/div>\n<\/div>\n<table class=\"fpDescTb fpDescTbPub\">\n<tbody>\n<tr>\n<th colspan=\"2\">Informations g\u00e9n\u00e9rales sur le produit<\/th>\n<\/tr>\n<tr>\n<td>Marque<\/td>\n<td>SMOBY<\/td>\n<\/tr>\n<tr>\n<td>Nom du produit<\/td>\n<td>SMOBY Maison Friends House avec Sonnette Incluse<\/td>\n<\/tr>\n<tr>\n<td>Cat\u00e9gorie<\/td>\n<td>MAISONNETTE EXT\u00c9RIEURE<\/td>\n<\/tr>\n<tr>\n<th colspan=\"2\">G\u00e9n\u00e9ral<\/th>\n<\/tr>\n<tr>\n<td>Mod\u00e8le<\/td>\n<td>Maison Friends House<\/td>\n<\/tr>\n<tr>\n<td>Type de Produit<\/td>\n<td>Maison ext\u00e9rieure<\/td>\n<\/tr>\n<tr>\n<td>Composition du lot<\/td>\n<td>\u2013 2 portillons dont un \u00e0 l\u2019arri\u00e8re de la maison servant de \u2018passage secret\u2019<br \/>\n\u2013 2 volets 360\u00b0 permettant de fermer les fen\u00eatres sur les fac\u0327ades principales ou sur les c\u00f4t\u00e9s<br \/>\n\u2013 1 espace pique-nique (2 bancs + 1 table) amovible (int\u00e9rieur ou ext\u00e9rieur)<br \/>\n\u2013 1 sonnette \u00e9lectronique<br \/>\n\u2013 2 jardini\u00e8res<\/td>\n<\/tr>\n<tr>\n<td>Utilisation<\/td>\n<td>Int\u00e9rieur<\/td>\n<\/tr>\n<tr>\n<td>Age (A partir de)<\/td>\n<td>3 ans<\/td>\n<\/tr>\n<tr>\n<td>Mati\u00e8res<\/td>\n<td>Plastique souffl\u00e9 fran\u00e7ais<\/td>\n<\/tr>\n<tr>\n<td>Couleur(s)<\/td>\n<td>\u2013<\/td>\n<\/tr>\n<tr>\n<td>Plus produit<\/td>\n<td>\u2013 Structure stable et r\u00e9sistante en plastique souffl\u00e9, murs lat\u00e9raux et toits inject\u00e9s.<br \/>\n\u2013 Pour le c\u00f4t\u00e9 ludique, des dessins d\u2019animaux (chat, chien, oiseaux\u2026) sont dessin\u00e9s sur les<br \/>\nfac\u0327ades.<br \/>\n\u2013 Les pi\u00e8ces plastiques sont trait\u00e9es Anti-UV pour une bonne r\u00e9sistance et une meilleure tenue<br \/>\ndes couleurs dans le temps.<br \/>\n\u2013 Facile \u00e0 monter.<\/td>\n<\/tr>\n<tr>\n<th colspan=\"2\">Caract\u00e9ristiques du produit<\/th>\n<\/tr>\n<tr>\n<td>Description du produit<\/td>\n<td>Maisonnette Friends House, \u00e0 partir de 3 ans. Spacieuse, avec plusieurs espaces de jeu : maison, pic nic, jardinet, passage secret\u2026 Id\u00e9ale pour jouer et se cacher ! Avec une sonnette \u00e9lectronique. Design et robuste, anti-UV. Fabriqu\u00e9 en France<\/td>\n<\/tr>\n<tr>\n<td>Nombre de joueurs<\/td>\n<td>Min:1<\/td>\n<\/tr>\n<tr>\n<td>Nombre d\u2019agr\u00e8s<\/td>\n<td>1<\/td>\n<\/tr>\n<tr>\n<th colspan=\"2\">Poids et Dimensions<\/th>\n<\/tr>\n<tr>\n<td>Dimensions<\/td>\n<td>17,1 x 17,2 x 21,7 cm<\/td>\n<\/tr>\n<tr>\n<td>Poids<\/td>\n<td>4,04 Kg<\/td>\n<\/tr>\n<tr>\n<th colspan=\"2\">Alimentation<\/th>\n<\/tr>\n<tr>\n<td>Batterie<\/td>\n<td>A monter soi-m\u00eame<\/td>\n<\/tr>\n<tr>\n<td>Temps de charge<\/td>\n<td>France<\/td>\n<\/tr>\n<tr>\n<th colspan=\"2\">Divers<\/th>\n<\/tr>\n<tr>\n<td>Pays d\u2019origine<\/td>\n<td>France<\/td>\n<\/tr>\n<tr>\n<th colspan=\"2\">S\u00e9curit\u00e9 et Certifications<\/th>\n<\/tr>\n<tr>\n<td>Certifications et normes<\/td>\n<td>Certifi\u00e9 par la Communaut\u00e9 Europ\u00e9enne (CE)<\/td>\n<\/tr>\n<\/tbody>\n<\/table>\n<\/div>","protected":false},"excerpt":{"rendered":"<div class=\"woocommerce-product-details__short-description\">\n<ul>\n<li>Composition du lot : \u2013 2 portillons dont un \u00e0 l\u2019arri\u00e8re de la maison servant de \u2018passage secret\u2019, \u2013 2 volets 360\u00b0 permettant de fermer les fen\u00eatres sur les fac\u0327ades principales ou sur les c\u00f4t\u00e9s, \u2013 1 espace pique-nique (2 bancs + 1 table) amovible (int\u00e9rieur ou ext\u00e9rieur), \u2013 1 sonnette \u00e9lectronique, \u2013 2 jardini\u00e8res<\/li>\n<li>Mati\u00e8res : Plastique souffl\u00e9 fran\u00e7ais<\/li>\n<li>Age (A partir de) : 3 ans<\/li>\n<li>Maison ext\u00e9rieure<\/li>\n<\/ul>\n<\/div>","protected":false},"featured_media":11359,"comment_status":"open","ping_status":"closed","template":"","meta":{"inline_featured_image":false,"_joinchat":[]},"product_cat":[163],"product_tag":[],"class_list":{"0":"post-11352","1":"product","2":"type-product","3":"status-publish","4":"has-post-thumbnail","6":"product_cat-jouets-enfants-bebes","8":"first","9":"instock","10":"shipping-taxable","11":"purchasable","12":"product-type-simple"},"_links":{"self":[{"href":"https:\/\/kitchtenstore.com\/fr\/wp-json\/wp\/v2\/product\/11352","targetHints":{"allow":["GET"]}}],"collection":[{"href":"https:\/\/kitchtenstore.com\/fr\/wp-json\/wp\/v2\/product"}],"about":[{"href":"https:\/\/kitchtenstore.com\/fr\/wp-json\/wp\/v2\/types\/product"}],"replies":[{"embeddable":true,"href":"https:\/\/kitchtenstore.com\/fr\/wp-json\/wp\/v2\/comments?post=11352"}],"version-history":[{"count":1,"href":"https:\/\/kitchtenstore.com\/fr\/wp-json\/wp\/v2\/product\/11352\/revisions"}],"predecessor-version":[{"id":11360,"href":"https:\/\/kitchtenstore.com\/fr\/wp-json\/wp\/v2\/product\/11352\/revisions\/11360"}],"wp:featuredmedia":[{"embeddable":true,"href":"https:\/\/kitchtenstore.com\/fr\/wp-json\/wp\/v2\/media\/11359"}],"wp:attachment":[{"href":"https:\/\/kitchtenstore.com\/fr\/wp-json\/wp\/v2\/media?parent=11352"}],"wp:term":[{"taxonomy":"product_cat","embeddable":true,"href":"https:\/\/kitchtenstore.com\/fr\/wp-json\/wp\/v2\/product_cat?post=11352"},{"taxonomy":"product_tag","embeddable":true,"href":"https:\/\/kitchtenstore.com\/fr\/wp-json\/wp\/v2\/product_tag?post=11352"}],"curies":[{"name":"wp","href":"https:\/\/api.w.org\/{rel}","templated":true}]}}