{"id":11350,"date":"2022-10-27T12:26:41","date_gmt":"2022-10-27T12:26:41","guid":{"rendered":"https:\/\/kitchtenstore.com\/?post_type=product&#038;p=11350"},"modified":"2022-10-27T12:26:42","modified_gmt":"2022-10-27T12:26:42","slug":"maison-pour-enfant-feber-la-grande-villa","status":"publish","type":"product","link":"https:\/\/kitchtenstore.com\/fr\/produit\/maison-pour-enfant-feber-la-grande-villa\/","title":{"rendered":"Maison pour enfant FEBER \u2013 La Grande Villa"},"content":{"rendered":"<h2>Description<\/h2>\n<div id=\"presTitle\" class=\"fpCat testSep\">\n<div class=\"fpCatTitle\">Pr\u00e9sentation produit : FEBER \u2013 La Grande Villa \u2013 Maison pour enfant<\/div>\n<\/div>\n<div id=\"presContent\" class=\"fpBlk testSep extCode\">\n<table>\n<tbody>\n<tr>\n<td><img decoding=\"async\" id=\"img_119068\" src=\"https:\/\/i6.cdscdn.com\/other\/119068.jpg\" alt=\"\" \/><\/td>\n<\/tr>\n<tr>\n<td>\n<div><span id=\"_radEditor_new_line\">\u00a0<\/span><\/div>\n<div>\n<p>\u00a0Bienvenue dans la Villa Feber, une tr\u00e8s grande maison de jardin pour y recevoir tous ses amis. Sa conception majoritairement en plastique souffl\u00e9 en fait un mod\u00e8le particuli\u00e8rement r\u00e9sistant (toit en plastique inject\u00e9). L\u2019int\u00e9rieur est tr\u00e8s spacieux et haut de plafond, avec des fen\u00eatres ouvertes et un balconnet.<\/p>\n<p>Cette jolie maison comporte : deux portes battantes dont une avec boite aux lettres, une tablette de jeu int\u00e9rieur\/ext\u00e9rieur avec deux bancs, des fen\u00eates dont une avec battant, deux petites lanternes factices. Montage facile.<\/p>\n<p>Couleurs lumineuses r\u00e9sistant au soleil et aux intemp\u00e9ries.<br \/>\n<span id=\"_radEditor_new_line\"><br \/>\n<\/span><\/p>\n<\/div>\n<div>\u00a0Dimensions hors-tout du produit mont\u00e9 : L200 x P154 x H161cm.<\/div>\n<p><span id=\"_radEditor_new_line\">\u00a0<\/span><\/td>\n<\/tr>\n<\/tbody>\n<\/table>\n<div><iframe loading=\"lazy\" src=\"https:\/\/www.youtube.com\/embed\/5c-0lveZ18Y\" width=\"640\" height=\"480\" frameborder=\"0\" data-mce-fragment=\"1\"><\/iframe><\/div>\n<\/div>\n<div id=\"desc\" class=\"anchor\"><\/div>\n<div id=\"descContent\" class=\"fpBlk testSep\" data-cs-override-id=\"Descriptif\">\n<div class=\"regBloc no1023\">\n<div class=\"regTxt\"><\/div>\n<\/div>\n<table class=\"fpDescTb fpDescTbPub\">\n<tbody>\n<tr>\n<th colspan=\"2\">Informations g\u00e9n\u00e9rales sur le produit<\/th>\n<\/tr>\n<tr>\n<td>Nom du produit<\/td>\n<td>FEBER \u2013 La Grande Villa \u2013 Maison pour enfant<\/td>\n<\/tr>\n<tr>\n<td>Cat\u00e9gorie<\/td>\n<td>MAISONNETTE EXT\u00c9RIEURE<\/td>\n<\/tr>\n<tr>\n<th colspan=\"2\">G\u00e9n\u00e9ral<\/th>\n<\/tr>\n<tr>\n<td>Marque<\/td>\n<td>FEBER<\/td>\n<\/tr>\n<tr>\n<td>Gamme<\/td>\n<td>Feber<\/td>\n<\/tr>\n<tr>\n<td>Mod\u00e8le<\/td>\n<td>Villa FEBER<\/td>\n<\/tr>\n<tr>\n<td>Type de Produit<\/td>\n<td>Maison ext\u00e9rieure<\/td>\n<\/tr>\n<tr>\n<td>Composition du lot<\/td>\n<td>\u2013 1 grand maison<br \/>\n\u2013 des accessoires<\/td>\n<\/tr>\n<tr>\n<td>Utilisation<\/td>\n<td>Int\u00e9rieur<\/td>\n<\/tr>\n<tr>\n<td>Age (A partir de)<\/td>\n<td>3 ans<\/td>\n<\/tr>\n<tr>\n<td>Mati\u00e8res<\/td>\n<td>Autre<\/td>\n<\/tr>\n<tr>\n<td>Couleur(s)<\/td>\n<td>La Grande Villa<\/td>\n<\/tr>\n<tr>\n<td>Plus produit<\/td>\n<td>L\u2019int\u00e9rieur est tr\u00e8s spacieux et haut de plafond, avec un balconnet.<\/td>\n<\/tr>\n<tr>\n<th colspan=\"2\">Alimentation<\/th>\n<\/tr>\n<tr>\n<td>Batterie<\/td>\n<td>A monter soi-m\u00eame<\/td>\n<\/tr>\n<\/tbody>\n<\/table>\n<\/div>","protected":false},"excerpt":{"rendered":"<ul>\n<li>Composition du lot : \u2013 1 grand maison , \u2013 des accessoires<\/li>\n<li>Mati\u00e8res : Autre<\/li>\n<li>Age (A partir de) : 3 ans<\/li>\n<\/ul>","protected":false},"featured_media":11355,"comment_status":"open","ping_status":"closed","template":"","meta":{"inline_featured_image":false,"_joinchat":[]},"product_cat":[163],"product_tag":[],"class_list":{"0":"post-11350","1":"product","2":"type-product","3":"status-publish","4":"has-post-thumbnail","6":"product_cat-jouets-enfants-bebes","8":"first","9":"instock","10":"shipping-taxable","11":"purchasable","12":"product-type-simple"},"_links":{"self":[{"href":"https:\/\/kitchtenstore.com\/fr\/wp-json\/wp\/v2\/product\/11350","targetHints":{"allow":["GET"]}}],"collection":[{"href":"https:\/\/kitchtenstore.com\/fr\/wp-json\/wp\/v2\/product"}],"about":[{"href":"https:\/\/kitchtenstore.com\/fr\/wp-json\/wp\/v2\/types\/product"}],"replies":[{"embeddable":true,"href":"https:\/\/kitchtenstore.com\/fr\/wp-json\/wp\/v2\/comments?post=11350"}],"version-history":[{"count":1,"href":"https:\/\/kitchtenstore.com\/fr\/wp-json\/wp\/v2\/product\/11350\/revisions"}],"predecessor-version":[{"id":11356,"href":"https:\/\/kitchtenstore.com\/fr\/wp-json\/wp\/v2\/product\/11350\/revisions\/11356"}],"wp:featuredmedia":[{"embeddable":true,"href":"https:\/\/kitchtenstore.com\/fr\/wp-json\/wp\/v2\/media\/11355"}],"wp:attachment":[{"href":"https:\/\/kitchtenstore.com\/fr\/wp-json\/wp\/v2\/media?parent=11350"}],"wp:term":[{"taxonomy":"product_cat","embeddable":true,"href":"https:\/\/kitchtenstore.com\/fr\/wp-json\/wp\/v2\/product_cat?post=11350"},{"taxonomy":"product_tag","embeddable":true,"href":"https:\/\/kitchtenstore.com\/fr\/wp-json\/wp\/v2\/product_tag?post=11350"}],"curies":[{"name":"wp","href":"https:\/\/api.w.org\/{rel}","templated":true}]}}