{"id":11344,"date":"2022-10-27T12:24:20","date_gmt":"2022-10-27T12:24:20","guid":{"rendered":"https:\/\/kitchtenstore.com\/?post_type=product&#038;p=11344"},"modified":"2022-10-27T12:24:20","modified_gmt":"2022-10-27T12:24:20","slug":"portique-en-bois-tour-descalade-avec-balancoire-toboggan-et-bac-a-sable","status":"publish","type":"product","link":"https:\/\/kitchtenstore.com\/fr\/produit\/portique-en-bois-tour-descalade-avec-balancoire-toboggan-et-bac-a-sable\/","title":{"rendered":"Portique en bois Tour d\u00b4escalade avec balan\u00e7oire, toboggan et bac \u00e0 sable"},"content":{"rendered":"<h2>Description<\/h2>\n<div id=\"presContent\" class=\"fpBlk testSep extCode\">\n<div id=\"page\">\n<div id=\"titre_DM\">FATMOOSE ActionArena Air XXL SuperSwing<\/div>\n<div id=\"table_bottom\">\n<table>\n<tbody>\n<tr>\n<td rowspan=\"2\"><strong>Pr\u00e9sentation du produit :<\/strong>&nbsp;<\/p>\n<ul class=\"listebulletpoint\">\n<li>Attention: Veuillez noter que nous ne livrons pas les \u00eeles<\/li>\n<li>Bois massif impr\u00e9gn\u00e9 en autoclave facile \u00e0 entretenir<\/li>\n<li>Qualit\u00e9 et s\u00e9curit\u00e9 contr\u00f4l\u00e9es \u2013 Made in Germany<\/li>\n<li>Poutre horizontale 9x9cm et montants 7x7cm<\/li>\n<li>Notice de montage d\u00e9taill\u00e9e pour un montage facile 10 ans de garantie sur tous les \u00e9l\u00e9ments en bois<\/li>\n<li>XXL Tour de jeux avec hauteur plateforme 120cm<\/li>\n<li>Toboggan double vague avec raccord pour l\u2019eau MaxiGlider XL<\/li>\n<li>MagicSurf Planche mobile<\/li>\n<li>LineUp Corde d\u2019escalade<\/li>\n<li>Mur d\u2019escalade vertical<\/li>\n<li>3 \u00c9chelles diff\u00e9rents d\u2018escalade<\/li>\n<li>5 GrabOn Prises d\u2019escalade<\/li>\n<li>4 MasterGrab Poign\u00e9es de s\u00e9curit\u00e9<\/li>\n<li>Grand filet \u00e0 grimper<\/li>\n<li>Barre horizontale<\/li>\n<li>2 Autocollants FATMOOSE tout temps<\/li>\n<li>Contenu du coli extension de balan\u00e7oire SuperSwing:<\/li>\n<li>2 FATMOOSE ClassicRider Si\u00e8ges de balan\u00e7oire cordes r\u00e9glables incluses<\/li>\n<li>4 Crochets complets SwingFix avec palier en plastique et mousqueton<\/li>\n<li>Attention: Ne convient pas aux enfants de moins de 3 ans \u2013 \u00c0 utiliser sous la surveillance d\u2019un adulte \u2013 R\u00e9serv\u00e9 \u00e0 un usage domestique \u2013 Toutes les dimensions sont des dimensions approximatives<\/li>\n<\/ul>\n<\/td>\n<\/tr>\n<\/tbody>\n<\/table>\n<\/div>\n<\/div>\n<\/div>","protected":false},"excerpt":{"rendered":"<div class=\"woocommerce-product-details__short-description\">\n<p>Bois massif impr\u00e9gn\u00e9 en autoclave facile \u00e0 entretenir \u2013 Qualit\u00e9 et s\u00e9curit\u00e9 contr\u00f4l\u00e9es \u2013 Made in Germany \u2013 Montants 7x7cm \u2013 Notice de montage d\u00e9taill\u00e9e pour un montage facile \u2013 10 ans de garantie sur tous les \u00e9l\u00e9ments en bois<\/p>\n<\/div>","protected":false},"featured_media":11349,"comment_status":"open","ping_status":"closed","template":"","meta":{"inline_featured_image":false,"_joinchat":[]},"product_cat":[163],"product_tag":[],"class_list":{"0":"post-11344","1":"product","2":"type-product","3":"status-publish","4":"has-post-thumbnail","6":"product_cat-jouets-enfants-bebes","8":"first","9":"instock","10":"shipping-taxable","11":"purchasable","12":"product-type-simple"},"_links":{"self":[{"href":"https:\/\/kitchtenstore.com\/fr\/wp-json\/wp\/v2\/product\/11344","targetHints":{"allow":["GET"]}}],"collection":[{"href":"https:\/\/kitchtenstore.com\/fr\/wp-json\/wp\/v2\/product"}],"about":[{"href":"https:\/\/kitchtenstore.com\/fr\/wp-json\/wp\/v2\/types\/product"}],"replies":[{"embeddable":true,"href":"https:\/\/kitchtenstore.com\/fr\/wp-json\/wp\/v2\/comments?post=11344"}],"version-history":[{"count":1,"href":"https:\/\/kitchtenstore.com\/fr\/wp-json\/wp\/v2\/product\/11344\/revisions"}],"predecessor-version":[{"id":11351,"href":"https:\/\/kitchtenstore.com\/fr\/wp-json\/wp\/v2\/product\/11344\/revisions\/11351"}],"wp:featuredmedia":[{"embeddable":true,"href":"https:\/\/kitchtenstore.com\/fr\/wp-json\/wp\/v2\/media\/11349"}],"wp:attachment":[{"href":"https:\/\/kitchtenstore.com\/fr\/wp-json\/wp\/v2\/media?parent=11344"}],"wp:term":[{"taxonomy":"product_cat","embeddable":true,"href":"https:\/\/kitchtenstore.com\/fr\/wp-json\/wp\/v2\/product_cat?post=11344"},{"taxonomy":"product_tag","embeddable":true,"href":"https:\/\/kitchtenstore.com\/fr\/wp-json\/wp\/v2\/product_tag?post=11344"}],"curies":[{"name":"wp","href":"https:\/\/api.w.org\/{rel}","templated":true}]}}