{"id":11332,"date":"2022-10-27T12:21:42","date_gmt":"2022-10-27T12:21:42","guid":{"rendered":"https:\/\/kitchtenstore.com\/?post_type=product&#038;p=11332"},"modified":"2022-10-27T12:21:42","modified_gmt":"2022-10-27T12:21:42","slug":"portique-enfant-aire-de-jeux-smart-queen-2-agres-wickey-balancoire","status":"publish","type":"product","link":"https:\/\/kitchtenstore.com\/fr\/produit\/portique-enfant-aire-de-jeux-smart-queen-2-agres-wickey-balancoire\/","title":{"rendered":"Portique Enfant \u2013 Aire de Jeux Smart Queen \u2013 2 Agr\u00e8s WICKEY Balan\u00e7oire"},"content":{"rendered":"<h2>Description<\/h2>\n<div id=\"presContent\" class=\"fpBlk testSep extCode\">\n<div id=\"page\">\n<div id=\"titre_DM\">WICKEY Balan\u00e7oire \/ Portique Enfant \u2013 Aire de Jeux Smart Queen \u2013 2 Agr\u00e8s<\/div>\n<div id=\"table_bottom\">\n<table>\n<tbody>\n<tr>\n<td rowspan=\"2\"><strong>Pr\u00e9sentation du produit :<\/strong>&nbsp;<\/p>\n<ul class=\"listebulletpoint\">\n<li>Attention: Veuillez noter que nous ne livrons pas les \u00eeles<\/li>\n<li>S\u00e9rie Wickey Smart<\/li>\n<li>Bois massif impr\u00e9gn\u00e9 en autoclave<\/li>\n<li>Qualit\u00e9 et s\u00e9curit\u00e9 contr\u00f4l\u00e9es<\/li>\n<li>Plusieurs options de montage<\/li>\n<li>10 ans de garantie sur tous les \u00e9l\u00e9ments en bois<\/li>\n<li>Hauteur de plateforme 120 cm et 150 cm \u2013 Dimensions des poteaux 7\u00d77 cm<\/li>\n<li>Poutre du portique 9\u00d79 cm \u2013 Toboggan double vague avec raccord pour l\u2019eau 220 cm<\/li>\n<li>2 Si\u00e8ges de balan\u00e7oire avec corde ajustable* \u2013 \u00c9chelle de corde avec \u00e9chelons en bois<\/li>\n<li>5 Crochets balan\u00e7oire avec roulement nylon \u2013 Raccord de portique en bois<\/li>\n<li>Table de pique-nique \u2013 5 Prises d\u2019escalade*<\/li>\n<li>6 Poign\u00e9es* \u2013 Barre \u00e0 roue \u2013 Volant* \u2013 T\u00e9lescope \u2013 P\u00e9riscope \u2013 B\u00e2che tout temps 650 gr\/m\u00b2<\/li>\n<li>Mur d\u2019escalade oblique \u2013 Mur d\u2019escalade vertical<\/li>\n<li>Poutre flottante \u2013 2 Toits en b\u00e2che tout temps 650 gr\/m\u00b2<\/li>\n<li>2 Ponts suspendus \u2013 Comptoir<\/li>\n<li>Filet \u00e0 grimper \u2013 Corde \u00e0 grimper -Sticker autocollant \u2013 Autocollant Wickey<\/li>\n<li>Bac \u00e0 sable int\u00e9gr\u00e9 \u2013 Toutes les vis n\u00e9cessaires<\/li>\n<li>Deux-pi\u00e8ces s\u00e9curis\u00e9s en 2 parties pour masquer les vis<\/li>\n<li>Notice tr\u00e8s d\u00e9taill\u00e9e pour un montage facile<\/li>\n<li>Attention: Ne convient pas aux enfants de moins de 3 ans \u2013 Les dimensions donn\u00e9es sont des dimensions approximatives \u2013 * Les accessoires sont livr\u00e9s en couleurs m\u00e9lang\u00e9es<\/li>\n<\/ul>\n<\/td>\n<\/tr>\n<\/tbody>\n<\/table>\n<\/div>\n<\/div>\n<\/div>","protected":false},"excerpt":{"rendered":"<div class=\"woocommerce-product-details__short-description\">\n<p>S\u00e9rie Wickey Smart \u2013 Bois massif impr\u00e9gn\u00e9 en autoclave \u2013 Qualit\u00e9 et s\u00e9curit\u00e9 contr\u00f4l\u00e9es \u2013 Plusieurs options de montage \u2013 Hauteur de plateforme 120\u00a0cm et 150\u00a0cm \u2013 Dimensions des poteaux 7\u00d77\u00a0cm \u2013 Poutre du portique 9\u00d79\u00a0cm \u2013 Et tout \u00e7a est inclus<\/p>\n<\/div>","protected":false},"featured_media":11340,"comment_status":"open","ping_status":"closed","template":"","meta":{"inline_featured_image":false,"_joinchat":[]},"product_cat":[163],"product_tag":[],"class_list":{"0":"post-11332","1":"product","2":"type-product","3":"status-publish","4":"has-post-thumbnail","6":"product_cat-jouets-enfants-bebes","8":"first","9":"instock","10":"shipping-taxable","11":"purchasable","12":"product-type-simple"},"_links":{"self":[{"href":"https:\/\/kitchtenstore.com\/fr\/wp-json\/wp\/v2\/product\/11332","targetHints":{"allow":["GET"]}}],"collection":[{"href":"https:\/\/kitchtenstore.com\/fr\/wp-json\/wp\/v2\/product"}],"about":[{"href":"https:\/\/kitchtenstore.com\/fr\/wp-json\/wp\/v2\/types\/product"}],"replies":[{"embeddable":true,"href":"https:\/\/kitchtenstore.com\/fr\/wp-json\/wp\/v2\/comments?post=11332"}],"version-history":[{"count":1,"href":"https:\/\/kitchtenstore.com\/fr\/wp-json\/wp\/v2\/product\/11332\/revisions"}],"predecessor-version":[{"id":11342,"href":"https:\/\/kitchtenstore.com\/fr\/wp-json\/wp\/v2\/product\/11332\/revisions\/11342"}],"wp:featuredmedia":[{"embeddable":true,"href":"https:\/\/kitchtenstore.com\/fr\/wp-json\/wp\/v2\/media\/11340"}],"wp:attachment":[{"href":"https:\/\/kitchtenstore.com\/fr\/wp-json\/wp\/v2\/media?parent=11332"}],"wp:term":[{"taxonomy":"product_cat","embeddable":true,"href":"https:\/\/kitchtenstore.com\/fr\/wp-json\/wp\/v2\/product_cat?post=11332"},{"taxonomy":"product_tag","embeddable":true,"href":"https:\/\/kitchtenstore.com\/fr\/wp-json\/wp\/v2\/product_tag?post=11332"}],"curies":[{"name":"wp","href":"https:\/\/api.w.org\/{rel}","templated":true}]}}