{"id":11331,"date":"2022-10-27T12:21:22","date_gmt":"2022-10-27T12:21:22","guid":{"rendered":"https:\/\/kitchtenstore.com\/?post_type=product&#038;p=11331"},"modified":"2022-10-27T12:21:22","modified_gmt":"2022-10-27T12:21:22","slug":"table-de-ping-pong-850-wood-ittf","status":"publish","type":"product","link":"https:\/\/kitchtenstore.com\/fr\/produit\/table-de-ping-pong-850-wood-ittf\/","title":{"rendered":"Table de Ping-Pong 850 Wood ITTF"},"content":{"rendered":"<h2>Description<\/h2>\n<table class=\"fpDescTb fpDescTbPub\">\n<tbody>\n<tr>\n<th colspan=\"2\">Informations g\u00e9n\u00e9rales sur le produit<\/th>\n<\/tr>\n<tr>\n<td>Marque<\/td>\n<td>CORNILLEAU<\/td>\n<\/tr>\n<tr>\n<td>Nom du produit<\/td>\n<td>CORNILLEAU Table de Ping-Pong 850 Wood ITTF<\/td>\n<\/tr>\n<tr>\n<td>Cat\u00e9gorie<\/td>\n<td>TABLE TENNIS DE TABLE<\/td>\n<\/tr>\n<tr>\n<th colspan=\"2\">G\u00e9n\u00e9ral<\/th>\n<\/tr>\n<tr>\n<td>Type de Produit<\/td>\n<td>Table de Ping Pong<\/td>\n<\/tr>\n<tr>\n<td>Mod\u00e8les<\/td>\n<td>850 WOOD ITTF<\/td>\n<\/tr>\n<tr>\n<td>Usage<\/td>\n<td>Occasionnel<\/td>\n<\/tr>\n<tr>\n<td>Famille de sport<\/td>\n<td>Tennis de table<\/td>\n<\/tr>\n<tr>\n<td>Sports<\/td>\n<td>Tennis de table<\/td>\n<\/tr>\n<tr>\n<td>Mati\u00e8res<\/td>\n<td>Mat\u00e9riau panneau : Agglom\u00e9r\u00e9<br \/>\nType d\u2019encadrement : Bois<\/td>\n<\/tr>\n<tr>\n<td>Couleur(s)<\/td>\n<td>Gris<\/td>\n<\/tr>\n<tr>\n<td>Certifications et normes<\/td>\n<td>EN 14468-1<\/td>\n<\/tr>\n<tr>\n<th colspan=\"2\">Caract\u00e9ristiques<\/th>\n<\/tr>\n<tr>\n<td>Description du produit<\/td>\n<td>Table de ping-pong con\u00e7ue pour une utilisation int\u00e9rieure, dispose d\u2019un filet permanent, escamotable<br \/>\net r\u00e9glable en tension et hauteur. Equip\u00e9 d\u2019un syst\u00e8me de verrouillage : Double S\u00e9curit\u00e9 Int\u00e9gr\u00e9e.<br \/>\nAgr\u00e9ment : ITTF Haute Comp\u00e9tition. Stable et robuste.<\/td>\n<\/tr>\n<tr>\n<td>Plus produit<\/td>\n<td>Points de verrouillage 16 points<br \/>\nPatin de r\u00e9glage \u00d8 140 mm<br \/>\nMod\u00e8le de roue sp\u00e9ciale Indoor \u00e0 roulements \u00e0 billes<br \/>\nFreins 4<br \/>\nAvec commande centralis\u00e9e<br \/>\nPossibilit\u00e9 d\u2019utilisation adapt\u00e9e fauteuil roulant et de jouer seul<br \/>\nClasse A<\/td>\n<\/tr>\n<tr>\n<td>Poids<\/td>\n<td>Poids table : 122 kg<\/td>\n<\/tr>\n<tr>\n<td>Dimensions<\/td>\n<td>Position jeu : 2740 x 1525 x 760 mm<br \/>\nDimensions pli\u00e9s : 1835 x 1560 x 650 mm<br \/>\n\u00c9paisseur panneau : 25 mm<br \/>\nTaille des roues : 125 x 35 mm<br \/>\nDimensions pieds : 120 x 60 mm<\/td>\n<\/tr>\n<tr>\n<td>Equilibre<\/td>\n<td>\u00c9quilibr\u00e9e gr\u00e2ce \u00e0 ses pieds en bois<\/td>\n<\/tr>\n<tr>\n<td>Cordage<\/td>\n<td>Cord\u00e9e<\/td>\n<\/tr>\n<tr>\n<td>Surface<\/td>\n<td>Surface optimis\u00e9e<\/td>\n<\/tr>\n<tr>\n<td>R\u00e9glages<\/td>\n<td>R\u00e9glages filet tension et hauteur<\/td>\n<\/tr>\n<tr>\n<td>Utilisation<\/td>\n<td>Int\u00e9rieur<\/td>\n<\/tr>\n<\/tbody>\n<\/table>","protected":false},"excerpt":{"rendered":"<div class=\"woocommerce-product-details__short-description\">\n<p>Table de Ping Pong 850 Wood ITTF, coloris gris, pliable avec panneau agglom\u00e9r\u00e9 et type d\u2019encadrement en bois. Con\u00e7ue pour une utilisation int\u00e9rieure, dispose d\u2019un filet permanent, escamotable et r\u00e9glable. \u00c9quip\u00e9 d\u2019un syst\u00e8me de verrouillage : Double S\u00e9curit\u00e9 Int\u00e9gr\u00e9e. Possibilit\u00e9 d\u2019utilisation adapt\u00e9e fauteuil roulant et de jouer seul. Robuste, stable et \u00e9quilibr\u00e9e gr\u00e2ce \u00e0 ses pieds en bois. Position de jeu : 2740 x 1525 x 760 mm et dimensions pli\u00e9s : 1835 x 1560 x 650 mm.<\/p>\n<\/div>","protected":false},"featured_media":11336,"comment_status":"open","ping_status":"closed","template":"","meta":{"inline_featured_image":false,"_joinchat":[]},"product_cat":[163],"product_tag":[],"class_list":{"0":"post-11331","1":"product","2":"type-product","3":"status-publish","4":"has-post-thumbnail","6":"product_cat-jouets-enfants-bebes","8":"first","9":"instock","10":"shipping-taxable","11":"purchasable","12":"product-type-simple"},"_links":{"self":[{"href":"https:\/\/kitchtenstore.com\/fr\/wp-json\/wp\/v2\/product\/11331","targetHints":{"allow":["GET"]}}],"collection":[{"href":"https:\/\/kitchtenstore.com\/fr\/wp-json\/wp\/v2\/product"}],"about":[{"href":"https:\/\/kitchtenstore.com\/fr\/wp-json\/wp\/v2\/types\/product"}],"replies":[{"embeddable":true,"href":"https:\/\/kitchtenstore.com\/fr\/wp-json\/wp\/v2\/comments?post=11331"}],"version-history":[{"count":2,"href":"https:\/\/kitchtenstore.com\/fr\/wp-json\/wp\/v2\/product\/11331\/revisions"}],"predecessor-version":[{"id":11343,"href":"https:\/\/kitchtenstore.com\/fr\/wp-json\/wp\/v2\/product\/11331\/revisions\/11343"}],"wp:featuredmedia":[{"embeddable":true,"href":"https:\/\/kitchtenstore.com\/fr\/wp-json\/wp\/v2\/media\/11336"}],"wp:attachment":[{"href":"https:\/\/kitchtenstore.com\/fr\/wp-json\/wp\/v2\/media?parent=11331"}],"wp:term":[{"taxonomy":"product_cat","embeddable":true,"href":"https:\/\/kitchtenstore.com\/fr\/wp-json\/wp\/v2\/product_cat?post=11331"},{"taxonomy":"product_tag","embeddable":true,"href":"https:\/\/kitchtenstore.com\/fr\/wp-json\/wp\/v2\/product_tag?post=11331"}],"curies":[{"name":"wp","href":"https:\/\/api.w.org\/{rel}","templated":true}]}}