{"id":11320,"date":"2022-10-27T12:13:09","date_gmt":"2022-10-27T12:13:09","guid":{"rendered":"https:\/\/kitchtenstore.com\/?post_type=product&#038;p=11320"},"modified":"2022-10-27T12:13:09","modified_gmt":"2022-10-27T12:13:09","slug":"console-xbox-one-jeu-titanfall","status":"publish","type":"product","link":"https:\/\/kitchtenstore.com\/fr\/produit\/console-xbox-one-jeu-titanfall\/","title":{"rendered":"Console XBOX One + Jeu Titanfall"},"content":{"rendered":"<h2>Description<\/h2>\n<div id=\"descContent\" class=\"fpBlk testSep\" data-cs-override-id=\"Descriptif\">\n<table class=\"fpDescTb fpDescTbPub\">\n<tbody>\n<tr>\n<th colspan=\"2\">Informations g\u00e9n\u00e9rales sur le produit<\/th>\n<\/tr>\n<tr>\n<td>Marque<\/td>\n<td>MICROSOFT<\/td>\n<\/tr>\n<tr>\n<td>Nom du produit<\/td>\n<td>Console XBOX One + Jeu Titanfall<\/td>\n<\/tr>\n<tr>\n<td>Cat\u00e9gorie<\/td>\n<td>CONSOLE XBOX ONE<\/td>\n<\/tr>\n<tr>\n<th colspan=\"2\">Informations G\u00e9n\u00e9rales<\/th>\n<\/tr>\n<tr>\n<td>Cat\u00e9gorie de produit<\/td>\n<td>Console salon<\/td>\n<\/tr>\n<tr>\n<td>Plateforme<\/td>\n<td>Xbox One<\/td>\n<\/tr>\n<tr>\n<td>Description du produit<\/td>\n<td>Date de sortie le 13\/03\/2014. Article en pr\u00e9commande livrable \u00e0 partir de la date de sortie. Contenu : Console Xbox One + 1 Manette sans fil + Captuer Kinect + 1 Jeu Titanfall + 1 Micro casque filaire + Un boitier d\u2019alimentation + 1 c\u00e2ble HDMI + 2 piles LR6 AA<\/td>\n<\/tr>\n<tr>\n<td>Pack<\/td>\n<td>oui<\/td>\n<\/tr>\n<tr>\n<td>Couleur principale<\/td>\n<td>Noir<\/td>\n<\/tr>\n<tr>\n<th colspan=\"2\">Configuration<\/th>\n<\/tr>\n<tr>\n<td>M\u00e9moire vive minimale<\/td>\n<td>8 Go<\/td>\n<\/tr>\n<tr>\n<th colspan=\"2\">Accessoires Livr\u00e9s<\/th>\n<\/tr>\n<tr>\n<td>Nombre d\u2019accessoires<\/td>\n<td>4<\/td>\n<\/tr>\n<tr>\n<td>Elements livr\u00e9s<\/td>\n<td>C\u00e2ble HDMI<\/td>\n<\/tr>\n<tr>\n<th colspan=\"2\">Compatibilit\u00e9<\/th>\n<\/tr>\n<tr>\n<td>Support de lecture<\/td>\n<td>Blu-ray<\/td>\n<\/tr>\n<tr>\n<th colspan=\"2\">Connectique<\/th>\n<\/tr>\n<tr>\n<td>Entr\u00e9es \/ Sorties Vid\u00e9o<\/td>\n<td>HDMI<\/td>\n<\/tr>\n<tr>\n<th colspan=\"2\">Alimentation<\/th>\n<\/tr>\n<tr>\n<td>Piles fournies<\/td>\n<td>Oui<\/td>\n<\/tr>\n<\/tbody>\n<\/table>\n<\/div>","protected":false},"excerpt":{"rendered":"<div class=\"woocommerce-product-details__short-description\">\n<p class=\"fpMb\">Pr\u00e9parez-vous pour des combats titanesques ! Contenu : Console Xbox One + 1 Manette sans fil + Capteur Kinect + 1 Jeu Titanfall \u00e0 t\u00e9l\u00e9charger + 1 Micro casque filaire + Un boitier d\u2019alimentation + 1 c\u00e2ble HDMI + 2 piles LR6 AA + 1 abonnement Xbox Live 1 mois.<\/p>\n<\/div>","protected":false},"featured_media":11327,"comment_status":"open","ping_status":"closed","template":"","meta":{"inline_featured_image":false,"_joinchat":[]},"product_cat":[162],"product_tag":[],"class_list":{"0":"post-11320","1":"product","2":"type-product","3":"status-publish","4":"has-post-thumbnail","6":"product_cat-jeux-videos-consoles","8":"first","9":"instock","10":"shipping-taxable","11":"purchasable","12":"product-type-simple"},"_links":{"self":[{"href":"https:\/\/kitchtenstore.com\/fr\/wp-json\/wp\/v2\/product\/11320","targetHints":{"allow":["GET"]}}],"collection":[{"href":"https:\/\/kitchtenstore.com\/fr\/wp-json\/wp\/v2\/product"}],"about":[{"href":"https:\/\/kitchtenstore.com\/fr\/wp-json\/wp\/v2\/types\/product"}],"replies":[{"embeddable":true,"href":"https:\/\/kitchtenstore.com\/fr\/wp-json\/wp\/v2\/comments?post=11320"}],"version-history":[{"count":2,"href":"https:\/\/kitchtenstore.com\/fr\/wp-json\/wp\/v2\/product\/11320\/revisions"}],"predecessor-version":[{"id":11330,"href":"https:\/\/kitchtenstore.com\/fr\/wp-json\/wp\/v2\/product\/11320\/revisions\/11330"}],"wp:featuredmedia":[{"embeddable":true,"href":"https:\/\/kitchtenstore.com\/fr\/wp-json\/wp\/v2\/media\/11327"}],"wp:attachment":[{"href":"https:\/\/kitchtenstore.com\/fr\/wp-json\/wp\/v2\/media?parent=11320"}],"wp:term":[{"taxonomy":"product_cat","embeddable":true,"href":"https:\/\/kitchtenstore.com\/fr\/wp-json\/wp\/v2\/product_cat?post=11320"},{"taxonomy":"product_tag","embeddable":true,"href":"https:\/\/kitchtenstore.com\/fr\/wp-json\/wp\/v2\/product_tag?post=11320"}],"curies":[{"name":"wp","href":"https:\/\/api.w.org\/{rel}","templated":true}]}}