{"id":11316,"date":"2022-10-27T12:11:44","date_gmt":"2022-10-27T12:11:44","guid":{"rendered":"https:\/\/kitchtenstore.com\/?post_type=product&#038;p=11316"},"modified":"2022-10-27T12:11:44","modified_gmt":"2022-10-27T12:11:44","slug":"console-xbox-one-jeu-fifa-14","status":"publish","type":"product","link":"https:\/\/kitchtenstore.com\/fr\/produit\/console-xbox-one-jeu-fifa-14\/","title":{"rendered":"Console XBOX One + Jeu FIFA 14"},"content":{"rendered":"<h2>Description<\/h2>\n<div id=\"descContent\" class=\"fpBlk testSep\" data-cs-override-id=\"Descriptif\">\n<table class=\"fpDescTb fpDescTbPub\">\n<tbody>\n<tr>\n<th colspan=\"2\">Informations g\u00e9n\u00e9rales sur le produit<\/th>\n<\/tr>\n<tr>\n<td>Marque<\/td>\n<td>MICROSOFT<\/td>\n<\/tr>\n<tr>\n<td>Licences<\/td>\n<td>Fifa<\/td>\n<\/tr>\n<tr>\n<td>Nom du produit<\/td>\n<td>Console XBOX One + Jeu FIFA 14<\/td>\n<\/tr>\n<tr>\n<td>Cat\u00e9gorie<\/td>\n<td>CONSOLE XBOX ONE<\/td>\n<\/tr>\n<tr>\n<th colspan=\"2\">Informations G\u00e9n\u00e9rales<\/th>\n<\/tr>\n<tr>\n<td>Cat\u00e9gorie de produit<\/td>\n<td>Console salon<\/td>\n<\/tr>\n<tr>\n<td>R\u00e9f\u00e9rence constucteur<\/td>\n<td>EA Electronic Arts<\/td>\n<\/tr>\n<tr>\n<td>Plateforme<\/td>\n<td>Xbox One<\/td>\n<\/tr>\n<tr>\n<td>Edition<\/td>\n<td>Bundle<\/td>\n<\/tr>\n<tr>\n<td>Plus produit<\/td>\n<td>Console Xbox One + FIFA 14. Contenu : 1 Console Xbox One,1 Manette sans fil Day One, 1 Capteur Kinect, 1 Micro-Casque filaire, 1 Boitier d\u2019alimentation, 1 C\u00e2ble HDMI et 2 Piles LR6 AA.<\/td>\n<\/tr>\n<tr>\n<td>Description du produit<\/td>\n<td>Console Xbox One + FIFA 14. Contenu : 1 Console Xbox One,1 Manette sans fil Day One, 1 Capteur Kinect, 1 Micro-Casque filaire, 1 Boitier d\u2019alimentation, 1 C\u00e2ble HDMI et 2 Piles LR6 AA.<\/td>\n<\/tr>\n<tr>\n<td>Pack<\/td>\n<td>oui<\/td>\n<\/tr>\n<tr>\n<td>Couleur principale<\/td>\n<td>Noir<\/td>\n<\/tr>\n<\/tbody>\n<\/table>\n<\/div>","protected":false},"excerpt":{"rendered":"<div class=\"woocommerce-product-details__short-description\">\n<p class=\"fpMb\">Console Xbox One + FIFA 14 \u00e0 t\u00e9l\u00e9charger. Contenu : 1 Console Xbox One,1 Manette sans fil Day One, 1 Capteur Kinect, 1 Micro-Casque filaire, 1 Boitier d\u2019alimentation, 1 C\u00e2ble HDMI et 2 Piles LR6 AA.<\/p>\n<\/div>","protected":false},"featured_media":11324,"comment_status":"open","ping_status":"closed","template":"","meta":{"inline_featured_image":false,"_joinchat":[]},"product_cat":[162],"product_tag":[],"class_list":{"0":"post-11316","1":"product","2":"type-product","3":"status-publish","4":"has-post-thumbnail","6":"product_cat-jeux-videos-consoles","8":"first","9":"instock","10":"shipping-taxable","11":"purchasable","12":"product-type-simple"},"_links":{"self":[{"href":"https:\/\/kitchtenstore.com\/fr\/wp-json\/wp\/v2\/product\/11316","targetHints":{"allow":["GET"]}}],"collection":[{"href":"https:\/\/kitchtenstore.com\/fr\/wp-json\/wp\/v2\/product"}],"about":[{"href":"https:\/\/kitchtenstore.com\/fr\/wp-json\/wp\/v2\/types\/product"}],"replies":[{"embeddable":true,"href":"https:\/\/kitchtenstore.com\/fr\/wp-json\/wp\/v2\/comments?post=11316"}],"version-history":[{"count":1,"href":"https:\/\/kitchtenstore.com\/fr\/wp-json\/wp\/v2\/product\/11316\/revisions"}],"predecessor-version":[{"id":11325,"href":"https:\/\/kitchtenstore.com\/fr\/wp-json\/wp\/v2\/product\/11316\/revisions\/11325"}],"wp:featuredmedia":[{"embeddable":true,"href":"https:\/\/kitchtenstore.com\/fr\/wp-json\/wp\/v2\/media\/11324"}],"wp:attachment":[{"href":"https:\/\/kitchtenstore.com\/fr\/wp-json\/wp\/v2\/media?parent=11316"}],"wp:term":[{"taxonomy":"product_cat","embeddable":true,"href":"https:\/\/kitchtenstore.com\/fr\/wp-json\/wp\/v2\/product_cat?post=11316"},{"taxonomy":"product_tag","embeddable":true,"href":"https:\/\/kitchtenstore.com\/fr\/wp-json\/wp\/v2\/product_tag?post=11316"}],"curies":[{"name":"wp","href":"https:\/\/api.w.org\/{rel}","templated":true}]}}