{"id":11308,"date":"2022-10-27T11:57:03","date_gmt":"2022-10-27T11:57:03","guid":{"rendered":"https:\/\/kitchtenstore.com\/?post_type=product&#038;p=11308"},"modified":"2022-10-27T11:57:03","modified_gmt":"2022-10-27T11:57:03","slug":"console-ps4-slim-500go-noire-jet-black-chassis-f-playstation-officiel","status":"publish","type":"product","link":"https:\/\/kitchtenstore.com\/fr\/produit\/console-ps4-slim-500go-noire-jet-black-chassis-f-playstation-officiel\/","title":{"rendered":"Console PS4 Slim 500Go Noire\/Jet Black \u2013 Ch\u00e2ssis F \u2013 PlayStation Officiel"},"content":{"rendered":"<h2>Description<\/h2>\n<p class=\"fpMb\">Un nouveau look, une PS4 plus fine \u2013 D\u00e9couvrez des couleurs vivantes et brillantes avec des graphismes HDR \u00e0 couper le souffle. \u2013 Organisez vos jeux et applications, et partagez avec vos amis \u00e0 l\u2019aide d\u2019une nouvelle interface tr\u00e8s intuitive. \u2013 Stockez vos jeux, applications, captures d\u2019\u00e9cran et vid\u00e9os avec les options 500 Go et 1 To. \u2013 Les plus grands films, les plus grandes s\u00e9ries t\u00e9l\u00e9, et toutes vos applications pr<\/p>\n<div class=\"regBloc no1023\">\n<div id=\"gpt-R2-300X250BODY2\" data-google-query-id=\"CNa-tMymoegCFcy3GwodbSwKVg\"><\/div>\n<div class=\"regTxt\"><\/div>\n<\/div>\n<table class=\"fpDescTb fpDescTbPub\">\n<tbody>\n<tr>\n<th colspan=\"2\">Informations g\u00e9n\u00e9rales sur le produit<\/th>\n<\/tr>\n<tr>\n<td>Marque<\/td>\n<td>SONY COMPUTER ENTERTAINMENT<\/td>\n<\/tr>\n<tr>\n<td>Nom du produit<\/td>\n<td>Console PS4 Slim 500Go Noire\/Jet Black \u2013 Ch\u00e2ssis F<\/td>\n<\/tr>\n<tr>\n<td>Cat\u00e9gorie<\/td>\n<td>CONSOLE PS4<\/td>\n<\/tr>\n<tr>\n<th colspan=\"2\">Informations G\u00e9n\u00e9rales<\/th>\n<\/tr>\n<tr>\n<td>Cat\u00e9gorie de produit<\/td>\n<td>Console salon<\/td>\n<\/tr>\n<tr>\n<td>Plateforme<\/td>\n<td>PS4<\/td>\n<\/tr>\n<tr>\n<td>Description du produit<\/td>\n<td>Ch\u00e2ssis F ( CUH 2216B )<\/td>\n<\/tr>\n<tr>\n<td>Pack<\/td>\n<td>non<\/td>\n<\/tr>\n<tr>\n<td>Couleur principale<\/td>\n<td>Noir<\/td>\n<\/tr>\n<tr>\n<th colspan=\"2\">Configuration<\/th>\n<\/tr>\n<tr>\n<td>Capacit\u00e9 de stockage<\/td>\n<td>500 Go<\/td>\n<\/tr>\n<tr>\n<th colspan=\"2\">Connectique<\/th>\n<\/tr>\n<tr>\n<td>Wi-Fi<\/td>\n<td>Oui<\/td>\n<\/tr>\n<tr>\n<td>Bluetooth<\/td>\n<td>Oui<\/td>\n<\/tr>\n<tr>\n<td>Acc\u00e8s internet<\/td>\n<td>Recommand\u00e9<\/td>\n<\/tr>\n<tr>\n<td>Entr\u00e9es \/ Sorties Vid\u00e9o<\/td>\n<td>HDMI<\/td>\n<\/tr>\n<tr>\n<th colspan=\"2\">Alimentation<\/th>\n<\/tr>\n<tr>\n<td>Alimentation<\/td>\n<td>Secteur<\/td>\n<\/tr>\n<tr>\n<td>Voyant d\u2019alimentation<\/td>\n<td>Oui<\/td>\n<\/tr>\n<\/tbody>\n<\/table>","protected":false},"excerpt":{"rendered":"<div class=\"woocommerce-product-details__short-description\">\n<p>Un nouveau look, une PS4 plus fine \u2013 D\u00e9couvrez des couleurs vivantes et brillantes avec des graphismes HDR \u00e0 couper le souffle. \u2013 Organisez vos jeux et applications, et partagez avec vos amis \u00e0 l\u2019aide d\u2019une nouvelle interface tr\u00e8s intuitive. \u2013 Stockez vos jeux, applications, captures d\u2019\u00e9cran et vid\u00e9os avec les options 500 Go et 1 To. \u2013 Les plus grands films, les plus grandes s\u00e9ries t\u00e9l\u00e9, et toutes vos applications pr<\/p>\n<\/div>","protected":false},"featured_media":11311,"comment_status":"open","ping_status":"closed","template":"","meta":{"inline_featured_image":false,"_joinchat":[]},"product_cat":[162],"product_tag":[],"class_list":{"0":"post-11308","1":"product","2":"type-product","3":"status-publish","4":"has-post-thumbnail","6":"product_cat-jeux-videos-consoles","8":"first","9":"instock","10":"shipping-taxable","11":"purchasable","12":"product-type-simple"},"_links":{"self":[{"href":"https:\/\/kitchtenstore.com\/fr\/wp-json\/wp\/v2\/product\/11308","targetHints":{"allow":["GET"]}}],"collection":[{"href":"https:\/\/kitchtenstore.com\/fr\/wp-json\/wp\/v2\/product"}],"about":[{"href":"https:\/\/kitchtenstore.com\/fr\/wp-json\/wp\/v2\/types\/product"}],"replies":[{"embeddable":true,"href":"https:\/\/kitchtenstore.com\/fr\/wp-json\/wp\/v2\/comments?post=11308"}],"version-history":[{"count":1,"href":"https:\/\/kitchtenstore.com\/fr\/wp-json\/wp\/v2\/product\/11308\/revisions"}],"predecessor-version":[{"id":11312,"href":"https:\/\/kitchtenstore.com\/fr\/wp-json\/wp\/v2\/product\/11308\/revisions\/11312"}],"wp:featuredmedia":[{"embeddable":true,"href":"https:\/\/kitchtenstore.com\/fr\/wp-json\/wp\/v2\/media\/11311"}],"wp:attachment":[{"href":"https:\/\/kitchtenstore.com\/fr\/wp-json\/wp\/v2\/media?parent=11308"}],"wp:term":[{"taxonomy":"product_cat","embeddable":true,"href":"https:\/\/kitchtenstore.com\/fr\/wp-json\/wp\/v2\/product_cat?post=11308"},{"taxonomy":"product_tag","embeddable":true,"href":"https:\/\/kitchtenstore.com\/fr\/wp-json\/wp\/v2\/product_tag?post=11308"}],"curies":[{"name":"wp","href":"https:\/\/api.w.org\/{rel}","templated":true}]}}