{"id":11290,"date":"2022-10-27T11:40:33","date_gmt":"2022-10-27T11:40:33","guid":{"rendered":"https:\/\/kitchtenstore.com\/?post_type=product&#038;p=11290"},"modified":"2022-10-27T11:40:33","modified_gmt":"2022-10-27T11:40:33","slug":"camera-hd-blanche-white-pour-ps5-playstation-officiel","status":"publish","type":"product","link":"https:\/\/kitchtenstore.com\/fr\/produit\/camera-hd-blanche-white-pour-ps5-playstation-officiel\/","title":{"rendered":"Cam\u00e9ra HD Blanche\/White pour PS5 \u2013 PlayStation Officiel"},"content":{"rendered":"<h2>Description<\/h2>\n<ul>\n<li>\n<table class=\"fpDescTb fpDescTbPub\">\n<tbody>\n<tr>\n<td>Nom du produit<\/td>\n<td>Cam\u00e9ra HD Blanche\/White pour PS5 \u2013 PlayStation Off<\/td>\n<\/tr>\n<tr>\n<td>Cat\u00e9gorie<\/td>\n<td>PACK ACCESSOIRE<\/td>\n<\/tr>\n<tr>\n<th colspan=\"2\">Type de produit<\/th>\n<\/tr>\n<tr>\n<td>Type de produit<\/td>\n<td>Cam\u00e9ra HD<\/td>\n<\/tr>\n<tr>\n<td>Edition<\/td>\n<td>Standard<\/td>\n<\/tr>\n<tr>\n<td>Mod\u00e8le<\/td>\n<td>CFI-ZEY1<\/td>\n<\/tr>\n<tr>\n<td>Description du produit<\/td>\n<td>\u00c9quip\u00e9e de deux lentilles pour capturer en 1080p et d\u2019un support int\u00e9gr\u00e9, la Cam\u00e9ra HD fonctionne avec les outils de suppression de l\u2019arri\u00e8re-plan de la console PS5 pour vous mettre en pleine lumi\u00e8re. Cr\u00e9ez rapidement un enregistrement ou une diffusion de vous-m\u00eame et de votre gameplay gr\u00e2ce \u00e0 la touche Create de votre manette sans fil DualSense\u2122.<\/td>\n<\/tr>\n<tr>\n<td>Plus produit<\/td>\n<td>Capturez des instants inoubliables<br \/>\n\u2022 Capture en 1080p<br \/>\nCapturez-vous en full-HD gr\u00e2ce aux lentilles grand angle de la cam\u00e9ra et partagez vos sessions de gaming les plus \u00e9piques. Cr\u00e9ez rapidement un enregistrement ou une diffusion de vous-m\u00eame et de votre gameplay gr\u00e2ce \u00e0 la touche Create de votre manette sans fil DualSense\u2122.<br \/>\n\u2022 Support int\u00e9gr\u00e9<br \/>\nObtenez l\u2019image parfaite gr\u00e2ce au support ajustable int\u00e9gr\u00e9 de la Cam\u00e9ra HD. Son design compact vous permet de la positionner facilement au-dessus ou en dessous de votre t\u00e9l\u00e9viseur avant de r\u00e9gler l\u2019angle qui convient le mieux \u00e0 votre installation.<br \/>\n\u2022 Outils de suppression de l\u2019arri\u00e8re-plan<br \/>\nIncarnez le r\u00f4le principal dans vos productions gr\u00e2ce aux outils de suppression de l\u2019arri\u00e8re-plan int\u00e9gr\u00e9s \u00e0 la console PlayStation\u00ae5. Avec la Cam\u00e9ra HD, vous pouvez vous ajouter aux vid\u00e9os en cours de diffusion en mode image par image. Vous pouvez m\u00eame rogner l\u2019arri\u00e8re-plan ou le supprimer \u00e0 l\u2019aide d\u2019un fond vert.<\/td>\n<\/tr>\n<tr>\n<td>Type d\u2019accessoire<\/td>\n<td>Cam\u00e9ra<\/td>\n<\/tr>\n<tr>\n<td>Date de sortie march\u00e9<\/td>\n<td>12 Novembre 2020<\/td>\n<\/tr>\n<tr>\n<th colspan=\"2\">Coloris et mat\u00e9riaux<\/th>\n<\/tr>\n<tr>\n<td>Couleur principale<\/td>\n<td>Blanc<\/td>\n<\/tr>\n<tr>\n<th colspan=\"2\">Compatibilit\u00e9<\/th>\n<\/tr>\n<tr>\n<td>Plateforme<\/td>\n<td>PS5<\/td>\n<\/tr>\n<tr>\n<th colspan=\"2\">Accessoires livr\u00e9s<\/th>\n<\/tr>\n<tr>\n<td>El\u00e9ments livr\u00e9s<\/td>\n<td>Cam\u00e9ra HD<br \/>\nManuel d\u2019instructions<\/td>\n<\/tr>\n<tr>\n<th colspan=\"2\">Informations compl\u00e9mentaires<\/th>\n<\/tr>\n<tr>\n<td>Notes<\/td>\n<td>\u2022 Compatible PlayStation\u00ae5<\/td>\n<\/tr>\n<tr>\n<th colspan=\"2\">Vos garanties incluses<\/th>\n<\/tr>\n<tr>\n<td>Garantie (\u00b2)<\/td>\n<td>2 ans (pr\u00e9somption d\u2019ant\u00e9riorit\u00e9 du d\u00e9faut de conformit\u00e9 : 6 mois pour les produits non-neufs)<\/td>\n<\/tr>\n<\/tbody>\n<\/table>\n<\/li>\n<\/ul>","protected":false},"excerpt":{"rendered":"<div class=\"woocommerce-product-details__short-description\">\n<ul>\n<li>Plateforme : PS5<\/li>\n<li>Type de produit : Cam\u00e9ra HD<\/li>\n<li>Mod\u00e8le : CFI-ZEY1<\/li>\n<li>Date de sortie march\u00e9 : 12 Novembre 2020<\/li>\n<\/ul>\n<\/div>","protected":false},"featured_media":11300,"comment_status":"open","ping_status":"closed","template":"","meta":{"inline_featured_image":false,"_joinchat":[]},"product_cat":[162],"product_tag":[],"class_list":{"0":"post-11290","1":"product","2":"type-product","3":"status-publish","4":"has-post-thumbnail","6":"product_cat-jeux-videos-consoles","8":"first","9":"instock","10":"shipping-taxable","11":"purchasable","12":"product-type-simple"},"_links":{"self":[{"href":"https:\/\/kitchtenstore.com\/fr\/wp-json\/wp\/v2\/product\/11290","targetHints":{"allow":["GET"]}}],"collection":[{"href":"https:\/\/kitchtenstore.com\/fr\/wp-json\/wp\/v2\/product"}],"about":[{"href":"https:\/\/kitchtenstore.com\/fr\/wp-json\/wp\/v2\/types\/product"}],"replies":[{"embeddable":true,"href":"https:\/\/kitchtenstore.com\/fr\/wp-json\/wp\/v2\/comments?post=11290"}],"version-history":[{"count":1,"href":"https:\/\/kitchtenstore.com\/fr\/wp-json\/wp\/v2\/product\/11290\/revisions"}],"predecessor-version":[{"id":11301,"href":"https:\/\/kitchtenstore.com\/fr\/wp-json\/wp\/v2\/product\/11290\/revisions\/11301"}],"wp:featuredmedia":[{"embeddable":true,"href":"https:\/\/kitchtenstore.com\/fr\/wp-json\/wp\/v2\/media\/11300"}],"wp:attachment":[{"href":"https:\/\/kitchtenstore.com\/fr\/wp-json\/wp\/v2\/media?parent=11290"}],"wp:term":[{"taxonomy":"product_cat","embeddable":true,"href":"https:\/\/kitchtenstore.com\/fr\/wp-json\/wp\/v2\/product_cat?post=11290"},{"taxonomy":"product_tag","embeddable":true,"href":"https:\/\/kitchtenstore.com\/fr\/wp-json\/wp\/v2\/product_tag?post=11290"}],"curies":[{"name":"wp","href":"https:\/\/api.w.org\/{rel}","templated":true}]}}