{"id":11289,"date":"2022-10-27T11:36:08","date_gmt":"2022-10-27T11:36:08","guid":{"rendered":"https:\/\/kitchtenstore.com\/?post_type=product&#038;p=11289"},"modified":"2022-10-27T11:37:04","modified_gmt":"2022-10-27T11:37:04","slug":"casque-de-realite-virtuelle-oculus-quest-128-go-noir","status":"publish","type":"product","link":"https:\/\/kitchtenstore.com\/fr\/produit\/casque-de-realite-virtuelle-oculus-quest-128-go-noir\/","title":{"rendered":"Casque de r\u00e9alit\u00e9 virtuelle Oculus Quest 128 Go Noir"},"content":{"rendered":"<div id=\"tab-description\" class=\"woocommerce-Tabs-panel woocommerce-Tabs-panel--description panel entry-content wc-tab\" role=\"tabpanel\" aria-labelledby=\"tab-title-description\">\n<h2>Description<\/h2>\n<div class=\"characteristicsStrate__item characteristicsStrate__item--long\">\n<p>Caract\u00e9ristiques compl\u00e9mentairesLe syst\u00e8me de suivi d\u2019Oculus Insight restitue instantan\u00e9ment vos d\u00e9placements en VR sans l\u2019aide d\u2019autres acccessoires, Les manettes Oculus Touch restituent fid\u00e8lement vos mains, gestes et interactions en VR, procurant ainsi une r\u00e9elle sensation de toucher dans chaque jeu, Oculus Quest s\u2019adapte \u00e0 votre environnement et vous permet de jouer debout ou assis, dans des endroits confin\u00e9s ou spacieux<\/p>\n<\/div>\n<div class=\"characteristicsStrate__item\">Capacit\u00e9 : 128 Go<\/div>\n<div class=\"productStrate__header productStrate__header--decorated\">\n<h2 class=\"productStrate__title\">DESCRIPTION<\/h2>\n<\/div>\n<div class=\"productStrate__raw summaryStrate__raw\">\n<p><b>Oculus Quest : syst\u00e8me de jeu tout-en-un pour la r\u00e9alit\u00e9 virtuelle<\/b><\/p>\n<p>\u2022 Un gameplay plus avanc\u00e9 : des exp\u00e9riences et des jeux in\u00e9dits au lancement tels que Vader Immortal: A Star Wars VR Series.<br \/>\n\u2022 R\u00e9alit\u00e9 virtuelle tout-en-un : configurez simplement l\u2019appareil avec votre app mobile Oculus et Oculus Quest a tout ce dont vous avez besoin pour explorer la VR, d\u00e8s sa sortie de l\u2019emballage.<br \/>\n\u2022 Syst\u00e8me de suivi : le syst\u00e8me de suivi d\u2019Oculus Insight restitue instantan\u00e9ment vos d\u00e9placements en VR sans l\u2019aide d\u2019autres acccessoires.<br \/>\n\u2022 Manettes Touch : les manettes Oculus Touch restituent fid\u00e8lement vos mains, gestes et interactions en VR, procurant ainsi une r\u00e9elle sensation de toucher dans chaque jeu.<br \/>\n\u2022 Aucune limite : Oculus Quest s\u2019adapte \u00e0 votre environnement et vous permet de jouer debout ou assis, dans des endroits confin\u00e9s ou spacieux.<\/p>\n<p><b>Description longue du produit<\/b><\/p>\n<p>Oculus Quest est le tout premier syst\u00e8me de jeu tout-en-un con\u00e7u sp\u00e9cialement pour la r\u00e9alit\u00e9 virtuelle. Aucun c\u00e2ble. Aucun PC. Configurez simplement l\u2019appareil avec votre app mobile Oculus et vous voil\u00e0 libre de profiter de la VR presque partout. Oculus Insight utilise quatre capteurs grand-angles situ\u00e9s dans le casque, permettant ainsi de d\u00e9tecter votre environnement et de restituer instantan\u00e9ment vos mouvements en VR. Avec leur conception ergonomique et leur retour haptique, nos manettes Touch vous int\u00e8grent directement dans le jeu. D\u00e9couvrez un nouveau degr\u00e9 de la VR depuis chez vous. Et partout ailleurs.<\/p>\n<p>La partie commence quand vous le souhaitez.\u00a0&lt;br\u00c0 vous de jouer.<br \/>\nSautez \u00e0 pieds joints dans un nouveau monde. Le syst\u00e8me de suivi d\u2019Oculus Insight restitue instantan\u00e9ment vos d\u00e9placements en VR. D\u00e9cimez des hordes ennemies \u00e0 coup d\u2019\u00e9p\u00e9e, prot\u00e9gez-vous derri\u00e8re des obstacles et vivez chaque exp\u00e9rience comme jamais auparavant.&lt;\/br<\/p>\n<p>Il faut le voir pour le croire.<br \/>\nAttrapez ce dont vous avez besoin, jetez ce qui ne vous sert pas et ressentez chaque impact. Les manettes Oculus Touch restituent fid\u00e8lement vos mains, gestes et interactions en VR, procurant ainsi une r\u00e9elle sensation de toucher dans chaque jeu.<\/p>\n<p>Le monde est votre terrain de jeu.<br \/>\nConfigurez le syst\u00e8me en quelques secondes, que vous soyez \u00e0 la maison ou ailleurs. Oculus Quest s\u2019adapte \u00e0 votre environnement et vous permet de jouer debout ou assis, dans des endroits confin\u00e9s ou spacieux.<\/p>\n<p><b>Oculus Quest inclut :<\/b><\/p>\n<p>Un casque de VR<br \/>\nDes manettes Touch pour Oculus Quest<br \/>\nUn adaptateur de courant<br \/>\nUn \u00e9carteur de monture<br \/>\nLe syst\u00e8me de suivi Oculus Insight<\/p>\n<\/div>\n<\/div>","protected":false},"excerpt":{"rendered":"<div class=\"woocommerce-product-details__short-description\">\n<p><span class=\"js-ProductSummary-truncate is-truncated\">Oculus Quest : syst\u00e8me de jeu tout-en-un pour la r\u00e9alit\u00e9 virtuelle\u2022 Un gameplay plus avanc\u00e9 : des exp\u00e9riences et des jeux in\u00e9dits au lancement tels que Vader Immortal: A Star Wars VR Series.<br \/>\n\u2022 R\u00e9alit\u00e9 virtuelle tout-en-un : configurez simplement l\u2019appareil avec votre app mobile Oculus et Oculus Quest a tout ce dont vous avez besoin pour explorer la VR, d\u00e8s sa sortie de l\u2019emballage.<br \/>\n\u2022 Syst\u00e8me de suivi : le syst\u00e8me de suivi d\u2019Oculus Insight restitue instantan\u00e9ment vos d\u00e9placements en VR sans l\u2019aide d\u2019autres acccessoires\u2026.<\/span>\u00a0<span class=\"f-productSummary-readMore js-scrollToStrate\">Voir la suite<\/span><\/p>\n<\/div>","protected":false},"featured_media":11294,"comment_status":"open","ping_status":"closed","template":"","meta":{"inline_featured_image":false,"_joinchat":[]},"product_cat":[162],"product_tag":[],"class_list":{"0":"post-11289","1":"product","2":"type-product","3":"status-publish","4":"has-post-thumbnail","6":"product_cat-jeux-videos-consoles","8":"first","9":"instock","10":"shipping-taxable","11":"purchasable","12":"product-type-simple"},"_links":{"self":[{"href":"https:\/\/kitchtenstore.com\/fr\/wp-json\/wp\/v2\/product\/11289","targetHints":{"allow":["GET"]}}],"collection":[{"href":"https:\/\/kitchtenstore.com\/fr\/wp-json\/wp\/v2\/product"}],"about":[{"href":"https:\/\/kitchtenstore.com\/fr\/wp-json\/wp\/v2\/types\/product"}],"replies":[{"embeddable":true,"href":"https:\/\/kitchtenstore.com\/fr\/wp-json\/wp\/v2\/comments?post=11289"}],"version-history":[{"count":3,"href":"https:\/\/kitchtenstore.com\/fr\/wp-json\/wp\/v2\/product\/11289\/revisions"}],"predecessor-version":[{"id":11297,"href":"https:\/\/kitchtenstore.com\/fr\/wp-json\/wp\/v2\/product\/11289\/revisions\/11297"}],"wp:featuredmedia":[{"embeddable":true,"href":"https:\/\/kitchtenstore.com\/fr\/wp-json\/wp\/v2\/media\/11294"}],"wp:attachment":[{"href":"https:\/\/kitchtenstore.com\/fr\/wp-json\/wp\/v2\/media?parent=11289"}],"wp:term":[{"taxonomy":"product_cat","embeddable":true,"href":"https:\/\/kitchtenstore.com\/fr\/wp-json\/wp\/v2\/product_cat?post=11289"},{"taxonomy":"product_tag","embeddable":true,"href":"https:\/\/kitchtenstore.com\/fr\/wp-json\/wp\/v2\/product_tag?post=11289"}],"curies":[{"name":"wp","href":"https:\/\/api.w.org\/{rel}","templated":true}]}}