{"id":11273,"date":"2022-10-27T11:15:08","date_gmt":"2022-10-27T11:15:08","guid":{"rendered":"https:\/\/kitchtenstore.com\/?post_type=product&#038;p=11273"},"modified":"2022-10-27T11:15:08","modified_gmt":"2022-10-27T11:15:08","slug":"console-nintendo-switch-diablo-eternal-collection","status":"publish","type":"product","link":"https:\/\/kitchtenstore.com\/fr\/produit\/console-nintendo-switch-diablo-eternal-collection\/","title":{"rendered":"Console Nintendo Switch Diablo Eternal Collection"},"content":{"rendered":"<h2>Description<\/h2>\n<div id=\"presContent\" class=\"fpBlk testSep extCode\">\n<p class=\"fpOfferCom\">Produit neuf Garantie Constructeur Vendeur pro en France<\/p>\n<\/div>\n<div id=\"desc\" class=\"anchor\"><\/div>\n<div id=\"descContent\" class=\"fpBlk testSep\" data-cs-override-id=\"Descriptif\">\n<p class=\"fpMb\">Console Nintendo Switch Diablo Eternal Collection<\/p>\n<div class=\"regBloc no1023\">\n<div id=\"gpt-R2-300X250BODY2\" data-google-query-id=\"CPj3laDqoegCFdMS0woda1sBxw\"><\/div>\n<\/div>\n<table class=\"fpDescTb fpDescTbPub\">\n<tbody>\n<tr>\n<th colspan=\"2\">Informations g\u00e9n\u00e9rales sur le produit<\/th>\n<\/tr>\n<tr>\n<td>Marque<\/td>\n<td>NINTENDO<\/td>\n<\/tr>\n<tr>\n<td>Licences<\/td>\n<td>Diablo<\/td>\n<\/tr>\n<tr>\n<td>Nom du produit<\/td>\n<td>Console Nintendo Switch Diablo Eternal Collection<\/td>\n<\/tr>\n<tr>\n<td>Cat\u00e9gorie<\/td>\n<td>CONSOLE NINTENDO SWITCH<\/td>\n<\/tr>\n<tr>\n<th colspan=\"2\">Informations G\u00e9n\u00e9rales<\/th>\n<\/tr>\n<tr>\n<td>Cat\u00e9gorie de produit<\/td>\n<td>Console salon<\/td>\n<\/tr>\n<tr>\n<td>Plateforme<\/td>\n<td>Nintendo Switch<\/td>\n<\/tr>\n<tr>\n<td>Edition<\/td>\n<td>Limit\u00e9e<\/td>\n<\/tr>\n<tr>\n<td>Plus produit<\/td>\n<td>\u00c9crivez votre l\u00e9gende avec style gr\u00e2ce \u00e0 cette console Nintendo Switch aux couleurs de Diablo III !<\/td>\n<\/tr>\n<tr>\n<td>Description du produit<\/td>\n<td>Ce Pack diabolique contient, entre autres, une console Nintendo Switch, une station d\u2019accueil et une pochette<br \/>\nde transport arborant les motifs de Diablo III ainsi qu\u2019un code de t\u00e9l\u00e9chargement pour Diablo III : Eternal Collection.<br \/>\nL\u2019Eternal Collection comprend Diablo III, Reaper of Souls, et Le retour du n\u00e9cromancien.<\/td>\n<\/tr>\n<tr>\n<td>Pack<\/td>\n<td>oui<\/td>\n<\/tr>\n<tr>\n<td>Couleur principale<\/td>\n<td>Noir<\/td>\n<\/tr>\n<tr>\n<td>Date de sortie march\u00e9<\/td>\n<td>Novembre 2018<\/td>\n<\/tr>\n<tr>\n<td>Date de sortie march\u00e9<\/td>\n<td>02 Novembre 2018<\/td>\n<\/tr>\n<tr>\n<td>Vintage<\/td>\n<td>Non<\/td>\n<\/tr>\n<tr>\n<td>Mod\u00e8le<\/td>\n<td>Edition limit\u00e9e Diablo III<\/td>\n<\/tr>\n<tr>\n<th colspan=\"2\">Configuration<\/th>\n<\/tr>\n<tr>\n<td>Capacit\u00e9 de stockage<\/td>\n<td>32 Go<\/td>\n<\/tr>\n<tr>\n<td>M\u00e9moire vive minimale<\/td>\n<td>4 Go<\/td>\n<\/tr>\n<tr>\n<th colspan=\"2\">Manettes<\/th>\n<\/tr>\n<tr>\n<td>Nombre de manettes<\/td>\n<td>2<\/td>\n<\/tr>\n<tr>\n<th colspan=\"2\">Accessoires Livr\u00e9s<\/th>\n<\/tr>\n<tr>\n<td>Nombre d\u2019accessoires<\/td>\n<td>1<\/td>\n<\/tr>\n<tr>\n<td>Nombre de jeux inclus<\/td>\n<td>1 jeu inclus<\/td>\n<\/tr>\n<tr>\n<td>Titre des jeux inclus<\/td>\n<td>code de t\u00e9l\u00e9chargement pour Diablo III : Eternal Collection<\/td>\n<\/tr>\n<\/tbody>\n<\/table>\n<\/div>","protected":false},"excerpt":{"rendered":"<p>Console Nintendo Switch Diablo Eternal Collection<\/p>","protected":false},"featured_media":11276,"comment_status":"open","ping_status":"closed","template":"","meta":{"inline_featured_image":false,"_joinchat":[]},"product_cat":[162],"product_tag":[],"class_list":{"0":"post-11273","1":"product","2":"type-product","3":"status-publish","4":"has-post-thumbnail","6":"product_cat-jeux-videos-consoles","8":"first","9":"instock","10":"shipping-taxable","11":"purchasable","12":"product-type-simple"},"_links":{"self":[{"href":"https:\/\/kitchtenstore.com\/fr\/wp-json\/wp\/v2\/product\/11273","targetHints":{"allow":["GET"]}}],"collection":[{"href":"https:\/\/kitchtenstore.com\/fr\/wp-json\/wp\/v2\/product"}],"about":[{"href":"https:\/\/kitchtenstore.com\/fr\/wp-json\/wp\/v2\/types\/product"}],"replies":[{"embeddable":true,"href":"https:\/\/kitchtenstore.com\/fr\/wp-json\/wp\/v2\/comments?post=11273"}],"version-history":[{"count":1,"href":"https:\/\/kitchtenstore.com\/fr\/wp-json\/wp\/v2\/product\/11273\/revisions"}],"predecessor-version":[{"id":11277,"href":"https:\/\/kitchtenstore.com\/fr\/wp-json\/wp\/v2\/product\/11273\/revisions\/11277"}],"wp:featuredmedia":[{"embeddable":true,"href":"https:\/\/kitchtenstore.com\/fr\/wp-json\/wp\/v2\/media\/11276"}],"wp:attachment":[{"href":"https:\/\/kitchtenstore.com\/fr\/wp-json\/wp\/v2\/media?parent=11273"}],"wp:term":[{"taxonomy":"product_cat","embeddable":true,"href":"https:\/\/kitchtenstore.com\/fr\/wp-json\/wp\/v2\/product_cat?post=11273"},{"taxonomy":"product_tag","embeddable":true,"href":"https:\/\/kitchtenstore.com\/fr\/wp-json\/wp\/v2\/product_tag?post=11273"}],"curies":[{"name":"wp","href":"https:\/\/api.w.org\/{rel}","templated":true}]}}