{"id":11263,"date":"2022-10-27T11:09:35","date_gmt":"2022-10-27T11:09:35","guid":{"rendered":"https:\/\/kitchtenstore.com\/?post_type=product&#038;p=11263"},"modified":"2022-10-27T11:09:35","modified_gmt":"2022-10-27T11:09:35","slug":"console-nintendo-switch-pokemon-lets-go-pikachu-edition-pikachu-et-evoli","status":"publish","type":"product","link":"https:\/\/kitchtenstore.com\/fr\/produit\/console-nintendo-switch-pokemon-lets-go-pikachu-edition-pikachu-et-evoli\/","title":{"rendered":"Console Nintendo Switch Pok\u00e9mon Let\u2019s Go Pikachu ! Edition Pikachu et \u00c9voli"},"content":{"rendered":"<header class=\"productStrate__header\">\n<h2 class=\"productStrate__title\">CARACT\u00c9RISTIQUES TECHNIQUES<\/h2>\n<\/header>\n<div class=\"characteristicsStrate__lists\">\n<div class=\"characteristicsStrate__item\">Plateforme Nintendo Switch&nbsp;<\/p>\n<\/div>\n<div class=\"characteristicsStrate__item\">Disponibilit\u00e9 des pi\u00e8ces d\u00e9tach\u00e9esPAS P<\/div>\n<\/div>","protected":false},"excerpt":{"rendered":"<div class=\"woocommerce-product-details__short-description\">\n<p>Console Nintendo Switch Pok\u00e9mon Let\u2019s Go Pikachu ! Edition Pikachu et \u00c9voli<\/p>\n<\/div>","protected":false},"featured_media":11268,"comment_status":"open","ping_status":"closed","template":"","meta":{"inline_featured_image":false,"_joinchat":[]},"product_cat":[162],"product_tag":[],"class_list":{"0":"post-11263","1":"product","2":"type-product","3":"status-publish","4":"has-post-thumbnail","6":"product_cat-jeux-videos-consoles","8":"first","9":"instock","10":"shipping-taxable","11":"purchasable","12":"product-type-simple"},"_links":{"self":[{"href":"https:\/\/kitchtenstore.com\/fr\/wp-json\/wp\/v2\/product\/11263","targetHints":{"allow":["GET"]}}],"collection":[{"href":"https:\/\/kitchtenstore.com\/fr\/wp-json\/wp\/v2\/product"}],"about":[{"href":"https:\/\/kitchtenstore.com\/fr\/wp-json\/wp\/v2\/types\/product"}],"replies":[{"embeddable":true,"href":"https:\/\/kitchtenstore.com\/fr\/wp-json\/wp\/v2\/comments?post=11263"}],"version-history":[{"count":2,"href":"https:\/\/kitchtenstore.com\/fr\/wp-json\/wp\/v2\/product\/11263\/revisions"}],"predecessor-version":[{"id":11274,"href":"https:\/\/kitchtenstore.com\/fr\/wp-json\/wp\/v2\/product\/11263\/revisions\/11274"}],"wp:featuredmedia":[{"embeddable":true,"href":"https:\/\/kitchtenstore.com\/fr\/wp-json\/wp\/v2\/media\/11268"}],"wp:attachment":[{"href":"https:\/\/kitchtenstore.com\/fr\/wp-json\/wp\/v2\/media?parent=11263"}],"wp:term":[{"taxonomy":"product_cat","embeddable":true,"href":"https:\/\/kitchtenstore.com\/fr\/wp-json\/wp\/v2\/product_cat?post=11263"},{"taxonomy":"product_tag","embeddable":true,"href":"https:\/\/kitchtenstore.com\/fr\/wp-json\/wp\/v2\/product_tag?post=11263"}],"curies":[{"name":"wp","href":"https:\/\/api.w.org\/{rel}","templated":true}]}}