{"id":11242,"date":"2022-10-26T19:36:56","date_gmt":"2022-10-26T19:36:56","guid":{"rendered":"https:\/\/kitchtenstore.com\/?post_type=product&#038;p=11242"},"modified":"2022-10-26T19:36:56","modified_gmt":"2022-10-26T19:36:56","slug":"climatiseur-mobile-delonghi-pac-cn93-eco","status":"publish","type":"product","link":"https:\/\/kitchtenstore.com\/fr\/produit\/climatiseur-mobile-delonghi-pac-cn93-eco\/","title":{"rendered":"Climatiseur mobile DELONGHI PAC CN93 ECO"},"content":{"rendered":"<div id=\"tab-description\" class=\"woocommerce-Tabs-panel woocommerce-Tabs-panel--description panel entry-content wc-tab\" role=\"tabpanel\" aria-labelledby=\"tab-title-description\">\n<h2>Description<\/h2>\n<p>CARACT\u00c9RISTIQUES<\/p>\n<div class=\"product_bloc_content bloc ombre product_bloc_caracteristics_odd\">\n<table class=\"font-2\">\n<caption class=\"caption_hidden\">Caract\u00e9ristiques<\/caption>\n<tbody>\n<tr class=\"odd\">\n<th scope=\"row\">Niveau sonore<\/th>\n<td class=\"font-2-b\">\n<ul class=\"characteristics\" data-switch=\"\">\n<li class=\"\">50 dB<\/li>\n<\/ul>\n<\/td>\n<\/tr>\n<tr class=\"\">\n<th scope=\"row\">Fonctionnalit\u00e9s climatiseur<\/th>\n<td class=\"font-2-b\">\n<ul class=\"characteristics\" data-switch=\"\">\n<li class=\"\">D\u00e9shumidificateur<\/li>\n<li class=\"\">Programmable<\/li>\n<li class=\"\">Ventilateur<\/li>\n<\/ul>\n<\/td>\n<\/tr>\n<tr class=\"odd\">\n<th scope=\"row\">D\u00e9bit d\u2019air<\/th>\n<td class=\"font-2-b\">\n<ul class=\"characteristics\" data-switch=\"\">\n<li class=\"\">350 m\u00b3\/h<\/li>\n<\/ul>\n<\/td>\n<\/tr>\n<tr class=\"\">\n<th scope=\"row\">Puissance frigorifique<\/th>\n<td class=\"font-2-b\">\n<ul class=\"characteristics\" data-switch=\"\">\n<li class=\"\">2600 W<\/li>\n<\/ul>\n<\/td>\n<\/tr>\n<tr class=\"odd\">\n<th scope=\"row\">Surface couverte<\/th>\n<td class=\"font-2-b\">\n<ul class=\"characteristics\" data-switch=\"\">\n<li class=\"\">28 m\u00b2<\/li>\n<\/ul>\n<\/td>\n<\/tr>\n<tr class=\"\">\n<th scope=\"row\">Classe \u00e9nerg\u00e9tique froid<\/th>\n<td class=\"font-2-b\">\n<ul class=\"characteristics\" data-switch=\"\">\n<li class=\"\">A<\/li>\n<\/ul>\n<\/td>\n<\/tr>\n<tr class=\"odd\">\n<th scope=\"row\">Diam\u00e8tre de sortie d\u2019air<\/th>\n<td class=\"font-2-b\">\n<ul class=\"characteristics\" data-switch=\"\">\n<li class=\"\">13 cm<\/li>\n<\/ul>\n<\/td>\n<\/tr>\n<tr class=\"\">\n<th scope=\"row\">Nombre de vitesses<\/th>\n<td class=\"font-2-b\">\n<ul class=\"characteristics\" data-switch=\"\">\n<li class=\"\">3<\/li>\n<\/ul>\n<\/td>\n<\/tr>\n<tr class=\"odd\">\n<th scope=\"row\">Type de commandes<\/th>\n<td class=\"font-2-b\">\n<ul class=\"characteristics\" data-switch=\"\">\n<li class=\"\">Electronique LCD<\/li>\n<\/ul>\n<\/td>\n<\/tr>\n<tr class=\"\">\n<th scope=\"row\">Avantages produits<\/th>\n<td class=\"font-2-b\">\n<ul class=\"characteristics\" data-switch=\"\">\n<li class=\"\">Mobile non r\u00e9versible<\/li>\n<\/ul>\n<\/td>\n<\/tr>\n<tr class=\"odd\">\n<th scope=\"row\">Caract\u00e9ristiques compl\u00e9mentaires<\/th>\n<td class=\"font-2-b\">\n<ul class=\"characteristics\" data-switch=\"\">\n<li class=\"\">Longueur de la gaine (m): 1.2 m; Fluide frigorig\u00e8ne: R290; 1.5 l\/h<\/li>\n<\/ul>\n<\/td>\n<\/tr>\n<tr class=\"\">\n<th scope=\"row\">Origine de fabrication<\/th>\n<td class=\"font-2-b\">\n<ul class=\"characteristics\" data-switch=\"\">\n<li class=\"\">Chine<\/li>\n<\/ul>\n<\/td>\n<\/tr>\n<tr class=\"odd\">\n<th scope=\"row\">Accessoires fournis<\/th>\n<td class=\"font-2-b\">\n<ul class=\"characteristics\" data-switch=\"\">\n<li class=\"\">T\u00e9l\u00e9commande<\/li>\n<\/ul>\n<\/td>\n<\/tr>\n<tr class=\"\">\n<th scope=\"row\">Hauteur du produit<\/th>\n<td class=\"font-2-b\">\n<ul class=\"characteristics\" data-switch=\"\">\n<li class=\"\">75 cm<\/li>\n<\/ul>\n<\/td>\n<\/tr>\n<tr class=\"odd\">\n<th scope=\"row\">Profondeur du produit<\/th>\n<td class=\"font-2-b\">\n<ul class=\"characteristics\" data-switch=\"\">\n<li class=\"\">39,5 cm<\/li>\n<\/ul>\n<\/td>\n<\/tr>\n<tr class=\"\">\n<th scope=\"row\">Largeur<\/th>\n<td class=\"font-2-b\">\n<ul class=\"characteristics\" data-switch=\"\">\n<li class=\"\">44,5 cm<\/li>\n<\/ul>\n<\/td>\n<\/tr>\n<tr class=\"odd\">\n<th scope=\"row\">Poids<\/th>\n<td class=\"font-2-b\">\n<ul class=\"characteristics\" data-switch=\"\">\n<li class=\"\">30 kg<\/li>\n<\/ul>\n<\/td>\n<\/tr>\n<tr class=\"\">\n<th scope=\"row\">Disponibilit\u00e9 des pi\u00e8ces d\u00e9tach\u00e9es<\/th>\n<td class=\"font-2-b\">\n<ul class=\"characteristics\" data-switch=\"\">\n<li class=\"\">10 ans<\/li>\n<\/ul>\n<\/td>\n<\/tr>\n<\/tbody>\n<\/table>\n<div><b>Ce climatiseur Delonghi PAC CN93 ECO de couleur blanc , vous apporte une fra\u00eecheur bienfaisante pour votre int\u00e9rieur gr\u00e2ce \u00e0\u00a0 sa fonction climatisation. La diffusion de l\u2019air est optimis\u00e9e gr\u00e2ce\u00a0 aux 3 vitesses de ventilation pour un refroidissement imm\u00e9diat de la pi\u00e8ce.\u00a0<\/b><\/div>\n<div><b>\u00a0<\/b><\/div>\n<div><b>Design<\/b><\/div>\n<div>Son esth\u00e9tique\u00a0 lui conf\u00e8re un design moderne. Compact, il trouvera sa place discr\u00e8tement dans votre int\u00e9rieur.<\/div>\n<div><\/div>\n<div><b>Technologie SILENT<\/b><\/div>\n<div>Cette technologie vous offre un minimum de bruit, gr\u00e2ce \u00e0\u00a0 son isolation sp\u00e9cifique situ\u00e9e au c\u0153ur de l\u2019appareil.<\/div>\n<div><\/div>\n<div><b>D\u00e9part diff\u00e9r\u00e9\u00a0<\/b><\/div>\n<div>Gr\u00e2ce au d\u00e9part diff\u00e9r\u00e9, vous pourrez programmer le climatiseur\u00a0 jusqu\u2019\u00e0 24h \u00e0 l\u2019avance.<\/div>\n<div><\/div>\n<div><b>R\u00e9gulation \u00e9lectronique avec \u00e9cran LCD<\/b><\/div>\n<div>L\u2019\u00e9cran LCD r\u00e9tro \u00e9clair\u00e9, offre un grand confort d\u2019utilisation..<\/div>\n<div><\/div>\n<div><b>Pratique<\/b><\/div>\n<div>Ce climatiseur\u00a0 mobile Delonghi PAC CN93 ECO est \u00e9quip\u00e9 d\u2019une t\u00e9l\u00e9commande pour utiliser toutes ses fonctions par distance et pour plus de confort d\u2019utilisation, son\u00a0 panneau de commandes est digitale.<\/div>\n<div>De plus, ce climatiseur utilise un gaz 100% naturel et non toxique, le ISO propane R 290. Il est \u00e9quip\u00e9 de 4 roulettes et d\u2019une poign\u00e9e de transport, vous pouvez le d\u00e9placer facilement dans la pi\u00e8ce de votre choix.<\/div>\n<\/div>\n<\/div>","protected":false},"excerpt":{"rendered":"<div class=\"woocommerce-product-details__short-description\">\n<p class=\"product_section_title font-2-b\">Les points forts :<\/p>\n<ul class=\"product_details_items font-2-l\">\n<li class=\"product_details_item\">Classe \u00e9nerg\u00e9tique A Ecran LCD \u2013 T\u00e9l\u00e9commande<\/li>\n<li class=\"product_details_item\">Puissance frigorifique : 2600 Watts<\/li>\n<li class=\"product_details_item\">Niveau sonore 62 dB(A)<\/li>\n<li class=\"product_details_item\">Gaz r\u00e9frig\u00e9rant R290<\/li>\n<\/ul>\n<\/div>","protected":false},"featured_media":11250,"comment_status":"open","ping_status":"closed","template":"","meta":{"inline_featured_image":false,"_joinchat":[]},"product_cat":[158,159],"product_tag":[],"class_list":{"0":"post-11242","1":"product","2":"type-product","3":"status-publish","4":"has-post-thumbnail","6":"product_cat-chauffage","7":"product_cat-climatiseur","9":"first","10":"instock","11":"sale","12":"shipping-taxable","13":"purchasable","14":"product-type-simple"},"_links":{"self":[{"href":"https:\/\/kitchtenstore.com\/fr\/wp-json\/wp\/v2\/product\/11242","targetHints":{"allow":["GET"]}}],"collection":[{"href":"https:\/\/kitchtenstore.com\/fr\/wp-json\/wp\/v2\/product"}],"about":[{"href":"https:\/\/kitchtenstore.com\/fr\/wp-json\/wp\/v2\/types\/product"}],"replies":[{"embeddable":true,"href":"https:\/\/kitchtenstore.com\/fr\/wp-json\/wp\/v2\/comments?post=11242"}],"version-history":[{"count":1,"href":"https:\/\/kitchtenstore.com\/fr\/wp-json\/wp\/v2\/product\/11242\/revisions"}],"predecessor-version":[{"id":11251,"href":"https:\/\/kitchtenstore.com\/fr\/wp-json\/wp\/v2\/product\/11242\/revisions\/11251"}],"wp:featuredmedia":[{"embeddable":true,"href":"https:\/\/kitchtenstore.com\/fr\/wp-json\/wp\/v2\/media\/11250"}],"wp:attachment":[{"href":"https:\/\/kitchtenstore.com\/fr\/wp-json\/wp\/v2\/media?parent=11242"}],"wp:term":[{"taxonomy":"product_cat","embeddable":true,"href":"https:\/\/kitchtenstore.com\/fr\/wp-json\/wp\/v2\/product_cat?post=11242"},{"taxonomy":"product_tag","embeddable":true,"href":"https:\/\/kitchtenstore.com\/fr\/wp-json\/wp\/v2\/product_tag?post=11242"}],"curies":[{"name":"wp","href":"https:\/\/api.w.org\/{rel}","templated":true}]}}