{"id":11225,"date":"2022-10-26T19:16:51","date_gmt":"2022-10-26T19:16:51","guid":{"rendered":"https:\/\/kitchtenstore.com\/?post_type=product&#038;p=11225"},"modified":"2022-10-26T19:16:51","modified_gmt":"2022-10-26T19:16:51","slug":"dyson-ventilateur-et-purificateur-dair-de-table-dp04-pure-cool-blanc-argent","status":"publish","type":"product","link":"https:\/\/kitchtenstore.com\/fr\/produit\/dyson-ventilateur-et-purificateur-dair-de-table-dp04-pure-cool-blanc-argent\/","title":{"rendered":"DYSON \u2013 Ventilateur et purificateur d\u2019air de table DP04 Pure Cool \u2013 Blanc-Argent"},"content":{"rendered":"<div id=\"tab-description\" class=\"woocommerce-Tabs-panel woocommerce-Tabs-panel--description panel entry-content wc-tab\" role=\"tabpanel\" aria-labelledby=\"tab-title-description\">\n<h2>Description<\/h2>\n<h3 class=\"titleh3\">Description \u2013 DYSON \u2013 Ventilateur et purificateur d\u2019air de table DP04 Pure Cool \u2013 Blanc-Argent<\/h3>\n<div class=\"offerdesc\">\n<div id=\"flix-inpage\" data-ean=\"5025155034347\" data-brand=\"DYSON\" data-loaded=\"false\">\n<div id=\"flixinpage_1590493737036\"><\/div>\n<\/div>\n<div id=\"originalProductDescription\">\n<section id=\"wm_section_body\" class=\"wm_section_body\"><strong>Description :<br \/>\n<\/strong>Pr\u00e9sentation : Ventilateur et purificateur d\u2019air de table DYSON DP04 Pure Cool \u2013 Blanc-Argent, profitez d\u2019un air pur avec son filtre capturant les polluant et 99,95% des allerg\u00e8nes. Gr\u00e2ce \u00e0 sa fonction ventilateur, ce produit polyvalent vous permettra de profiter d\u2019un air pur et frais tout l\u2019\u00e9t\u00e9. Une purification intelligente et connect\u00e9e, avec l\u2019application DYSON LINK, suivez la qualit\u00e9 de l\u2019air et contr\u00f4lez votre appareil \u00e0 distance ! Avantages : Adapt\u00e9 et certifi\u00e9 pour les personnes asthmatiques et allergiques Un filtre HEPA 360\u00b0 herm\u00e9tiquement clos pour capturer les particules ultra fines et 99,95% des allerg\u00e8nes Equip\u00e9 de la technologie Air Multiplier g\u00e9n\u00e9rant un flux de 290 litres d\u2019air par seconde permettant la circulation de l\u2019air dans toute la pi\u00e8ce de mani\u00e8re homog\u00e8ne D\u00e9tecte les polluant et produit des rapport sur la qualit\u00e9 de l\u2019air en temps r\u00e9el Un contr\u00f4le et un suivis \u00e0 distance avec l\u2019application DYSON LINK (iOS 10 ou Android 5 ou version ult\u00e9rieur) Test\u00e9 scientifiquement par l\u2019Institut Pasteur de Lille et \u00e9limine 99,9% des particules aussi petites que les virus Sa double fonctionnalit\u00e9 : Ventilateur en \u00e9t\u00e9, purificateur d\u2019air toute l\u2019ann\u00e9e. Un mode de purification sans courant d\u2019air Un purificateur d\u2019air silencieux Pas de danger pour les enfants : ni pales, ni grilles Une oscillation jusqu\u2019\u00e0 350\u00b0 T\u00e9l\u00e9commande magn\u00e9tique pour un rangement facile Une mise en veille programmable. Un remplacement rapide et facile des filtres avec avertissement par notifications&nbsp;<\/p>\n<p><strong>Caract\u00e9ristiques :<\/strong><\/p>\n<p>Puissance \u00e9lectrique : 50hz x 20V D\u00e9bit d\u2019air en puissance max. : 361 l\/s Oscillation : 350\u00b0 Compatible connexion et bluetooth : Oui Technologie AM : Oui Dimensions (H x L x P) : 691 x 352 x 106 mm Silencieux : Oui Poids : 4,65 kg Couleur : blanc\/argent<\/p>\n<p><strong>Conditionnement :<\/strong><\/p>\n<p>Ventilateur et purificateur d\u2019air de table DYSON DP04 Pure Cool \u2013 Blanc-Argent Livr\u00e9 avec la t\u00e9l\u00e9commande Livr\u00e9 avec une prise de type fran\u00e7aise (type E\/F)<\/p>\n<p><strong>Garantie :<\/strong><br \/>\nGarantie Dyson 2 ans pi\u00e8ces et main d\u2019oeuvre.<\/p>\n<\/section>\n<\/div>\n<\/div>\n<\/div>","protected":false},"excerpt":{"rendered":"<div class=\"woocommerce-product-details__short-description\">\n<p>Ventilateur et purificateur d\u2019air de table DYSON DP04 \u2013 Blanc-Argent, profitez d\u2019un air pur avec son filtre capturant les polluant et 99,95% des allerg\u00e8nes<\/p>\n<\/div>","protected":false},"featured_media":11230,"comment_status":"open","ping_status":"closed","template":"","meta":{"inline_featured_image":false,"_joinchat":[]},"product_cat":[159,161],"product_tag":[],"class_list":{"0":"post-11225","1":"product","2":"type-product","3":"status-publish","4":"has-post-thumbnail","6":"product_cat-climatiseur","7":"product_cat-traitement-de-lair","9":"first","10":"instock","11":"sale","12":"shipping-taxable","13":"purchasable","14":"product-type-simple"},"_links":{"self":[{"href":"https:\/\/kitchtenstore.com\/fr\/wp-json\/wp\/v2\/product\/11225","targetHints":{"allow":["GET"]}}],"collection":[{"href":"https:\/\/kitchtenstore.com\/fr\/wp-json\/wp\/v2\/product"}],"about":[{"href":"https:\/\/kitchtenstore.com\/fr\/wp-json\/wp\/v2\/types\/product"}],"replies":[{"embeddable":true,"href":"https:\/\/kitchtenstore.com\/fr\/wp-json\/wp\/v2\/comments?post=11225"}],"version-history":[{"count":2,"href":"https:\/\/kitchtenstore.com\/fr\/wp-json\/wp\/v2\/product\/11225\/revisions"}],"predecessor-version":[{"id":11232,"href":"https:\/\/kitchtenstore.com\/fr\/wp-json\/wp\/v2\/product\/11225\/revisions\/11232"}],"wp:featuredmedia":[{"embeddable":true,"href":"https:\/\/kitchtenstore.com\/fr\/wp-json\/wp\/v2\/media\/11230"}],"wp:attachment":[{"href":"https:\/\/kitchtenstore.com\/fr\/wp-json\/wp\/v2\/media?parent=11225"}],"wp:term":[{"taxonomy":"product_cat","embeddable":true,"href":"https:\/\/kitchtenstore.com\/fr\/wp-json\/wp\/v2\/product_cat?post=11225"},{"taxonomy":"product_tag","embeddable":true,"href":"https:\/\/kitchtenstore.com\/fr\/wp-json\/wp\/v2\/product_tag?post=11225"}],"curies":[{"name":"wp","href":"https:\/\/api.w.org\/{rel}","templated":true}]}}