{"id":11210,"date":"2022-10-26T18:41:23","date_gmt":"2022-10-26T18:41:23","guid":{"rendered":"https:\/\/kitchtenstore.com\/?post_type=product&#038;p=11210"},"modified":"2022-10-26T18:41:23","modified_gmt":"2022-10-26T18:41:23","slug":"ventilateur-dyson-am07-cool-blanc-ventilateur-tour-blanc-argent","status":"publish","type":"product","link":"https:\/\/kitchtenstore.com\/fr\/produit\/ventilateur-dyson-am07-cool-blanc-ventilateur-tour-blanc-argent\/","title":{"rendered":"Ventilateur DYSON AM07 COOL BLANC VENTILATEUR TOUR BLANC\/ARGENT"},"content":{"rendered":"<div id=\"tab-description\" class=\"woocommerce-Tabs-panel woocommerce-Tabs-panel--description panel entry-content wc-tab\" role=\"tabpanel\" aria-labelledby=\"tab-title-description\">\n<h2>Description<\/h2>\n<div>\n<h2 class=\"product_bloc_aside_title font-2\">CARACT\u00c9RISTIQUES<\/h2>\n<\/div>\n<div class=\"product_bloc_content bloc ombre product_bloc_caracteristics_odd\">\n<table class=\"font-2\">\n<caption class=\"caption_hidden\">Caract\u00e9ristiques<\/caption>\n<tbody>\n<tr class=\"odd\">\n<th scope=\"row\">Type<\/th>\n<td class=\"font-2-b\">\n<ul class=\"characteristics\" data-switch=\"\">\n<li class=\"\">Colonne<\/li>\n<\/ul>\n<\/td>\n<\/tr>\n<tr class=\"\">\n<th scope=\"row\">Nombre de vitesses<\/th>\n<td class=\"font-2-b\">\n<ul class=\"characteristics\" data-switch=\"\">\n<li class=\"\">10<\/li>\n<\/ul>\n<\/td>\n<\/tr>\n<tr class=\"odd\">\n<th scope=\"row\">Puissance<\/th>\n<td class=\"font-2-b\">\n<ul class=\"characteristics\" data-switch=\"\">\n<li class=\"\">56 W<\/li>\n<\/ul>\n<\/td>\n<\/tr>\n<tr class=\"\">\n<th scope=\"row\">Avec telecommande<\/th>\n<td class=\"font-2-b\">\n<ul class=\"characteristics\" data-switch=\"\">\n<li class=\"\">Oui<\/li>\n<\/ul>\n<\/td>\n<\/tr>\n<tr class=\"odd\">\n<th scope=\"row\">Couleur<\/th>\n<td class=\"font-2-b\">\n<ul class=\"characteristics\" data-switch=\"\">\n<li class=\"\">Blanc<\/li>\n<\/ul>\n<\/td>\n<\/tr>\n<\/tbody>\n<\/table>\n<\/div>\n<div>\n<h2 class=\"product_bloc_aside_title font-2\">DESCRIPTION<\/h2>\n<\/div>\n<div class=\"product_bloc_content bloc ombre font-2\">\n<div class=\"columns\">Le\u00a0\u00a0<b>ventilateur tour AM07 Dyson Cool<\/b>\u00a0saura trouver facilement sa place dans votre int\u00e9rieur avec son\u00a0<b>coloris blanc\u00a0<\/b>pour vous rafra\u00eechir lors des journ\u00e9es chaudes.&nbsp;<\/p>\n<div><b>Puissant et silencieux<\/b>, il vous offre une\u00a0\u00a0<b>s\u00e9curit\u00e9 maximale<\/b>\u00a0puisqu\u2019il n\u2019est pas dot\u00e9 de pales tranchantes. La ventilation s\u2019effectue gr\u00e2ce \u00e0 une ouverture circulaire et une rampe a\u00e9rodynamique.<\/div>\n<div><\/div>\n<div><b>Puissance et technologie Air Multiplier :\u00a0<\/b><\/div>\n<div>D\u2019une\u00a0\u00a0<b>puissance \u00e9conomique de 26 Watts (56W au maximum)<\/b>, le ventilateur Dyson Cool vous garantit un\u00a0<b>\u00a0flux d\u2019air optimal\u00a0<\/b>dans toute votre pi\u00e8ce.<\/div>\n<div><b>Technologie Air Multiplier : Sans pales tranchantes<\/b>, il est dot\u00e9 d\u2019un\u00a0<b>anneau amplificateur<\/b>\u00a0dans lequel l\u2019air est acc\u00e9l\u00e9r\u00e9 \u00e0 travers la\u00a0\u00a0<b>rampe a\u00e9rodynamique\u00a0<\/b>(similaire \u00e0 la coupe transversale d\u2019un avion)\u00a0<b>\u00a0<\/b>qui amplifie le souffle d\u2019air. L\u2019air qui passe par l\u2019anneau amplificateur attire avec lui l\u2019air environnant.<\/div>\n<div>Il est \u00e9quip\u00e9 d\u2019une\u00a0ouverture circulaire de 1,5 mm\u00a0<b>\u00a0<\/b>qui court \u00e0 l\u2019int\u00e9rieur de l\u2019anneau amplificateur. C\u2019est ici que l\u2019air est forc\u00e9 vers l\u2019ext\u00e9rieur cr\u00e9ant une propulsion circulaire de l\u2019air.<\/div>\n<div>L\u2019\u00a0<b>h\u00e9lice du moteur<\/b>\u00a0tourne \u00e0 grande vitesse et r\u00e9cup\u00e8re l\u2019air ambiant \u00e0 la base du ventilateur avant d\u2019\u00eatre amplifi\u00e9.<\/div>\n<div><\/div>\n<div><b>Programmation et t\u00e9l\u00e9commande :<\/b><\/div>\n<div>Avec la t\u00e9l\u00e9commande fournie, vous allumez et \u00e9teignez \u00e0 distance l\u2019appareil et vous\u00a0\u00a0<b>contr\u00f4lez l\u2019oscillation\u00a0<\/b>du ventilateur (rotation \u00e0 90\u00b0).<\/div>\n<div>Ajustez pr\u00e9cis\u00e9ment la puissance du souffle d\u2019air gr\u00e2ce au\u00a0<b>variateur\u00a0<\/b>situ\u00e9 sur la t\u00e9l\u00e9commande.<\/div>\n<div>Le AM07 peut \u00eatre programm\u00e9 pour s\u2019\u00e9teindre apr\u00e8s un temps d\u00e9termin\u00e9 : de 15 minutes jusqu\u2019\u00e0 9 heures.<\/div>\n<div><\/div>\n<div><b>Entretien :\u00a0<\/b><\/div>\n<div>Il est facile \u00e0 nettoyer puisqu\u2019il ne poss\u00e8de pas de grilles ni de pales \u00e0 d\u00e9monter ! Passez un chiffon doux sur le produit pour le nettoyer.<\/div>\n<div><\/div>\n<div><i>Garantie Dyson 2 ans\u00a0:<\/i>\u00a0\u00a0<i>pi\u00e8ces, main d\u2019\u0153uvre et transport<\/i><\/div>\n<\/div>\n<\/div>\n<\/div>","protected":false},"excerpt":{"rendered":"<div class=\"woocommerce-product-details__short-description\">\n<p class=\"product_section_title font-2-b\">Les points forts :<\/p>\n<ul class=\"product_details_items font-2-l\">\n<li class=\"product_details_item\">Ventilateur colonne sans pales<\/li>\n<li class=\"product_details_item\">Technologie Air Multiplier<\/li>\n<li class=\"product_details_item\">Oscillant<\/li>\n<li class=\"product_details_item\">Programmateur \u2013 T\u00e9l\u00e9commande<\/li>\n<\/ul>\n<\/div>","protected":false},"featured_media":11214,"comment_status":"open","ping_status":"closed","template":"","meta":{"inline_featured_image":false,"_joinchat":[]},"product_cat":[160],"product_tag":[],"class_list":{"0":"post-11210","1":"product","2":"type-product","3":"status-publish","4":"has-post-thumbnail","6":"product_cat-ventilateur","8":"first","9":"instock","10":"sale","11":"shipping-taxable","12":"purchasable","13":"product-type-simple"},"_links":{"self":[{"href":"https:\/\/kitchtenstore.com\/fr\/wp-json\/wp\/v2\/product\/11210","targetHints":{"allow":["GET"]}}],"collection":[{"href":"https:\/\/kitchtenstore.com\/fr\/wp-json\/wp\/v2\/product"}],"about":[{"href":"https:\/\/kitchtenstore.com\/fr\/wp-json\/wp\/v2\/types\/product"}],"replies":[{"embeddable":true,"href":"https:\/\/kitchtenstore.com\/fr\/wp-json\/wp\/v2\/comments?post=11210"}],"version-history":[{"count":1,"href":"https:\/\/kitchtenstore.com\/fr\/wp-json\/wp\/v2\/product\/11210\/revisions"}],"predecessor-version":[{"id":11215,"href":"https:\/\/kitchtenstore.com\/fr\/wp-json\/wp\/v2\/product\/11210\/revisions\/11215"}],"wp:featuredmedia":[{"embeddable":true,"href":"https:\/\/kitchtenstore.com\/fr\/wp-json\/wp\/v2\/media\/11214"}],"wp:attachment":[{"href":"https:\/\/kitchtenstore.com\/fr\/wp-json\/wp\/v2\/media?parent=11210"}],"wp:term":[{"taxonomy":"product_cat","embeddable":true,"href":"https:\/\/kitchtenstore.com\/fr\/wp-json\/wp\/v2\/product_cat?post=11210"},{"taxonomy":"product_tag","embeddable":true,"href":"https:\/\/kitchtenstore.com\/fr\/wp-json\/wp\/v2\/product_tag?post=11210"}],"curies":[{"name":"wp","href":"https:\/\/api.w.org\/{rel}","templated":true}]}}