{"id":11203,"date":"2022-10-26T18:36:20","date_gmt":"2022-10-26T18:36:20","guid":{"rendered":"https:\/\/kitchtenstore.com\/?post_type=product&#038;p=11203"},"modified":"2022-10-26T18:36:20","modified_gmt":"2022-10-26T18:36:20","slug":"ventilateur-rowenta-air-force-intense-2-en-1-chauffage-ventilateur-hq7152f0","status":"publish","type":"product","link":"https:\/\/kitchtenstore.com\/fr\/produit\/ventilateur-rowenta-air-force-intense-2-en-1-chauffage-ventilateur-hq7152f0\/","title":{"rendered":"Ventilateur ROWENTA AIR FORCE INTENSE 2-EN-1 CHAUFFAGE\/VENTILATEUR HQ7152F0"},"content":{"rendered":"<div id=\"tab-description\" class=\"woocommerce-Tabs-panel woocommerce-Tabs-panel--description panel entry-content wc-tab\" role=\"tabpanel\" aria-labelledby=\"tab-title-description\">\n<h2>Description<\/h2>\n<div>\n<h2 class=\"product_bloc_aside_title font-2\">CARACT\u00c9RISTIQUES<\/h2>\n<\/div>\n<div class=\"product_bloc_content bloc ombre product_bloc_caracteristics_odd\">\n<table class=\"font-2\">\n<caption class=\"caption_hidden\">Caract\u00e9ristiques<\/caption>\n<tbody>\n<tr class=\"odd\">\n<th scope=\"row\">Puissance<\/th>\n<td class=\"font-2-b\">\n<ul class=\"characteristics\" data-switch=\"\">\n<li class=\"\">2600 W<\/li>\n<\/ul>\n<\/td>\n<\/tr>\n<tr class=\"\">\n<th scope=\"row\">Niveau sonore<\/th>\n<td class=\"font-2-b\">\n<ul class=\"characteristics\" data-switch=\"\">\n<li class=\"\">43 dB<\/li>\n<\/ul>\n<\/td>\n<\/tr>\n<tr class=\"odd\">\n<th scope=\"row\">Fixe \/ mobile<\/th>\n<td class=\"font-2-b\">\n<ul class=\"characteristics\" data-switch=\"\">\n<li class=\"\">Mobile<\/li>\n<\/ul>\n<\/td>\n<\/tr>\n<tr class=\"\">\n<th scope=\"row\">Type de ventilateur<\/th>\n<td class=\"font-2-b\">\n<ul class=\"characteristics\" data-switch=\"\">\n<li class=\"\">Pied<\/li>\n<\/ul>\n<\/td>\n<\/tr>\n<tr class=\"odd\">\n<th scope=\"row\">Type de chauffage<\/th>\n<td class=\"font-2-b\">\n<ul class=\"characteristics\" data-switch=\"\">\n<li class=\"\">Chauffage soufflant<\/li>\n<\/ul>\n<\/td>\n<\/tr>\n<tr class=\"\">\n<th scope=\"row\">Fonctionnalit\u00e9s ventilation<\/th>\n<td class=\"font-2-b\">\n<ul class=\"characteristics\" data-switch=\"\">\n<li class=\"\">Brasseur d\u2019air<\/li>\n<\/ul>\n<\/td>\n<\/tr>\n<tr class=\"odd\">\n<th scope=\"row\">Fonctionnalit\u00e9s chauffage<\/th>\n<td class=\"font-2-b\">\n<ul class=\"characteristics\" data-switch=\"\">\n<li class=\"\">Programmable<\/li>\n<\/ul>\n<\/td>\n<\/tr>\n<tr class=\"\">\n<th scope=\"row\">Surface couverte<\/th>\n<td class=\"font-2-b\">\n<ul class=\"characteristics\" data-switch=\"\">\n<li class=\"\">40 m\u00b2<\/li>\n<\/ul>\n<\/td>\n<\/tr>\n<tr class=\"odd\">\n<th scope=\"row\">Technologie<\/th>\n<td class=\"font-2-b\">\n<ul class=\"characteristics\" data-switch=\"\">\n<li class=\"\">Technologie 2-en-1 : ventilateur + chauffage d\u2019appoint<\/li>\n<\/ul>\n<\/td>\n<\/tr>\n<tr class=\"\">\n<th scope=\"row\">Ecran<\/th>\n<td class=\"font-2-b\">\n<ul class=\"characteristics\" data-switch=\"\">\n<li class=\"\">LED<\/li>\n<\/ul>\n<\/td>\n<\/tr>\n<tr class=\"odd\">\n<th scope=\"row\">Accessoires fournis<\/th>\n<td class=\"font-2-b\">\n<ul class=\"characteristics\" data-switch=\"\">\n<li class=\"\">T\u00e9l\u00e9commande<\/li>\n<\/ul>\n<\/td>\n<\/tr>\n<tr class=\"\">\n<th scope=\"row\">Fonctionnalit\u00e9s traitement de l\u2019air<\/th>\n<td class=\"font-2-b\">\n<ul class=\"characteristics\" data-switch=\"\">\n<li class=\"\">Mode automatique<\/li>\n<li class=\"\">Programmable<\/li>\n<li class=\"\">Minuterie<\/li>\n<li class=\"\">Brasseur d\u2019air<\/li>\n<\/ul>\n<\/td>\n<\/tr>\n<tr class=\"odd\">\n<th scope=\"row\">Avec telecommande<\/th>\n<td class=\"font-2-b\">\n<ul class=\"characteristics\" data-switch=\"\">\n<li class=\"\">Oui<\/li>\n<\/ul>\n<\/td>\n<\/tr>\n<tr class=\"\">\n<th scope=\"row\">Disponibilit\u00e9 des pi\u00e8ces d\u00e9tach\u00e9es<\/th>\n<td class=\"font-2-b\">\n<ul class=\"characteristics\" data-switch=\"\">\n<li class=\"\">10 ans<\/li>\n<\/ul>\n<\/td>\n<\/tr>\n<\/tbody>\n<\/table>\n<\/div>\n<div>\n<h2 class=\"product_bloc_aside_title font-2\">DESCRIPTION<\/h2>\n<\/div>\n<div class=\"product_bloc_content bloc ombre font-2\">\n<div class=\"columns\"><b>Air Force Intense associe un chauffage d\u2019appoint et un ventilateur en un seul appareil pour un confort optimal quelle que soit la saison.\u00a0Sa technologie Air Circulator garantit une large circulation de l\u2019air, pour une sensation de fra\u00eecheur intense ou une chaleur trois fois plus rapide.<\/b>&nbsp;<\/p>\n<div>\n<div><b>\u00a0<\/b><\/div>\n<div><b>Utilisation:<\/b><\/div>\n<div>L\u2019appareil est\u00a0<b>2 en 1<\/b>: il combine un ventilateur et un chauffage d\u2019appoint! Profitez d\u2019une fra\u00eecheur intense en \u00e9t\u00e9 et d\u2019une chaleur optimale en hiver gr\u00e2ce \u00e0 un seul et m\u00eame appareil.<\/div>\n<div><\/div>\n<div><b>Performances:<\/b><\/div>\n<div>Les r\u00e9glages de\u00a0<b>multi-oscillation de 45\u00b0, 60\u00b0 et 90\u00b0<\/b>\u00a0garantissent un d\u00e9bit d\u2019air puissant adapt\u00e9 \u00e0 vos besoins, pour une sensation de fra\u00eecheur intense.<\/div>\n<div><b>\u00a0<\/b><\/div>\n<div><b>Technologie Air Circulator:<\/b><\/div>\n<div>La\u00a0<b>technologie unique brevet\u00e9e\u00a0<\/b>garantit une large circulation de l\u2019air tout en consommant moins d\u2019\u00e9nergie et en vous garantissant un confort optimal tout au long de l\u2019ann\u00e9e\u00a0!<\/div>\n<div><b>\u00a0<\/b><\/div>\n<div><b>Confort d\u2019utilisation:<\/b><\/div>\n<div>Le Aire Force Intense est silencieux. Son\u00a0<b>\u00a0niveau sonore\u00a0<\/b>est\u00a0<b>\u00a0de seulement 43 dB<\/b>\u00a0en mode ventilateur \u00e0 vitesse minimale, pour une parfaite tranquillit\u00e9.<\/div>\n<div>\n<div><\/div>\n<\/div>\n<div>\n<div><b>Pratique:<\/b><\/div>\n<div>Gr\u00e2ce \u00e0 son\u00a0\u00a0<b>mode auto, les r\u00e9glages sont automatiquement ajust\u00e9s.<\/b><\/div>\n<div>Le\u00a0\u00a0<b>timer et la fonction de d\u00e9part diff\u00e9r\u00e9<\/b>\u00a0permettent \u00e0 votre appareil de fonctionner m\u00eame en votre absence (de 1h \u00e0 24h) pour retrouver votre pi\u00e8ce \u00e0 temp\u00e9rature d\u00e9sir\u00e9e.<\/div>\n<\/div>\n<div><\/div>\n<div><b>Economie d\u2019\u00e9nergie:<\/b><\/div>\n<div><b>Pour le chauffage<\/b>, un\u00a0<b>mode \u00e9co\u00a0<\/b>est disponible. Il permet de r\u00e9aliser des\u00a0<b>\u00e9conomies d\u2019\u00e9nergie jusqu\u2019\u00e0 50%\u00a0<\/b>(par rapport \u00e0 un r\u00e9glage sur puissance\/thermostat max).<\/div>\n<div><i>\u00a0<\/i><\/div>\n<div><i>Dimensions (L x l x H): 32 x 32 x 43 cm<\/i><\/div>\n<\/div>\n<\/div>\n<\/div>\n<\/div>","protected":false},"excerpt":{"rendered":"<div class=\"woocommerce-product-details__short-description\">\n<p class=\"product_section_title font-2-b\">Les points forts :<\/p>\n<ul class=\"product_details_items font-2-l\">\n<li class=\"product_details_item\">2 en 1: ventilateur et chauffage<\/li>\n<li class=\"product_details_item\">Puissance: 2600W<\/li>\n<li class=\"product_details_item\">Technologie Air Circulator \u2013 Multi-oscillation<\/li>\n<li class=\"product_details_item\">T\u00e9l\u00e9commande<\/li>\n<\/ul>\n<\/div>","protected":false},"featured_media":11208,"comment_status":"open","ping_status":"closed","template":"","meta":{"inline_featured_image":false,"_joinchat":[]},"product_cat":[160],"product_tag":[],"class_list":{"0":"post-11203","1":"product","2":"type-product","3":"status-publish","4":"has-post-thumbnail","6":"product_cat-ventilateur","8":"first","9":"instock","10":"sale","11":"shipping-taxable","12":"purchasable","13":"product-type-simple"},"_links":{"self":[{"href":"https:\/\/kitchtenstore.com\/fr\/wp-json\/wp\/v2\/product\/11203","targetHints":{"allow":["GET"]}}],"collection":[{"href":"https:\/\/kitchtenstore.com\/fr\/wp-json\/wp\/v2\/product"}],"about":[{"href":"https:\/\/kitchtenstore.com\/fr\/wp-json\/wp\/v2\/types\/product"}],"replies":[{"embeddable":true,"href":"https:\/\/kitchtenstore.com\/fr\/wp-json\/wp\/v2\/comments?post=11203"}],"version-history":[{"count":1,"href":"https:\/\/kitchtenstore.com\/fr\/wp-json\/wp\/v2\/product\/11203\/revisions"}],"predecessor-version":[{"id":11209,"href":"https:\/\/kitchtenstore.com\/fr\/wp-json\/wp\/v2\/product\/11203\/revisions\/11209"}],"wp:featuredmedia":[{"embeddable":true,"href":"https:\/\/kitchtenstore.com\/fr\/wp-json\/wp\/v2\/media\/11208"}],"wp:attachment":[{"href":"https:\/\/kitchtenstore.com\/fr\/wp-json\/wp\/v2\/media?parent=11203"}],"wp:term":[{"taxonomy":"product_cat","embeddable":true,"href":"https:\/\/kitchtenstore.com\/fr\/wp-json\/wp\/v2\/product_cat?post=11203"},{"taxonomy":"product_tag","embeddable":true,"href":"https:\/\/kitchtenstore.com\/fr\/wp-json\/wp\/v2\/product_tag?post=11203"}],"curies":[{"name":"wp","href":"https:\/\/api.w.org\/{rel}","templated":true}]}}