{"id":11189,"date":"2022-10-26T17:15:25","date_gmt":"2022-10-26T17:15:25","guid":{"rendered":"https:\/\/kitchtenstore.com\/?post_type=product&#038;p=11189"},"modified":"2022-10-26T17:15:26","modified_gmt":"2022-10-26T17:15:26","slug":"aspirateur-robot-laveur-aqua-210-60-db-120-min-dautonomie-blanc-one","status":"publish","type":"product","link":"https:\/\/kitchtenstore.com\/fr\/produit\/aspirateur-robot-laveur-aqua-210-60-db-120-min-dautonomie-blanc-one\/","title":{"rendered":"Aspirateur robot laveur Aqua 210 \u2013 60 dB \u2013 120 min d\u2019autonomie \u2013 Blanc ONE"},"content":{"rendered":"<h2>Description<\/h2>\n<div id=\"presContent\" class=\"fpBlk testSep extCode\">\n<div id=\"flix-inpage\">\n<div id=\"flixinpage_1584201366694\">\n<div id=\"flix-ezicom-inpage\">\n<div id=\"flix-std-inpage\">\n<div id=\"inpage_container\" class=\"\">\n<div class=\"inpage_selector_info\">\n<div class=\"flix-std-info\">\n<div id=\"block-selector-1-info\" class=\"flix-std-row flix-info-align\">\n<div class=\"flix-std-clmn-lg-6 flix-std-clmn-sm-12 flix-std-clmn-xs-12 flix-std-info-picture\"><img decoding=\"async\" src=\"https:\/\/media.flixcar.com\/delivery\/static\/inpage\/9\/images\/loading.gif\" srcset=\"\/\/media.flixcar.com\/f360cdn\/E-ZICOM-2596752557-compressed_compressed-aqua_one_210_-_face--zoom.jpg\" alt=\"\" data-flixsrcset=\"\/\/media.flixcar.com\/f360cdn\/E-ZICOM-2596752557-compressed_compressed-aqua_one_210_-_face--zoom.jpg 200w, \/\/media.flixcar.com\/f360cdn\/E-ZICOM-2596752557-compressed_compressed-aqua_one_210_-_face--zoom.jpg 400w, \/\/media.flixcar.com\/f360cdn\/E-ZICOM-2596752557-compressed_compressed-aqua_one_210_-_face--zoom.jpg 600w, \/\/media.flixcar.com\/f360cdn\/E-ZICOM-2596752557-compressed_compressed-aqua_one_210_-_face--zoom.jpg 800w, \/\/media.flixcar.com\/f360cdn\/E-ZICOM-2596752557-compressed_compressed-aqua_one_210_-_face--zoom.jpg 1000w\" data-sizes=\"auto\" \/><\/div>\n<div class=\"flix-std-clmn-lg-6 flix-std-clmn-sm-12 flix-std-clmn-xs-12\">\n<div class=\"flix-std-content\">\n<div class=\"flix-std-title flix-d-h3\">Robot aspirateur laveur One\u00ae Aqua 210<\/div>\n<div class=\"flix-std-desc\">\n<div class=\"flix-std-p flix-d-p\">\n<ul>\n<li>Aspire et passe la serpill\u00e8re en un seul passage<\/li>\n<li>Moteur \u00e0 technologie MagnetiK\u2122<\/li>\n<li>Silencieux<\/li>\n<li>150m\u00b2 de couverture<\/li>\n<li>100 min d\u2019autonomie<\/li>\n<li>Tous types de sols<\/li>\n<li>Batterie Lithium-Ion<\/li>\n<\/ul>\n<\/div>\n<\/div>\n<\/div>\n<\/div>\n<\/div>\n<\/div>\n<\/div>\n<div class=\"inpage_selector_feature\">\n<div class=\"flix-std-container-fluid\">\n<div id=\"block-selector-1-features\" class=\"editor-block-hide\">\n<div class=\"flix-std-table flix-bg-title\">\n<div class=\"flix-std-section-title flix-d-h2\">CARACT\u00c9RISTIQUES<\/div>\n<\/div>\n<div class=\"flix-std-featureslist\">\n<div class=\"flix-std-row flix-feature-border\">\n<div class=\"flix-feature-align\">\n<div class=\"flix-std-clmn-lg-12 flix-std-clmn-xs-12\">\n<div class=\"flix-std-content\">\n<div class=\"flix-std-title flix-d-h3\">Il aspire et passe la serpill\u00e8re \u00e0 votre place.<\/div>\n<div class=\"flix-std-desc\">\n<div class=\"flix-std-p flix-d-p\">Votre One\u00ae Aqua 210 effectue en un seul passage les 3 \u00e9tapes essentielles d\u2019un nettoyage en profondeur. En effet, lors de son cycle de nettoyage One\u00ae Aqua 210 balaye les poussi\u00e8res et autres salet\u00e9s du quotidien, les aspire gr\u00e2ce \u00e0 sa puissante turbine d\u2019aspiration puis passe la serpill\u00e8re pour une finition soign\u00e9e.<\/div>\n<\/div>\n<\/div>\n<div class=\"flix-feature-image flix-feature-image-center\"><img decoding=\"async\" src=\"https:\/\/media.flixcar.com\/delivery\/static\/inpage\/9\/images\/loading.gif\" srcset=\"\/\/media.flixcar.com\/f360cdn\/E-ZICOM-4298613041-compressed_aqua210aspireetlave-.jpg\" alt=\"\" data-flixsrcset=\"\/\/media.flixcar.com\/f360cdn\/E-ZICOM-4298613041-compressed_aqua210aspireetlave-.jpg 200w, \/\/media.flixcar.com\/f360cdn\/E-ZICOM-4298613041-compressed_aqua210aspireetlave-.jpg 400w, \/\/media.flixcar.com\/f360cdn\/E-ZICOM-4298613041-compressed_aqua210aspireetlave-.jpg 600w, \/\/media.flixcar.com\/f360cdn\/E-ZICOM-4298613041-compressed_aqua210aspireetlave-.jpg 800w, \/\/media.flixcar.com\/f360cdn\/E-ZICOM-4298613041-compressed_aqua210aspireetlave-.jpg 1000w\" data-sizes=\"auto\" \/><\/div>\n<\/div>\n<\/div>\n<\/div>\n<div class=\"flix-std-row flix-feature-border\">\n<div class=\"flix-feature-align\">\n<div class=\"flix-std-clmn-lg-12 flix-std-clmn-xs-12\">\n<div class=\"flix-std-content\">\n<div class=\"flix-std-title flix-d-h3\">Moteur derni\u00e8re g\u00e9n\u00e9ration \u00e0 technologie MagnetiK\u2122 pour une aspiration surpuissante.<\/div>\n<div class=\"flix-std-desc\">\n<div class=\"flix-std-p flix-d-p\">Le mod\u00e8le One\u00ae Aqua 210 est \u00e9quip\u00e9 d\u2019un nouveau moteur \u00e0 technologie MagnetiK\u2122 vous permettant d\u2019aspirer parfaitement tout votre int\u00e9rieur avec une puissance exceptionnelle. Peu importe votre rev\u00eatement de sol, il le nettoiera en un clin d\u2019\u0153il. De plus, cette nouvelle technologie permet au moteur une long\u00e9vit\u00e9 3 fois plus \u00e9lev\u00e9e que les autres moteurs du march\u00e9. Votre aspirateur robot vous accompagnera donc plus efficacement, plus longtemps.<\/div>\n<\/div>\n<\/div>\n<div class=\"flix-feature-image flix-feature-image-center\"><img decoding=\"async\" src=\"https:\/\/media.flixcar.com\/delivery\/static\/inpage\/9\/images\/loading.gif\" srcset=\"\/\/media.flixcar.com\/f360cdn\/E-ZICOM-4298613080-compressed_aqua210magnetik-.jpg\" alt=\"\" data-flixsrcset=\"\/\/media.flixcar.com\/f360cdn\/E-ZICOM-4298613080-compressed_aqua210magnetik-.jpg 200w, \/\/media.flixcar.com\/f360cdn\/E-ZICOM-4298613080-compressed_aqua210magnetik-.jpg 400w, \/\/media.flixcar.com\/f360cdn\/E-ZICOM-4298613080-compressed_aqua210magnetik-.jpg 600w, \/\/media.flixcar.com\/f360cdn\/E-ZICOM-4298613080-compressed_aqua210magnetik-.jpg 800w, \/\/media.flixcar.com\/f360cdn\/E-ZICOM-4298613080-compressed_aqua210magnetik-.jpg 1000w\" data-sizes=\"auto\" \/><\/div>\n<\/div>\n<\/div>\n<\/div>\n<div class=\"flix-std-row flix-feature-border\">\n<div class=\"flix-feature-align\">\n<div class=\"flix-std-clmn-lg-12 flix-std-clmn-xs-12\">\n<div class=\"flix-std-content\">\n<div class=\"flix-std-title flix-d-h3\">Silencieux, pour une utilisation en votre pr\u00e9sence comme pendant vos absences.<\/div>\n<div class=\"flix-std-desc\">\n<div class=\"flix-std-p flix-d-p\">Nos ing\u00e9nieurs ont apport\u00e9 une attention toute particuli\u00e8re \u00e0 la conception de nos aspirateurs robots afin qu\u2019ils soient les plus silencieux du march\u00e9. Vous pourrez donc lancer son cycle de nettoyage aussi bien pendant vos absences que lorsque vous \u00eates dans la pi\u00e8ce. Ainsi, contrairement aux autres aspirateurs robots, son faible niveau sonore de 55 dB vous permettra de regarder la t\u00e9l\u00e9vision ou m\u00eame de passer des appels t\u00e9l\u00e9phoniques sans \u00eatre d\u00e9rang\u00e9.<\/div>\n<\/div>\n<\/div>\n<div class=\"flix-feature-image flix-feature-image-center\"><img decoding=\"async\" src=\"https:\/\/media.flixcar.com\/delivery\/static\/inpage\/9\/images\/loading.gif\" srcset=\"\/\/media.flixcar.com\/f360cdn\/E-ZICOM-4298613141-compressed_aqua210silent-.jpg\" alt=\"\" data-flixsrcset=\"\/\/media.flixcar.com\/f360cdn\/E-ZICOM-4298613141-compressed_aqua210silent-.jpg 200w, \/\/media.flixcar.com\/f360cdn\/E-ZICOM-4298613141-compressed_aqua210silent-.jpg 400w, \/\/media.flixcar.com\/f360cdn\/E-ZICOM-4298613141-compressed_aqua210silent-.jpg 600w, \/\/media.flixcar.com\/f360cdn\/E-ZICOM-4298613141-compressed_aqua210silent-.jpg 800w, \/\/media.flixcar.com\/f360cdn\/E-ZICOM-4298613141-compressed_aqua210silent-.jpg 1000w\" data-sizes=\"auto\" \/><\/div>\n<\/div>\n<\/div>\n<\/div>\n<div class=\"flix-std-row flix-feature-border\">\n<div class=\"flix-feature-align\">\n<div class=\"flix-std-clmn-lg-12 flix-std-clmn-xs-12\">\n<div class=\"flix-std-content\">\n<div class=\"flix-std-title flix-d-h3\">Une filtration certifi\u00e9e.<\/div>\n<div class=\"flix-std-desc\">\n<div class=\"flix-std-p flix-d-p\">Gr\u00e2ce \u00e0 son syst\u00e8me de filtration performant, b\u00e9n\u00e9ficiez d\u2019un air plus sain. En effet, son filtre HEPA 13 retient plus de 99,97% des parasites microscopiques et notamment ceux \u00e0 l\u2019origine des allergies respiratoires. Ce syst\u00e8me de filtration a d\u2019ailleurs \u00e9t\u00e9 certifi\u00e9 par les laboratoires fran\u00e7ais AUDENSIEL HEALTHCARE qui reconnait ces filtres comme parfaitement adapt\u00e9s aux personnes souffrant d\u2019asthme et d\u2019allergie. \u00c9conomique et pratique \u00e0 entretenir, ce filtre est lavable et r\u00e9utilisable. Vous conservez donc un filtre propre et efficace plus longtemps.<\/div>\n<\/div>\n<\/div>\n<div class=\"flix-feature-image flix-feature-image-center\"><img decoding=\"async\" src=\"https:\/\/media.flixcar.com\/delivery\/static\/inpage\/9\/images\/loading.gif\" srcset=\"\/\/media.flixcar.com\/f360cdn\/E-ZICOM-4298613176-compressed_aqua210filter-.jpg\" alt=\"\" data-flixsrcset=\"\/\/media.flixcar.com\/f360cdn\/E-ZICOM-4298613176-compressed_aqua210filter-.jpg 200w, \/\/media.flixcar.com\/f360cdn\/E-ZICOM-4298613176-compressed_aqua210filter-.jpg 400w, \/\/media.flixcar.com\/f360cdn\/E-ZICOM-4298613176-compressed_aqua210filter-.jpg 600w, \/\/media.flixcar.com\/f360cdn\/E-ZICOM-4298613176-compressed_aqua210filter-.jpg 800w, \/\/media.flixcar.com\/f360cdn\/E-ZICOM-4298613176-compressed_aqua210filter-.jpg 1000w\" data-sizes=\"auto\" \/><\/div>\n<\/div>\n<\/div>\n<\/div>\n<div class=\"flix-std-row flix-feature-border\">\n<div class=\"flix-feature-align\">\n<div class=\"flix-std-clmn-lg-12 flix-std-clmn-xs-12\">\n<div class=\"flix-std-content\">\n<div class=\"flix-std-title flix-d-h3\">Une grande autonomie pour couvrir tout votre int\u00e9rieur.<\/div>\n<div class=\"flix-std-desc\">\n<div class=\"flix-std-p flix-d-p\">La batterie lithium-ion derni\u00e8re g\u00e9n\u00e9ration de votre appareil One\u00ae Aqua 210 lui permet une dur\u00e9e de vie 3 fois plus \u00e9lev\u00e9e que les autres batteries standards du march\u00e9. Elle offre ainsi \u00e0 votre appareil une tr\u00e8s grande autonomie pour une couverture allant jusqu\u2019\u00e0 150m\u00b2.<\/div>\n<\/div>\n<\/div>\n<div class=\"flix-feature-image flix-feature-image-center\"><img decoding=\"async\" src=\"https:\/\/media.flixcar.com\/delivery\/static\/inpage\/9\/images\/loading.gif\" srcset=\"\/\/media.flixcar.com\/f360cdn\/E-ZICOM-4298613195-compressed_aqua210autonomie-.jpg\" alt=\"\" data-flixsrcset=\"\/\/media.flixcar.com\/f360cdn\/E-ZICOM-4298613195-compressed_aqua210autonomie-.jpg 200w, \/\/media.flixcar.com\/f360cdn\/E-ZICOM-4298613195-compressed_aqua210autonomie-.jpg 400w, \/\/media.flixcar.com\/f360cdn\/E-ZICOM-4298613195-compressed_aqua210autonomie-.jpg 600w, \/\/media.flixcar.com\/f360cdn\/E-ZICOM-4298613195-compressed_aqua210autonomie-.jpg 800w, \/\/media.flixcar.com\/f360cdn\/E-ZICOM-4298613195-compressed_aqua210autonomie-.jpg 1000w\" data-sizes=\"auto\" \/><\/div>\n<\/div>\n<\/div>\n<\/div>\n<div class=\"flix-std-row flix-feature-border\">\n<div class=\"flix-feature-align\">\n<div class=\"flix-std-clmn-lg-12 flix-std-clmn-xs-12\">\n<div class=\"flix-std-content\">\n<div class=\"flix-std-title flix-d-h3\">Des brosses sp\u00e9cialement con\u00e7ues pour nettoyer jusque dans les coins.<\/div>\n<div class=\"flix-std-desc\">\n<div class=\"flix-std-p flix-d-p\">Gr\u00e2ce \u00e0 la technologie EZIcorner\u2122 de ses 2 brosses lat\u00e9rales, votre One\u00ae Aqua 210 couvrira efficacement toute la superficie de votre int\u00e9rieur. Longues de 5 cm, les brosses de votre appareil lui permettront de balayer les poussi\u00e8res dans les moindres recoins.<\/div>\n<\/div>\n<\/div>\n<div class=\"flix-feature-image flix-feature-image-center\"><img decoding=\"async\" src=\"https:\/\/media.flixcar.com\/delivery\/static\/inpage\/9\/images\/loading.gif\" srcset=\"\/\/media.flixcar.com\/f360cdn\/E-ZICOM-4298613220-compressed_aqua210corner-.jpg\" alt=\"\" data-flixsrcset=\"\/\/media.flixcar.com\/f360cdn\/E-ZICOM-4298613220-compressed_aqua210corner-.jpg 200w, \/\/media.flixcar.com\/f360cdn\/E-ZICOM-4298613220-compressed_aqua210corner-.jpg 400w, \/\/media.flixcar.com\/f360cdn\/E-ZICOM-4298613220-compressed_aqua210corner-.jpg 600w, \/\/media.flixcar.com\/f360cdn\/E-ZICOM-4298613220-compressed_aqua210corner-.jpg 800w, \/\/media.flixcar.com\/f360cdn\/E-ZICOM-4298613220-compressed_aqua210corner-.jpg 1000w\" data-sizes=\"auto\" \/><\/div>\n<\/div>\n<\/div>\n<\/div>\n<div class=\"flix-std-row flix-feature-border\">\n<div class=\"flix-feature-align\">\n<div class=\"flix-std-clmn-lg-12 flix-std-clmn-xs-12\">\n<div class=\"flix-std-content\">\n<div class=\"flix-std-title flix-d-h3\">Enti\u00e8rement autonome, il se d\u00e9brouille tout seul.<\/div>\n<div class=\"flix-std-desc\">\n<div class=\"flix-std-p flix-d-p\">\u00c9quip\u00e9 de d\u00e9tecteurs d\u2019obstacles et de capteurs de vides, votre robot aspirateur est parfaitement autonome. Il d\u00e9tecte les escaliers et poursuit son nettoyage entre les obstacles sans se coincer. Une fois son cycle termin\u00e9, il retournera tout seul \u00e0 sa base pour se recharger. Profitez de votre temps libre, votre One\u00ae Aqua 210 prend soin de votre int\u00e9rieur.<\/div>\n<\/div>\n<\/div>\n<div class=\"flix-feature-image flix-feature-image-center\"><img decoding=\"async\" src=\"https:\/\/media.flixcar.com\/delivery\/static\/inpage\/9\/images\/loading.gif\" srcset=\"\/\/media.flixcar.com\/f360cdn\/E-ZICOM-4298613252-aqua210sensor-.jpg\" alt=\"\" data-flixsrcset=\"\/\/media.flixcar.com\/f360cdn\/E-ZICOM-4298613252-aqua210sensor-.jpg 200w, \/\/media.flixcar.com\/f360cdn\/E-ZICOM-4298613252-aqua210sensor-.jpg 400w, \/\/media.flixcar.com\/f360cdn\/E-ZICOM-4298613252-aqua210sensor-.jpg 600w, \/\/media.flixcar.com\/f360cdn\/E-ZICOM-4298613252-aqua210sensor-.jpg 800w, \/\/media.flixcar.com\/f360cdn\/E-ZICOM-4298613252-aqua210sensor-.jpg 1000w\" data-sizes=\"auto\" \/><\/div>\n<\/div>\n<\/div>\n<\/div>\n<div class=\"flix-std-row flix-feature-border\">\n<div class=\"flix-feature-align\">\n<div class=\"flix-std-clmn-lg-12 flix-std-clmn-xs-12\">\n<div class=\"flix-std-content\">\n<div class=\"flix-std-title flix-d-h3\">Programmable.<\/div>\n<div class=\"flix-std-desc\">\n<div class=\"flix-std-p flix-d-p\">L\u2019utilisation de votre aspirateur robot est aussi simple que pratique.Programmez votre One\u00ae Aqua 210 et ne vous souciez plus de lui, il lancera son cycle de nettoyage tous les jours \u00e0 la m\u00eame heure.<\/div>\n<\/div>\n<\/div>\n<div class=\"flix-feature-image flix-feature-image-center\"><img decoding=\"async\" src=\"https:\/\/media.flixcar.com\/delivery\/static\/inpage\/9\/images\/loading.gif\" srcset=\"\/\/media.flixcar.com\/f360cdn\/E-ZICOM-4298613270-compressed_aqua210programme-.jpg\" alt=\"\" data-flixsrcset=\"\/\/media.flixcar.com\/f360cdn\/E-ZICOM-4298613270-compressed_aqua210programme-.jpg 200w, \/\/media.flixcar.com\/f360cdn\/E-ZICOM-4298613270-compressed_aqua210programme-.jpg 400w, \/\/media.flixcar.com\/f360cdn\/E-ZICOM-4298613270-compressed_aqua210programme-.jpg 600w, \/\/media.flixcar.com\/f360cdn\/E-ZICOM-4298613270-compressed_aqua210programme-.jpg 800w, \/\/media.flixcar.com\/f360cdn\/E-ZICOM-4298613270-compressed_aqua210programme-.jpg 1000w\" data-sizes=\"auto\" \/><\/div>\n<\/div>\n<\/div>\n<\/div>\n<\/div>\n<\/div>\n<\/div>\n<\/div>\n<\/div>\n<\/div>\n<\/div>\n<p>&nbsp;<\/p>\n<div><span id=\"flix-privacy-policy\"><a class=\"flix-privacy-policy-link\" href=\"https:\/\/www.cdiscount.com\/electromenager\/aspirateurs-nettoyeurs\/one-aspirateur-robot-laveur-aqua-210-60-db-120\/f-110140905-ezi3760190143655.html#\"><img decoding=\"async\" title=\"Powered by Flixmedia\" src=\"https:\/\/media.flixcar.com\/delivery\/static\/images\/icon_privacy_policy.gif\" alt=\"Powered by Flixmedia\" \/><\/a><\/span>&nbsp;<\/p>\n<div class=\"flix-policytext-container\"><\/div>\n<\/div>\n<\/div>\n<div id=\"flixinpage_1584201367001\"><\/div>\n<\/div>\n<div id=\"wc-power-page\"><\/div>\n<div id=\"LoadBeeContent\" class=\"loadbeeTabContent\">\n<div class=\"loadbeeTab\" data-loadbee-manufacturer=\"EAN\" data-loadbee-product=\"3760190143655\" data-loadbee-language=\"fr_FR\" data-loadbee-button=\"default\" data-loadbee-css=\"default\" data-loadbee-template=\"default\" data-loadbee-buttonlanguage=\"fr_FR\"><\/div>\n<\/div>\n<table>\n<tbody>\n<tr>\n<td><strong><br \/>\nProgrammable au jour le jour.<\/strong>&nbsp;<\/p>\n<p>&nbsp;<\/p>\n<p>Il Nettoie pendant vos Absences.<\/p>\n<p>Exploitant la puissance de sa batterie Lithium-Ion, ONE AQUA 210 offre pr\u00e8s de 90min de nettoyage en 1 seule charge, soit une couverture moyenne de 80m\u00b2. Vous pourrez programmer ses sorties \u00e0 raison d\u2019un cr\u00e9neau horaire par jour. Il reviendra sur sa station automatiquement pour se recharger et repartira pour une nouvelle mission de nettoyage au prochain cr\u00e9neau programm\u00e9.<\/td>\n<\/tr>\n<tr>\n<td><img decoding=\"async\" id=\"img_557735\" src=\"https:\/\/i1.cdscdn.com\/other\/557735.png\" alt=\"\" \/><\/td>\n<\/tr>\n<tr>\n<td><\/td>\n<\/tr>\n<\/tbody>\n<\/table>\n<table>\n<tbody>\n<tr>\n<td><strong>Il passe la serpill\u00e8re \u00e0 votre place.<\/strong>&nbsp;<\/p>\n<p>&nbsp;<\/p>\n<p>Un R\u00e9servoir \u00e0 Eau pour Humidifier les Sols.<\/p>\n<p>ONE AQUA 210 est accessoiris\u00e9 d\u2019un Bac \u00e0 Eau de 550 mL qui se clipse sous le robot. Il alimente la serpill\u00e8re microfibre en continu gr\u00e2ce \u00e0 un syst\u00e8me de goutte \u00e0 goutte parfaitement contr\u00f4l\u00e9, assurant son humidification sur toute sa surface et sans risque de saturation.<\/p>\n<p><strong>Microfibre professionnelle.<\/strong><\/p>\n<p>&nbsp;<\/p>\n<p>Pr\u00e9vue pour un usage intensif.<\/p>\n<p>Nous \u00e9quipons le robot aspirateur laveur ONE AQUA 210 d\u2019une mop de lavage de qualit\u00e9 professionnelle. Cette mop brevet\u00e9e \u00e0 \u201cEffet M\u00e9canique Renforc\u00e9\u201d est en tri-composite avec un b\u00e9n\u00e9fice sp\u00e9cifique pour chacun: L\u2019action du polypropyl\u00e8ne poss\u00e8de un pouvoir unique de raclage des macro-salissures. Le d\u00e9crochage des particules est assur\u00e9 par les bandes en polyester. Enfin le polyamide absorbe les liquides et salissures. Pour un r\u00e9sultat d\u2019une excellente efficacit\u00e9 sur tous les rev\u00eatements solides.<\/td>\n<td><img decoding=\"async\" id=\"img_557737\" src=\"https:\/\/i1.cdscdn.com\/other\/557737.png\" alt=\"\" \/><\/td>\n<\/tr>\n<\/tbody>\n<\/table>\n<table>\n<tbody>\n<tr>\n<td><strong><br \/>\nUne Batterie parmi les plus puissantes.<\/strong>&nbsp;<\/p>\n<p>&nbsp;<\/p>\n<p>Une dur\u00e9e de vie 3 fois plus \u00e9lev\u00e9e.<\/p>\n<p>Contrairement aux batteries NimH, la technologie Lithium-Ion offre une dur\u00e9e de vie et une performance bien plus importantes. Pas d\u2019effet m\u00e9moire et aucune perte d\u2019autonomie. Ses caract\u00e9ristiques font de cette batterie la meilleure solution actuelle pour alimenter les appareils nomades et voitures \u00e9lectriques.<\/td>\n<\/tr>\n<tr>\n<td><img decoding=\"async\" id=\"img_557738\" src=\"https:\/\/i1.cdscdn.com\/other\/557738.png\" alt=\"\" \/><\/td>\n<\/tr>\n<tr>\n<td><strong><br \/>\n\u00c0 l\u2019assaut des coins.<\/strong>&nbsp;<\/p>\n<p>&nbsp;<\/p>\n<p>Il d\u00e9tecte les angles.<\/p>\n<p>Compact, con\u00e7u avec des bords carr\u00e9s et dot\u00e9 de brosses rallong\u00e9es de 2 pr\u00e9cieux centim\u00e8tres, ONE AQUA 210 offre un \u00e9quipement particuli\u00e8rement adapt\u00e9 pour atteindre les endroits difficiles d\u2019acc\u00e8s aux robots aspirateurs conventionnels: sous les meubles, le long des plinthes et dans les coins. Mais ce n\u2019est pas tout; 8 nouveaux capteurs frontaux d\u00e9tectent automatiquement les angles de votre int\u00e9rieur. \u00c0 leurs approches, le robot hybride ONE AQUA 210 effectue un balayage lat\u00e9ral intensif de 4 secondes, optimisant la r\u00e9cup\u00e9ration et l\u2019aspiration des poussi\u00e8res.<\/td>\n<\/tr>\n<tr>\n<td><img decoding=\"async\" id=\"img_557739\" src=\"https:\/\/i1.cdscdn.com\/other\/557739.png\" alt=\"\" \/><\/td>\n<\/tr>\n<\/tbody>\n<\/table>\n<table>\n<tbody>\n<tr>\n<td><strong>M\u00e9thodiquement intelligent.<\/strong>&nbsp;<\/p>\n<p>&nbsp;<\/p>\n<p>La Promesse des 90%.<\/p>\n<p>Une intelligence de navigation qui n\u2019a rien \u00e0 envier aux syst\u00e8mes de cartographie des pi\u00e8ces. Bien au contraire, tout comme vous le feriez avec votre aspirateur traineau, l\u2019aspirateur robot laveur ONE AQUA 210 effectue plusieurs passages aux m\u00eames endroits, pour augmenter sa qualit\u00e9 de nettoyage. Il peut ainsi nettoyer en profondeur et avec une efficacit\u00e9 constante sur tous types sols, tapis et moquettes inclus. Le r\u00e9sultat \u00e9tant d\u2019assurer une couverture de plus de 90% de votre int\u00e9rieur, sans oublier d\u2019aspirer pr\u00e8s des plinthes et des coins.<\/td>\n<\/tr>\n<tr>\n<td><img decoding=\"async\" id=\"img_557741\" src=\"https:\/\/i1.cdscdn.com\/other\/557741.png\" alt=\"\" \/><\/td>\n<\/tr>\n<\/tbody>\n<\/table>\n<\/div>\n<div id=\"desc\" class=\"anchor\"><\/div>\n<div id=\"descContent\" class=\"fpBlk testSep\" data-cs-override-id=\"Descriptif\">\n<div class=\"regBloc no1023\">\n<div id=\"gpt-R2-300X250BODY2\" data-google-query-id=\"CKPPqpyZmugCFQBkFQgddrkANQ\"><\/div>\n<div class=\"regTxt\"><\/div>\n<\/div>\n<table class=\"fpDescTb fpDescTbPub\">\n<tbody>\n<tr>\n<th colspan=\"2\">Informations g\u00e9n\u00e9rales sur le produit<\/th>\n<\/tr>\n<tr>\n<td>Nom du produit<\/td>\n<td>ONE Aspirateur robot laveur Aqua 210 \u2013 60 dB \u2013 120<\/td>\n<\/tr>\n<tr>\n<td>Cat\u00e9gorie<\/td>\n<td>ASPIRATEUR ROBOT<\/td>\n<\/tr>\n<tr>\n<th colspan=\"2\">Informations sur le produit<\/th>\n<\/tr>\n<tr>\n<td>Marque<\/td>\n<td>ONE<\/td>\n<\/tr>\n<tr>\n<th colspan=\"2\">G\u00e9n\u00e9ral<\/th>\n<\/tr>\n<tr>\n<td>Type de produit<\/td>\n<td>Aspirateur<\/td>\n<\/tr>\n<tr>\n<td>Collecte des poussi\u00e8res<\/td>\n<td>Sans sac<\/td>\n<\/tr>\n<tr>\n<td>Capacit\u00e9 du collecteur<\/td>\n<td>0.55 litre<\/td>\n<\/tr>\n<tr>\n<td>Mode de nettoyage<\/td>\n<td>Sec, humide<\/td>\n<\/tr>\n<tr>\n<td>Type de filtre<\/td>\n<td>HEPA<\/td>\n<\/tr>\n<tr>\n<td>Type de nettoyant<\/td>\n<td>Robot<\/td>\n<\/tr>\n<tr>\n<td>Type d\u2019aspirateur<\/td>\n<td>Usage g\u00e9n\u00e9ral<\/td>\n<\/tr>\n<tr>\n<td>Navigation sur la salle<\/td>\n<td>Oui<\/td>\n<\/tr>\n<tr>\n<td>Type de sol compatible<\/td>\n<td>Tous les sols<\/td>\n<\/tr>\n<tr>\n<th colspan=\"2\">R\u00e9glages, commandes et voyants<\/th>\n<\/tr>\n<tr>\n<td>Intervalles de nettoyage programmables<\/td>\n<td>Oui<\/td>\n<\/tr>\n<tr>\n<th colspan=\"2\">Consommation<\/th>\n<\/tr>\n<tr>\n<td>Puissance \u00e9lectrique<\/td>\n<td>15 Watt<\/td>\n<\/tr>\n<tr>\n<td>Type d\u2019alimentation<\/td>\n<td>Batteries rechargeables<\/td>\n<\/tr>\n<tr>\n<td>Batterie<\/td>\n<td>Lithium<\/td>\n<\/tr>\n<tr>\n<td>Temps de chargement complet<\/td>\n<td>4.5 hrs<\/td>\n<\/tr>\n<tr>\n<td>Autonomie de fonctionnement<\/td>\n<td>120 min<\/td>\n<\/tr>\n<tr>\n<th colspan=\"2\">Divers<\/th>\n<\/tr>\n<tr>\n<td>Outils inclus<\/td>\n<td>Brosse lat\u00e9rale (2x), poils de brosse en nylon, serpilli\u00e8re en microfibres<\/td>\n<\/tr>\n<tr>\n<td>Niveau sonore maximum<\/td>\n<td>60 dB<\/td>\n<\/tr>\n<tr>\n<td>Normes de conformit\u00e9<\/td>\n<td>RoHS<\/td>\n<\/tr>\n<tr>\n<th colspan=\"2\">Dimensions et poids<\/th>\n<\/tr>\n<tr>\n<td>Largeur<\/td>\n<td>32.5 cm<\/td>\n<\/tr>\n<tr>\n<td>Profondeur<\/td>\n<td>32.5 cm<\/td>\n<\/tr>\n<tr>\n<td>Hauteur<\/td>\n<td>8 cm<\/td>\n<\/tr>\n<tr>\n<td>Poids<\/td>\n<td>2.3 kg<\/td>\n<\/tr>\n<tr>\n<th colspan=\"2\">Dimensions et poids (emball\u00e9)<\/th>\n<\/tr>\n<tr>\n<td>Hauteur (Exp\u00e9dition)<\/td>\n<td>13 cm<\/td>\n<\/tr>\n<tr>\n<td>Largeur (emball\u00e9e)<\/td>\n<td>49.5 cm<\/td>\n<\/tr>\n<tr>\n<td>Profondeur (emball\u00e9e)<\/td>\n<td>36.6 cm<\/td>\n<\/tr>\n<tr>\n<td>Poids (Exp\u00e9dition)<\/td>\n<td>2.8 kg<\/td>\n<\/tr>\n<tr>\n<th colspan=\"2\">Attributs de recherche<\/th>\n<\/tr>\n<tr>\n<td>Nettoyage|Mode de nettoyage<\/td>\n<td>Humide<br \/>\nSec<\/td>\n<\/tr>\n<\/tbody>\n<\/table>\n<\/div>","protected":false},"excerpt":{"rendered":"<div class=\"woocommerce-product-details__short-description\">\n<ul>\n<li>Collecte des poussi\u00e8res : Sans sac<\/li>\n<li>Mode de nettoyage : Sec, humide<\/li>\n<li>Capacit\u00e9 du collecteur : 0.55 litre<\/li>\n<li>Niveau sonore maximal : 60 dB<\/li>\n<li>Puissance \u00e9lectrique : 15 Watt<\/li>\n<\/ul>\n<div class=\"jsFpBulletPointMore\">\n<ul>\n<li>Type de filtre : HEPA<\/li>\n<li>Outils inclus : Brosse lat\u00e9rale (2x), poils de brosse en nylon, serpilli\u00e8re en microfibres<\/li>\n<\/ul>\n<\/div>\n<\/div>","protected":false},"featured_media":11193,"comment_status":"open","ping_status":"closed","template":"","meta":{"inline_featured_image":false,"_joinchat":[]},"product_cat":[154],"product_tag":[],"class_list":{"0":"post-11189","1":"product","2":"type-product","3":"status-publish","4":"has-post-thumbnail","6":"product_cat-aspirateur-robot","8":"first","9":"instock","10":"sale","11":"shipping-taxable","12":"purchasable","13":"product-type-simple"},"_links":{"self":[{"href":"https:\/\/kitchtenstore.com\/fr\/wp-json\/wp\/v2\/product\/11189","targetHints":{"allow":["GET"]}}],"collection":[{"href":"https:\/\/kitchtenstore.com\/fr\/wp-json\/wp\/v2\/product"}],"about":[{"href":"https:\/\/kitchtenstore.com\/fr\/wp-json\/wp\/v2\/types\/product"}],"replies":[{"embeddable":true,"href":"https:\/\/kitchtenstore.com\/fr\/wp-json\/wp\/v2\/comments?post=11189"}],"version-history":[{"count":1,"href":"https:\/\/kitchtenstore.com\/fr\/wp-json\/wp\/v2\/product\/11189\/revisions"}],"predecessor-version":[{"id":11194,"href":"https:\/\/kitchtenstore.com\/fr\/wp-json\/wp\/v2\/product\/11189\/revisions\/11194"}],"wp:featuredmedia":[{"embeddable":true,"href":"https:\/\/kitchtenstore.com\/fr\/wp-json\/wp\/v2\/media\/11193"}],"wp:attachment":[{"href":"https:\/\/kitchtenstore.com\/fr\/wp-json\/wp\/v2\/media?parent=11189"}],"wp:term":[{"taxonomy":"product_cat","embeddable":true,"href":"https:\/\/kitchtenstore.com\/fr\/wp-json\/wp\/v2\/product_cat?post=11189"},{"taxonomy":"product_tag","embeddable":true,"href":"https:\/\/kitchtenstore.com\/fr\/wp-json\/wp\/v2\/product_tag?post=11189"}],"curies":[{"name":"wp","href":"https:\/\/api.w.org\/{rel}","templated":true}]}}