{"id":11178,"date":"2022-10-26T17:10:21","date_gmt":"2022-10-26T17:10:21","guid":{"rendered":"https:\/\/kitchtenstore.com\/?post_type=product&#038;p=11178"},"modified":"2022-10-26T17:10:21","modified_gmt":"2022-10-26T17:10:21","slug":"aspirateur-professionnel-eau-poussiere-wd-6-p-premium-cuve-inox-30-l-1300-w-gris-et-jaune-karcher","status":"publish","type":"product","link":"https:\/\/kitchtenstore.com\/fr\/produit\/aspirateur-professionnel-eau-poussiere-wd-6-p-premium-cuve-inox-30-l-1300-w-gris-et-jaune-karcher\/","title":{"rendered":"Aspirateur professionnel eau-poussi\u00e8re WD 6 P Premium \u2013 Cuve inox 30 L \u2013 1300 W \u2013 Gris et jaune K\u00c4RCHER"},"content":{"rendered":"<h2>Description<\/h2>\n<div id=\"presContent\" class=\"fpBlk testSep extCode\">\n<div>BRICODAYS Cuve acier inox 30 l, 1300 W (performance \u00e9quivalente \u00e0 un 2000 W) fonction soufflerie, d\u00e9-colmatage du filtre, prise pour outils \u00e9lectroniques. Nouveau suceur combin\u00e9 eau et poussi\u00e8res, filtre pliss\u00e9 plat, sachet filtre ouate, suceur long, flexible<\/div>\n<\/div>\n<div id=\"descContent\" class=\"fpBlk testSep\" data-cs-override-id=\"Descriptif\">\n<div class=\"regBloc no1023\">\n<div id=\"gpt-R2-300X250BODY2\" data-google-query-id=\"CObSufSamugCFSak7QodnlwHqg\"><\/div>\n<div class=\"regTxt\"><\/div>\n<\/div>\n<table class=\"fpDescTb fpDescTbPub\">\n<tbody>\n<tr>\n<th colspan=\"2\">Informations g\u00e9n\u00e9rales sur le produit<\/th>\n<\/tr>\n<tr>\n<td>Marque<\/td>\n<td>KARCHER<\/td>\n<\/tr>\n<tr>\n<td>Nom du produit<\/td>\n<td>K\u00c4RCHER Aspirateur professionnel eau-poussi\u00e8re WD<\/td>\n<\/tr>\n<tr>\n<td>Cat\u00e9gorie<\/td>\n<td>ASPIRATEUR INDUSTRIEL<\/td>\n<\/tr>\n<tr>\n<th colspan=\"2\">G\u00e9n\u00e9ral<\/th>\n<\/tr>\n<tr>\n<td>Type de Produit<\/td>\n<td>Aspirateur industriel eau et poussi\u00e8res<\/td>\n<\/tr>\n<tr>\n<td>Mod\u00e8les<\/td>\n<td>WD 6 P<\/td>\n<\/tr>\n<tr>\n<td>Composition du lot<\/td>\n<td>Nouveau suceur combin\u00e9 eau et poussi\u00e8res, filtre pliss\u00e9 plat, sachet filtre ouate, suceur long, flexible.<br \/>\nAspirateur eau et poussi\u00e8re.<\/td>\n<\/tr>\n<tr>\n<td>Mati\u00e8res<\/td>\n<td>Cuve acier<\/td>\n<\/tr>\n<tr>\n<td>Couleur(s)<\/td>\n<td>Gris et jaune<\/td>\n<\/tr>\n<tr>\n<td>Fonctions sp\u00e9ciales<\/td>\n<td>Soufflerie<br \/>\nD\u00e9-colmatage de filtre<br \/>\nPrise pour outils \u00e9lectro<\/td>\n<\/tr>\n<tr>\n<td>Plus produit<\/td>\n<td>Cuve acier inox : 30 l<br \/>\nFlexible 2,2 m<br \/>\nTube inox 2\u00d70,5m<br \/>\nLongueur c\u00e2ble: 6 m<br \/>\nFonction soufflerie<br \/>\nD\u00e9colmatage de filtre<br \/>\nPrise pour outils \u00e9lectro<\/td>\n<\/tr>\n<tr>\n<th colspan=\"2\">Aspirateur de chantier<\/th>\n<\/tr>\n<tr>\n<td>Syst\u00e8me de r\u00e9cup\u00e9ration<\/td>\n<td>Bac (sans sac)<\/td>\n<\/tr>\n<tr>\n<td>D\u00e9bit d\u2019aspiration maximum<\/td>\n<td>75 L\/seconde<\/td>\n<\/tr>\n<tr>\n<td>Type de filtre<\/td>\n<td>Filtre pliss\u00e9 plat avec syst\u00e8me cassette : meilleure filtration, remplacement et nettoyage faciles<\/td>\n<\/tr>\n<tr>\n<th colspan=\"2\">Moteur<\/th>\n<\/tr>\n<tr>\n<td>Puissance<\/td>\n<td>1300 W (performance \u00e9quivalente \u00e0 un 2000 W)<\/td>\n<\/tr>\n<tr>\n<td>Tension (En V)<\/td>\n<td>230 V<\/td>\n<\/tr>\n<tr>\n<th colspan=\"2\">Informations compl\u00e9mentaires<\/th>\n<\/tr>\n<tr>\n<td>Accessoires livr\u00e9s<\/td>\n<td>EQUIPEMENTS : nouveau suceur combin\u00e9 eau et poussi\u00e8res, filtre pliss\u00e9 plat, sachet filtre ouate, suceur long, flexible<\/td>\n<\/tr>\n<tr>\n<th colspan=\"2\">Dimensions et poids<\/th>\n<\/tr>\n<tr>\n<td>Dimensions<\/td>\n<td>418x382x694mm<\/td>\n<\/tr>\n<\/tbody>\n<\/table>\n<\/div>","protected":false},"excerpt":{"rendered":"<div class=\"woocommerce-product-details__short-description\">\n<ul>\n<li>Puissance : 1300 W (performance \u00e9quivalente \u00e0 un 2000 W)<\/li>\n<li>Mati\u00e8res : Cuve acier<\/li>\n<li>Composition du lot : Nouveau suceur combin\u00e9 eau et poussi\u00e8res, filtre pliss\u00e9 plat, sachet filtre ouat<\/li>\n<\/ul>\n<\/div>","protected":false},"featured_media":11182,"comment_status":"open","ping_status":"closed","template":"","meta":{"inline_featured_image":false,"_joinchat":[]},"product_cat":[151],"product_tag":[],"class_list":{"0":"post-11178","1":"product","2":"type-product","3":"status-publish","4":"has-post-thumbnail","6":"product_cat-aspirateur-avec-sac","8":"first","9":"instock","10":"sale","11":"shipping-taxable","12":"purchasable","13":"product-type-simple"},"_links":{"self":[{"href":"https:\/\/kitchtenstore.com\/fr\/wp-json\/wp\/v2\/product\/11178","targetHints":{"allow":["GET"]}}],"collection":[{"href":"https:\/\/kitchtenstore.com\/fr\/wp-json\/wp\/v2\/product"}],"about":[{"href":"https:\/\/kitchtenstore.com\/fr\/wp-json\/wp\/v2\/types\/product"}],"replies":[{"embeddable":true,"href":"https:\/\/kitchtenstore.com\/fr\/wp-json\/wp\/v2\/comments?post=11178"}],"version-history":[{"count":2,"href":"https:\/\/kitchtenstore.com\/fr\/wp-json\/wp\/v2\/product\/11178\/revisions"}],"predecessor-version":[{"id":11184,"href":"https:\/\/kitchtenstore.com\/fr\/wp-json\/wp\/v2\/product\/11178\/revisions\/11184"}],"wp:featuredmedia":[{"embeddable":true,"href":"https:\/\/kitchtenstore.com\/fr\/wp-json\/wp\/v2\/media\/11182"}],"wp:attachment":[{"href":"https:\/\/kitchtenstore.com\/fr\/wp-json\/wp\/v2\/media?parent=11178"}],"wp:term":[{"taxonomy":"product_cat","embeddable":true,"href":"https:\/\/kitchtenstore.com\/fr\/wp-json\/wp\/v2\/product_cat?post=11178"},{"taxonomy":"product_tag","embeddable":true,"href":"https:\/\/kitchtenstore.com\/fr\/wp-json\/wp\/v2\/product_tag?post=11178"}],"curies":[{"name":"wp","href":"https:\/\/api.w.org\/{rel}","templated":true}]}}