{"id":11170,"date":"2022-10-26T17:07:33","date_gmt":"2022-10-26T17:07:33","guid":{"rendered":"https:\/\/kitchtenstore.com\/?post_type=product&#038;p=11170"},"modified":"2022-10-26T17:07:33","modified_gmt":"2022-10-26T17:07:33","slug":"aspirateur-central-sans-sac-sans-filtre-hd800c-jusqua-350-m%c2%b2-garantie-10-ans-set-inter-9-m-8-accessoires-aspi-plumeau-offert","status":"publish","type":"product","link":"https:\/\/kitchtenstore.com\/fr\/produit\/aspirateur-central-sans-sac-sans-filtre-hd800c-jusqua-350-m%c2%b2-garantie-10-ans-set-inter-9-m-8-accessoires-aspi-plumeau-offert\/","title":{"rendered":"ASPIRATEUR CENTRAL SANS SAC SANS FILTRE HD800C (jusqu\u2019\u00e0 350 M\u00b2) GARANTIE 10 ans + set inter 9 M + 8 accessoires + Aspi-Plumeau offert"},"content":{"rendered":"<div id=\"tab-description\" class=\"woocommerce-Tabs-panel woocommerce-Tabs-panel--description panel entry-content wc-tab\" role=\"tabpanel\" aria-labelledby=\"tab-title-description\">\n<h2>Description<\/h2>\n<div id=\"js-product-content\" data-brand-name=\"VACUFLO-HD\" data-brand-id=\"245026\" data-ean=\"0000000000000\">\n<div id=\"description\">\n<div id=\"product-description\" class=\"product__description\">\n<div class=\"product__description-content\">\n<div class=\"product-section\">\n<div>\n<div class=\"product-section__content product-section__content--padding\">\n<div class=\"cms\">\n<div class=\"description_content\">En ce moment pour cet achat :&nbsp;<\/p>\n<p>\u2013 Garantie 10 ANS DE TRANQUILLIT\u00c9 !!!<br \/>\n\u2013 1 Silencieux d\u2019air noir grand model tr\u00e8s efficace<br \/>\n\u2013 1 Aspi-plumeau (r\u00e9f : AAC283) offert<\/p>\n<p>\u2013 Appareil Haute Durabilit\u00e9<br \/>\n\u2013 D\u00e9pression : 3175 mmCE (31KPa)<br \/>\n\u2013 D\u00e9bit d\u2019air : 205 m3\/heure<br \/>\n\u2013 Airwatts : 500<br \/>\n\u2013 Garantie : jusqu\u2019\u00e0 10 ans (5 ans total \/ 5 ans d\u00e9gressif \u00e0 20%).<br \/>\n\u2013 Puissance Maximal : 1800 Watts<br \/>\n\u2013 Consommation moyenne : 1200 \u2013 1400 Watts<br \/>\n\u2013 Amp\u00e8res : 7,5 A<br \/>\n\u2013 Moteur 2 stages BY-PASS Haute performance<br \/>\n\u2013 Surface conseill\u00e9e : jusqu\u2019\u00e0 350 m\u00b2<br \/>\n\u2013 Type de filtration : filtration cyclonique sans sac, sans filtre<br \/>\n\u2013 Niveau sonore en dB (A) : 71<br \/>\n\u2013 Capacit\u00e9 de la cuve \u00e0 poussi\u00e8res : 23,3 litres<br \/>\n\u2013 Tension : 240 volts<br \/>\n\u2013 Hauteur : 102,1 cm<br \/>\n\u2013 Diam\u00e8tre : 35,8 cm<br \/>\n\u2013 Poids : 19,1 kg<\/p>\n<p>Trousse comprenant 8 accessoires et 1 flexible \u00e9lectrifi\u00e9 \u00e9quip\u00e9 d\u2019une poign\u00e9e avec interrupteur marche\/arr\u00eat (r\u00e9f : AAC234) :<\/p>\n<p>-1 flexible on\/off de 9 m<br \/>\n-1 Support mural pour flexible<br \/>\n-1 Brosse combin\u00e9e<br \/>\n-1 Brosse sol dur parquet carrelage 300 mm<br \/>\n-1 Brosse de d\u00e9poussi\u00e9rage<br \/>\n-1 Brosse capitonnage<br \/>\n-1 Suceur plat<br \/>\n-1 Canne t\u00e9lescopique<br \/>\n-1 Support accessoires clipsable sur la canne<\/p>\n<\/div>\n<\/div>\n<ul class=\"list-table\" data-gtm-vis-recent-on-screen-2047254_1465=\"167581\" data-gtm-vis-first-on-screen-2047254_1465=\"167581\" data-gtm-vis-total-visible-time-2047254_1465=\"3000\" data-gtm-vis-has-fired-2047254_1465=\"1\">\n<li class=\"list-table__row\"><span class=\"list-table__cell\">Marque<\/span><span class=\"list-table__cell\"><span data-qa=\"brandCta\">VACUFLO-HD<\/span><\/span><\/li>\n<li class=\"list-table__row\"><span class=\"list-table__cell\">Type de produit<\/span><span class=\"list-table__cell\">Aspirateur central<\/span><\/li>\n<li class=\"list-table__row\"><span class=\"list-table__cell\">Surface d\u2019utilisation<\/span><span class=\"list-table__cell\">350 m\u00b2<\/span><\/li>\n<li class=\"list-table__row\"><span class=\"list-table__cell\">Tension<\/span><span class=\"list-table__cell\">240 V<\/span><\/li>\n<li class=\"list-table__row\"><span class=\"list-table__cell\">Intensit\u00e9<\/span><span class=\"list-table__cell\">7.5 A<\/span><\/li>\n<li class=\"list-table__row\"><span class=\"list-table__cell\">Capacit\u00e9 de la cuve<\/span><span class=\"list-table__cell\">23.3 l<\/span><\/li>\n<li class=\"list-table__row\"><span class=\"list-table__cell\">Poids<\/span><span class=\"list-table__cell\">19.1 kg<\/span><\/li>\n<li class=\"list-table__row\"><span class=\"list-table__cell\">Garantie<\/span><span class=\"list-table__cell\">1 an<\/span><\/li>\n<li class=\"list-table__row\"><span class=\"list-table__cell\">R\u00e9f. ManoMano<\/span><span class=\"list-table__cell\">ME4990582<\/span><\/li>\n<li class=\"list-table__row\"><span class=\"list-table__cell\">R\u00e9f. Fabricant<\/span><span class=\"list-table__cell\" data-qa=\"skuElm\">APC171<\/span><\/li>\n<\/ul>\n<\/div>\n<\/div>\n<\/div>\n<\/div>\n<\/div>\n<\/div>\n<\/div>\n<\/div>","protected":false},"excerpt":{"rendered":"<div class=\"woocommerce-product-details__short-description\">\n<p>Aspiration centralis\u00e9e de la s\u00e9rie HD con\u00e7u avec un moteur 2 stages des plus robustes, pour une durabilit\u00e9 sans pareille. De plus, cet aspirateur ne n\u00e9cessite ni sac ni filtre ! Sa conception permet une vrai action cyclonique de l\u2019air qui s\u00e9pare automatiquement la poussi\u00e8re et la d\u00e9pose au fond de la cuve. Vous n\u2019aurez donc aucun souci \u00e0 avoir avec la HD800C !<\/p>\n<\/div>","protected":false},"featured_media":11175,"comment_status":"open","ping_status":"closed","template":"","meta":{"inline_featured_image":false,"_joinchat":[]},"product_cat":[152],"product_tag":[],"class_list":{"0":"post-11170","1":"product","2":"type-product","3":"status-publish","4":"has-post-thumbnail","6":"product_cat-aspirateur-sans-sac","8":"first","9":"instock","10":"sale","11":"shipping-taxable","12":"purchasable","13":"product-type-simple"},"_links":{"self":[{"href":"https:\/\/kitchtenstore.com\/fr\/wp-json\/wp\/v2\/product\/11170","targetHints":{"allow":["GET"]}}],"collection":[{"href":"https:\/\/kitchtenstore.com\/fr\/wp-json\/wp\/v2\/product"}],"about":[{"href":"https:\/\/kitchtenstore.com\/fr\/wp-json\/wp\/v2\/types\/product"}],"replies":[{"embeddable":true,"href":"https:\/\/kitchtenstore.com\/fr\/wp-json\/wp\/v2\/comments?post=11170"}],"version-history":[{"count":2,"href":"https:\/\/kitchtenstore.com\/fr\/wp-json\/wp\/v2\/product\/11170\/revisions"}],"predecessor-version":[{"id":11177,"href":"https:\/\/kitchtenstore.com\/fr\/wp-json\/wp\/v2\/product\/11170\/revisions\/11177"}],"wp:featuredmedia":[{"embeddable":true,"href":"https:\/\/kitchtenstore.com\/fr\/wp-json\/wp\/v2\/media\/11175"}],"wp:attachment":[{"href":"https:\/\/kitchtenstore.com\/fr\/wp-json\/wp\/v2\/media?parent=11170"}],"wp:term":[{"taxonomy":"product_cat","embeddable":true,"href":"https:\/\/kitchtenstore.com\/fr\/wp-json\/wp\/v2\/product_cat?post=11170"},{"taxonomy":"product_tag","embeddable":true,"href":"https:\/\/kitchtenstore.com\/fr\/wp-json\/wp\/v2\/product_tag?post=11170"}],"curies":[{"name":"wp","href":"https:\/\/api.w.org\/{rel}","templated":true}]}}