{"id":11163,"date":"2022-10-26T17:05:14","date_gmt":"2022-10-26T17:05:14","guid":{"rendered":"https:\/\/kitchtenstore.com\/?post_type=product&#038;p=11163"},"modified":"2022-10-26T17:05:14","modified_gmt":"2022-10-26T17:05:14","slug":"dyson-big-ball-multifloor-extra-gris-bleu","status":"publish","type":"product","link":"https:\/\/kitchtenstore.com\/fr\/produit\/dyson-big-ball-multifloor-extra-gris-bleu\/","title":{"rendered":"DYSON \u2013 Big Ball Multifloor Extra Gris\/Bleu"},"content":{"rendered":"<h2>Description<\/h2>\n<p>Description \u2013 DYSON \u2013 Big Ball Multifloor Extra Gris\/Bleu<\/p>\n<div id=\"productDescriptionSection\" class=\"description critical-in critical-out\">\n<div class=\"m-sectionPadding\">\n<div class=\"toggle\" data-target=\"description\">\n<div class=\"toggle-content\" role=\"toggle\">\n<div class=\"warranty\">Garantie 2 ans<\/div>\n<div class=\"offerdesc\">\n<div><\/div>\n<div><\/div>\n<div id=\"originalProductDescription\">\n<section id=\"wm_section_body\" class=\"wm_section_body\"><strong>PR\u00c9SENTATION<\/strong>Le seul aspirateur qui se redresse lorsqu\u2019il se renverse et qui \u00e9jecte hygi\u00e9niquement la poussi\u00e8re.&nbsp;<\/p>\n<p>Le Dyson Big Ball est \u00e9quip\u00e9 de la brosse double position, de la brosse matelas, d\u2019un petit suceur et d\u2019un accessoire 2 en 1.<\/p>\n<p><img decoding=\"async\" class=\"lazy-loaded\" src=\"https:\/\/www.media-rdc.com\/medias\/ff619167272b31b78d6e6f22230152c4\/1-big-ball-multifloor-extra-hd.jpg\" alt=\"\" width=\"300\" data-src=\"https:\/\/www.media-rdc.com\/medias\/ff619167272b31b78d6e6f22230152c4\/1-big-ball-multifloor-extra-hd.jpg\" data-lzled=\"true\" \/><\/p>\n<p><strong>CARACT\u00c9RISTIQUES PRINCIPALES<\/strong><\/p>\n<p>\u2022 Cyclones 2 Tier Radial: capture des poussi\u00e8res microscopiques \u2022 Technologie Ball : contourne les obstacles<br \/>\n\u2022 Le seul aspirateur qui se redresse lorsqu\u2019il se renverse<br \/>\n\u2022 Bouton pression pour \u00e9jecter la poussi\u00e8re sans la toucher<br \/>\n\u2022 Un confort d\u2019utilisation optimis\u00e9<br \/>\n\u2022 Brosse double position avec contr\u00f4le de l\u2019aspiration<br \/>\n\u2022 Brosse matelas<br \/>\n\u2022 Garantie 5 ans pi\u00e8ces et main d\u2019\u0153uvre<\/p>\n<p><strong>CARACT\u00c9RISTIQUES D\u00c9TAILL\u00c9ES<\/strong><\/p>\n<p><img decoding=\"async\" class=\"lazy-loaded\" src=\"https:\/\/www.media-rdc.com\/medias\/52972c105b6035f1ac3fecf79ad448d5\/sans-titre-1.png\" alt=\"\" width=\"91\" align=\"left\" data-src=\"https:\/\/www.media-rdc.com\/medias\/52972c105b6035f1ac3fecf79ad448d5\/sans-titre-1.png\" data-lzled=\"true\" \/><br \/>\nCyclones 2 Tier Radial<br \/>\n28 cyclones dispos\u00e9s sur deux rang\u00e9es g\u00e9n\u00e8rent une force centrifuge plus importante qui permet de capturer plus de poussi\u00e8res microscopiques et d\u2019allerg\u00e8nes \u00e0 l\u2019int\u00e9rieur du collecteur.<\/p>\n<p><img decoding=\"async\" class=\"lazy-loaded\" src=\"https:\/\/www.media-rdc.com\/medias\/49826a5b62633a1bb97fe6c79f675bd9\/sans-titre-2.png\" alt=\"\" width=\"132\" align=\"right\" data-src=\"https:\/\/www.media-rdc.com\/medias\/49826a5b62633a1bb97fe6c79f675bd9\/sans-titre-2.png\" data-lzled=\"true\" \/><br \/>\nLe seul aspirateur qui se redresse lorsqu\u2019il se renverse<br \/>\nLes autres aspirateurs se renversent et ne se redressent pas. Seuls les aspirateurs tra\u00eeneaux Dyson Big Ball se redressent.<\/p>\n<p><img decoding=\"async\" class=\"lazy-loaded\" src=\"https:\/\/www.media-rdc.com\/medias\/55445746f397331b9b60581a1a558102\/sans-titre-3.png\" alt=\"\" width=\"126\" align=\"left\" data-src=\"https:\/\/www.media-rdc.com\/medias\/55445746f397331b9b60581a1a558102\/sans-titre-3.png\" data-lzled=\"true\" \/><br \/>\nTechnologie Ball.<br \/>\nLe corps du Dyson Big Ball contourne les obstacles. Avec une stabilit\u00e9 optimis\u00e9e. Les aspirateurs tra\u00eeneaux Dyson Big Ball se man\u0153uvrent facilement autour des obstacles et dans les coins.<\/p>\n<p><img decoding=\"async\" class=\"lazy-loaded\" src=\"https:\/\/www.media-rdc.com\/medias\/5ef8036bd1c632228a23811b4a9c5363\/sans-titre-4.png\" alt=\"\" width=\"149\" align=\"right\" data-src=\"https:\/\/www.media-rdc.com\/medias\/5ef8036bd1c632228a23811b4a9c5363\/sans-titre-4.png\" data-lzled=\"true\" \/><br \/>\nEjecte hygi\u00e9niquement la poussi\u00e8re<br \/>\nVous pouvez d\u00e9sormais \u00e9jecter hygi\u00e9niquement la poussi\u00e8re et les d\u00e9bris par une simple pression sur un bouton. Vous n\u2019avez plus besoin de toucher la poussi\u00e8re.<\/p>\n<p><img decoding=\"async\" class=\"lazy-loaded\" src=\"https:\/\/www.media-rdc.com\/medias\/b9ee66d5ce3731cf9aa94a7da394b6f2\/sans-titre-5.png\" alt=\"\" width=\"122\" align=\"left\" data-src=\"https:\/\/www.media-rdc.com\/medias\/b9ee66d5ce3731cf9aa94a7da394b6f2\/sans-titre-5.png\" data-lzled=\"true\" \/><br \/>\nCollecteur de plus grande capacit\u00e9<br \/>\n56% plus grand que sur les pr\u00e9c\u00e9dents aspirateurs tra\u00eeneaux gamme DC52.<\/p>\n<p><img decoding=\"async\" class=\"lazy-loaded\" src=\"https:\/\/www.media-rdc.com\/medias\/18c0562f81f5398ab1b06b960a51ec17\/sans-titre-6.png\" alt=\"\" width=\"151\" align=\"right\" data-src=\"https:\/\/www.media-rdc.com\/medias\/18c0562f81f5398ab1b06b960a51ec17\/sans-titre-6.png\" data-lzled=\"true\" \/><br \/>\nPoign\u00e9e articul\u00e9e pour un nettoyage facile et polyvalent<br \/>\nLa poign\u00e9e du tube pivote dans trois directions et s\u2019articule \u00e0 360\u00b0 pour un meilleur contr\u00f4le.<\/p>\n<p><img decoding=\"async\" class=\"lazy-loaded\" src=\"https:\/\/www.media-rdc.com\/medias\/c5e8b1b54c773a7da0b84dfb7890198f\/sans-titre-7.png\" alt=\"\" width=\"107\" align=\"left\" data-src=\"https:\/\/www.media-rdc.com\/medias\/c5e8b1b54c773a7da0b84dfb7890198f\/sans-titre-7.png\" data-lzled=\"true\" \/><br \/>\n<strong>Un tube plus long pour atteindre les surfaces difficiles d\u2019acc\u00e8s.<\/strong><strong><br \/>\n<\/strong>S\u2019\u00e9tend jusqu\u2019\u00e0 1,25m pour atteindre les endroits difficiles d\u2019acc\u00e8s.<\/p>\n<p><img decoding=\"async\" class=\"lazy-loaded\" src=\"https:\/\/www.media-rdc.com\/medias\/9630d8e5585b305cb87020657e241590\/sans-titre-8.png\" alt=\"\" width=\"121\" align=\"right\" data-src=\"https:\/\/www.media-rdc.com\/medias\/9630d8e5585b305cb87020657e241590\/sans-titre-8.png\" data-lzled=\"true\" \/><\/p>\n<p>D\u00e9tachement facile des accessoires<br \/>\nLes accessoires du Dyson Big Ball ont un d\u00e9tachement facile.<\/p>\n<p><img decoding=\"async\" class=\"lazy-loaded\" src=\"https:\/\/www.media-rdc.com\/medias\/92084ec68dcc33bf9cf93731f60c17ac\/sans-titre-9.png\" alt=\"\" width=\"171\" align=\"left\" data-src=\"https:\/\/www.media-rdc.com\/medias\/92084ec68dcc33bf9cf93731f60c17ac\/sans-titre-9.png\" data-lzled=\"true\" \/><br \/>\nBrosse double position<br \/>\nS\u2019ajuste pour nettoyer tous les types de sols. La t\u00eate r\u00e9glable de la brosse peut \u00eatre relev\u00e9 et abaiss\u00e9 pour une aspiration optimale sur la moquette, les tapis et les sols durs.<\/p>\n<p><img decoding=\"async\" class=\"lazy-loaded\" src=\"https:\/\/www.media-rdc.com\/medias\/bc56d54a34be3dfdb600be51cadb299c\/sans-titre-10.png\" alt=\"\" width=\"150\" align=\"right\" data-src=\"https:\/\/www.media-rdc.com\/medias\/bc56d54a34be3dfdb600be51cadb299c\/sans-titre-10.png\" data-lzled=\"true\" \/><\/p>\n<p>Brosse matelas<br \/>\nPour extraire les acariens et les allerg\u00e8nes des matelas et tissus d\u2019ameublement. .<\/p>\n<p><img decoding=\"async\" class=\"lazy-loaded\" src=\"https:\/\/www.media-rdc.com\/medias\/7b0a9625e90e3ea88ac559eb4895927a\/garantie-5an.png\" alt=\"\" width=\"130\" align=\"left\" data-src=\"https:\/\/www.media-rdc.com\/medias\/7b0a9625e90e3ea88ac559eb4895927a\/garantie-5an.png\" data-lzled=\"true\" \/><\/p>\n<p>Garantie 5 ans<br \/>\nGarantie 5 ans pi\u00e8ces et mains d\u2019\u0153uvres.<\/p>\n<p>Vid\u00e9o de d\u00e9monstration du produit<\/p>\n<p><iframe loading=\"lazy\" src=\"https:\/\/www.youtube.com\/embed\/6r0X0-QmPuI?rel=0\" width=\"600\" height=\"338\" frameborder=\"0\" data-src=\"https:\/\/www.youtube.com\/embed\/6r0X0-QmPuI?rel=0\" data-lzled=\"true\" data-mce-fragment=\"1\"><\/iframe><\/p>\n<\/section>\n<\/div>\n<\/div>\n<\/div>\n<\/div>\n<div class=\"showDesktop ops-block\">\n<div id=\"js-pubDescription\" class=\"m-banniereIAB__MTF -sticky\">\n<div id=\"gam_ban-iab_2\" data-google-query-id=\"CMOlwte60ekCFZfKdwod64kDJA\">\n<div id=\"google_ads_iframe_\/21851889210\/rueducommerce_web\/ban-iab_2\/produit_0__container__\"><\/div>\n<\/div>\n<\/div>\n<\/div>\n<\/div>\n<\/div>\n<div id=\"productAttributesSection\" class=\"attributes critical-in critical-out\">\n<div class=\"a-blockNavigation\">\n<p>&nbsp;<\/p>\n<\/div>\n<\/div>","protected":false},"excerpt":{"rendered":"<div class=\"woocommerce-product-details__short-description\">\n<h3 class=\"titleh3\">Fiche technique \u2013 DYSON\u00a0\u2013\u00a0Big Ball Multifloor Extra Gris\/Bleu<\/h3>\n<ul class=\"liste-attibutes\">\n<li>\n<div class=\"spec-title\">Niveau sonore<\/div>\n<div class=\"spec\">80<\/div>\n<\/li>\n<li>\n<div class=\"spec-title\">Longueur<\/div>\n<div class=\"spec\">6.5<\/div>\n<\/li>\n<li>\n<div class=\"spec-title\">Contenance<\/div>\n<div class=\"spec\">1.8<\/div>\n<\/li>\n<li>\n<div class=\"spec-title\">Puissance (Watt)<\/div>\n<div class=\"spec\">600<\/div>\n<\/li>\n<li>\n<div class=\"spec-title\">Fonction de l\u2019aspirateur<\/div>\n<div class=\"spec\">Aspirant<\/div>\n<\/li>\n<li>\n<div class=\"spec-title\">Capacit\u00e9<\/div>\n<div class=\"spec\">1.8<\/div>\n<\/li>\n<li>\n<div class=\"spec-title\">Longueur cordon<\/div>\n<div class=\"spec\">6.5<\/div>\n<\/li>\n<\/ul>\n<\/div>","protected":false},"featured_media":11167,"comment_status":"open","ping_status":"closed","template":"","meta":{"inline_featured_image":false,"_joinchat":[]},"product_cat":[152],"product_tag":[],"class_list":{"0":"post-11163","1":"product","2":"type-product","3":"status-publish","4":"has-post-thumbnail","6":"product_cat-aspirateur-sans-sac","8":"first","9":"instock","10":"sale","11":"shipping-taxable","12":"purchasable","13":"product-type-simple"},"_links":{"self":[{"href":"https:\/\/kitchtenstore.com\/fr\/wp-json\/wp\/v2\/product\/11163","targetHints":{"allow":["GET"]}}],"collection":[{"href":"https:\/\/kitchtenstore.com\/fr\/wp-json\/wp\/v2\/product"}],"about":[{"href":"https:\/\/kitchtenstore.com\/fr\/wp-json\/wp\/v2\/types\/product"}],"replies":[{"embeddable":true,"href":"https:\/\/kitchtenstore.com\/fr\/wp-json\/wp\/v2\/comments?post=11163"}],"version-history":[{"count":2,"href":"https:\/\/kitchtenstore.com\/fr\/wp-json\/wp\/v2\/product\/11163\/revisions"}],"predecessor-version":[{"id":11169,"href":"https:\/\/kitchtenstore.com\/fr\/wp-json\/wp\/v2\/product\/11163\/revisions\/11169"}],"wp:featuredmedia":[{"embeddable":true,"href":"https:\/\/kitchtenstore.com\/fr\/wp-json\/wp\/v2\/media\/11167"}],"wp:attachment":[{"href":"https:\/\/kitchtenstore.com\/fr\/wp-json\/wp\/v2\/media?parent=11163"}],"wp:term":[{"taxonomy":"product_cat","embeddable":true,"href":"https:\/\/kitchtenstore.com\/fr\/wp-json\/wp\/v2\/product_cat?post=11163"},{"taxonomy":"product_tag","embeddable":true,"href":"https:\/\/kitchtenstore.com\/fr\/wp-json\/wp\/v2\/product_tag?post=11163"}],"curies":[{"name":"wp","href":"https:\/\/api.w.org\/{rel}","templated":true}]}}