{"id":11157,"date":"2022-10-26T17:00:46","date_gmt":"2022-10-26T17:00:46","guid":{"rendered":"https:\/\/kitchtenstore.com\/?post_type=product&#038;p=11157"},"modified":"2022-10-26T17:00:46","modified_gmt":"2022-10-26T17:00:46","slug":"aspirateur-robot-botvac-d85-70-db-noir","status":"publish","type":"product","link":"https:\/\/kitchtenstore.com\/fr\/produit\/aspirateur-robot-botvac-d85-70-db-noir\/","title":{"rendered":"Aspirateur Robot Botvac D85 \u2013 70 dB \u2013 Noir"},"content":{"rendered":"<table class=\"fpDescTb fpDescTbPub\">\n<tbody>\n<tr>\n<th colspan=\"2\">Informations g\u00e9n\u00e9rales sur le produit<\/th>\n<\/tr>\n<tr>\n<td>Marque<\/td>\n<td>NEATO<\/td>\n<\/tr>\n<tr>\n<td>Nom du produit<\/td>\n<td>NEATO Aspirateur Robot Botvac D85 \u2013 70 dB \u2013 Noir<\/td>\n<\/tr>\n<tr>\n<td>Cat\u00e9gorie<\/td>\n<td>ASPIRATEUR ROBOT<\/td>\n<\/tr>\n<tr>\n<th colspan=\"2\">Informations sur le produit<\/th>\n<\/tr>\n<tr>\n<td>dur\u00e9e de disponibilit\u00e9 des pi\u00e8ces d\u00e9tach\u00e9es essentielles \u00e0 l\u2019utilisation du produit<\/td>\n<td>2 ans, A partir de la date d\u2019achat du client.<\/td>\n<\/tr>\n<tr>\n<th colspan=\"2\">G\u00e9n\u00e9ral<\/th>\n<\/tr>\n<tr>\n<td>Type de produit<\/td>\n<td>Aspirateur<\/td>\n<\/tr>\n<tr>\n<td>Collecte des poussi\u00e8res<\/td>\n<td>Sans sac<\/td>\n<\/tr>\n<tr>\n<td>Mode de nettoyage<\/td>\n<td>Sec<\/td>\n<\/tr>\n<tr>\n<td>Type de nettoyant<\/td>\n<td>Robot<\/td>\n<\/tr>\n<tr>\n<td>Type d\u2019aspirateur<\/td>\n<td>Usage g\u00e9n\u00e9ral<\/td>\n<\/tr>\n<tr>\n<td>Caract\u00e9ristiques particuli\u00e8res<\/td>\n<td>Mode de nettoyage \u00e0 planification quotidienne, syst\u00e8me de retour automatique \u00e0 la base de chargement, mode de nettoyage \u00e0 programme hebdomadaire, syst\u00e8me d\u2019aspiration des poils d\u2019animaux, mode de nettoyage le long des murs, technologie LaserSmart, syst\u00e8me de nettoyage sous pression SpinFlow, technologie CornerClever<\/td>\n<\/tr>\n<tr>\n<th colspan=\"2\">Consommation<\/th>\n<\/tr>\n<tr>\n<td>Type d\u2019alimentation<\/td>\n<td>Batteries rechargeables<\/td>\n<\/tr>\n<tr>\n<th colspan=\"2\">Divers<\/th>\n<\/tr>\n<tr>\n<td>Outils inclus<\/td>\n<td>Brosse spirale, brosse lat\u00e9rale, brosse combin\u00e9e<\/td>\n<\/tr>\n<tr>\n<td>Caract\u00e9ristiques externes<\/td>\n<td>Design en forme de D<\/td>\n<\/tr>\n<tr>\n<th colspan=\"2\">Dimensions et poids<\/th>\n<\/tr>\n<tr>\n<td>Largeur<\/td>\n<td>33.5 cm<\/td>\n<\/tr>\n<tr>\n<td>Profondeur<\/td>\n<td>32.1 cm<\/td>\n<\/tr>\n<tr>\n<td>Hauteur<\/td>\n<td>10 cm<\/td>\n<\/tr>\n<tr>\n<th colspan=\"2\">Dimensions et poids (emball\u00e9)<\/th>\n<\/tr>\n<tr>\n<td>Hauteur (Exp\u00e9dition)<\/td>\n<td>13.9 cm<\/td>\n<\/tr>\n<tr>\n<td>Largeur (emball\u00e9e)<\/td>\n<td>39.8 cm<\/td>\n<\/tr>\n<tr>\n<td>Profondeur (emball\u00e9e)<\/td>\n<td>56.3 cm<\/td>\n<\/tr>\n<tr>\n<td>Poids (Exp\u00e9dition)<\/td>\n<td>7 kg<\/td>\n<\/tr>\n<tr>\n<th colspan=\"2\">Attributs de recherche<\/th>\n<\/tr>\n<tr>\n<td>Nettoyage|Mode de nettoyage<\/td>\n<td>Sec<\/td>\n<\/tr>\n<\/tbody>\n<\/table>","protected":false},"excerpt":{"rendered":"<div class=\"woocommerce-product-details__short-description\">\n<p>Noir \u2013 70 dB \u2013 Autonomie : 60 min \u2013 Temps de charge : 2h \u2013 Mur virtuel \u2013 2 programmes \u2013 Capacit\u00e9 : 700ML \u2013 Retour automatique \u00e0 sa base \u2013 Technologie CornerClever \u2013 Inclus : 2 filtres + 3 brosses \u2013 Garantie : 2 ans<\/p>\n<\/div>","protected":false},"featured_media":11161,"comment_status":"open","ping_status":"closed","template":"","meta":{"inline_featured_image":false,"_joinchat":[]},"product_cat":[156],"product_tag":[],"class_list":{"0":"post-11157","1":"product","2":"type-product","3":"status-publish","4":"has-post-thumbnail","6":"product_cat-nettoyeur-vapeur","8":"first","9":"instock","10":"shipping-taxable","11":"purchasable","12":"product-type-simple"},"_links":{"self":[{"href":"https:\/\/kitchtenstore.com\/fr\/wp-json\/wp\/v2\/product\/11157","targetHints":{"allow":["GET"]}}],"collection":[{"href":"https:\/\/kitchtenstore.com\/fr\/wp-json\/wp\/v2\/product"}],"about":[{"href":"https:\/\/kitchtenstore.com\/fr\/wp-json\/wp\/v2\/types\/product"}],"replies":[{"embeddable":true,"href":"https:\/\/kitchtenstore.com\/fr\/wp-json\/wp\/v2\/comments?post=11157"}],"version-history":[{"count":1,"href":"https:\/\/kitchtenstore.com\/fr\/wp-json\/wp\/v2\/product\/11157\/revisions"}],"predecessor-version":[{"id":11162,"href":"https:\/\/kitchtenstore.com\/fr\/wp-json\/wp\/v2\/product\/11157\/revisions\/11162"}],"wp:featuredmedia":[{"embeddable":true,"href":"https:\/\/kitchtenstore.com\/fr\/wp-json\/wp\/v2\/media\/11161"}],"wp:attachment":[{"href":"https:\/\/kitchtenstore.com\/fr\/wp-json\/wp\/v2\/media?parent=11157"}],"wp:term":[{"taxonomy":"product_cat","embeddable":true,"href":"https:\/\/kitchtenstore.com\/fr\/wp-json\/wp\/v2\/product_cat?post=11157"},{"taxonomy":"product_tag","embeddable":true,"href":"https:\/\/kitchtenstore.com\/fr\/wp-json\/wp\/v2\/product_tag?post=11157"}],"curies":[{"name":"wp","href":"https:\/\/api.w.org\/{rel}","templated":true}]}}