{"id":11141,"date":"2022-10-26T16:50:49","date_gmt":"2022-10-26T16:50:49","guid":{"rendered":"https:\/\/kitchtenstore.com\/?post_type=product&#038;p=11141"},"modified":"2022-10-26T16:50:49","modified_gmt":"2022-10-26T16:50:49","slug":"nettoyeur-vapeur-sc5-easy-fix-karcher","status":"publish","type":"product","link":"https:\/\/kitchtenstore.com\/fr\/produit\/nettoyeur-vapeur-sc5-easy-fix-karcher\/","title":{"rendered":"Nettoyeur vapeur SC5 Easy Fix KARCHER"},"content":{"rendered":"<h2>Description<\/h2>\n<div id=\"presContent\" class=\"fpBlk testSep extCode\">\n<table>\n<tbody>\n<tr>\n<td>\n<blockquote>\n<h1>Nettoyeur vapeur SC 5 easyfix<\/h1>\n<p>Le nettoyeur vapeur SC 5 easyfix K\u00e4rcher est le plus puissant et le plus polyvalent de la gamme.<\/p><\/blockquote>\n<\/td>\n<\/tr>\n<tr>\n<td><\/td>\n<\/tr>\n<\/tbody>\n<\/table>\n<table>\n<tbody>\n<tr>\n<td><img decoding=\"async\" id=\"img_SC4\" src=\"https:\/\/i2.cdscdn.com\/other\/sc5.jpg\" alt=\"Nettoyeur vapeur SC 4 Karcher et son fer \u00e0 repasser\" \/><\/td>\n<td>\n<blockquote><p>Nettoyer et repasser \u00e0 toute vapeur<\/p>\n<p>Le nettoyeur le plus puissant de sa cat\u00e9gorie, il peut m\u00eame se connecter \u00e0 un fer vapeur pour toutes vos op\u00e9rations de vapeur. L\u2019appareil n\u2019utilise aucun produit chimique pour une \u00e9limination de 99,99% des bact\u00e9ries domestiques communes. Gr\u00e2ce \u00e0 toute sa gamme d\u2019accessoires, cet appareil pourra nettoyer, le carrelage, les cuisini\u00e8res et les hottes aspirantes de mani\u00e8re optimale, peu importe leur niveau de salet\u00e9. L\u2019intensit\u00e9 de la vapeur est r\u00e9glable, et s\u2019adapte ainsi au type de surface et au degr\u00e9 de salet\u00e9. Le r\u00e9servoir d\u2019eau amovible peut \u00eatre rempli \u00e0 tout moment : id\u00e9al pour nettoyer sans s\u2019arr\u00eater. Autres points forts : rangement pour cordon int\u00e9gr\u00e9, compartiment pour accessoires, point d\u2019ancrage pour le suceur de sol.<\/p><\/blockquote>\n<\/td>\n<\/tr>\n<\/tbody>\n<\/table>\n<table>\n<tbody>\n<tr>\n<td><img decoding=\"async\" id=\"img_SC5_vapohydro\" src=\"https:\/\/i2.cdscdn.com\/other\/SC5_vapohydro.jpg\" alt=\"Fonction Vapohydro\" \/><\/td>\n<td><\/td>\n<td><img decoding=\"async\" id=\"img_SC5_accessoires\" src=\"https:\/\/i2.cdscdn.com\/other\/sc5_accessoires.jpg\" alt=\"Accessoires nettoyeur vapeur SC 5 Karcher\" \/><\/td>\n<td><\/td>\n<td><img decoding=\"async\" id=\"img_SC5_cable\" src=\"https:\/\/i2.cdscdn.com\/other\/SC5_reservoir.jpg\" alt=\"Reservoir amovible \" \/><\/td>\n<\/tr>\n<tr>\n<td><\/td>\n<td><\/td>\n<td><\/td>\n<td><\/td>\n<td><\/td>\n<\/tr>\n<tr>\n<td>\n<div><strong>Fonction VapoHydro<\/strong><\/div>\n<div><\/div>\n<div>Activation de l\u2019eau chaude en plus de la vapeur pour d\u00e9tacher et rincer facilement les salet\u00e9s dissoutes par la vapeur. Pour un r\u00e9sultat optimal..<\/div>\n<\/td>\n<td><\/td>\n<td>\n<div><strong>Set de nettoyage des sols Easy Fix, avec buse dot\u00e9 d\u2019une articulation flexible et d\u2019un syst\u00e8me de fixation simplifi\u00e9 de la serpilli\u00e8re par scratch<\/strong><\/div>\n<div><\/div>\n<div>R\u00e9sultats de nettoyage optimal sur une vari\u00e9t\u00e9 de sols durs dans la maison gr\u00e2ce \u00e0 une technologie \u00e0 lamelles efficace. Changement de serpilli\u00e8re sans contact avec la salet\u00e9 et fixation simplifi\u00e9e de la serpilli\u00e8re gr\u00e2ce au syst\u00e8me de scratch. Nettoyage ergonomique et efficace tout en assurant un contact int\u00e9gral avec le sol gr\u00e2ce \u00e0 l\u2019articulation flexible de la buse.<\/div>\n<\/td>\n<td><\/td>\n<td>\n<div><strong>Autonomie illimit\u00e9e gr\u00e2ce \u00e0 un remplissage possible en permanence du r\u00e9servoir d\u2019eau<\/strong><\/div>\n<div><\/div>\n<div>Pour un nettoyage sans interruption et un remplissage du r\u00e9servoir facile..&nbsp;<\/p>\n<\/div>\n<\/td>\n<\/tr>\n<\/tbody>\n<\/table>\n<table>\n<tbody>\n<tr>\n<td><strong>CARACT\u00c9RISTIQUES ET AVANTAGES<\/strong><\/td>\n<\/tr>\n<tr>\n<td><\/td>\n<\/tr>\n<tr>\n<td><img decoding=\"async\" id=\"img_554583\" src=\"https:\/\/i1.cdscdn.com\/other\/554583.png\" alt=\"\" \/><\/td>\n<\/tr>\n<tr>\n<td><\/td>\n<\/tr>\n<\/tbody>\n<\/table>\n<table>\n<tbody>\n<tr>\n<td>\n<blockquote><p><strong>Accessoires multifonction<\/strong><\/p><\/blockquote>\n<\/td>\n<td><\/td>\n<td><\/td>\n<td>\n<blockquote><p>Suceur de sol, suceur \u00e0 main, brosse ronde et nombreux autres accessoires, pour toutes surfaces..<\/p><\/blockquote>\n<\/td>\n<\/tr>\n<tr>\n<td>\n<blockquote><p><strong>Serpilli\u00e8re et bonnette pour buse \u00e0 main en microfibre haute qualit\u00e9<\/strong><\/p><\/blockquote>\n<\/td>\n<td><\/td>\n<td><\/td>\n<td>\n<blockquote><p>Pour un r\u00e9sultat impeccable et une \u00e9limination optimale des salet\u00e9s.<\/p><\/blockquote>\n<\/td>\n<\/tr>\n<tr>\n<td>\n<blockquote><p><strong>S\u00e9curit\u00e9 enfants<\/strong><\/p><\/blockquote>\n<\/td>\n<td><\/td>\n<td><\/td>\n<td>\n<blockquote><p>La s\u00e9curit\u00e9 enfant int\u00e8gre un syst\u00e8me de verrouillage et donc une protection fiable de l\u2019appareil.<\/p><\/blockquote>\n<\/td>\n<\/tr>\n<tr>\n<td>\n<blockquote><p><strong>R\u00e9glage du d\u00e9bit de la vapeur<\/strong><\/p><\/blockquote>\n<\/td>\n<td><\/td>\n<td><\/td>\n<td>\n<blockquote><p>Le d\u00e9bit de vapeur peut \u00eatre adapt\u00e9 en fonction de la surface et du degr\u00e9 d\u2019encrassement.<\/p><\/blockquote>\n<\/td>\n<\/tr>\n<tr>\n<td>\n<blockquote><p><strong>Rangement des accessoires sur l\u2019appareil et position parking<\/strong><\/p><\/blockquote>\n<\/td>\n<td><\/td>\n<td><\/td>\n<td>\n<blockquote><p>Rangement des accessoires et position parking sur l\u2019appareil pour la buse pour sols, id\u00e9al pendant les interruptions de nettoyage.<\/p><\/blockquote>\n<\/td>\n<\/tr>\n<tr>\n<td>\n<blockquote><p><strong>Interrupteur g\u00e9n\u00e9ral sur l\u2019appareil<\/strong><\/p><\/blockquote>\n<\/td>\n<td><\/td>\n<td><\/td>\n<td>\n<blockquote><p>Mise en marche\/\u00e0 l\u2019arr\u00eat facile du nettoyeur..<\/p><\/blockquote>\n<\/td>\n<\/tr>\n<tr>\n<td>\n<blockquote><p><strong>Rangement pour c\u00e2ble int\u00e9gr\u00e9<\/strong><\/p><\/blockquote>\n<\/td>\n<td><\/td>\n<td><\/td>\n<td>\n<blockquote><p>Rangement du c\u00e2ble et des accessoires sur l\u2019appareil<\/p><\/blockquote>\n<\/td>\n<\/tr>\n<\/tbody>\n<\/table>\n<table>\n<tbody>\n<tr>\n<td><strong>SP\u00c9CIFICATIONS<\/strong><\/td>\n<\/tr>\n<tr>\n<td><\/td>\n<\/tr>\n<tr>\n<td><img decoding=\"async\" id=\"img_554583_1\" src=\"https:\/\/i1.cdscdn.com\/other\/554583_1.png\" alt=\"\" \/><\/td>\n<\/tr>\n<tr>\n<td><\/td>\n<\/tr>\n<\/tbody>\n<\/table>\n<table>\n<tbody>\n<tr>\n<td><strong>Donn\u00e9es techniques<\/strong>&nbsp;<\/p>\n<p>&nbsp;<\/td>\n<td><\/td>\n<td><\/td>\n<td><strong>\u00c9quipement<\/strong>&nbsp;<\/p>\n<p>&nbsp;<\/td>\n<td><\/td>\n<\/tr>\n<tr>\n<td>\n<blockquote><p><strong>Rendement surfacique par volume de r\u00e9servoir (approx.) (m\u00b2)<\/strong><\/p><\/blockquote>\n<\/td>\n<td>env.150<\/td>\n<td><\/td>\n<td>\n<blockquote><p><strong>S\u00e9curit\u00e9 enfants<\/strong><\/p><\/blockquote>\n<\/td>\n<\/tr>\n<tr>\n<td><\/td>\n<td><\/td>\n<td><\/td>\n<td><\/td>\n<td><\/td>\n<\/tr>\n<tr>\n<td>\n<blockquote><p><strong>Puissance de chauffe (W)<\/strong><\/p><\/blockquote>\n<\/td>\n<td>2200<\/td>\n<td><\/td>\n<td>\n<blockquote><p><strong>Soupape de s\u00e9curit\u00e9<\/strong><\/p><\/blockquote>\n<\/td>\n<\/tr>\n<tr>\n<td><\/td>\n<td><\/td>\n<td><\/td>\n<td><\/td>\n<td><\/td>\n<\/tr>\n<tr>\n<td>\n<blockquote><p><strong>Pression vapeur max. (bar)<\/strong><\/p><\/blockquote>\n<\/td>\n<td>4,2<\/td>\n<td><\/td>\n<td>\n<blockquote><p><strong>R\u00e9glage du d\u00e9bit de la vapeur, sur l\u2019appareil<\/strong><\/p><\/blockquote>\n<\/td>\n<\/tr>\n<tr>\n<td><\/td>\n<td><\/td>\n<td><\/td>\n<td><\/td>\n<td><\/td>\n<\/tr>\n<tr>\n<td>\n<blockquote><p><strong>Longueur c\u00e2ble (m)<\/strong><\/p><\/blockquote>\n<\/td>\n<td>6<\/td>\n<td><\/td>\n<td>\n<blockquote><p><strong>Entonnoir de remplissage incorpor\u00e9.<\/strong><\/p><\/blockquote>\n<\/td>\n<\/tr>\n<tr>\n<td><\/td>\n<td><\/td>\n<td><\/td>\n<td><\/td>\n<td><\/td>\n<\/tr>\n<tr>\n<td>\n<blockquote><p><strong>Temps de chauffe (min)<\/strong><\/p><\/blockquote>\n<\/td>\n<td>4<\/td>\n<td><\/td>\n<td>\n<blockquote><p><strong>Kit nettoyage des sols, Easy Fix + tube prolongateur (2 \u00d7 0,5 m)<\/strong><\/p><\/blockquote>\n<\/td>\n<\/tr>\n<tr>\n<td><\/td>\n<td><\/td>\n<td><\/td>\n<td><\/td>\n<td><\/td>\n<\/tr>\n<tr>\n<td>\n<blockquote><p><strong>Capacit\u00e9 du r\u00e9servoir (l)<\/strong><\/p><\/blockquote>\n<\/td>\n<td>0,5 \/ 0,8 \/ (r\u00e9servoir amovible)<\/td>\n<td><\/td>\n<td>\n<blockquote><p><strong>Accessoires, Suceur \u00e0 main, buse \u00e0 jet crayon, brosse ronde (petite)<\/strong><\/p><\/blockquote>\n<\/td>\n<\/tr>\n<tr>\n<td><\/td>\n<td><\/td>\n<td><\/td>\n<td><\/td>\n<td><\/td>\n<\/tr>\n<tr>\n<td>\n<blockquote><p><strong>Type de courant (V\/Hz)<\/strong><\/p><\/blockquote>\n<\/td>\n<td>220 240 \/ 50<\/td>\n<td><\/td>\n<td>\n<blockquote><p><strong>Serpilli\u00e8re microfibre pour sols, 1 pi\u00e8ce(s)<\/strong><\/p><\/blockquote>\n<\/td>\n<\/tr>\n<tr>\n<td><\/td>\n<td><\/td>\n<td><\/td>\n<td><\/td>\n<td><\/td>\n<\/tr>\n<tr>\n<td>\n<blockquote><p><strong>Poids sans accessoires (kg)<\/strong>6<\/p><\/blockquote>\n<\/td>\n<td>6<\/td>\n<td><\/td>\n<td>\n<blockquote><p><strong>Bonnette microfibre pour le suceur \u00e0 main, 1 pi\u00e8ce(s)<\/strong><\/p><\/blockquote>\n<\/td>\n<\/tr>\n<tr>\n<td>\n<blockquote><p><strong>Dimensions (l x L x h) (mm)<\/strong><\/p><\/blockquote>\n<\/td>\n<td>439 x 301 x 273<\/td>\n<td><\/td>\n<td>\n<blockquote><p><strong>Position parking<\/strong><\/p><\/blockquote>\n<\/td>\n<\/tr>\n<\/tbody>\n<\/table>\n<table>\n<tbody>\n<tr>\n<td><strong>ACCESSOIRES<\/strong><\/td>\n<\/tr>\n<tr>\n<td><\/td>\n<\/tr>\n<tr>\n<td><img decoding=\"async\" id=\"img_554583_3\" src=\"https:\/\/i1.cdscdn.com\/other\/554583_3.png\" alt=\"\" \/><\/td>\n<\/tr>\n<tr>\n<td><\/td>\n<\/tr>\n<\/tbody>\n<\/table>\n<table>\n<tbody>\n<tr>\n<td><a href=\"https:\/\/www.cdiscount.com\/bricolage\/outillage\/karcher-turbobrosse-vapeur\/f-166010120-28631590.html#mpos=5|cd\"><img decoding=\"async\" id=\"img_SC5_turbobrosse\" src=\"https:\/\/i2.cdscdn.com\/other\/SC5_turbobrosse.jpg\" alt=\"Turbobrosse Karcher\" \/><\/a><\/td>\n<td><\/td>\n<td><a href=\"https:\/\/www.cdiscount.com\/electromenager\/aspirateurs-nettoyeurs\/karcher-adaptateur-tapis-et-moquette-pour-nettoyag\/f-1101403-kar4054278317106.html#mpos=6|cd\" target=\"_blank\" rel=\"noopener noreferrer\"><img decoding=\"async\" id=\"img_SC5_adaptateurtapis\" src=\"https:\/\/i2.cdscdn.com\/other\/SC5_adaptateurtapis.jpg\" alt=\"Adaptateur tapis et moquette Karcher\" \/><\/a><\/td>\n<td><\/td>\n<td><a href=\"https:\/\/www.cdiscount.com\/electromenager\/tous-nos-accessoires\/karcher-set-de-nettoyage-salle-de-bain-pour-vapeur\/f-110290905-28631710.html#mpos=8|cd\" target=\"_blank\" rel=\"noopener noreferrer\"><img decoding=\"async\" id=\"img_SC5_sdb\" src=\"https:\/\/i2.cdscdn.com\/other\/SC5_sdb.jpg\" alt=\"Set de nettoyage pour salle de bain vapeur\" \/><\/a><\/td>\n<\/tr>\n<tr>\n<td><strong>Turbobrosse vapeur Karcher<\/strong><\/td>\n<td><\/td>\n<td><strong>Adaptateur tapis et moquette pour nettoyage vapeur easyfix<\/strong><\/td>\n<td><\/td>\n<td><strong>Set de nettoyage pour la salle de bain<\/strong><\/td>\n<\/tr>\n<\/tbody>\n<\/table>\n<table>\n<tbody>\n<tr>\n<td><a href=\"https:\/\/www.cdiscount.com\/electromenager\/aspirateurs-nettoyeurs\/karcher-set-de-nettoyage-pour-la-cuisine\/f-1101403-28631720.html#mpos=9|cd\" target=\"_blank\" rel=\"noopener noreferrer\"><img decoding=\"async\" id=\"img_SC5_cuisine\" src=\"https:\/\/i2.cdscdn.com\/other\/SC5_cuisine.jpg\" alt=\"Set de nettoyage cuisine Karcher\" \/><\/a><\/td>\n<td><\/td>\n<td><a href=\"https:\/\/www.cdiscount.com\/bricolage\/outillage\/karcher-jeu-de-4-brosses-rondes\/f-166010120-28630580.html#mpos=10|cd\" target=\"_blank\" rel=\"noopener noreferrer\"><img decoding=\"async\" id=\"img_SC5_brossesrondes\" src=\"https:\/\/i2.cdscdn.com\/other\/SC5_brossesrondes.jpg\" alt=\"Jeu de 4 brosses rondes\" \/><\/a><\/td>\n<td><\/td>\n<td><a href=\"https:\/\/www.cdiscount.com\/electromenager\/aspirateurs-nettoyeurs\/suceur-d-entretien-textile-pour-sc-karcher-2-863-2\/f-1101403-kar4054278167398.html#mpos=12|cd\" target=\"_blank\" rel=\"noopener noreferrer\"><img decoding=\"async\" id=\"img_SC5_defroisseur\" src=\"https:\/\/i2.cdscdn.com\/other\/SC5_defroisseur.jpg\" alt=\"Defroisseur Karcher\" \/><\/a><\/td>\n<\/tr>\n<tr>\n<td><strong>Set de nettoyage Karcher<\/strong><\/td>\n<td><\/td>\n<td><strong>Jeu de 4 brosses rondes<\/strong><\/td>\n<td><\/td>\n<td><strong>Defroisseur Karcher<\/strong><\/td>\n<\/tr>\n<\/tbody>\n<\/table>\n<table>\n<tbody>\n<tr>\n<td><a href=\"https:\/\/www.cdiscount.com\/electromenager\/aspirateurs-nettoyeurs\/karcher-set-de-nettoyage-pour-la-cuisine\/f-1101403-28631720.html#mpos=9|cd\" target=\"_blank\" rel=\"noopener noreferrer\"><img decoding=\"async\" id=\"img_SC5_papierpeint\" src=\"https:\/\/i2.cdscdn.com\/other\/SC5_papierpeint.jpg\" alt=\"Decolleuse de papier peint Karcher\" \/><\/a><\/td>\n<td><\/td>\n<td><a href=\"https:\/\/www.cdiscount.com\/electromenager\/aspirateurs-nettoyeurs\/karcher-lot-de-2-bonnettes-microfibre-pour-buse-a\/f-1101403-kar4054278317274.html#mpos=14|cd\"><img decoding=\"async\" id=\"img_SC5_microfibres\" src=\"https:\/\/i2.cdscdn.com\/other\/SC5_microfibres.jpg\" alt=\"2 bonnettes microfibre pour nettoyeur vapeur Karchr\" \/><\/a><\/td>\n<td><\/td>\n<td><a href=\"https:\/\/www.cdiscount.com\/electromenager\/aspirateurs-nettoyeurs\/karcher-set-buse-power\/f-1101403-kar4054278315911.html#mpos=12|cd\" target=\"_blank\" rel=\"noopener noreferrer\"><img decoding=\"async\" id=\"img_SC5_buses\" src=\"https:\/\/i2.cdscdn.com\/other\/SC5_buses.jpg\" alt=\"Set buse nettoyeur vapeur Karcher\" \/><\/a><\/td>\n<\/tr>\n<tr>\n<td><strong>Decolleuse de papier peint pour nettoyeur vapeur Karcher<\/strong><\/td>\n<td><\/td>\n<td><strong>2 bonnettes microfibres pour nettoyeur vapeur Karcher<\/strong><\/td>\n<td><\/td>\n<td><strong>Set de buses pour nettoyeur vapeur Karcher<\/strong><\/td>\n<\/tr>\n<\/tbody>\n<\/table>\n<div><\/div>\n<\/div>\n<div id=\"desc\" class=\"anchor\"><\/div>\n<div id=\"descContent\" class=\"fpBlk testSep\" data-cs-override-id=\"Descriptif\">\n<p class=\"fpMb\">Nettoyeur vapeur K\u00e4rcher Filaire \u2013 2200W \u2013 1,5L \u2013 Temps de chauffe : 3 min \u2013 Syst\u00e8me EasyFix \u2013 S\u00e9curit\u00e9 enfants \u2013 Soupape de s\u00e9curit\u00e9 \u2013 R\u00e9gulation d\u00e9bit vapeur sur poign\u00e9e \u2013 Fonction VapoHydro : Eau chaude + Vapeur \u2013 Syst\u00e8me \u00e0 2 r\u00e9servoirs \u2013 Inclus : 9 accessoires \u2013 Garantie : 2 ans<\/p>\n<div class=\"regBloc no1023\">\n<div id=\"gpt-R2-300X250BODY2\" data-google-query-id=\"CPaP49iNmugCFZGv7QodEB0M3Q\"><\/div>\n<div class=\"regTxt\"><\/div>\n<\/div>\n<table class=\"fpDescTb fpDescTbPub\">\n<tbody>\n<tr>\n<th colspan=\"2\">Informations g\u00e9n\u00e9rales sur le produit<\/th>\n<\/tr>\n<tr>\n<td>Marque<\/td>\n<td><a title=\"KARCHER\" href=\"https:\/\/www.cdiscount.com\/m-368-karcher.html\" data-link=\"SFP-ZBN-TNO-DPM\">KARCHER<\/a><\/td>\n<\/tr>\n<tr>\n<td>Nom du produit<\/td>\n<td>KARCHER Nettoyeur vapeur SC5 Easy Fix<\/td>\n<\/tr>\n<tr>\n<td>Cat\u00e9gorie<\/td>\n<td>NETTOYEUR VAPEUR<\/td>\n<\/tr>\n<tr>\n<th colspan=\"2\">G\u00e9n\u00e9ral<\/th>\n<\/tr>\n<tr>\n<td>Type de produit<\/td>\n<td>Nettoyeur \u00e0 vapeur<\/td>\n<\/tr>\n<tr>\n<td>Mode de nettoyage<\/td>\n<td>Vapeur<\/td>\n<\/tr>\n<tr>\n<td>Type de nettoyant<\/td>\n<td>Traineau<\/td>\n<\/tr>\n<tr>\n<td>Capacit\u00e9 du r\u00e9servoir<\/td>\n<td>2 litres<\/td>\n<\/tr>\n<tr>\n<td>Pression de la vapeur<\/td>\n<td>4.2 bar<\/td>\n<\/tr>\n<tr>\n<td>Temps de chauffe<\/td>\n<td>3 min<\/td>\n<\/tr>\n<tr>\n<th colspan=\"2\">R\u00e9glages, commandes et voyants<\/th>\n<\/tr>\n<tr>\n<td>Contr\u00f4le de la vapeur<\/td>\n<td>Oui<\/td>\n<\/tr>\n<tr>\n<th colspan=\"2\">Consommation<\/th>\n<\/tr>\n<tr>\n<td>Puissance \u00e9lectrique<\/td>\n<td>2200 Watt<\/td>\n<\/tr>\n<tr>\n<td>Type d\u2019alimentation<\/td>\n<td>Secteur<\/td>\n<\/tr>\n<tr>\n<th colspan=\"2\">Divers<\/th>\n<\/tr>\n<tr>\n<td>Outils inclus<\/td>\n<td>Suceur de plancher, outil manuel, chiffon de sol, buse \u00e0 jet ponctuel, petite brosse ronde, 2 tubes d\u2019extension (0,5 mm)<\/td>\n<\/tr>\n<tr>\n<th colspan=\"2\">Dimensions et poids<\/th>\n<\/tr>\n<tr>\n<td>Largeur<\/td>\n<td>30.1 cm<\/td>\n<\/tr>\n<tr>\n<td>Profondeur<\/td>\n<td>43.9 cm<\/td>\n<\/tr>\n<tr>\n<td>Hauteur<\/td>\n<td>30.5 cm<\/td>\n<\/tr>\n<tr>\n<td>Poids<\/td>\n<td>6 kg<\/td>\n<\/tr>\n<tr>\n<th colspan=\"2\">Attributs de recherche<\/th>\n<\/tr>\n<tr>\n<td>Nettoyage|Mode de nettoyage<\/td>\n<td>Vapeur<\/td>\n<\/tr>\n<\/tbody>\n<\/table>\n<\/div>","protected":false},"excerpt":{"rendered":"<div class=\"woocommerce-product-details__short-description\">\n<p>Filaire \u2013 2200W \u2013 1,5L \u2013 Temps de chauffe : 3 min \u2013 Syst\u00e8me EasyFix \u2013 S\u00e9curit\u00e9 enfants \u2013 Soupape de s\u00e9curit\u00e9 \u2013 R\u00e9gulation d\u00e9bit vapeur sur poign\u00e9e \u2013 Fonction VapoHydro : Eau chaude + Vapeur \u2013 Syst\u00e8me \u00e0 2 r\u00e9servoirs \u2013 Inclus : 9 accessoires \u2013 Garantie : 2 ans<\/p>\n<\/div>","protected":false},"featured_media":11144,"comment_status":"open","ping_status":"closed","template":"","meta":{"inline_featured_image":false,"_joinchat":[]},"product_cat":[156],"product_tag":[],"class_list":{"0":"post-11141","1":"product","2":"type-product","3":"status-publish","4":"has-post-thumbnail","6":"product_cat-nettoyeur-vapeur","8":"first","9":"instock","10":"sale","11":"shipping-taxable","12":"purchasable","13":"product-type-simple"},"_links":{"self":[{"href":"https:\/\/kitchtenstore.com\/fr\/wp-json\/wp\/v2\/product\/11141","targetHints":{"allow":["GET"]}}],"collection":[{"href":"https:\/\/kitchtenstore.com\/fr\/wp-json\/wp\/v2\/product"}],"about":[{"href":"https:\/\/kitchtenstore.com\/fr\/wp-json\/wp\/v2\/types\/product"}],"replies":[{"embeddable":true,"href":"https:\/\/kitchtenstore.com\/fr\/wp-json\/wp\/v2\/comments?post=11141"}],"version-history":[{"count":2,"href":"https:\/\/kitchtenstore.com\/fr\/wp-json\/wp\/v2\/product\/11141\/revisions"}],"predecessor-version":[{"id":11146,"href":"https:\/\/kitchtenstore.com\/fr\/wp-json\/wp\/v2\/product\/11141\/revisions\/11146"}],"wp:featuredmedia":[{"embeddable":true,"href":"https:\/\/kitchtenstore.com\/fr\/wp-json\/wp\/v2\/media\/11144"}],"wp:attachment":[{"href":"https:\/\/kitchtenstore.com\/fr\/wp-json\/wp\/v2\/media?parent=11141"}],"wp:term":[{"taxonomy":"product_cat","embeddable":true,"href":"https:\/\/kitchtenstore.com\/fr\/wp-json\/wp\/v2\/product_cat?post=11141"},{"taxonomy":"product_tag","embeddable":true,"href":"https:\/\/kitchtenstore.com\/fr\/wp-json\/wp\/v2\/product_tag?post=11141"}],"curies":[{"name":"wp","href":"https:\/\/api.w.org\/{rel}","templated":true}]}}