{"id":11100,"date":"2022-10-26T08:48:34","date_gmt":"2022-10-26T08:48:34","guid":{"rendered":"https:\/\/kitchtenstore.com\/?post_type=product&#038;p=11100"},"modified":"2022-10-26T08:52:53","modified_gmt":"2022-10-26T08:52:53","slug":"vorwerk-thermomix-tm6-livre-cuisiner-avec-thermomix-larousse-livre-aperitifs-dinatoires-larousse-livre-evasions-gourmandes","status":"publish","type":"product","link":"https:\/\/kitchtenstore.com\/fr\/produit\/vorwerk-thermomix-tm6-livre-cuisiner-avec-thermomix-larousse-livre-aperitifs-dinatoires-larousse-livre-evasions-gourmandes\/","title":{"rendered":"Vorwerk Thermomix TM6 + LIVRE \u2013 CUISINER AVEC THERMOMIX (LAROUSSE) + LIVRE \u2013 AP\u00c9RITIFS D\u00ceNATOIRES (LAROUSSE) + LIVRE \u2013 EVASIONS GOURMANDES"},"content":{"rendered":"<h2>Description<\/h2>\n<div class=\"pr__m-crtstc__t ln__font-uppercase ln__body-lg ln__body-sm--v-sm ln__font--700\">CARACT\u00c9RISTIQUES<\/div>\n<table class=\"pr__m-crtstc__l is--unfolded\" data-collapse-carac-list-in-datasheet=\"\">\n<tbody>\n<tr>\n<td class=\"ln__body-sm\">Contenance cuve principale<\/td>\n<td class=\"ln__body-lg ln__font--700\">2.2 L<\/td>\n<\/tr>\n<tr>\n<td class=\"ln__body-sm\">Minuteur min\/max<\/td>\n<td class=\"ln__body-lg ln__font--700\">1 \/ 12 h<\/td>\n<\/tr>\n<tr>\n<td class=\"ln__body-sm\">Temp\u00e9rature min\/max<\/td>\n<td class=\"ln__body-lg ln__font--700\">37 \/ 120 \u00b0<\/td>\n<\/tr>\n<tr>\n<td class=\"ln__body-sm\">Mont\u00e9e en temp\u00e9rature (par paliers)<\/td>\n<td class=\"ln__body-lg ln__font--700\">5 \u00b0<\/td>\n<\/tr>\n<tr>\n<td class=\"ln__body-sm\">Puissance moteur<\/td>\n<td class=\"ln__body-lg ln__font--700\">1500 W<\/td>\n<\/tr>\n<tr>\n<td class=\"ln__body-sm\">Fonction balance int\u00e9gr\u00e9e<\/td>\n<td class=\"ln__body-lg ln__font--700\">Oui<\/td>\n<\/tr>\n<tr class=\"is--collapsible\">\n<td class=\"ln__body-sm\">Poids<\/td>\n<td class=\"ln__body-lg ln__font--700\">7.7 g<\/td>\n<\/tr>\n<tr class=\"is--collapsible\">\n<td class=\"ln__body-sm\">Dimensions LxHxP<\/td>\n<td class=\"ln__body-lg ln__font--700\">33.3 x 33.5 x 32.5<\/td>\n<\/tr>\n<\/tbody>\n<\/table>","protected":false},"excerpt":{"rendered":"<div class=\"woocommerce-product-details__short-description\">\n<div><span class=\"ed__m-pls-mns__p-t is--in-datasheet\">POINTS FORTS<\/span>&nbsp;<\/p>\n<ul class=\"is--plus\">\n<li>Facilit\u00e9 d\u2019utilisation et d\u2019entretien.<\/li>\n<li>Cookidoo int\u00e9gr\u00e9 qui offre un guide pas \u00e0 pas tr\u00e8s confortable.<\/li>\n<li>Des programmes automatiques pertinents.<\/li>\n<li>Confort du large \u00e9cran tactile.<\/li>\n<li>Balance int\u00e9gr\u00e9e, pr\u00e9cise au gramme pr\u00e8s.<\/li>\n<li>Efficacit\u00e9 de mixage.<\/li>\n<li>Bon respect des temp\u00e9ratures<\/li>\n<li>Consommation \u00e9lectrique ma\u00eetris\u00e9e.<\/li>\n<\/ul>\n<\/div>\n<\/div>","protected":false},"featured_media":11104,"comment_status":"open","ping_status":"closed","template":"","meta":{"inline_featured_image":false,"_joinchat":[]},"product_cat":[122,123],"product_tag":[],"class_list":{"0":"post-11100","1":"product","2":"type-product","3":"status-publish","4":"has-post-thumbnail","6":"product_cat-cuisine-cuisson","7":"product_cat-robot-cuiseur","9":"first","10":"instock","11":"sale","12":"shipping-taxable","13":"purchasable","14":"product-type-simple"},"_links":{"self":[{"href":"https:\/\/kitchtenstore.com\/fr\/wp-json\/wp\/v2\/product\/11100","targetHints":{"allow":["GET"]}}],"collection":[{"href":"https:\/\/kitchtenstore.com\/fr\/wp-json\/wp\/v2\/product"}],"about":[{"href":"https:\/\/kitchtenstore.com\/fr\/wp-json\/wp\/v2\/types\/product"}],"replies":[{"embeddable":true,"href":"https:\/\/kitchtenstore.com\/fr\/wp-json\/wp\/v2\/comments?post=11100"}],"version-history":[{"count":1,"href":"https:\/\/kitchtenstore.com\/fr\/wp-json\/wp\/v2\/product\/11100\/revisions"}],"predecessor-version":[{"id":11105,"href":"https:\/\/kitchtenstore.com\/fr\/wp-json\/wp\/v2\/product\/11100\/revisions\/11105"}],"wp:featuredmedia":[{"embeddable":true,"href":"https:\/\/kitchtenstore.com\/fr\/wp-json\/wp\/v2\/media\/11104"}],"wp:attachment":[{"href":"https:\/\/kitchtenstore.com\/fr\/wp-json\/wp\/v2\/media?parent=11100"}],"wp:term":[{"taxonomy":"product_cat","embeddable":true,"href":"https:\/\/kitchtenstore.com\/fr\/wp-json\/wp\/v2\/product_cat?post=11100"},{"taxonomy":"product_tag","embeddable":true,"href":"https:\/\/kitchtenstore.com\/fr\/wp-json\/wp\/v2\/product_tag?post=11100"}],"curies":[{"name":"wp","href":"https:\/\/api.w.org\/{rel}","templated":true}]}}