{"id":10987,"date":"2022-10-23T11:04:54","date_gmt":"2022-10-23T11:04:54","guid":{"rendered":"https:\/\/kitchtenstore.com\/?post_type=product&#038;p=10987"},"modified":"2022-10-31T15:34:09","modified_gmt":"2022-10-31T15:34:09","slug":"apple-iphone-14-plus-128gb-midnight","status":"publish","type":"product","link":"https:\/\/kitchtenstore.com\/fr\/produit\/apple-iphone-14-plus-128gb-midnight\/","title":{"rendered":"APPLE iPhone 14 Plus 128GB Midnight"},"content":{"rendered":"<table class=\"table table--fpDescTb fpDescTb fpDescTbPub\" role=\"table\" aria-label=\"Semantic Elements\" aria-describedby=\"semantic_elements_table_desc\" aria-rowcount=\"81\">\n<tbody class=\"table__body\" role=\"rowgroup\">\n<tr class=\"table__row\" role=\"row\">\n<th class=\"table__head\" role=\"cell\" colspan=\"2\" scope=\"col\">Informations g\u00e9n\u00e9rales sur le produit<\/th>\n<\/tr>\n<tr class=\"table__row\" role=\"row\">\n<th class=\"table__cell\" role=\"cell\" scope=\"row\">Marque<\/th>\n<td class=\"table__cell\" role=\"cell\">APPLE<\/td>\n<\/tr>\n<tr class=\"table__row\" role=\"row\">\n<th class=\"table__cell\" role=\"cell\" scope=\"row\">Nom du produit<\/th>\n<td class=\"table__cell\" role=\"cell\">APPLE iPhone 14 Plus 128GB Midnight<\/td>\n<\/tr>\n<tr class=\"table__row\" role=\"row\">\n<th class=\"table__cell\" role=\"cell\" scope=\"row\">Cat\u00e9gorie<\/th>\n<td class=\"table__cell\" role=\"cell\">SMARTPHONE<\/td>\n<\/tr>\n<tr class=\"table__row\" role=\"row\">\n<th class=\"table__cell\" role=\"cell\" scope=\"row\">R\u00e9f\u00e9rence<\/th>\n<td class=\"table__cell\" role=\"cell\">MQ4X3ZD\/A<\/td>\n<\/tr>\n<tr class=\"table__row\" role=\"row\">\n<th class=\"table__head\" role=\"cell\" colspan=\"2\" scope=\"col\">Informations sur le produit<\/th>\n<\/tr>\n<tr class=\"table__row\" role=\"row\">\n<th class=\"table__cell\" role=\"cell\" scope=\"row\">Sous-\u00e9tat<\/th>\n<td class=\"table__cell\" role=\"cell\">Neuf<\/td>\n<\/tr>\n<tr class=\"table__row\" role=\"row\">\n<th class=\"table__cell\" role=\"cell\" scope=\"row\">Couleur(s)<\/th>\n<td class=\"table__cell\" role=\"cell\">Midnight<\/td>\n<\/tr>\n<tr class=\"table__row\" role=\"row\">\n<th class=\"table__cell\" role=\"cell\" scope=\"row\">Objet connect\u00e9<\/th>\n<td class=\"table__cell\" role=\"cell\">Oui<\/td>\n<\/tr>\n<tr class=\"table__row\" role=\"row\">\n<th class=\"table__cell\" role=\"cell\" scope=\"row\">Information DAS<\/th>\n<td class=\"table__cell\" role=\"cell\">Le DAS (d\u00e9bit d\u2019absorption sp\u00e9cifique) des t\u00e9l\u00e9phones mobiles quantifie le niveau d\u2019exposition<br \/>\nmaximal de l\u2019utilisateur aux ondes \u00e9lectromagn\u00e9tiques, pour une utilisation \u00e0 l\u2019oreille.<br \/>\nLa r\u00e9glementation fran\u00e7aise impose que le DAS ne d\u00e9passe pas 2W\/kg<\/td>\n<\/tr>\n<tr class=\"table__row\" role=\"row\">\n<th class=\"table__cell\" role=\"cell\" scope=\"row\">Capacit\u00e9 (m\u00e9moire)<\/th>\n<td class=\"table__cell\" role=\"cell\">128 Go<\/td>\n<\/tr>\n<tr class=\"table__row\" role=\"row\">\n<th class=\"table__cell\" role=\"cell\" scope=\"row\">Indice de r\u00e9parabilit\u00e9<\/th>\n<td class=\"table__cell\" role=\"cell\">6,9<\/td>\n<\/tr>\n<tr class=\"table__row\" role=\"row\">\n<th class=\"table__cell\" role=\"cell\" scope=\"row\">Adaptateur secteur<\/th>\n<td class=\"table__cell\" role=\"cell\">Non<\/td>\n<\/tr>\n<tr class=\"table__row\" role=\"row\">\n<th class=\"table__cell\" role=\"cell\" scope=\"row\">Ecouteur filaire<\/th>\n<td class=\"table__cell\" role=\"cell\">Non<\/td>\n<\/tr>\n<tr class=\"table__row\" role=\"row\">\n<th class=\"table__head\" role=\"cell\" colspan=\"2\" scope=\"col\">G\u00e9n\u00e9ral<\/th>\n<\/tr>\n<tr class=\"table__row\" role=\"row\">\n<th class=\"table__cell\" role=\"cell\" scope=\"row\">Type de Produit<\/th>\n<td class=\"table__cell\" role=\"cell\">Smartphone<\/td>\n<\/tr>\n<tr class=\"table__row\" role=\"row\">\n<th class=\"table__cell\" role=\"cell\" scope=\"row\">Mod\u00e8le de t\u00e9l\u00e9phone<\/th>\n<td class=\"table__cell\" role=\"cell\">Iphone 14 Plus<\/td>\n<\/tr>\n<tr class=\"table__row\" role=\"row\">\n<th class=\"table__cell\" role=\"cell\" scope=\"row\">R\u00e9sistance<\/th>\n<td class=\"table__cell\" role=\"cell\">R\u00e9sistance aux \u00e9claboussures, \u00e0 l&rsquo;eau et \u00e0 la poussi\u00e8re<\/td>\n<\/tr>\n<tr class=\"table__row\" role=\"row\">\n<th class=\"table__cell\" role=\"cell\" scope=\"row\">Mat\u00e9riau du boitier<\/th>\n<td class=\"table__cell\" role=\"cell\">Face avant Ceramic Shield, dos en verre et design en aluminium<\/td>\n<\/tr>\n<tr class=\"table__row\" role=\"row\">\n<th class=\"table__cell\" role=\"cell\" scope=\"row\">Couleur du boitier<\/th>\n<td class=\"table__cell\" role=\"cell\">Noir Midnight<\/td>\n<\/tr>\n<tr class=\"table__row\" role=\"row\">\n<th class=\"table__cell\" role=\"cell\" scope=\"row\">Livr\u00e9 avec<\/th>\n<td class=\"table__cell\" role=\"cell\">C\u00e2ble USB-C vers Lightning et Documentation<\/td>\n<\/tr>\n<tr class=\"table__row\" role=\"row\">\n<th class=\"table__cell\" role=\"cell\" scope=\"row\">Profondeur<\/th>\n<td class=\"table__cell\" role=\"cell\">Midnight<\/td>\n<\/tr>\n<tr class=\"table__row\" role=\"row\">\n<th class=\"table__cell\" role=\"cell\" scope=\"row\">Largeur<\/th>\n<td class=\"table__cell\" role=\"cell\">78.1 mm<\/td>\n<\/tr>\n<tr class=\"table__row\" role=\"row\">\n<th class=\"table__cell\" role=\"cell\" scope=\"row\">Hauteur<\/th>\n<td class=\"table__cell\" role=\"cell\">160.8 mm<\/td>\n<\/tr>\n<tr class=\"table__row\" role=\"row\">\n<th class=\"table__cell\" role=\"cell\" scope=\"row\">Poids<\/th>\n<td class=\"table__cell\" role=\"cell\">203 g<\/td>\n<\/tr>\n<tr class=\"table__row\" role=\"row\">\n<th class=\"table__cell\" role=\"cell\" scope=\"row\">Valeur DAS<\/th>\n<td class=\"table__cell\" role=\"cell\">DAS t\u00eate : 0,99 W\/kg DAS tronc : 0,98 W\/kg DAS membre : 2,99 W\/kg<\/td>\n<\/tr>\n<tr class=\"table__row\" role=\"row\">\n<th class=\"table__cell\" role=\"cell\" scope=\"row\">Protection<\/th>\n<td class=\"table__cell\" role=\"cell\">Anti-poussi\u00e8re, anti-\u00e9claboussement, \u00e9tanche<\/td>\n<\/tr>\n<tr class=\"table__row\" role=\"row\">\n<th class=\"table__cell\" role=\"cell\" scope=\"row\">Format<\/th>\n<td class=\"table__cell\" role=\"cell\">Tactile<\/td>\n<\/tr>\n<tr class=\"table__row\" role=\"row\">\n<th class=\"table__cell\" role=\"cell\" scope=\"row\">Mod\u00e8le d&rsquo;iPhone<\/th>\n<td class=\"table__cell\" role=\"cell\">Iphone 14 Plus<\/td>\n<\/tr>\n<tr class=\"table__row\" role=\"row\">\n<th class=\"table__cell\" role=\"cell\" scope=\"row\">Syst\u00e8me d&rsquo;exploitation<\/th>\n<td class=\"table__cell\" role=\"cell\">iOS 16<\/td>\n<\/tr>\n<tr class=\"table__row\" role=\"row\">\n<th class=\"table__head\" role=\"cell\" colspan=\"2\" scope=\"col\">T\u00e9l\u00e9phone mobile<\/th>\n<\/tr>\n<tr class=\"table__row\" role=\"row\">\n<th class=\"table__cell\" role=\"cell\" scope=\"row\">Technologie<\/th>\n<td class=\"table__cell\" role=\"cell\">NFC<\/td>\n<\/tr>\n<tr class=\"table__row\" role=\"row\">\n<th class=\"table__cell\" role=\"cell\" scope=\"row\">G\u00e9n\u00e9ration \u00e0 haut d\u00e9bit mobile<\/th>\n<td class=\"table__cell\" role=\"cell\">5G<\/td>\n<\/tr>\n<tr class=\"table__row\" role=\"row\">\n<th class=\"table__cell\" role=\"cell\" scope=\"row\">Fournisseur de services<\/th>\n<td class=\"table__cell\" role=\"cell\">Apple<\/td>\n<\/tr>\n<tr class=\"table__row\" role=\"row\">\n<th class=\"table__cell\" role=\"cell\" scope=\"row\">Type de carte SIM<\/th>\n<td class=\"table__cell\" role=\"cell\">Double SIM (nanoSIM et eSIM) \/ Prise en charge de la double eSIM<\/td>\n<\/tr>\n<tr class=\"table__row\" role=\"row\">\n<th class=\"table__cell\" role=\"cell\" scope=\"row\">Capacit\u00e9 de carte Multi SIM<\/th>\n<td class=\"table__cell\" role=\"cell\">Oui<\/td>\n<\/tr>\n<tr class=\"table__row\" role=\"row\">\n<th class=\"table__cell\" role=\"cell\" scope=\"row\">Technologie de paiement<\/th>\n<td class=\"table__cell\" role=\"cell\">Apple Pay<\/td>\n<\/tr>\n<tr class=\"table__row\" role=\"row\">\n<th class=\"table__cell\" role=\"cell\" scope=\"row\">Navigation<\/th>\n<td class=\"table__cell\" role=\"cell\">GPS, GLONASS, Galileo, QZSS et BeiDou, Boussole num\u00e9rique, Wi?Fi, R\u00e9seaux cellulaires, Microlocalisation iBeacon<\/td>\n<\/tr>\n<tr class=\"table__row\" role=\"row\">\n<th class=\"table__cell\" role=\"cell\" scope=\"row\">Qt\u00e9 de fentes de carte SIM<\/th>\n<td class=\"table__cell\" role=\"cell\">2<\/td>\n<\/tr>\n<tr class=\"table__row\" role=\"row\">\n<th class=\"table__cell\" role=\"cell\" scope=\"row\">Assistant intelligent<\/th>\n<td class=\"table__cell\" role=\"cell\">Siri<\/td>\n<\/tr>\n<tr class=\"table__row\" role=\"row\">\n<th class=\"table__cell\" role=\"cell\" scope=\"row\">Appareil d&rsquo;entr\u00e9e<\/th>\n<td class=\"table__cell\" role=\"cell\">Multi-touches, capacitif<\/td>\n<\/tr>\n<tr class=\"table__row\" role=\"row\">\n<th class=\"table__cell\" role=\"cell\" scope=\"row\">Qt\u00e9 de carte SIM<\/th>\n<td class=\"table__cell\" role=\"cell\">Double SIM<\/td>\n<\/tr>\n<tr class=\"table__row\" role=\"row\">\n<th class=\"table__head\" role=\"cell\" colspan=\"2\" scope=\"col\">Processeur<\/th>\n<\/tr>\n<tr class=\"table__row\" role=\"row\">\n<th class=\"table__cell\" role=\"cell\" scope=\"row\">Type<\/th>\n<td class=\"table__cell\" role=\"cell\">Apple A15 Bionic<\/td>\n<\/tr>\n<tr class=\"table__row\" role=\"row\">\n<th class=\"table__cell\" role=\"cell\" scope=\"row\">Qt\u00e9 de coeur de processeur<\/th>\n<td class=\"table__cell\" role=\"cell\">6 coeurs<\/td>\n<\/tr>\n<tr class=\"table__row\" role=\"row\">\n<th class=\"table__cell\" role=\"cell\" scope=\"row\">Processeur<\/th>\n<td class=\"table__cell\" role=\"cell\">Apple A15 Bionic<\/td>\n<\/tr>\n<tr class=\"table__row\" role=\"row\">\n<th class=\"table__cell\" role=\"cell\" scope=\"row\">Nombre de coeurs<\/th>\n<td class=\"table__cell\" role=\"cell\">6<\/td>\n<\/tr>\n<tr class=\"table__row\" role=\"row\">\n<th class=\"table__head\" role=\"cell\" colspan=\"2\" scope=\"col\">Affichage<\/th>\n<\/tr>\n<tr class=\"table__row\" role=\"row\">\n<th class=\"table__cell\" role=\"cell\" scope=\"row\">Taille d&rsquo;\u00e9cran<\/th>\n<td class=\"table__cell\" role=\"cell\">6.7&Prime;<\/td>\n<\/tr>\n<tr class=\"table__row\" role=\"row\">\n<th class=\"table__cell\" role=\"cell\" scope=\"row\">Technologie<\/th>\n<td class=\"table__cell\" role=\"cell\">Super Retina XDR<\/td>\n<\/tr>\n<tr class=\"table__row\" role=\"row\">\n<th class=\"table__cell\" role=\"cell\" scope=\"row\">R\u00e9solution \u00e9cran<\/th>\n<td class=\"table__cell\" role=\"cell\">2778&#215;1284 pixels \u00e0 458 ppp<\/td>\n<\/tr>\n<tr class=\"table__row\" role=\"row\">\n<th class=\"table__cell\" role=\"cell\" scope=\"row\">Caract\u00e9ristiques<\/th>\n<td class=\"table__cell\" role=\"cell\">\u00c9cran HDR True Tone Large gamme de couleurs (P3) Haptic Touch Contraste 2 000 000:1 (standard) Luminosit\u00e9 maximale de 800 nits (standard) ; luminosit\u00e9 de pointe de 1 200 nits (HDR) Rev\u00eatement ol\u00e9ophobe r\u00e9sistant aux traces de doigts Affichage simultan\u00e9 de plusieurs langues et jeux de caract\u00e8res<\/td>\n<\/tr>\n<tr class=\"table__row\" role=\"row\">\n<th class=\"table__cell\" role=\"cell\" scope=\"row\">Menu multilingue<\/th>\n<td class=\"table__cell\" role=\"cell\">Oui<\/td>\n<\/tr>\n<tr class=\"table__row\" role=\"row\">\n<th class=\"table__cell\" role=\"cell\" scope=\"row\">Langues d&rsquo;affichage<\/th>\n<td class=\"table__cell\" role=\"cell\">Allemand (Allemagne), allemand (Autriche), allemand (Suisse), anglais (Australie), anglais (Canada), anglais (\u00c9tats?Unis), anglais (Inde), anglais (Royaume?Uni), anglais (Singapour), chinois &#8211; simplifi\u00e9 (pinyin), chinois &#8211; traditionnel (pinyin), espagnol (Am\u00e9rique latine), espagnol (Espagne), espagnol (Mexique), fran\u00e7ais (Belgique), fran\u00e7ais (Canada), fran\u00e7ais (France), fran\u00e7ais (Suisse), hindi (alphabet latin), italien, japonais (romaji), n\u00e9erlandais (Belgique), n\u00e9erlandais (Pays?Bas), portugais (Br\u00e9sil) et portugais (Portugal)<\/td>\n<\/tr>\n<tr class=\"table__row\" role=\"row\">\n<th class=\"table__cell\" role=\"cell\" scope=\"row\">Type<\/th>\n<td class=\"table__cell\" role=\"cell\">OLED<\/td>\n<\/tr>\n<tr class=\"table__row\" role=\"row\">\n<th class=\"table__cell\" role=\"cell\" scope=\"row\">Densit\u00e9 des pixels<\/th>\n<td class=\"table__cell\" role=\"cell\">458 ppp<\/td>\n<\/tr>\n<tr class=\"table__row\" role=\"row\">\n<th class=\"table__cell\" role=\"cell\" scope=\"row\">Rapport de contraste<\/th>\n<td class=\"table__cell\" role=\"cell\">2000000:1<\/td>\n<\/tr>\n<tr class=\"table__row\" role=\"row\">\n<th class=\"table__cell\" role=\"cell\" scope=\"row\">Protection<\/th>\n<td class=\"table__cell\" role=\"cell\">Rev\u00eatement ol\u00e9ophobe r\u00e9sistant aux traces de doigts<\/td>\n<\/tr>\n<tr class=\"table__row\" role=\"row\">\n<th class=\"table__cell\" role=\"cell\" scope=\"row\">Luminosit\u00e9 maximum<\/th>\n<td class=\"table__cell\" role=\"cell\">800 cd\/m\u00b2<\/td>\n<\/tr>\n<tr class=\"table__row\" role=\"row\">\n<th class=\"table__cell\" role=\"cell\" scope=\"row\">Taille de la diagonale<\/th>\n<td class=\"table__cell\" role=\"cell\">6.7&Prime;<\/td>\n<\/tr>\n<tr class=\"table__row\" role=\"row\">\n<th class=\"table__cell\" role=\"cell\" scope=\"row\">R\u00e9solution d&rsquo;\u00e9cran<\/th>\n<td class=\"table__cell\" role=\"cell\">2778&#215;1284 pixels<\/td>\n<\/tr>\n<tr class=\"table__row\" role=\"row\">\n<th class=\"table__cell\" role=\"cell\" scope=\"row\">Diagonale<\/th>\n<td class=\"table__cell\" role=\"cell\">6.7&Prime;<\/td>\n<\/tr>\n<tr class=\"table__row\" role=\"row\">\n<th class=\"table__cell\" role=\"cell\" scope=\"row\">HDR<\/th>\n<td class=\"table__cell\" role=\"cell\">Oui<\/td>\n<\/tr>\n<tr class=\"table__row\" role=\"row\">\n<th class=\"table__cell\" role=\"cell\" scope=\"row\">Technologie d&rsquo;am\u00e9lioration<\/th>\n<td class=\"table__cell\" role=\"cell\">Dolby Vision<\/td>\n<\/tr>\n<tr class=\"table__row\" role=\"row\">\n<th class=\"table__cell\" role=\"cell\" scope=\"row\">Technologie HDR<\/th>\n<td class=\"table__cell\" role=\"cell\">HDR 4<\/td>\n<\/tr>\n<tr class=\"table__row\" role=\"row\">\n<th class=\"table__cell\" role=\"cell\" scope=\"row\">Ecran tactile<\/th>\n<td class=\"table__cell\" role=\"cell\">Oui<\/td>\n<\/tr>\n<tr class=\"table__row\" role=\"row\">\n<th class=\"table__cell\" role=\"cell\" scope=\"row\">R\u00e9solution<\/th>\n<td class=\"table__cell\" role=\"cell\">2778&#215;1284 pixels<\/td>\n<\/tr>\n<\/tbody>\n<\/table>","protected":false},"excerpt":{"rendered":"<p><span class=\"fpBlocTitle\">Les points forts :<\/span><\/p>\n<ul>\n<li>Taille de la diagonale : 6.7&Prime;<\/li>\n<li>R\u00e9solution du capteur : 12 m\u00e9gapixels<\/li>\n<li>Capacit\u00e9 de la m\u00e9moire interne : 128 Go<\/li>\n<li>6 coeurs<\/li>\n<li>G\u00e9n\u00e9ration \u00e0 haut d\u00e9bit mobile : 5G<\/li>\n<\/ul>\n<div class=\"jsFpBulletPointMore\">\n<ul>\n<li>Protection : Rev\u00eatement ol\u00e9ophobe r\u00e9sistant aux traces de doigts<\/li>\n<li>Adaptateur secteur : Non<\/li>\n<li>Fonctions du t\u00e9l\u00e9phone : T\u00e9l\u00e9phone \u00e0 haut parleur, commande vocale, c<\/li>\n<\/ul>\n<\/div>","protected":false},"featured_media":10992,"comment_status":"open","ping_status":"closed","template":"","meta":{"inline_featured_image":false,"_joinchat":[]},"product_cat":[21],"product_tag":[],"class_list":{"0":"post-10987","1":"product","2":"type-product","3":"status-publish","4":"has-post-thumbnail","6":"product_cat-telephones-objets-connectes","8":"first","9":"instock","10":"shipping-taxable","11":"purchasable","12":"product-type-simple"},"_links":{"self":[{"href":"https:\/\/kitchtenstore.com\/fr\/wp-json\/wp\/v2\/product\/10987","targetHints":{"allow":["GET"]}}],"collection":[{"href":"https:\/\/kitchtenstore.com\/fr\/wp-json\/wp\/v2\/product"}],"about":[{"href":"https:\/\/kitchtenstore.com\/fr\/wp-json\/wp\/v2\/types\/product"}],"replies":[{"embeddable":true,"href":"https:\/\/kitchtenstore.com\/fr\/wp-json\/wp\/v2\/comments?post=10987"}],"version-history":[{"count":2,"href":"https:\/\/kitchtenstore.com\/fr\/wp-json\/wp\/v2\/product\/10987\/revisions"}],"predecessor-version":[{"id":10994,"href":"https:\/\/kitchtenstore.com\/fr\/wp-json\/wp\/v2\/product\/10987\/revisions\/10994"}],"wp:featuredmedia":[{"embeddable":true,"href":"https:\/\/kitchtenstore.com\/fr\/wp-json\/wp\/v2\/media\/10992"}],"wp:attachment":[{"href":"https:\/\/kitchtenstore.com\/fr\/wp-json\/wp\/v2\/media?parent=10987"}],"wp:term":[{"taxonomy":"product_cat","embeddable":true,"href":"https:\/\/kitchtenstore.com\/fr\/wp-json\/wp\/v2\/product_cat?post=10987"},{"taxonomy":"product_tag","embeddable":true,"href":"https:\/\/kitchtenstore.com\/fr\/wp-json\/wp\/v2\/product_tag?post=10987"}],"curies":[{"name":"wp","href":"https:\/\/api.w.org\/{rel}","templated":true}]}}