{"id":10881,"date":"2022-10-23T10:28:30","date_gmt":"2022-10-23T10:28:30","guid":{"rendered":"https:\/\/kitchtenstore.com\/?post_type=product&#038;p=10881"},"modified":"2022-10-23T10:29:30","modified_gmt":"2022-10-23T10:29:30","slug":"robot-cuiseur-moulinex-companion-xl-blanc-hf806e10","status":"publish","type":"product","link":"https:\/\/kitchtenstore.com\/fr\/produit\/robot-cuiseur-moulinex-companion-xl-blanc-hf806e10\/","title":{"rendered":"Robot cuiseur MOULINEX COMPANION XL BLANC HF806E10"},"content":{"rendered":"<table class=\"font-2\">\n<tbody>\n<tr class=\"odd\">\n<th scope=\"row\">Gamme produit de cuisson<\/th>\n<td class=\"font-2-b\">\n<ul class=\"characteristics\" data-switch=\"\">\n<li class=\"\">Companion<\/li>\n<\/ul>\n<\/td>\n<\/tr>\n<tr class=\"\">\n<th scope=\"row\"><b>FONCTIONS<\/b>\u00a0(accessoires fournis et optionnels)<\/th>\n<td class=\"font-2-b\">\n<ul class=\"characteristics\" data-switch=\"\">\n<li class=\"\"><\/li>\n<\/ul>\n<\/td>\n<\/tr>\n<tr class=\"odd\">\n<th scope=\"row\">Fonctionnalit\u00e9s robot de cuisine \/ blender<\/th>\n<td class=\"font-2-b\">\n<ul class=\"characteristics\" data-switch=\"\">\n<li class=\"\">Arr\u00eat automatique<\/li>\n<li class=\"\">Touche m\u00e9lange d\u00e9licat<\/li>\n<\/ul>\n<\/td>\n<\/tr>\n<tr class=\"\">\n<th scope=\"row\">Nombre de fonctions<\/th>\n<td class=\"font-2-b\">\n<ul class=\"characteristics\" data-switch=\"\">\n<li class=\"\">12<\/li>\n<\/ul>\n<\/td>\n<\/tr>\n<tr class=\"odd\">\n<th scope=\"row\"><b>PRODUIT<\/b><\/th>\n<td class=\"font-2-b\">\n<ul class=\"characteristics\" data-switch=\"\">\n<li class=\"\"><\/li>\n<\/ul>\n<\/td>\n<\/tr>\n<tr class=\"\">\n<th scope=\"row\">Capacit\u00e9 du bol<\/th>\n<td class=\"font-2-b\">\n<ul class=\"characteristics\" data-switch=\"\">\n<li class=\"\">4,5 l<\/li>\n<\/ul>\n<\/td>\n<\/tr>\n<tr class=\"odd\">\n<th scope=\"row\">Puissance<\/th>\n<td class=\"font-2-b\">\n<ul class=\"characteristics\" data-switch=\"\">\n<li class=\"\">1550 W<\/li>\n<\/ul>\n<\/td>\n<\/tr>\n<tr class=\"\">\n<th scope=\"row\">Livre de recettes<\/th>\n<td class=\"font-2-b\">\n<ul class=\"characteristics\" data-switch=\"\">\n<li class=\"\">Oui<\/li>\n<\/ul>\n<\/td>\n<\/tr>\n<tr class=\"odd\">\n<th scope=\"row\">Affichage<\/th>\n<td class=\"font-2-b\">\n<ul class=\"characteristics\" data-switch=\"\">\n<li class=\"\">Affichage digital de la temp\u00e9rature; Affichage digital du temps<\/li>\n<\/ul>\n<\/td>\n<\/tr>\n<tr class=\"\">\n<th scope=\"row\">Type de bol<\/th>\n<td class=\"font-2-b\">\n<ul class=\"characteristics\" data-switch=\"\">\n<li class=\"\">Bol ouvert pendant la pr\u00e9paration<\/li>\n<\/ul>\n<\/td>\n<\/tr>\n<tr class=\"odd\">\n<th scope=\"row\"><b>CUISSON<\/b><\/th>\n<td class=\"font-2-b\">\n<ul class=\"characteristics\" data-switch=\"\">\n<li class=\"\"><\/li>\n<\/ul>\n<\/td>\n<\/tr>\n<tr class=\"\">\n<th scope=\"row\"><b>MODES DE CUISSON<\/b><\/th>\n<td class=\"font-2-b\">\n<ul class=\"characteristics\" data-switch=\"\">\n<li class=\"\"><\/li>\n<\/ul>\n<\/td>\n<\/tr>\n<tr class=\"odd\">\n<th scope=\"row\">Mode de cuisson<\/th>\n<td class=\"font-2-b\">\n<ul class=\"characteristics\" data-switch=\"\">\n<li class=\"\">Cuisson vapeur<\/li>\n<li class=\"\">Mijoter<\/li>\n<\/ul>\n<\/td>\n<\/tr>\n<tr class=\"\">\n<th scope=\"row\">Temp\u00e9rature minimale<\/th>\n<td class=\"font-2-b\">\n<ul class=\"characteristics\" data-switch=\"\">\n<li class=\"\">30 \u00b0C<\/li>\n<\/ul>\n<\/td>\n<\/tr>\n<tr class=\"odd\">\n<th scope=\"row\"><b>VITESSES<\/b><\/th>\n<td class=\"font-2-b\">\n<ul class=\"characteristics\" data-switch=\"\">\n<li class=\"\"><\/li>\n<\/ul>\n<\/td>\n<\/tr>\n<tr class=\"\">\n<th scope=\"row\">Nombre de vitesses<\/th>\n<td class=\"font-2-b\">\n<ul class=\"characteristics\" data-switch=\"\">\n<li class=\"\">12<\/li>\n<\/ul>\n<\/td>\n<\/tr>\n<tr class=\"odd\">\n<th scope=\"row\"><b>AUTRES<\/b><\/th>\n<td class=\"font-2-b\">\n<ul class=\"characteristics\" data-switch=\"\">\n<li class=\"\"><\/li>\n<\/ul>\n<\/td>\n<\/tr>\n<tr class=\"\">\n<th scope=\"row\">Accessoires fournis<\/th>\n<td class=\"font-2-b\">\n<ul class=\"characteristics\" data-switch=\"\">\n<li class=\"\">Couteau hachoir, couteau p\u00e9trin\/concasseur, batteur, m\u00e9langeur, panier vapeur, accessoire fond plat, livre 300 recettes<\/li>\n<\/ul>\n<\/td>\n<\/tr>\n<tr class=\"odd\">\n<th scope=\"row\">Poids<\/th>\n<td class=\"font-2-b\">\n<ul class=\"characteristics\" data-switch=\"\">\n<li class=\"\">6,5 kg<\/li>\n<\/ul>\n<\/td>\n<\/tr>\n<tr class=\"\">\n<th scope=\"row\">Hauteur du produit<\/th>\n<td class=\"font-2-b\">\n<ul class=\"characteristics\" data-switch=\"\">\n<li class=\"\">32 cm<\/li>\n<\/ul>\n<\/td>\n<\/tr>\n<tr class=\"odd\">\n<th scope=\"row\">Origine de fabrication<\/th>\n<td class=\"font-2-b\">\n<ul class=\"characteristics\" data-switch=\"\">\n<li class=\"\">France<\/li>\n<\/ul>\n<\/td>\n<\/tr>\n<tr class=\"\">\n<th scope=\"row\">Temp\u00e9rature (\u00b0C)<\/th>\n<td class=\"font-2-b\">\n<ul class=\"characteristics\" data-switch=\"\">\n<li class=\"\">Temp\u00e9rature maximale (\u00b0C): 150<\/li>\n<\/ul>\n<\/td>\n<\/tr>\n<tr class=\"odd\">\n<th scope=\"row\"><b>MINUTERIE<\/b><\/th>\n<td class=\"font-2-b\">\n<ul class=\"characteristics\" data-switch=\"\">\n<li class=\"\"><\/li>\n<\/ul>\n<\/td>\n<\/tr>\n<tr class=\"\">\n<th scope=\"row\">Fonctions robot de cuisine \/ blender<\/th>\n<td class=\"font-2-b\">\n<ul class=\"characteristics\" data-switch=\"\">\n<li>\n<ul class=\"characteristics\" data-switch=\"\">\n<li class=\"\">Turbo<\/li>\n<li class=\"\">Mijoter<\/li>\n<li class=\"\">Emulsionner<\/li>\n<li class=\"\">Fouet<\/li>\n<li class=\"\">M\u00e9langer<\/li>\n<\/ul>\n<\/li>\n<\/ul>\n<\/td>\n<\/tr>\n<tr class=\"odd\">\n<th scope=\"row\">Profondeur du produit<\/th>\n<td class=\"font-2-b\">\n<ul class=\"characteristics\" data-switch=\"\">\n<li class=\"\">31 cm<\/li>\n<\/ul>\n<\/td>\n<\/tr>\n<tr class=\"\">\n<th scope=\"row\">Largeur<\/th>\n<td class=\"font-2-b\">\n<ul class=\"characteristics\" data-switch=\"\">\n<li class=\"\">31 cm<\/li>\n<\/ul>\n<\/td>\n<\/tr>\n<tr class=\"odd\">\n<th scope=\"row\">Disponibilit\u00e9 des pi\u00e8ces d\u00e9tach\u00e9es<\/th>\n<td class=\"font-2-b\">\n<ul class=\"characteristics\" data-switch=\"\">\n<li class=\"\">10 ans<\/li>\n<\/ul>\n<\/td>\n<\/tr>\n<\/tbody>\n<\/table>\n<div><b>Cuisine Companion XL de Moulinex va devenir votre plus fid\u00e8le alli\u00e9 dans votre cuisine !\u00a0<\/b><\/div>\n<div>\n<div>\n<div>C\u2019est un\u00a0\u00a0robot cuiseur multifonction\u00a0qui vous amusera et facilitera votre quotidien en vous faisant gagner du temps.<\/div>\n<div>Il d\u00e9coupe, pr\u00e9pare et\u00a0\u00a0<b>cuit jusqu\u2019\u00e0 150\u00b0C\u00a0<\/b>vos pr\u00e9parations, de l\u2019entr\u00e9e jusqu\u2019au dessert. Livr\u00e9 avec un\u00a0\u00a0<b>accessoire fond plat<\/b>, vous cuisez et dorez de grosses pi\u00e8ces de viande ou de poisson.<\/div>\n<div>Vous devez simplement suivre les recettes et il s\u2019occupe de tout ! Pr\u00e9parez, lancez le programme et le tour est jou\u00e9. Et pendant qu\u2019il se charge de tout, vous pouvez aller donner le bain \u00e0 votre enfant, prendre l\u2019ap\u00e9ritif avec vos amis, visionnez un film\u2026<\/div>\n<div>Convaincus ? Voici toutes les caract\u00e9ristiques en d\u00e9tail pour partir \u00e0 la d\u00e9couverte du produit :<\/div>\n<div><\/div>\n<\/div>\n<div><b>Capacit\u00e9 et puissance :<\/b><\/div>\n<div>Le robot cuiseur est dot\u00e9 d\u2019une puissance\u00a0\u00a0<b>1550 Watts<\/b>\u00a0et sa capacit\u00e9 XL est de\u00a0\u00a0<b>4,5 litres<\/b>\u00a0(capacit\u00e9 utile 3 l), id\u00e9ale pour environ 10 personnes.<\/div>\n<div>Il est adapt\u00e9 \u00e0 toutes les cuissons et pr\u00e9parations, pr\u00e9parez des plats mijot\u00e9s, cuit \u00e0 la vapeur, rissole, saisit, \u2026 m\u00e9lange, p\u00e9trit et pr\u00e9serve la chaleur de vos aliments.<\/div>\n<div>R\u00e9alisez des\u00a0\u00a0<b>cuissons couvercle ouvert\u00a0<\/b>pour saisir, faire dorer et rissoler.<\/div>\n<div><\/div>\n<div><b>Tableau de commandes :<\/b><\/div>\n<div>Son tableau de commandes \u00e9lectronique vous facilite les r\u00e9glages et rend l\u2019utilisation du Companion XL facile, intuitive et conviviale.<\/div>\n<div><b>Il vous propose 12 programmes automatiques\u00a0<\/b>:<\/div>\n<div>\u2013\u00a0\u00a0<b>programme\u00a0sauce :<\/b>\u00a0une sauce est id\u00e9ale pour r\u00e9v\u00e9ler la saveur des aliments alors faites-vous plaisir ! Le robot cuiseur a simplement besoin des ingr\u00e9dients pour r\u00e9aliser vos sauces en ma\u00eetrisant parfaitement la cuisson et le m\u00e9lange, cl\u00e9s de la r\u00e9ussite d\u2019une sauce.<\/div>\n<div>\u2013\u00a0\u00a0<b>2 programmes soupe<\/b>\u00a0: vous avez le choix entre \u00ab velout\u00e9 \u00bb et \u00ab moulin\u00e9 \u00bb. \u00a0L\u2019appareil cuit puis mixe les ingr\u00e9dients pour obtenir des velout\u00e9s ou des soupes moulin\u00e9es d\u00e9licieuses. Adaptez vos recettes au fil des saisons !<\/div>\n<div>\u2013\u00a0\u00a0<b>3 programmes\u00a0mijotage<\/b>\u00a0: choisissez l\u2019un des 3 programmes (\u00e9tuv\u00e9e de l\u00e9gumes, mijot\u00e9 ou risotto). \u00c9tonnez vos convives en leur proposant un risotto savoureux qui les fera voyager en Italie !<\/div>\n<div>\u2013\u00a0\u00a0<b>2 programmes vapeur :<\/b>\u00a0prendre soin de son alimentation et manger sainement est indispensable. Ce programme est fait pour pr\u00e9parer des menus \u00e9quilibr\u00e9s et aux saveurs retrouv\u00e9es. \u00a0A vous les poissons et les l\u00e9gumes !<\/div>\n<div>\u2013\u00a0\u00a0<b>3 programmes p\u00e2tisserie :<\/b>\u00a0Choisissez le programme qui vous convient parmi \u00ab pain \u00bb, \u00ab brioche \u00bb ou \u00ab cake \u00bb et r\u00e9ussissez vos pains, pizzas, p\u00e2tisseries \u2026 gr\u00e2ce au p\u00e9trissage et au m\u00e9lange parfaits r\u00e9alis\u00e9s par le robot.<\/div>\n<div>\u2013\u00a0\u00a0<b>programme\u00a0dessert<\/b>\u00a0: \u00eates-vous gourmand ? Vous avez envie de devenir un chef gastronomique ? Faites confiance \u00e0 Companion XL qui transformera \u00a0vos recettes favorites en v\u00e9ritables d\u00e9lices culinaires ! Il m\u00e9lange, \u00e9mulsionne et cuit en m\u00eame temps.<\/div>\n<div><\/div>\n<div><b>A cela s\u2019ajoute un mode manuel pour prendre le contr\u00f4le et personnaliser vos recettes :<\/b><\/div>\n<div>\u2013 \u00a0vitesse : 12 vitesses au choix + fonctions pulse et turbo.<\/div>\n<div>\u2013 \u00a0temp\u00e9rature :\u00a0\u00a0<b>r\u00e9glable de 30 \u00e0 150\u00b0C<\/b>.<\/div>\n<div>\u2013 \u00a0temps : r\u00e9glable de 5 secondes \u00e0 120 minutes.<\/div>\n<div><\/div>\n<div><b>Accessoires :<\/b><\/div>\n<div>Cuisine Companion XL est livr\u00e9 avec de\u00a0\u00a0<b>multiples\u00a0accessoires<\/b>\u00a0qui vous permettent de r\u00e9aliser tous les types de recettes.<\/div>\n<div>\u2013\u00a0\u00a0<b>couteau hachoir<\/b>\u00a0: aff\u00fbt\u00e9, il est id\u00e9al pour hacher l\u00e9gumes, herbes, viande, poisson et mixer soupes et compotes de mani\u00e8re homog\u00e8ne et rapidement. Associ\u00e9 \u00e0 la cuisson, il permet de r\u00e9aliser des soupes et des sauces.<\/div>\n<div><b>\u2013 batteur<\/b>\u00a0: il est con\u00e7u pour battre les \u0153ufs ou la cr\u00e8me, \u00e9mulsionner la mayonnaise et les sauces en rendant les pr\u00e9parations mousseuses et a\u00e9r\u00e9es.<\/div>\n<div>\u2013\u00a0\u00a0<b>m\u00e9langeur<\/b>\u00a0: utilisez-le pour m\u00e9langer les ingr\u00e9dients sans les ab\u00eemer puisqu\u2019il effectue une action douce. De plus, il \u00e9pouse parfaitement la forme du bol pour \u00e9viter de br\u00fbler les ingr\u00e9dients ou qu\u2019ils n\u2019accrochent. C\u2019est l\u2019accessoire indispensable pour les plats cuisin\u00e9s, les pr\u00e9parations sucr\u00e9es ou pour faire fondre du beurre ou du chocolat.<\/div>\n<div>\u2013\u00a0\u00a0<b>couteau pour p\u00e9trir et concasser<\/b>\u00a0: son utilisation est d\u00e9di\u00e9e au p\u00e9trissage des p\u00e2tes lourdes (p\u00e2te \u00e0 pain, brioche\u2026), au m\u00e9lange des p\u00e2tes l\u00e9g\u00e8res (p\u00e2te \u00e0 cr\u00eapes, gaufres\u2026), au concassage des fruits secs \u00a0et au pilage de la glace pour d\u00e9guster un sorbet maison.<\/div>\n<div>\u2013\u00a0\u00a0<b>panier vapeur<\/b>\u00a0: il permet de cuire les aliments \u00e0 la vapeur pour des plats gourmands, sains, l\u00e9gers et naturels. L\u00e9gumes, poissons, viandes et desserts\u2026 \u00e0 vous de choisir ! En acier inoxydable, il r\u00e9partit de fa\u00e7on homog\u00e8ne la chaleur pour une cuisson parfaite. Vous pouvez associer le panier vapeur avec \u00a0une autre pr\u00e9paration \u00a0comme une sauce.<\/div>\n<div>\u2013\u00a0<b>\u00a0accessoire fond plat\u00a0<\/b>: gr\u00e2ce \u00e0 cet accessoire et \u00e0 la cuisson bol ouvert, il vous permet de profiter de toute la surface du bol pour cuire et dorer de grosses pi\u00e8ces de viande et poisson.(escalope de dinde, filet de poulet, pav\u00e9s de saumon, m\u00e9daillon de lotte\u2026).<\/div>\n<div>\u2013\u00a0\u00a0<b>bouchon doseur\u00a0<\/b>: il permet de r\u00e9guler l\u2019extraction de la vapeur. En position \u00ab petite vapeur \u00bb vous \u00a0gagnez un maximum de chaleur et de vapeur dans le bol pour les cuissons vapeur. Il \u00e9vite \u00e9galement d\u2019\u00e9clabousser votre plan de travail lors du mixage des ingr\u00e9dients. En position \u00ab grande vapeur \u00bb, vous laissez \u00e9chapper la condensation pour des plats ou des sauces \u00e0 la consistance parfaite (id\u00e9al pour les risottos, les cr\u00e8mes desserts\u2026).<\/div>\n<div>\u2013\u00a0\u00a0<b>livre de cuisine<\/b>\u00a0: Companion XL est\u00a0<b>\u00a0fourni avec un livre de 300 recettes<\/b>\u00a0vous proposant 1 million de menus ! Ne manquez plus d\u2019inspiration et laissez-vous guider. Partez \u00e0 la d\u00e9couverte de plats inconnus ou red\u00e9couvrez les saveurs de votre enfance ! De l\u2019entr\u00e9e jusqu\u2019au dessert, le livre vous propose des id\u00e9es de menus du quotidien ou pour des occasions sp\u00e9ciales.<\/div>\n<div>\u0152ufs mimosa, caviar d\u2019aubergines, goug\u00e8res, hachis parmentier, blanquette de veau, saint jacques aux poireaux, curry d\u2019agneau, \u00eeles flottantes, cheesecake, tiramisu, cake au caramel beurre sal\u00e9\u2026 voici un petit aper\u00e7u de ce que vous pouvez pr\u00e9parer avec ce compagnon culinaire.<\/div>\n<div><i>\u00a0<\/i><\/div>\n<\/div>","protected":false},"excerpt":{"rendered":"<p class=\"product_section_title font-2-b\">Les points forts :<\/p>\n<ul class=\"product_details_items font-2-l\">\n<li class=\"product_details_item\">Robot cuiseur multifonction \u2013 Grande capacit\u00e9 : jusqu\u2019\u00e0 10 personnes<\/li>\n<li class=\"product_details_item\">12 vitesses + Pulse + Turbo \u2013 12 programmes automatiques<\/li>\n<li class=\"product_details_item\">Panier vapeur, batteur, m\u00e9langeur, couteau hachoir, couteau p\u00e9trir\/concasser, accessoire fond plat pour saisir, livre 300 recettes<\/li>\n<li class=\"product_details_item\">Temp\u00e9rature r\u00e9glable 30\u00b0C \u00e0 150\u00b0C<\/li>\n<\/ul>","protected":false},"featured_media":10960,"comment_status":"open","ping_status":"closed","template":"","meta":{"inline_featured_image":false,"_joinchat":[]},"product_cat":[122,123],"product_tag":[],"class_list":{"0":"post-10881","1":"product","2":"type-product","3":"status-publish","4":"has-post-thumbnail","6":"product_cat-cuisine-cuisson","7":"product_cat-robot-cuiseur","9":"first","10":"instock","11":"shipping-taxable","12":"purchasable","13":"product-type-simple"},"_links":{"self":[{"href":"https:\/\/kitchtenstore.com\/fr\/wp-json\/wp\/v2\/product\/10881","targetHints":{"allow":["GET"]}}],"collection":[{"href":"https:\/\/kitchtenstore.com\/fr\/wp-json\/wp\/v2\/product"}],"about":[{"href":"https:\/\/kitchtenstore.com\/fr\/wp-json\/wp\/v2\/types\/product"}],"replies":[{"embeddable":true,"href":"https:\/\/kitchtenstore.com\/fr\/wp-json\/wp\/v2\/comments?post=10881"}],"version-history":[{"count":1,"href":"https:\/\/kitchtenstore.com\/fr\/wp-json\/wp\/v2\/product\/10881\/revisions"}],"predecessor-version":[{"id":10964,"href":"https:\/\/kitchtenstore.com\/fr\/wp-json\/wp\/v2\/product\/10881\/revisions\/10964"}],"wp:featuredmedia":[{"embeddable":true,"href":"https:\/\/kitchtenstore.com\/fr\/wp-json\/wp\/v2\/media\/10960"}],"wp:attachment":[{"href":"https:\/\/kitchtenstore.com\/fr\/wp-json\/wp\/v2\/media?parent=10881"}],"wp:term":[{"taxonomy":"product_cat","embeddable":true,"href":"https:\/\/kitchtenstore.com\/fr\/wp-json\/wp\/v2\/product_cat?post=10881"},{"taxonomy":"product_tag","embeddable":true,"href":"https:\/\/kitchtenstore.com\/fr\/wp-json\/wp\/v2\/product_tag?post=10881"}],"curies":[{"name":"wp","href":"https:\/\/api.w.org\/{rel}","templated":true}]}}