{"id":10845,"date":"2022-10-23T10:28:05","date_gmt":"2022-10-23T10:28:05","guid":{"rendered":"https:\/\/kitchtenstore.com\/?post_type=product&#038;p=10845"},"modified":"2022-10-23T10:29:23","modified_gmt":"2022-10-23T10:29:23","slug":"robot-cuiseur-moulinex-i-companion-touch-xl-hf938e00","status":"publish","type":"product","link":"https:\/\/kitchtenstore.com\/fr\/produit\/robot-cuiseur-moulinex-i-companion-touch-xl-hf938e00\/","title":{"rendered":"Robot cuiseur MOULINEX I-COMPANION TOUCH XL HF938E00"},"content":{"rendered":"<div class=\"woocommerce-tabs wc-tabs-wrapper\">\n<div id=\"tab-description\" class=\"woocommerce-Tabs-panel woocommerce-Tabs-panel--description panel entry-content wc-tab\" role=\"tabpanel\" aria-labelledby=\"tab-title-description\">\n<table class=\"font-2\">\n<tbody>\n<tr class=\"odd\">\n<th scope=\"row\">Gamme produit de cuisson<\/th>\n<td class=\"font-2-b\">\n<ul class=\"characteristics\" data-switch=\"\">\n<li class=\"\">Companion<\/li>\n<\/ul>\n<\/td>\n<\/tr>\n<tr class=\"\">\n<th scope=\"row\">Fonctionnalit\u00e9s robot de cuisine \/ blender<\/th>\n<td class=\"font-2-b\">\n<ul class=\"characteristics\" data-switch=\"\">\n<li class=\"\">Minuterie<\/li>\n<li class=\"\">Kit p\u00e2tissier (Fouet, Batteur, P\u00e9trin)<\/li>\n<li class=\"\">Recettes pr\u00e9programm\u00e9es<\/li>\n<li class=\"\">Arr\u00eat automatique<\/li>\n<\/ul>\n<\/td>\n<\/tr>\n<tr class=\"odd\">\n<th scope=\"row\">Nombre de fonctions<\/th>\n<td class=\"font-2-b\">\n<ul class=\"characteristics\" data-switch=\"\">\n<li class=\"\">4<\/li>\n<\/ul>\n<\/td>\n<\/tr>\n<tr class=\"\">\n<th scope=\"row\">Connect\u00e9<\/th>\n<td class=\"font-2-b\">\n<ul class=\"characteristics\" data-switch=\"\">\n<li class=\"\">Oui<\/li>\n<\/ul>\n<\/td>\n<\/tr>\n<tr class=\"odd\">\n<th scope=\"row\">Capacit\u00e9 du bol<\/th>\n<td class=\"font-2-b\">\n<ul class=\"characteristics\" data-switch=\"\">\n<li class=\"\">4,5 l<\/li>\n<\/ul>\n<\/td>\n<\/tr>\n<tr class=\"\">\n<th scope=\"row\">Nature du bol<\/th>\n<td class=\"font-2-b\">\n<ul class=\"characteristics\" data-switch=\"\">\n<li class=\"\">Inox<\/li>\n<\/ul>\n<\/td>\n<\/tr>\n<tr class=\"odd\">\n<th scope=\"row\">Capacit\u00e9 utile<\/th>\n<td class=\"font-2-b\">\n<ul class=\"characteristics\" data-switch=\"\">\n<li class=\"\">4,5 l<\/li>\n<\/ul>\n<\/td>\n<\/tr>\n<tr class=\"\">\n<th scope=\"row\">Puissance<\/th>\n<td class=\"font-2-b\">\n<ul class=\"characteristics\" data-switch=\"\">\n<li class=\"\">1550 W<\/li>\n<\/ul>\n<\/td>\n<\/tr>\n<tr class=\"odd\">\n<th scope=\"row\">Recettes pr\u00e9programm\u00e9es<\/th>\n<td class=\"font-2-b\">\n<ul class=\"characteristics\" data-switch=\"\">\n<li class=\"\">Connexion Wifi avec acc\u00e8s au 1600 recettes gratuites<\/li>\n<\/ul>\n<\/td>\n<\/tr>\n<tr class=\"\">\n<th scope=\"row\">Nettoyage robot de cuisine<\/th>\n<td class=\"font-2-b\">\n<ul class=\"characteristics\" data-switch=\"\">\n<li class=\"\">Lave-Vaisselle<\/li>\n<\/ul>\n<\/td>\n<\/tr>\n<tr class=\"odd\">\n<th scope=\"row\">Affichage<\/th>\n<td class=\"font-2-b\">\n<ul class=\"characteristics\" data-switch=\"\">\n<li class=\"\">Ecran Tactile 4\u20193<\/li>\n<\/ul>\n<\/td>\n<\/tr>\n<tr class=\"\">\n<th scope=\"row\">Couteaux<\/th>\n<td class=\"font-2-b\">\n<ul class=\"characteristics\" data-switch=\"\">\n<li class=\"\">Lames Inox<\/li>\n<\/ul>\n<\/td>\n<\/tr>\n<tr class=\"odd\">\n<th scope=\"row\">Temp\u00e9rature maximale<\/th>\n<td class=\"font-2-b\">\n<ul class=\"characteristics\" data-switch=\"\">\n<li class=\"\">150 \u00b0C<\/li>\n<\/ul>\n<\/td>\n<\/tr>\n<tr class=\"\">\n<th scope=\"row\">Temp\u00e9rature minimale<\/th>\n<td class=\"font-2-b\">\n<ul class=\"characteristics\" data-switch=\"\">\n<li class=\"\">30 \u00b0C<\/li>\n<\/ul>\n<\/td>\n<\/tr>\n<tr class=\"odd\">\n<th scope=\"row\">Nombre de vitesses<\/th>\n<td class=\"font-2-b\">\n<ul class=\"characteristics\" data-switch=\"\">\n<li class=\"\">13<\/li>\n<\/ul>\n<\/td>\n<\/tr>\n<tr class=\"\">\n<th scope=\"row\">Accessoires fournis<\/th>\n<td class=\"font-2-b\">\n<ul class=\"characteristics\" data-switch=\"\">\n<li class=\"\">8 accessoires dedi\u00e9s: couteau hachoir, couteau p\u00e9trin\/concasseur, fouet, m\u00e9langeur, panier vapeur, accessoire fond plat, d\u00e9coupe-l\u00e9gumes et balance de cuisine connect\u00e9e.<\/li>\n<\/ul>\n<\/td>\n<\/tr>\n<tr class=\"odd\">\n<th scope=\"row\">Caract\u00e9ristiques compl\u00e9mentaires<\/th>\n<td class=\"font-2-b\">\n<ul class=\"characteristics\" data-switch=\"\">\n<li class=\"\">Robot connect\u00e9 \u00e0 l\u2019application \u2013 Temps r\u00e9glable de 5 secondes \u00e0 120 minutes \u2013 Maintien au chaud<br \/>\n4 fonctions : soupe, mijot\u00e9, vapeur, p\u00e2tisserie \u2013 14 programmes auomatiques<\/li>\n<\/ul>\n<\/td>\n<\/tr>\n<tr class=\"\">\n<th scope=\"row\">Origine de fabrication<\/th>\n<td class=\"font-2-b\">\n<ul class=\"characteristics\" data-switch=\"\">\n<li class=\"\">France<\/li>\n<\/ul>\n<\/td>\n<\/tr>\n<tr class=\"odd\">\n<th scope=\"row\">Fonctions robot de cuisine \/ blender<\/th>\n<td class=\"font-2-b\">\n<ul class=\"characteristics js-active\" data-switch=\"\">\n<li>\n<ul class=\"characteristics js-active\" data-switch=\"\">\n<li class=\"\">Batteur<\/li>\n<li class=\"\">Cuisson vapeur<\/li>\n<li class=\"\">Fouet<\/li>\n<li class=\"\">P\u00e9trin<\/li>\n<li class=\"\">Emulsionner<\/li>\n<li class=\"more_characteristic\">Emincer<\/li>\n<li class=\"more_characteristic\">Mixer<\/li>\n<li class=\"more_characteristic\">R\u00e2per<\/li>\n<li class=\"more_characteristic\">Concasser<\/li>\n<li class=\"more_characteristic\">Cuire<\/li>\n<li class=\"more_characteristic\">Rissoler<\/li>\n<li class=\"more_characteristic\">Soupe chaude<\/li>\n<li class=\"more_characteristic\">M\u00e9langer<\/li>\n<li class=\"more_characteristic\">Trancher<\/li>\n<li class=\"more_characteristic\">Turbo<\/li>\n<li class=\"more_characteristic\">Mijoter<\/li>\n<\/ul>\n<\/li>\n<\/ul>\n<\/td>\n<\/tr>\n<tr class=\"\">\n<th scope=\"row\">Disponibilit\u00e9 des pi\u00e8ces d\u00e9tach\u00e9es<\/th>\n<td class=\"font-2-b\">\n<ul class=\"characteristics\" data-switch=\"\">\n<li class=\"\">10 ans<\/li>\n<\/ul>\n<\/td>\n<\/tr>\n<\/tbody>\n<\/table>\n<\/div>\n<\/div>","protected":false},"excerpt":{"rendered":"<ul class=\"product_details_items font-2-l\">\n<li class=\"product_details_item\">Robot cuiseur multifonction \u2013 Bol inox 4.5 litres (3 litres utiles)<\/li>\n<li class=\"product_details_item\">13 vitesses \u2013 4 fonctions \u2013 14 programmes automatiques<\/li>\n<li class=\"product_details_item\">8 accessoires dedi\u00e9s: couteau hachoir, couteau p\u00e9trin\/concasseur, fouet, m\u00e9langeur, panier vapeur, accessoire fond plat, d\u00e9coupe-l\u00e9gumes et balance de cuisine connect\u00e9e<\/li>\n<li class=\"product_details_item\">Temp\u00e9rature r\u00e9glable 30\u00b0C \u00e0 150\u00b0C<\/li>\n<\/ul>","protected":false},"featured_media":10950,"comment_status":"open","ping_status":"closed","template":"","meta":{"inline_featured_image":false,"_joinchat":[]},"product_cat":[122,123],"product_tag":[],"class_list":{"0":"post-10845","1":"product","2":"type-product","3":"status-publish","4":"has-post-thumbnail","6":"product_cat-cuisine-cuisson","7":"product_cat-robot-cuiseur","9":"first","10":"instock","11":"sale","12":"shipping-taxable","13":"purchasable","14":"product-type-simple"},"_links":{"self":[{"href":"https:\/\/kitchtenstore.com\/fr\/wp-json\/wp\/v2\/product\/10845","targetHints":{"allow":["GET"]}}],"collection":[{"href":"https:\/\/kitchtenstore.com\/fr\/wp-json\/wp\/v2\/product"}],"about":[{"href":"https:\/\/kitchtenstore.com\/fr\/wp-json\/wp\/v2\/types\/product"}],"replies":[{"embeddable":true,"href":"https:\/\/kitchtenstore.com\/fr\/wp-json\/wp\/v2\/comments?post=10845"}],"version-history":[{"count":1,"href":"https:\/\/kitchtenstore.com\/fr\/wp-json\/wp\/v2\/product\/10845\/revisions"}],"predecessor-version":[{"id":10954,"href":"https:\/\/kitchtenstore.com\/fr\/wp-json\/wp\/v2\/product\/10845\/revisions\/10954"}],"wp:featuredmedia":[{"embeddable":true,"href":"https:\/\/kitchtenstore.com\/fr\/wp-json\/wp\/v2\/media\/10950"}],"wp:attachment":[{"href":"https:\/\/kitchtenstore.com\/fr\/wp-json\/wp\/v2\/media?parent=10845"}],"wp:term":[{"taxonomy":"product_cat","embeddable":true,"href":"https:\/\/kitchtenstore.com\/fr\/wp-json\/wp\/v2\/product_cat?post=10845"},{"taxonomy":"product_tag","embeddable":true,"href":"https:\/\/kitchtenstore.com\/fr\/wp-json\/wp\/v2\/product_tag?post=10845"}],"curies":[{"name":"wp","href":"https:\/\/api.w.org\/{rel}","templated":true}]}}