{"id":10840,"date":"2022-10-23T10:28:05","date_gmt":"2022-10-23T10:28:05","guid":{"rendered":"https:\/\/kitchtenstore.com\/?post_type=product&#038;p=10840"},"modified":"2022-10-23T10:29:04","modified_gmt":"2022-10-23T10:29:04","slug":"moulinex-qa512g10-robot-patissier-mgc-2-accessoires","status":"publish","type":"product","link":"https:\/\/kitchtenstore.com\/fr\/produit\/moulinex-qa512g10-robot-patissier-mgc-2-accessoires\/","title":{"rendered":"MOULINEX QA512G10 Robot p\u00e2tissier MGC + 2 accessoires"},"content":{"rendered":"<table class=\"fpDescTb fpDescTbPub\">\n<tbody>\n<tr>\n<th colspan=\"2\">G\u00e9n\u00e9ral<\/th>\n<\/tr>\n<tr>\n<td>Type de produit<\/td>\n<td>Robot p\u00e2tissier<\/td>\n<\/tr>\n<tr>\n<td>Couleur<\/td>\n<td>Rouge<\/td>\n<\/tr>\n<tr>\n<td>Capacit\u00e9 du mixeur<\/td>\n<td>1.5 litres<\/td>\n<\/tr>\n<tr>\n<td>Capacit\u00e9 du bol<\/td>\n<td>4.6 litres<\/td>\n<\/tr>\n<tr>\n<td>Fonctionnalit\u00e9s<\/td>\n<td>M\u00e9langeur, trancheuse, r\u00e2pe, p\u00e9trin, batteur, \u00e9mulsionneur, fouet<\/td>\n<\/tr>\n<tr>\n<td>Nombre de r\u00e9glages de vitesse<\/td>\n<td>8<\/td>\n<\/tr>\n<tr>\n<td>Mat\u00e9riel de bol<\/td>\n<td>Acier inoxydable<\/td>\n<\/tr>\n<tr>\n<th colspan=\"2\">R\u00e9glages, commandes et voyants<\/th>\n<\/tr>\n<tr>\n<td>R\u00e9glages de la vitesse<\/td>\n<td>8 pr\u00e9s\u00e9lections<\/td>\n<\/tr>\n<tr>\n<td>Fonction pulse<\/td>\n<td>Oui<\/td>\n<\/tr>\n<tr>\n<th colspan=\"2\">Consommation<\/th>\n<\/tr>\n<tr>\n<td>Puissance \u00e9lectrique<\/td>\n<td>1100 Watt<\/td>\n<\/tr>\n<tr>\n<th colspan=\"2\">Divers<\/th>\n<\/tr>\n<tr>\n<td>Accessoires adaptables<\/td>\n<td>Crochet de p\u00e9trissage, batteur plat, bol mixeur, r\u00e2pe, Fouet Flex<\/td>\n<\/tr>\n<tr>\n<td>Egalement inclus<\/td>\n<td>Couvercle anti-\u00e9claboussures<\/td>\n<\/tr>\n<tr>\n<th colspan=\"2\">Dimensions et poids<\/th>\n<\/tr>\n<tr>\n<td>Largeur<\/td>\n<td>42.44 cm<\/td>\n<\/tr>\n<tr>\n<td>Hauteur<\/td>\n<td>32.42 cm<\/td>\n<\/tr>\n<tr>\n<td>Profondeur<\/td>\n<td>25.74 cm<\/td>\n<\/tr>\n<tr>\n<td>Poids<\/td>\n<td>6.86 kg<\/td>\n<\/tr>\n<\/tbody>\n<\/table>","protected":false},"excerpt":{"rendered":"<ul>\n<li>M\u00e9langeur, trancheuse, r\u00e2pe, p\u00e9trin, batteur, \u00e9mulsionneur, fouet<\/li>\n<li>R\u00e9glages de la vitesse : 8 pr\u00e9s\u00e9lections<\/li>\n<li>Puissance \u00e9lectrique : 1100 Watt<\/li>\n<li>Capacit\u00e9 du bol : 4.6 litres<\/li>\n<li>Capacit\u00e9 du mixeur : 1.5 litres<\/li>\n<\/ul>","protected":false},"featured_media":10929,"comment_status":"open","ping_status":"closed","template":"","meta":{"inline_featured_image":false,"_joinchat":[]},"product_cat":[122,120,130],"product_tag":[],"class_list":{"0":"post-10840","1":"product","2":"type-product","3":"status-publish","4":"has-post-thumbnail","6":"product_cat-cuisine-cuisson","7":"product_cat-gros-electromenagers","8":"product_cat-machine-a-cafe","10":"first","11":"instock","12":"sale","13":"shipping-taxable","14":"purchasable","15":"product-type-simple"},"_links":{"self":[{"href":"https:\/\/kitchtenstore.com\/fr\/wp-json\/wp\/v2\/product\/10840","targetHints":{"allow":["GET"]}}],"collection":[{"href":"https:\/\/kitchtenstore.com\/fr\/wp-json\/wp\/v2\/product"}],"about":[{"href":"https:\/\/kitchtenstore.com\/fr\/wp-json\/wp\/v2\/types\/product"}],"replies":[{"embeddable":true,"href":"https:\/\/kitchtenstore.com\/fr\/wp-json\/wp\/v2\/comments?post=10840"}],"version-history":[{"count":1,"href":"https:\/\/kitchtenstore.com\/fr\/wp-json\/wp\/v2\/product\/10840\/revisions"}],"predecessor-version":[{"id":10931,"href":"https:\/\/kitchtenstore.com\/fr\/wp-json\/wp\/v2\/product\/10840\/revisions\/10931"}],"wp:featuredmedia":[{"embeddable":true,"href":"https:\/\/kitchtenstore.com\/fr\/wp-json\/wp\/v2\/media\/10929"}],"wp:attachment":[{"href":"https:\/\/kitchtenstore.com\/fr\/wp-json\/wp\/v2\/media?parent=10840"}],"wp:term":[{"taxonomy":"product_cat","embeddable":true,"href":"https:\/\/kitchtenstore.com\/fr\/wp-json\/wp\/v2\/product_cat?post=10840"},{"taxonomy":"product_tag","embeddable":true,"href":"https:\/\/kitchtenstore.com\/fr\/wp-json\/wp\/v2\/product_tag?post=10840"}],"curies":[{"name":"wp","href":"https:\/\/api.w.org\/{rel}","templated":true}]}}