{"id":10839,"date":"2022-10-23T10:28:04","date_gmt":"2022-10-23T10:28:04","guid":{"rendered":"https:\/\/kitchtenstore.com\/?post_type=product&#038;p=10839"},"modified":"2022-10-23T10:29:02","modified_gmt":"2022-10-23T10:29:02","slug":"moulinex-hf800a10-robot-cuiseur-companion-45-l-blanc","status":"publish","type":"product","link":"https:\/\/kitchtenstore.com\/fr\/produit\/moulinex-hf800a10-robot-cuiseur-companion-45-l-blanc\/","title":{"rendered":"MOULINEX HF800A10 Robot cuiseur Companion \u2013 4,5 L \u2013 Blanc"},"content":{"rendered":"<div class=\"woocommerce-tabs wc-tabs-wrapper\">\n<div id=\"tab-description\" class=\"woocommerce-Tabs-panel woocommerce-Tabs-panel--description panel entry-content wc-tab\" role=\"tabpanel\" aria-labelledby=\"tab-title-description\">\n<p>Puissance 1550W \u2013 Fonction cuisson \u2013 Capacit\u00e9 totale du bol : 4,5L \u2013 Capacit\u00e9 Utile du bol : 1,5L \u2013 10 vitesses + 2 intermittentes \u2013 Fonction pulse \u2013 Couteau ultra blade, Couteau pour p\u00e9trir, Couteau pour concasser, M\u00e9langeur, Panier vapeur 2L, Batteur \u2013 Rangement pour accessoires \u2013 6 programmes en acc\u00e8s direct + 5 sous-programmes \u2013 Livre de recette 1 Million de menus (100 entr\u00e9es, 100 plats, 100 desserts)<\/p>\n<\/div>\n<\/div>","protected":false},"excerpt":{"rendered":"<ul>\n<li>R\u00e2pe, p\u00e9trin, batteur, fouet, cuisinier, mijoteur, cuisson \u00e0 la vapeur<\/li>\n<li>R\u00e9glages de la vitesse : 12 pr\u00e9s\u00e9lections<\/li>\n<li>Puissance \u00e9lectrique : 1550 Watt<\/li>\n<li>Capacit\u00e9 du bol : 4.5 litres<\/li>\n<li>Couleur : Blanc\/argent<\/li>\n<\/ul>","protected":false},"featured_media":10926,"comment_status":"open","ping_status":"closed","template":"","meta":{"inline_featured_image":false,"_joinchat":[]},"product_cat":[122,120,130],"product_tag":[],"class_list":{"0":"post-10839","1":"product","2":"type-product","3":"status-publish","4":"has-post-thumbnail","6":"product_cat-cuisine-cuisson","7":"product_cat-gros-electromenagers","8":"product_cat-machine-a-cafe","10":"first","11":"instock","12":"sale","13":"shipping-taxable","14":"purchasable","15":"product-type-simple"},"_links":{"self":[{"href":"https:\/\/kitchtenstore.com\/fr\/wp-json\/wp\/v2\/product\/10839","targetHints":{"allow":["GET"]}}],"collection":[{"href":"https:\/\/kitchtenstore.com\/fr\/wp-json\/wp\/v2\/product"}],"about":[{"href":"https:\/\/kitchtenstore.com\/fr\/wp-json\/wp\/v2\/types\/product"}],"replies":[{"embeddable":true,"href":"https:\/\/kitchtenstore.com\/fr\/wp-json\/wp\/v2\/comments?post=10839"}],"version-history":[{"count":1,"href":"https:\/\/kitchtenstore.com\/fr\/wp-json\/wp\/v2\/product\/10839\/revisions"}],"predecessor-version":[{"id":10928,"href":"https:\/\/kitchtenstore.com\/fr\/wp-json\/wp\/v2\/product\/10839\/revisions\/10928"}],"wp:featuredmedia":[{"embeddable":true,"href":"https:\/\/kitchtenstore.com\/fr\/wp-json\/wp\/v2\/media\/10926"}],"wp:attachment":[{"href":"https:\/\/kitchtenstore.com\/fr\/wp-json\/wp\/v2\/media?parent=10839"}],"wp:term":[{"taxonomy":"product_cat","embeddable":true,"href":"https:\/\/kitchtenstore.com\/fr\/wp-json\/wp\/v2\/product_cat?post=10839"},{"taxonomy":"product_tag","embeddable":true,"href":"https:\/\/kitchtenstore.com\/fr\/wp-json\/wp\/v2\/product_tag?post=10839"}],"curies":[{"name":"wp","href":"https:\/\/api.w.org\/{rel}","templated":true}]}}