{"id":10808,"date":"2022-10-23T10:27:39","date_gmt":"2022-10-23T10:27:39","guid":{"rendered":"https:\/\/kitchtenstore.com\/?post_type=product&#038;p=10808"},"modified":"2022-10-23T10:29:00","modified_gmt":"2022-10-23T10:29:00","slug":"moulinex-ce851100-multicuiseur-intelligent-cookeo-avec-150-recettes-preprogrammees-6-l-1600-w-blanc","status":"publish","type":"product","link":"https:\/\/kitchtenstore.com\/fr\/produit\/moulinex-ce851100-multicuiseur-intelligent-cookeo-avec-150-recettes-preprogrammees-6-l-1600-w-blanc\/","title":{"rendered":"MOULINEX CE851100 Multicuiseur intelligent Cookeo+ avec 150 recettes pr\u00e9programm\u00e9es \u2013 6 L \u2013 1600 W \u2013 Blanc"},"content":{"rendered":"<table class=\"fpDescTb fpDescTbPub\">\n<tbody>\n<tr>\n<td>Type de produit<\/td>\n<td>Multicuiseur<\/td>\n<\/tr>\n<tr>\n<td>Nombre de personnes<\/td>\n<td>6<\/td>\n<\/tr>\n<tr>\n<td>Rev\u00eatement de surface<\/td>\n<td>C\u00e9ramique antid\u00e9rapante<\/td>\n<\/tr>\n<tr>\n<td>Fonction et param\u00e8tres<\/td>\n<td>Fonction r\u00e9chauffage, fonction cuisson lente, fonction cuisson \u00e0 la vapeur, fonction de dorage, fonction de cuisson sous pression, fonction de cuisson douce, fonction maintien au chaud jusqu\u2019\u00e0 90 mins<\/td>\n<\/tr>\n<tr>\n<td>Caract\u00e9ristiques particuli\u00e8res<\/td>\n<td>Cordon d\u00e9tachable<\/td>\n<\/tr>\n<tr>\n<td>Compatible lave-vaisselle<\/td>\n<td>Parties amovibles<\/td>\n<\/tr>\n<tr>\n<td>Contenance<\/td>\n<td>6 litres<\/td>\n<\/tr>\n<tr>\n<td>Nombre de programmes<\/td>\n<td>150<\/td>\n<\/tr>\n<tr>\n<th colspan=\"2\">R\u00e9glages, commandes et voyants<\/th>\n<\/tr>\n<tr>\n<td>R\u00e9glages de la minuterie<\/td>\n<td>D\u00e9part diff\u00e9r\u00e9 du minuteur de 15 heures<\/td>\n<\/tr>\n<tr>\n<th colspan=\"2\">Consommation<\/th>\n<\/tr>\n<tr>\n<td>Puissance \u00e9lectrique<\/td>\n<td>1600 Watt<\/td>\n<\/tr>\n<tr>\n<th colspan=\"2\">Attributs de recherche<\/th>\n<\/tr>\n<tr>\n<td>Petit Electrom\u00e9nager|Contenance<\/td>\n<td>6 Litres<\/td>\n<\/tr>\n<tr>\n<th colspan=\"2\">Affichage<\/th>\n<\/tr>\n<tr>\n<td>Type<\/td>\n<td>Ecran LCD<\/td>\n<\/tr>\n<\/tbody>\n<\/table>","protected":false},"excerpt":{"rendered":"<div class=\"woocommerce-product-details__short-description\">\n<p>MOULINEX CE851100 \u2013 Multicuiseur Cookeo + 150 recettes \u2013 6 L \u2013 1600 W \u2013 6 personnes \u2013 Blanc \u2013 6 modes de cuisson \u2013 Ecran LCD couleur \u2013 Rev\u00eatement int\u00e9rieur du bol en c\u00e9ramique ultra-r\u00e9sistant \u2013 Thermoplastique \u2013 Livr\u00e9 avec panier, cuve et couvercle.<\/p>\n<\/div>\n<form class=\"cart\" action=\"https:\/\/www.gros-menager.com\/boutique\/moulinex-ce851100-multicuiseur-intelligent-cookeo-avec-150-recettes-preprogrammees-6-l-1600-w-blanc\/\" enctype=\"multipart\/form-data\" method=\"post\">\n<div class=\"product-button-wrapper\">\n<div class=\"quantity razzi-quantity-dropdown\"><\/div>\n<\/div>\n<\/form>","protected":false},"featured_media":10924,"comment_status":"open","ping_status":"closed","template":"","meta":{"inline_featured_image":false,"_joinchat":[]},"product_cat":[122,120,130],"product_tag":[],"class_list":{"0":"post-10808","1":"product","2":"type-product","3":"status-publish","4":"has-post-thumbnail","6":"product_cat-cuisine-cuisson","7":"product_cat-gros-electromenagers","8":"product_cat-machine-a-cafe","10":"first","11":"instock","12":"sale","13":"shipping-taxable","14":"purchasable","15":"product-type-simple"},"_links":{"self":[{"href":"https:\/\/kitchtenstore.com\/fr\/wp-json\/wp\/v2\/product\/10808","targetHints":{"allow":["GET"]}}],"collection":[{"href":"https:\/\/kitchtenstore.com\/fr\/wp-json\/wp\/v2\/product"}],"about":[{"href":"https:\/\/kitchtenstore.com\/fr\/wp-json\/wp\/v2\/types\/product"}],"replies":[{"embeddable":true,"href":"https:\/\/kitchtenstore.com\/fr\/wp-json\/wp\/v2\/comments?post=10808"}],"version-history":[{"count":1,"href":"https:\/\/kitchtenstore.com\/fr\/wp-json\/wp\/v2\/product\/10808\/revisions"}],"predecessor-version":[{"id":10925,"href":"https:\/\/kitchtenstore.com\/fr\/wp-json\/wp\/v2\/product\/10808\/revisions\/10925"}],"wp:featuredmedia":[{"embeddable":true,"href":"https:\/\/kitchtenstore.com\/fr\/wp-json\/wp\/v2\/media\/10924"}],"wp:attachment":[{"href":"https:\/\/kitchtenstore.com\/fr\/wp-json\/wp\/v2\/media?parent=10808"}],"wp:term":[{"taxonomy":"product_cat","embeddable":true,"href":"https:\/\/kitchtenstore.com\/fr\/wp-json\/wp\/v2\/product_cat?post=10808"},{"taxonomy":"product_tag","embeddable":true,"href":"https:\/\/kitchtenstore.com\/fr\/wp-json\/wp\/v2\/product_tag?post=10808"}],"curies":[{"name":"wp","href":"https:\/\/api.w.org\/{rel}","templated":true}]}}