{"id":10802,"date":"2022-10-23T10:27:38","date_gmt":"2022-10-23T10:27:38","guid":{"rendered":"https:\/\/kitchtenstore.com\/?post_type=product&#038;p=10802"},"modified":"2022-10-23T10:28:44","modified_gmt":"2022-10-23T10:28:44","slug":"refrigerateur-frigo-klarstein-popart-design-retro-pop-a-108-l-13-l-2-etageres-bac-a-legumes-compartiment-congelateur-rose","status":"publish","type":"product","link":"https:\/\/kitchtenstore.com\/fr\/produit\/refrigerateur-frigo-klarstein-popart-design-retro-pop-a-108-l-13-l-2-etageres-bac-a-legumes-compartiment-congelateur-rose\/","title":{"rendered":"R\u00e9frig\u00e9rateur frigo Klarstein PopArt \u2013 design r\u00e9tro pop A++ 108 l-13 l (2 \u00e9tag\u00e8res, bac \u00e0 l\u00e9gumes, compartiment cong\u00e9lateur) \u2013 rose"},"content":{"rendered":"<div id=\"presContent\" class=\"fpBlk testSep extCode\">\n<p><b>R\u00e9frig\u00e9rateur color\u00e9 de style fifties pour rafra\u00eechir des aliments frais et des<br \/>\nboissons.<\/b><\/p>\n<p><b>Classe \u00e9nerg\u00e9tique A++ pour un fonctionnement \u00e9conome et \u00e9cologique.<\/b><\/p>\n<p><b>Capacit\u00e9 de 108 litres avec un compartiment cong\u00e9lateur de 13 litres pour gla\u00e7ons et<br \/>\nfriandises surgel\u00e9es.<\/b><\/p>\n<p>Issues du<b>\u00a0r\u00e9frig\u00e9rateur<\/b>\u00a0styl\u00e9\u00a0<b>Klarstein<\/b>\u00a0PopArt de look r\u00e9tro des fifties, les petits<br \/>\nd\u00e9lices tout juste rafra\u00eechis auront particuli\u00e8rement bon go\u00fbt\u00a0! Gr\u00e2ce \u00e0 la classe<br \/>\n\u00e9nerg\u00e9tique A++, c\u2019est un point de mire \u00e9cologique \u2013 pas uniquement lorsqu\u2019il fait<br \/>\nchaud.<\/p>\n<p>Charg\u00e9 avec de superbes produits, vous rentrer dans la cuisine par une belle journ\u00e9e<br \/>\nensoleill\u00e9e. Vous ouvrez votre\u00a0<b>r\u00e9frig\u00e9rateur<\/b>\u00a0color\u00e9\u00a0<b>Klarstein<\/b>\u00a0PopArt\u00a0dans un<br \/>\nravissant design des ann\u00e9es 50, rangez les boissons dans le compartiment \u00e0 bouteilles<br \/>\net r\u00e9partissez les snacks dans les \u00e9tag\u00e8res pratiques dans le grand espace int\u00e9rieur<br \/>\nde 108 litres \u2013 mais les \u0153ufs et les bouteilles trouvent aussi leur place. Il y a<br \/>\nm\u00eame de la place pour des pizzas, des frites ou de la d\u00e9licieuse cr\u00e8me glac\u00e9e dans le<br \/>\ncompartiment cong\u00e9lateur int\u00e9gr\u00e9 de 13 litres. Accordez-vous de d\u00e9licieuses<br \/>\nfriandises et des boissons fra\u00eeches, seul, \u00e0 deux ou avec des invit\u00e9s surprise : le<br \/>\n<b>r\u00e9frig\u00e9rateur<\/b>\u00a0styl\u00e9 compact\u00a0<b>Klarstein<\/b>\u00a0PopArt a toujours un petit quelque chose \u00e0<br \/>\ndisposition. L\u2019approvisionnement est toujours tout proche et sera bien en vue dans<br \/>\nvotre r\u00e9frig\u00e9rateur. D\u00e9gustez avec bonne conscience, car avec sa classe \u00e9nerg\u00e9tique<br \/>\nA++ il travaille particuli\u00e8rement \u00e9cologiquement. Le logo sur la porte, le coloris<br \/>\npop et les pieds m\u00e9talliques lui donnent un charme r\u00e9tro intemporel et font de ce<br \/>\nr\u00e9frig\u00e9rateur un accessoire d\u00e9coratif.<\/p>\n<p>Conclusion : choisir les friandises pr\u00e9f\u00e9r\u00e9es, refermer la belle porte, continuer la<br \/>\nd\u00e9gustation : avec le\u00a0<b>r\u00e9frig\u00e9rateur<\/b>\u00a0r\u00e9tro\u00a0<b>Klarstein<\/b>\u00a0PopArt.<\/p>\n<p>Variantes disponibles :\u00a0<b>PopArt Pink<\/b>, PopArt Blue (Article 10030289)<\/p>\n<p><b>Top Features:<\/b><\/p>\n<p>\u2022 Combinaison r\u00e9frig\u00e9rateur-cong\u00e9lateur compacte en design r\u00e9tro rond des ann\u00e9es 50<br \/>\n\u2022 Spacieuse capacit\u00e9 de 108 litres<br \/>\n\u2022 Compartiment cong\u00e9lateur int\u00e9gr\u00e9 avec capacit\u00e9 de 13 litres pour pizzas, frites,<br \/>\ncr\u00e8me glac\u00e9e et gla\u00e7ons<br \/>\n\u2022 Ecologique et \u00e9conome avec classe \u00e9nerg\u00e9tique A++<\/p>\n<p><b>Caract\u00e9ristiques:<\/b><\/p>\n<p>\u2022 Temp\u00e9rature r\u00e9glable<br \/>\n\u2022 2 \u00e9tag\u00e8res, compartiment \u00e0 l\u00e9gumes<br \/>\n\u2022 Compartiment \u00e0 bouteilles et d\u00e9p\u00f4t pour \u0153ufs dans la porte<br \/>\n\u2022 Quatre pieds<br \/>\n\u2022 Fonction r\u00e9frig\u00e9ration-\u00e9clair : des boissons froides en quelques minutes<br \/>\n\u2022 Poign\u00e9e \u00e0 droite<br \/>\n\u2022 Logo sur la porte<br \/>\n\u2022 Coloris : rose<\/p>\n<p><b>Inclus dans la livraison:<\/b><\/p>\n<p>\u2022 1 x r\u00e9frig\u00e9rateur<br \/>\n\u2022 Notice d\u2019utilisation en anglais (autre langue : allemand)<\/p>\n<p><b>Dimensions:<\/b><\/p>\n<p>\u2022 Dimensions : env. 55 x 97 x 55 cm (LxHxP)<br \/>\n\u2022 Dimensions (espace int\u00e9rieur) env. 50 x 72 x 30 cm (LxHxP)<br \/>\n\u2022 Poids : env. 35 kg<\/p>\n<\/div>\n<div id=\"desc\" class=\"anchor\"><\/div>\n<div id=\"descContent\" class=\"fpBlk testSep\" data-cs-override-id=\"Descriptif\">\n<p class=\"fpMb\">Combinaison r\u00e9frig\u00e9rateur-cong\u00e9lateur compacte en design r\u00e9tro rond des ann\u00e9es 50 | Spacieuse capacit\u00e9 de 108 litres | Compartiment cong\u00e9lateur int\u00e9gr\u00e9 avec capacit\u00e9 de 13 litres pour pizzas, frites, cr\u00e8me glac\u00e9e et gla\u00e7ons<\/p>\n<div class=\"regBloc no1023\">\n<div id=\"gpt-R2-300X250BODY2\" data-google-query-id=\"CLH97b3qlOgCFYOncQod2AYL3g\"><\/div>\n<div class=\"regTxt\"><\/div>\n<\/div>\n<table class=\"fpDescTb fpDescTbPub\">\n<tbody>\n<tr>\n<th colspan=\"2\">Informations g\u00e9n\u00e9rales sur le produit<\/th>\n<\/tr>\n<tr>\n<td>Marque<\/td>\n<td>KLARSTEIN<\/td>\n<\/tr>\n<tr>\n<td>Nom du produit<\/td>\n<td>Klarstein PopArt R\u00e9frig\u00e9rateur frigo design r\u00e9tro<\/td>\n<\/tr>\n<tr>\n<td>Cat\u00e9gorie<\/td>\n<td>R\u00c9FRIG\u00c9RATEUR CLASSIQUE<\/td>\n<\/tr>\n<tr>\n<th colspan=\"2\">Informations sur le produit<\/th>\n<\/tr>\n<tr>\n<td>Vintage<\/td>\n<td>Oui<\/td>\n<\/tr>\n<tr>\n<th colspan=\"2\">G\u00e9n\u00e9ral<\/th>\n<\/tr>\n<tr>\n<td>Type de produit<\/td>\n<td>R\u00e9frig\u00e9rateur avec compartiment de cong\u00e9lateur<\/td>\n<\/tr>\n<tr>\n<td>Cat\u00e9gorie de r\u00e9frig\u00e9rateur<\/td>\n<td>R\u00e9frig\u00e9rateur avec compartiment quatre \u00e9toiles<\/td>\n<\/tr>\n<tr>\n<td>Classe \u00e9nerg\u00e9tique<\/td>\n<td>Classe A++<\/td>\n<\/tr>\n<tr>\n<td>Consommation d\u2019\u00e9nergie annuelle<\/td>\n<td>136 kWh<\/td>\n<\/tr>\n<tr>\n<td>Volume utile total<\/td>\n<td>121 litres<\/td>\n<\/tr>\n<tr>\n<td>Volume utile de r\u00e9frig\u00e9rateur<\/td>\n<td>108 litres<\/td>\n<\/tr>\n<tr>\n<td>Volume utile de cong\u00e9lateur<\/td>\n<td>13 litres<\/td>\n<\/tr>\n<tr>\n<td>Classe climatique<\/td>\n<td>ST<\/td>\n<\/tr>\n<tr>\n<td>Nombre d\u2019\u00e9toiles du compartiment cong\u00e9lation<\/td>\n<td>****<\/td>\n<\/tr>\n<tr>\n<td>Niveau sonore maximum<\/td>\n<td>42 dB<\/td>\n<\/tr>\n<tr>\n<td>Format<\/td>\n<td>Pose libre<\/td>\n<\/tr>\n<tr>\n<td>Couleur<\/td>\n<td>Rose<\/td>\n<\/tr>\n<tr>\n<td>Nombre de portes<\/td>\n<td>1<\/td>\n<\/tr>\n<tr>\n<td>Autonomie en cas de coupure<\/td>\n<td>5.9 hrs<\/td>\n<\/tr>\n<tr>\n<td>Contr\u00f4le<\/td>\n<td>M\u00e9canique<\/td>\n<\/tr>\n<tr>\n<td>Charni\u00e8re de porte<\/td>\n<td>Droite<\/td>\n<\/tr>\n<tr>\n<th colspan=\"2\">Caract\u00e9ristiques du r\u00e9frig\u00e9rateur<\/th>\n<\/tr>\n<tr>\n<td>Eclairage int\u00e9rieur du r\u00e9frig\u00e9rateur<\/td>\n<td>Oui<\/td>\n<\/tr>\n<tr>\n<td>Nombre d\u2019\u00e9tag\u00e8res du r\u00e9frig\u00e9rateur<\/td>\n<td>2<\/td>\n<\/tr>\n<tr>\n<td>Nombre de tiroirs du r\u00e9frig\u00e9rateur<\/td>\n<td>1<\/td>\n<\/tr>\n<tr>\n<td>Nombre de compartiments de porte du r\u00e9frig\u00e9rateur<\/td>\n<td>2<\/td>\n<\/tr>\n<tr>\n<td>Caract\u00e9ristiques des \u00e9tag\u00e8res\/compartiments du r\u00e9frig\u00e9rateur<\/td>\n<td>1 x rangement bouteille dans porte<\/td>\n<\/tr>\n<tr>\n<td>Entreposage int\u00e9rieur<\/td>\n<td>Oui<\/td>\n<\/tr>\n<tr>\n<th colspan=\"2\">Divers<\/th>\n<\/tr>\n<tr>\n<td>Roulettes \/ pieds<\/td>\n<td>Pieds r\u00e9glables<\/td>\n<\/tr>\n<tr>\n<td>Normes de conformit\u00e9<\/td>\n<td>Directive 1060\/2010\/EU<\/td>\n<\/tr>\n<tr>\n<th colspan=\"2\">Dimensions et poids<\/th>\n<\/tr>\n<tr>\n<td>Largeur<\/td>\n<td>55 cm<\/td>\n<\/tr>\n<tr>\n<td>Profondeur<\/td>\n<td>55 cm<\/td>\n<\/tr>\n<tr>\n<td>Hauteur<\/td>\n<td>97 cm<\/td>\n<\/tr>\n<tr>\n<td>Poids<\/td>\n<td>35 kg<\/td>\n<\/tr>\n<\/tbody>\n<\/table>\n<\/div>","protected":false},"excerpt":{"rendered":"<ul>\n<li>Garantie (\u00b2) : 2 ans \u2013 pi\u00e8ces, main d\u2019\u0153uvre et d\u00e9placement<\/li>\n<li>Volume utile total : 121 litres<\/li>\n<li>Nombre d\u2019\u00e9toiles du compartiment cong\u00e9lation : ****<\/li>\n<li>Niveau sonore maximal : 42 dB<\/li>\n<li>Couleur : Rose<\/li>\n<\/ul>","protected":false},"featured_media":10900,"comment_status":"open","ping_status":"closed","template":"","meta":{"inline_featured_image":false,"_joinchat":[]},"product_cat":[120,128,129],"product_tag":[],"class_list":{"0":"post-10802","1":"product","2":"type-product","3":"status-publish","4":"has-post-thumbnail","6":"product_cat-gros-electromenagers","7":"product_cat-refrigerateur-congelateur","8":"product_cat-refrigerateurs","10":"first","11":"instock","12":"shipping-taxable","13":"purchasable","14":"product-type-simple"},"_links":{"self":[{"href":"https:\/\/kitchtenstore.com\/fr\/wp-json\/wp\/v2\/product\/10802","targetHints":{"allow":["GET"]}}],"collection":[{"href":"https:\/\/kitchtenstore.com\/fr\/wp-json\/wp\/v2\/product"}],"about":[{"href":"https:\/\/kitchtenstore.com\/fr\/wp-json\/wp\/v2\/types\/product"}],"replies":[{"embeddable":true,"href":"https:\/\/kitchtenstore.com\/fr\/wp-json\/wp\/v2\/comments?post=10802"}],"version-history":[{"count":1,"href":"https:\/\/kitchtenstore.com\/fr\/wp-json\/wp\/v2\/product\/10802\/revisions"}],"predecessor-version":[{"id":10903,"href":"https:\/\/kitchtenstore.com\/fr\/wp-json\/wp\/v2\/product\/10802\/revisions\/10903"}],"wp:featuredmedia":[{"embeddable":true,"href":"https:\/\/kitchtenstore.com\/fr\/wp-json\/wp\/v2\/media\/10900"}],"wp:attachment":[{"href":"https:\/\/kitchtenstore.com\/fr\/wp-json\/wp\/v2\/media?parent=10802"}],"wp:term":[{"taxonomy":"product_cat","embeddable":true,"href":"https:\/\/kitchtenstore.com\/fr\/wp-json\/wp\/v2\/product_cat?post=10802"},{"taxonomy":"product_tag","embeddable":true,"href":"https:\/\/kitchtenstore.com\/fr\/wp-json\/wp\/v2\/product_tag?post=10802"}],"curies":[{"name":"wp","href":"https:\/\/api.w.org\/{rel}","templated":true}]}}