{"id":10801,"date":"2022-10-23T10:27:38","date_gmt":"2022-10-23T10:27:38","guid":{"rendered":"https:\/\/kitchtenstore.com\/?post_type=product&#038;p=10801"},"modified":"2022-10-23T10:28:42","modified_gmt":"2022-10-23T10:28:42","slug":"refrigerateur-congelateur-haut-lg-gt5525ps-254l-19856-froid-ventile-a-l-556cm-x-h-1665cm-silver-fabrique-glace","status":"publish","type":"product","link":"https:\/\/kitchtenstore.com\/fr\/produit\/refrigerateur-congelateur-haut-lg-gt5525ps-254l-19856-froid-ventile-a-l-556cm-x-h-1665cm-silver-fabrique-glace\/","title":{"rendered":"R\u00e9frig\u00e9rateur cong\u00e9lateur haut LG GT5525PS \u2013 254L (198+56) \u2013 Froid ventil\u00e9 \u2013 A++ \u2013 L 55,6cm x H 166,5cm \u2013 Silver \u2013 Fabrique gla\u00e7e"},"content":{"rendered":"<table class=\"fpDescTb fpDescTbPub\">\n<tbody>\n<tr>\n<th colspan=\"2\">Informations g\u00e9n\u00e9rales sur le produit<\/th>\n<\/tr>\n<tr>\n<td>Marque<\/td>\n<td>LG<\/td>\n<\/tr>\n<tr>\n<td>Nom du produit<\/td>\n<td>LG GT5525PS \u2013 R\u00e9frig\u00e9rateur cong\u00e9lateur haut \u2013 254<\/td>\n<\/tr>\n<tr>\n<td>Cat\u00e9gorie<\/td>\n<td>R\u00c9FRIG\u00c9RATEUR CLASSIQUE<\/td>\n<\/tr>\n<tr>\n<th colspan=\"2\">Informations sur le produit<\/th>\n<\/tr>\n<tr>\n<td>Couleur(s)<\/td>\n<td>Silver<\/td>\n<\/tr>\n<tr>\n<th colspan=\"2\">G\u00e9n\u00e9ral<\/th>\n<\/tr>\n<tr>\n<td>Type de produit<\/td>\n<td>R\u00e9frig\u00e9rateur\/cong\u00e9lateur \u2013 cong\u00e9lateur haut<\/td>\n<\/tr>\n<tr>\n<td>Cat\u00e9gorie de r\u00e9frig\u00e9rateur<\/td>\n<td>R\u00e9frig\u00e9rateur-cong\u00e9lateur<\/td>\n<\/tr>\n<tr>\n<td>Classe \u00e9nerg\u00e9tique<\/td>\n<td>Classe A++<\/td>\n<\/tr>\n<tr>\n<td>Consommation d\u2019\u00e9nergie annuelle<\/td>\n<td>204 kWh<\/td>\n<\/tr>\n<tr>\n<td>Volume utile totale<\/td>\n<td>254<\/td>\n<\/tr>\n<tr>\n<td>Volume utile total<\/td>\n<td>254 litres<\/td>\n<\/tr>\n<tr>\n<td>Volume utile de r\u00e9frig\u00e9rateur<\/td>\n<td>198 litres<\/td>\n<\/tr>\n<tr>\n<td>Volume utile de cong\u00e9lateur<\/td>\n<td>56 litres<\/td>\n<\/tr>\n<tr>\n<td>Classe climatique<\/td>\n<td>T<\/td>\n<\/tr>\n<tr>\n<td>Nombre d\u2019\u00e9toiles du compartiment cong\u00e9lation<\/td>\n<td>****<\/td>\n<\/tr>\n<tr>\n<td>Niveau sonore maximum<\/td>\n<td>39 dB<\/td>\n<\/tr>\n<tr>\n<td>Format<\/td>\n<td>Pose libre<\/td>\n<\/tr>\n<tr>\n<td>Couleur<\/td>\n<td>Argent<\/td>\n<\/tr>\n<tr>\n<td>Nombre de portes<\/td>\n<td>2<\/td>\n<\/tr>\n<tr>\n<td>Autonomie en cas de coupure<\/td>\n<td>12 hrs<\/td>\n<\/tr>\n<tr>\n<td>Contr\u00f4le<\/td>\n<td>M\u00e9canique<\/td>\n<\/tr>\n<tr>\n<td>Eclairage int\u00e9rieur<\/td>\n<td>Eclairage int\u00e9rieur \u00e0 LED<\/td>\n<\/tr>\n<tr>\n<td>Type(s) de froid<\/td>\n<td>Froid ventil\u00e9<\/td>\n<\/tr>\n<tr>\n<td>Froid ventil\u00e9<\/td>\n<td>Froid ventil\u00e9 total<\/td>\n<\/tr>\n<tr>\n<td>D\u00e9givrage automatique<\/td>\n<td>Oui \u2013 froid ventil\u00e9 total<\/td>\n<\/tr>\n<tr>\n<td>Gaz r\u00e9frig\u00e9rant<\/td>\n<td>R 600 A<\/td>\n<\/tr>\n<tr>\n<td>Moteur d\u2019onduleur<\/td>\n<td>Oui<\/td>\n<\/tr>\n<tr>\n<th colspan=\"2\">Caract\u00e9ristiques du r\u00e9frig\u00e9rateur<\/th>\n<\/tr>\n<tr>\n<td>Eclairage int\u00e9rieur du r\u00e9frig\u00e9rateur<\/td>\n<td>Oui<\/td>\n<\/tr>\n<tr>\n<td>Nombre d\u2019\u00e9tag\u00e8res du r\u00e9frig\u00e9rateur<\/td>\n<td>2<\/td>\n<\/tr>\n<tr>\n<td>Nombre de tiroirs du r\u00e9frig\u00e9rateur<\/td>\n<td>1<\/td>\n<\/tr>\n<tr>\n<td>Nombre de compartiments de porte du r\u00e9frig\u00e9rateur<\/td>\n<td>4<\/td>\n<\/tr>\n<tr>\n<td>Entreposage int\u00e9rieur<\/td>\n<td>Oui<\/td>\n<\/tr>\n<tr>\n<th colspan=\"2\">Divers<\/th>\n<\/tr>\n<tr>\n<td>Normes de conformit\u00e9<\/td>\n<td>Directive 1060\/2010\/EU<\/td>\n<\/tr>\n<tr>\n<th colspan=\"2\">Dimensions et poids<\/th>\n<\/tr>\n<tr>\n<td>Largeur<\/td>\n<td>55.5 cm<\/td>\n<\/tr>\n<tr>\n<td>Profondeur<\/td>\n<td>62 cm<\/td>\n<\/tr>\n<tr>\n<td>Hauteur<\/td>\n<td>166.5 cm<\/td>\n<\/tr>\n<tr>\n<td>Poids<\/td>\n<td>52 kg<\/td>\n<\/tr>\n<tr>\n<th colspan=\"2\">Dimensions et poids (emball\u00e9)<\/th>\n<\/tr>\n<tr>\n<td>Poids (Exp\u00e9dition)<\/td>\n<td>57 kg<\/td>\n<\/tr>\n<tr>\n<td>Largeur (emball\u00e9e)<\/td>\n<td>58 cm<\/td>\n<\/tr>\n<tr>\n<td>Profondeur (emball\u00e9e)<\/td>\n<td>65.5 cm<\/td>\n<\/tr>\n<tr>\n<td>Hauteur (Exp\u00e9dition)<\/td>\n<td>175 cm<\/td>\n<\/tr>\n<tr>\n<th colspan=\"2\">Caract\u00e9ristiques du cong\u00e9lateur<\/th>\n<\/tr>\n<tr>\n<td>Nombre d\u2019\u00e9tag\u00e8res du cong\u00e9lateur<\/td>\n<td>1<\/td>\n<\/tr>\n<tr>\n<td>Capacit\u00e9 de cong\u00e9lation<\/td>\n<td>2.5 kg \/ 24 h<\/td>\n<\/tr>\n<tr>\n<td>Nombre de compartiments de porte du cong\u00e9lateur<\/td>\n<td>2<\/td>\n<\/tr>\n<tr>\n<td>Cong\u00e9lation rapide<\/td>\n<td>Oui<\/td>\n<\/tr>\n<tr>\n<td>Compartiment de cong\u00e9lation \/ D\u00e9tails de zone<\/td>\n<td>1 x compartiment \u00e0 glace \u2013 6 litres **<\/td>\n<\/tr>\n<tr>\n<th colspan=\"2\">R\u00e9glages, commandes et voyants<\/th>\n<\/tr>\n<tr>\n<td>Emplacement du contr\u00f4le<\/td>\n<td>A l\u2019int\u00e9rieur<\/td>\n<\/tr>\n<tr>\n<td>Panneau de contr\u00f4le cach\u00e9<\/td>\n<td>Oui<\/td>\n<\/tr>\n<\/tbody>\n<\/table>","protected":false},"excerpt":{"rendered":"<ul>\n<li>Type(s) de froid : Froid ventil\u00e9<\/li>\n<li>Volume utile total : 254 litres<\/li>\n<li>Nombre d\u2019\u00e9toiles du compartiment cong\u00e9lation : ****<\/li>\n<li>Niveau sonore maximal : 39 dB<\/li>\n<li>Couleur : Argent<\/li>\n<\/ul>","protected":false},"featured_media":10896,"comment_status":"open","ping_status":"closed","template":"","meta":{"inline_featured_image":false,"_joinchat":[]},"product_cat":[120,128,129],"product_tag":[],"class_list":{"0":"post-10801","1":"product","2":"type-product","3":"status-publish","4":"has-post-thumbnail","6":"product_cat-gros-electromenagers","7":"product_cat-refrigerateur-congelateur","8":"product_cat-refrigerateurs","10":"first","11":"instock","12":"shipping-taxable","13":"purchasable","14":"product-type-simple"},"_links":{"self":[{"href":"https:\/\/kitchtenstore.com\/fr\/wp-json\/wp\/v2\/product\/10801","targetHints":{"allow":["GET"]}}],"collection":[{"href":"https:\/\/kitchtenstore.com\/fr\/wp-json\/wp\/v2\/product"}],"about":[{"href":"https:\/\/kitchtenstore.com\/fr\/wp-json\/wp\/v2\/types\/product"}],"replies":[{"embeddable":true,"href":"https:\/\/kitchtenstore.com\/fr\/wp-json\/wp\/v2\/comments?post=10801"}],"version-history":[{"count":1,"href":"https:\/\/kitchtenstore.com\/fr\/wp-json\/wp\/v2\/product\/10801\/revisions"}],"predecessor-version":[{"id":10899,"href":"https:\/\/kitchtenstore.com\/fr\/wp-json\/wp\/v2\/product\/10801\/revisions\/10899"}],"wp:featuredmedia":[{"embeddable":true,"href":"https:\/\/kitchtenstore.com\/fr\/wp-json\/wp\/v2\/media\/10896"}],"wp:attachment":[{"href":"https:\/\/kitchtenstore.com\/fr\/wp-json\/wp\/v2\/media?parent=10801"}],"wp:term":[{"taxonomy":"product_cat","embeddable":true,"href":"https:\/\/kitchtenstore.com\/fr\/wp-json\/wp\/v2\/product_cat?post=10801"},{"taxonomy":"product_tag","embeddable":true,"href":"https:\/\/kitchtenstore.com\/fr\/wp-json\/wp\/v2\/product_tag?post=10801"}],"curies":[{"name":"wp","href":"https:\/\/api.w.org\/{rel}","templated":true}]}}