{"id":10800,"date":"2022-10-23T10:27:38","date_gmt":"2022-10-23T10:27:38","guid":{"rendered":"https:\/\/kitchtenstore.com\/?post_type=product&#038;p=10800"},"modified":"2022-10-23T10:28:39","modified_gmt":"2022-10-23T10:28:39","slug":"refrigerateur-combine-262l-196l-66l-froid-statique-a-l-55-x-h-180-cm-noir-continental-edison-cefc262db","status":"publish","type":"product","link":"https:\/\/kitchtenstore.com\/fr\/produit\/refrigerateur-combine-262l-196l-66l-froid-statique-a-l-55-x-h-180-cm-noir-continental-edison-cefc262db\/","title":{"rendered":"R\u00e9frig\u00e9rateur combin\u00e9 \u2013 262L (196L + 66L) \u2013 Froid statique \u2013 A+ \u2013 L 55 x H 180 cm \u2013 Noir CONTINENTAL EDISON CEFC262DB \u2013"},"content":{"rendered":"<div class=\"woocommerce-tabs wc-tabs-wrapper\">\n<div id=\"tab-description\" class=\"woocommerce-Tabs-panel woocommerce-Tabs-panel--description panel entry-content wc-tab\" role=\"tabpanel\" aria-labelledby=\"tab-title-description\">\n<div id=\"presContent\" class=\"fpBlk testSep extCode\">\n<div>\n<div>\n<h3>R\u00e9frig\u00e9rateur combin\u00e9 \u2013 SES CARACTERISTIQUES :<\/h3>\n<\/div>\n<div>\n<ul>\n<li><strong>Niveau sonore : 39dB<\/strong><\/li>\n<li><strong>Classe \u00e9nerg\u00e9tique : A+<\/strong><\/li>\n<li><strong>Froid statique<\/strong><\/li>\n<li><strong>Portes r\u00e9versibles<\/strong><\/li>\n<\/ul>\n<ul>\n<li><strong>Capacit\u00e9 du r\u00e9servoir : 2,5l<\/strong><\/li>\n<li><strong>15h d\u2019autonomie en cas de coupures<\/strong><\/li>\n<li><strong>Eclairage int\u00e9rieur<\/strong><\/li>\n<li><strong>Pose libre<\/strong><\/li>\n<\/ul>\n<\/div>\n<\/div>\n<\/div>\n<div id=\"desc\" class=\"anchor\"><\/div>\n<div id=\"descContent\" class=\"fpBlk testSep\" data-cs-override-id=\"Descriptif\">\n<p class=\"fpMb\">262L (196L + 66L)-Froid statique-A+-L 55 x H 180 cm-Noir-Distributeur d\u2019eau-D\u00e9givrage automatique du r\u00e9frig\u00e9rateur-Capacit\u00e9 de cong\u00e9lation 3 kg \/ 24h-Autonomie 15h-Evaporateur int\u00e9gr\u00e9-Portes r\u00e9versibles-Temp\u00e9rature r\u00e9glable<\/p>\n<div class=\"regBloc no1023\">\n<div id=\"gpt-R2-300X250BODY2\" data-google-query-id=\"COCk6s_ilOgCFU3C7QodZ9sNJQ\"><\/div>\n<div class=\"regTxt\"><\/div>\n<\/div>\n<table class=\"fpDescTb fpDescTbPub\">\n<tbody>\n<tr>\n<th colspan=\"2\">Informations g\u00e9n\u00e9rales sur le produit<\/th>\n<\/tr>\n<tr>\n<td>Marque<\/td>\n<td>CONTINENTAL EDISON<\/td>\n<\/tr>\n<tr>\n<td>Nom du produit<\/td>\n<td>CONTINENTAL EDISON CEFC262DB \u2013 R\u00e9frig\u00e9rateur combi<\/td>\n<\/tr>\n<tr>\n<td>Cat\u00e9gorie<\/td>\n<td>R\u00c9FRIG\u00c9RATEUR CLASSIQUE<\/td>\n<\/tr>\n<tr>\n<th colspan=\"2\">Informations sur le produit<\/th>\n<\/tr>\n<tr>\n<td>Couleur(s)<\/td>\n<td>Noir<\/td>\n<\/tr>\n<tr>\n<th colspan=\"2\">G\u00e9n\u00e9ral<\/th>\n<\/tr>\n<tr>\n<td>Type de produit<\/td>\n<td>R\u00e9frig\u00e9rateur\/cong\u00e9lateur \u2013 cong\u00e9lateur bas<\/td>\n<\/tr>\n<tr>\n<td>Cat\u00e9gorie de r\u00e9frig\u00e9rateur<\/td>\n<td>R\u00e9frig\u00e9rateur-cong\u00e9lateur<\/td>\n<\/tr>\n<tr>\n<td>Classe \u00e9nerg\u00e9tique<\/td>\n<td>Classe A+<\/td>\n<\/tr>\n<tr>\n<td>Consommation d\u2019\u00e9nergie annuelle<\/td>\n<td>248 kWh<\/td>\n<\/tr>\n<tr>\n<td>Volume utile total<\/td>\n<td>262 litres<\/td>\n<\/tr>\n<tr>\n<td>Volume utile de r\u00e9frig\u00e9rateur<\/td>\n<td>196 litres<\/td>\n<\/tr>\n<tr>\n<td>Volume utile de cong\u00e9lateur<\/td>\n<td>66 litres<\/td>\n<\/tr>\n<tr>\n<td>Classe climatique<\/td>\n<td>ST<\/td>\n<\/tr>\n<tr>\n<td>Nombre d\u2019\u00e9toiles du compartiment cong\u00e9lation<\/td>\n<td>****<\/td>\n<\/tr>\n<tr>\n<td>Niveau sonore maximum<\/td>\n<td>39 dB<\/td>\n<\/tr>\n<tr>\n<td>Format<\/td>\n<td>Pose libre<\/td>\n<\/tr>\n<tr>\n<td>Couleur<\/td>\n<td>Noir<\/td>\n<\/tr>\n<tr>\n<td>Nombre de portes<\/td>\n<td>2<\/td>\n<\/tr>\n<tr>\n<td>Portes r\u00e9versibles<\/td>\n<td>Oui<\/td>\n<\/tr>\n<tr>\n<td>Autonomie en cas de coupure<\/td>\n<td>15 hrs<\/td>\n<\/tr>\n<tr>\n<td>Contr\u00f4le<\/td>\n<td>M\u00e9canique<\/td>\n<\/tr>\n<tr>\n<td>Nombre de compresseurs<\/td>\n<td>1<\/td>\n<\/tr>\n<tr>\n<td>Type(s) de froid<\/td>\n<td>Froid statique<\/td>\n<\/tr>\n<tr>\n<td>D\u00e9givrage automatique<\/td>\n<td>Oui \u2013 r\u00e9frig\u00e9rateur<\/td>\n<\/tr>\n<tr>\n<td>Capacit\u00e9 du r\u00e9servoir d\u2019eau<\/td>\n<td>2.5 litres<\/td>\n<\/tr>\n<tr>\n<th colspan=\"2\">Caract\u00e9ristiques du r\u00e9frig\u00e9rateur<\/th>\n<\/tr>\n<tr>\n<td>Eclairage int\u00e9rieur du r\u00e9frig\u00e9rateur<\/td>\n<td>Oui<\/td>\n<\/tr>\n<tr>\n<td>Nombre d\u2019\u00e9tag\u00e8res du r\u00e9frig\u00e9rateur<\/td>\n<td>4<\/td>\n<\/tr>\n<tr>\n<td>Nombre de tiroirs du r\u00e9frig\u00e9rateur<\/td>\n<td>1<\/td>\n<\/tr>\n<tr>\n<td>Nombre de compartiments de porte du r\u00e9frig\u00e9rateur<\/td>\n<td>4<\/td>\n<\/tr>\n<tr>\n<td>Caract\u00e9ristiques des \u00e9tag\u00e8res\/compartiments du r\u00e9frig\u00e9rateur<\/td>\n<td>3 x \u00e9tag\u00e8re \u2013 verre<br \/>\n1 x casier \u00e0 bouteilles<\/td>\n<\/tr>\n<tr>\n<td>Entreposage int\u00e9rieur<\/td>\n<td>Oui<\/td>\n<\/tr>\n<tr>\n<th colspan=\"2\">Divers<\/th>\n<\/tr>\n<tr>\n<td>Normes de conformit\u00e9<\/td>\n<td>RoHS, REACH, LVD, IP21, ERP, CEM, EuP<\/td>\n<\/tr>\n<tr>\n<td>Mat\u00e9riel<\/td>\n<td>Acier<\/td>\n<\/tr>\n<tr>\n<th colspan=\"2\">Consommation<\/th>\n<\/tr>\n<tr>\n<td>Longueur du cordon<\/td>\n<td>1.5 m<\/td>\n<\/tr>\n<tr>\n<td>Alimentation<\/td>\n<td>220 \u2013 240 V \/ 50 Hz<\/td>\n<\/tr>\n<tr>\n<td>Consommation d\u2019\u00e9nergie<\/td>\n<td>0.68 kWh<\/td>\n<\/tr>\n<tr>\n<td>Courant nominal<\/td>\n<td>0.5 A<\/td>\n<\/tr>\n<tr>\n<td>Type de prise<\/td>\n<td>Euro (style Fran\u00e7ais)<\/td>\n<\/tr>\n<tr>\n<th colspan=\"2\">Dimensions et poids<\/th>\n<\/tr>\n<tr>\n<td>Largeur<\/td>\n<td>55 cm<\/td>\n<\/tr>\n<tr>\n<td>Profondeur<\/td>\n<td>56 cm<\/td>\n<\/tr>\n<tr>\n<td>Hauteur<\/td>\n<td>180 cm<\/td>\n<\/tr>\n<tr>\n<td>Poids<\/td>\n<td>53 kg<\/td>\n<\/tr>\n<tr>\n<th colspan=\"2\">Dimensions et poids (emball\u00e9)<\/th>\n<\/tr>\n<tr>\n<td>Poids (Exp\u00e9dition)<\/td>\n<td>58 kg<\/td>\n<\/tr>\n<tr>\n<td>Largeur (emball\u00e9e)<\/td>\n<td>58 cm<\/td>\n<\/tr>\n<tr>\n<td>Profondeur (emball\u00e9e)<\/td>\n<td>58 cm<\/td>\n<\/tr>\n<tr>\n<td>Hauteur (Exp\u00e9dition)<\/td>\n<td>187 cm<\/td>\n<\/tr>\n<tr>\n<th colspan=\"2\">Caract\u00e9ristiques du cong\u00e9lateur<\/th>\n<\/tr>\n<tr>\n<td>Capacit\u00e9 de cong\u00e9lation<\/td>\n<td>3 kg \/ 24 h<\/td>\n<\/tr>\n<tr>\n<td>Nombre de tiroirs du cong\u00e9lateur<\/td>\n<td>3<\/td>\n<\/tr>\n<tr>\n<th colspan=\"2\">Glace et eau<\/th>\n<\/tr>\n<tr>\n<td>Distributeur<\/td>\n<td>Distributeur d\u2019eau<\/td>\n<\/tr>\n<\/tbody>\n<\/table>\n<\/div>\n<\/div>\n<\/div>","protected":false},"excerpt":{"rendered":"<ul>\n<li>Garantie (\u00b2) : 2 ans \u2013 pi\u00e8ces, main d\u2019\u0153uvre et d\u00e9placement<\/li>\n<li>Type(s) de froid : Froid statique<\/li>\n<li>Volume utile total : 262 litres<\/li>\n<li>Distributeur d\u2019eau<\/li>\n<li>Nombre de tiroir(s) : 3<\/li>\n<\/ul>\n<div class=\"jsFpBulletPointMore\">\n<ul>\n<li>Nombre d\u2019\u00e9toiles du compartiment cong\u00e9lation : ****<\/li>\n<li>Niveau sonore maximal : 39 dB<\/li>\n<li>Couleur : Noir<\/li>\n<li>Portes r\u00e9versibles : Oui<\/li>\n<\/ul>\n<\/div>","protected":false},"featured_media":10892,"comment_status":"open","ping_status":"closed","template":"","meta":{"inline_featured_image":false,"_joinchat":[]},"product_cat":[120,128,129],"product_tag":[],"class_list":{"0":"post-10800","1":"product","2":"type-product","3":"status-publish","4":"has-post-thumbnail","6":"product_cat-gros-electromenagers","7":"product_cat-refrigerateur-congelateur","8":"product_cat-refrigerateurs","10":"first","11":"instock","12":"shipping-taxable","13":"purchasable","14":"product-type-simple"},"_links":{"self":[{"href":"https:\/\/kitchtenstore.com\/fr\/wp-json\/wp\/v2\/product\/10800","targetHints":{"allow":["GET"]}}],"collection":[{"href":"https:\/\/kitchtenstore.com\/fr\/wp-json\/wp\/v2\/product"}],"about":[{"href":"https:\/\/kitchtenstore.com\/fr\/wp-json\/wp\/v2\/types\/product"}],"replies":[{"embeddable":true,"href":"https:\/\/kitchtenstore.com\/fr\/wp-json\/wp\/v2\/comments?post=10800"}],"version-history":[{"count":1,"href":"https:\/\/kitchtenstore.com\/fr\/wp-json\/wp\/v2\/product\/10800\/revisions"}],"predecessor-version":[{"id":10895,"href":"https:\/\/kitchtenstore.com\/fr\/wp-json\/wp\/v2\/product\/10800\/revisions\/10895"}],"wp:featuredmedia":[{"embeddable":true,"href":"https:\/\/kitchtenstore.com\/fr\/wp-json\/wp\/v2\/media\/10892"}],"wp:attachment":[{"href":"https:\/\/kitchtenstore.com\/fr\/wp-json\/wp\/v2\/media?parent=10800"}],"wp:term":[{"taxonomy":"product_cat","embeddable":true,"href":"https:\/\/kitchtenstore.com\/fr\/wp-json\/wp\/v2\/product_cat?post=10800"},{"taxonomy":"product_tag","embeddable":true,"href":"https:\/\/kitchtenstore.com\/fr\/wp-json\/wp\/v2\/product_tag?post=10800"}],"curies":[{"name":"wp","href":"https:\/\/api.w.org\/{rel}","templated":true}]}}