{"id":10760,"date":"2022-10-23T10:27:13","date_gmt":"2022-10-23T10:27:13","guid":{"rendered":"https:\/\/kitchtenstore.com\/?post_type=product&#038;p=10760"},"modified":"2022-10-23T10:28:20","modified_gmt":"2022-10-23T10:28:20","slug":"four-electrique-encastrable-chaleur-pulsee-68-l-pyrolyse-a-inox-anti-trace-electrolux-eec43402ox","status":"publish","type":"product","link":"https:\/\/kitchtenstore.com\/fr\/produit\/four-electrique-encastrable-chaleur-pulsee-68-l-pyrolyse-a-inox-anti-trace-electrolux-eec43402ox\/","title":{"rendered":"Four \u00e9lectrique encastrable \u2013 Chaleur puls\u00e9e \u2013 68 L \u2013 Pyrolyse \u2013 A \u2013 Inox anti trace ELECTROLUX EEC43402OX"},"content":{"rendered":"<div class=\"woocommerce-tabs wc-tabs-wrapper\">\n<div id=\"tab-description\" class=\"woocommerce-Tabs-panel woocommerce-Tabs-panel--description panel entry-content wc-tab\" role=\"tabpanel\" aria-labelledby=\"tab-title-description\">\n<table class=\"fpDescTb fpDescTbPub\">\n<tbody>\n<tr>\n<th colspan=\"2\">Informations g\u00e9n\u00e9rales sur le produit<\/th>\n<\/tr>\n<tr>\n<td>Marque<\/td>\n<td>ELECTROLUX<\/td>\n<\/tr>\n<tr>\n<td>Nom du produit<\/td>\n<td>ELECTROLUX EEC43402OX \u2013 Four \u00e9lectrique encastrabl<\/td>\n<\/tr>\n<tr>\n<td>Cat\u00e9gorie<\/td>\n<td>FOUR<\/td>\n<\/tr>\n<tr>\n<th colspan=\"2\">G\u00e9n\u00e9ral<\/th>\n<\/tr>\n<tr>\n<td>Type de produit<\/td>\n<td>Four \u2013 \u00e9lectrique<\/td>\n<\/tr>\n<tr>\n<td>Taille<\/td>\n<td>Grand<\/td>\n<\/tr>\n<tr>\n<td>Fabricant<\/td>\n<td>Electrolux<\/td>\n<\/tr>\n<tr>\n<td>Mod\u00e8le<\/td>\n<td>EEC43402OX<\/td>\n<\/tr>\n<tr>\n<td>Volume utile total du four<\/td>\n<td>68 litres<\/td>\n<\/tr>\n<tr>\n<td>Format<\/td>\n<td>Int\u00e9grable<\/td>\n<\/tr>\n<tr>\n<th colspan=\"2\">Four<\/th>\n<\/tr>\n<tr>\n<td>Type du four<\/td>\n<td>Four \u00e9lectrique \u2013 68 litres \u2013 classe A<\/td>\n<\/tr>\n<tr>\n<td>Positions de grille du four<\/td>\n<td>5<\/td>\n<\/tr>\n<tr>\n<td>Consommation \u00e9nerg\u00e9tique par cycle (mode conventionnel soufflant)<\/td>\n<td>0.88 kWh<\/td>\n<\/tr>\n<tr>\n<td>Indice d\u2019efficacit\u00e9 \u00e9nerg\u00e9tique<\/td>\n<td>106<\/td>\n<\/tr>\n<tr>\n<td>Consommation \u00e9lectrique par cycle (mode conventionnel)<\/td>\n<td>0.93 kWh<\/td>\n<\/tr>\n<tr>\n<td>Lumi\u00e8re du four<\/td>\n<td>Oui<\/td>\n<\/tr>\n<tr>\n<th colspan=\"2\">Fonctions du four<\/th>\n<\/tr>\n<tr>\n<td>Auto-nettoyage<\/td>\n<td>Oui, \u00e0 pyrolyse<\/td>\n<\/tr>\n<tr>\n<th colspan=\"2\">R\u00e9glages, commandes et voyants<\/th>\n<\/tr>\n<tr>\n<td>Type de commande<\/td>\n<td>Electrom\u00e9canique<\/td>\n<\/tr>\n<tr>\n<th colspan=\"2\">Divers<\/th>\n<\/tr>\n<tr>\n<td>Accessoires inclus<\/td>\n<td>Rack<br \/>\nPlaque \u00e0 r\u00f4tir \/ \u00e0 griller<br \/>\nTournebroche<\/td>\n<\/tr>\n<tr>\n<th colspan=\"2\">Dimensions et poids<\/th>\n<\/tr>\n<tr>\n<td>Largeur<\/td>\n<td>59.4 cm<\/td>\n<\/tr>\n<tr>\n<td>Poids<\/td>\n<td>35.2 kg<\/td>\n<\/tr>\n<tr>\n<td>Hauteur<\/td>\n<td>59.4 cm<\/td>\n<\/tr>\n<tr>\n<td>Profondeur<\/td>\n<td>56.9 cm<\/td>\n<\/tr>\n<tr>\n<th colspan=\"2\">Vos garanties incluses pour les produits vendus par Cdiscount<\/th>\n<\/tr>\n<tr>\n<td>Garantie (\u00b2)<\/td>\n<td>2 ans \u2013 pi\u00e8ces, main d\u2019\u0153uvre et d\u00e9placement<\/td>\n<\/tr>\n<tr>\n<td>Observations<\/td>\n<td>\u2013 Voir conditions et modalit\u00e9s particuli\u00e8res dans les CGV pour les produits d\u2019occasion.<br \/>\n\u2013 Ces garanties ne sont pas applicables aux produits vendus pour la marketplace.<br \/>\nMerci de vous r\u00e9f\u00e9rer aux CGV du vendeur.<\/td>\n<\/tr>\n<tr>\n<th colspan=\"2\">Dimensions (Niche)<\/th>\n<\/tr>\n<tr>\n<td>Hauteur minimum<\/td>\n<td>59 cm<\/td>\n<\/tr>\n<tr>\n<td>Largeur minimum<\/td>\n<td>56 cm<\/td>\n<\/tr>\n<tr>\n<td>Profondeur minimum<\/td>\n<td>55 cm<\/td>\n<\/tr>\n<\/tbody>\n<\/table>\n<\/div>\n<\/div>","protected":false},"excerpt":{"rendered":"<p>Electrique encastrable-Chaleur puls\u00e9e-68 L-Pyrolyse-A-Inox anti trace-Porte froide 4 verres et porte d\u00e9montables sans outils-Bandeau m\u00e9tal-Programmateur \u00e9lectronique-Affichage LCD ambre-Pr\u00e9conisation de temp\u00e9rature-Indicateur de mont\u00e9e en temp\u00e9rature-Pr\u00e9conisation de Pyrolyse-Tournebroche<\/p>","protected":false},"featured_media":10868,"comment_status":"open","ping_status":"closed","template":"","meta":{"inline_featured_image":false,"_joinchat":[]},"product_cat":[140,120],"product_tag":[],"class_list":{"0":"post-10760","1":"product","2":"type-product","3":"status-publish","4":"has-post-thumbnail","6":"product_cat-fours","7":"product_cat-gros-electromenagers","9":"first","10":"instock","11":"sale","12":"shipping-taxable","13":"purchasable","14":"product-type-simple"},"_links":{"self":[{"href":"https:\/\/kitchtenstore.com\/fr\/wp-json\/wp\/v2\/product\/10760","targetHints":{"allow":["GET"]}}],"collection":[{"href":"https:\/\/kitchtenstore.com\/fr\/wp-json\/wp\/v2\/product"}],"about":[{"href":"https:\/\/kitchtenstore.com\/fr\/wp-json\/wp\/v2\/types\/product"}],"replies":[{"embeddable":true,"href":"https:\/\/kitchtenstore.com\/fr\/wp-json\/wp\/v2\/comments?post=10760"}],"version-history":[{"count":1,"href":"https:\/\/kitchtenstore.com\/fr\/wp-json\/wp\/v2\/product\/10760\/revisions"}],"predecessor-version":[{"id":10871,"href":"https:\/\/kitchtenstore.com\/fr\/wp-json\/wp\/v2\/product\/10760\/revisions\/10871"}],"wp:featuredmedia":[{"embeddable":true,"href":"https:\/\/kitchtenstore.com\/fr\/wp-json\/wp\/v2\/media\/10868"}],"wp:attachment":[{"href":"https:\/\/kitchtenstore.com\/fr\/wp-json\/wp\/v2\/media?parent=10760"}],"wp:term":[{"taxonomy":"product_cat","embeddable":true,"href":"https:\/\/kitchtenstore.com\/fr\/wp-json\/wp\/v2\/product_cat?post=10760"},{"taxonomy":"product_tag","embeddable":true,"href":"https:\/\/kitchtenstore.com\/fr\/wp-json\/wp\/v2\/product_tag?post=10760"}],"curies":[{"name":"wp","href":"https:\/\/api.w.org\/{rel}","templated":true}]}}