{"id":10759,"date":"2022-10-23T10:27:13","date_gmt":"2022-10-23T10:27:13","guid":{"rendered":"https:\/\/kitchtenstore.com\/?post_type=product&#038;p=10759"},"modified":"2022-10-23T10:28:18","modified_gmt":"2022-10-23T10:28:18","slug":"four-avec-micro-ondes-integre-67l-pyrolyse-inox-siemens-hm676g0s6","status":"publish","type":"product","link":"https:\/\/kitchtenstore.com\/fr\/produit\/four-avec-micro-ondes-integre-67l-pyrolyse-inox-siemens-hm676g0s6\/","title":{"rendered":"Four avec micro-ondes int\u00e9gr\u00e9 \u2013 67l \u2013 Pyrolyse \u2013 Inox SIEMENS \u2013 HM676G0S6"},"content":{"rendered":"<div id=\"presContent\" class=\"fpBlk testSep extCode\">\n<p>Nettoyage Pyrolyse Gradins et t\u00f4les \u00e0 p\u00e2tisserie pyrolysables Ecran TFT tactile couleur 3,7 , avec texte clair Monobouton central Volume 67 l 13 modes de cuisson : Air puls\u00e9 4D, convection naturelle, convection naturelle Eco, chaleur de vo\u00fbte et de sole, gril grande surface, gril petite surface, gril air puls\u00e9, maintien chaud, cuisson basse temp\u00e9rature, pr\u00e9chauffage, position pizza, hotAir Eco, coolStart (pour les surgel\u00e9s) Puissance max. : 900 W \u2013 5 puissances micro-ondes (90 W, 180 W, 360 W, 600 W, 900 W) avec Syst\u00e8me Innowave avec la technologie Inverter Home Connect : pilotage et contr\u00f4le de votre four \u00e0 distance Porte abattante, Syst\u00e8me softMove : fermeture douce assist\u00e9e, ouverture douce Porte froide 4 vitres Pr\u00e9conisation de temp\u00e9rature Affichage de la temp\u00e9rature Contr\u00f4le optique de la mont\u00e9e en temp\u00e9rature Fonction Sabbat Rail t\u00e9lescopique 1 niveau, pyrolysable (s) Pr\u00e9chauffage Booster \u00c9clairage LED Verrou de porte \u00e9lectronique S\u00e9curit\u00e9 enfants Coupure automatique du four Indicateur de chaleur r\u00e9siduelle Touche marche Interrupteur au contact de la porte Ventilateur de refroidissement<\/p>\n<\/div>\n<div id=\"desc\" class=\"anchor\"><\/div>\n<div id=\"descContent\" class=\"fpBlk testSep\" data-cs-override-id=\"Descriptif\">\n<p class=\"fpMb\">SIEMENS \u2013 Four micro-ondes combin\u00e9 pyrolyse inox 67 l \u2013 Ecran TFT tactile couleur 3,7\u2032 avec texte clair \u2013 Monobouton central \u2013 13 modes de cuisson \u2013 Fonction varioSpeed \u2013 Home Connect \u2013 Porte abattante, Syst\u00e8me softMove \u2013 Porte froide 4 vitres \u2013 Pr\u00e9conisation et affichage de la temp\u00e9rature \u2013 Rail t\u00e9lescopique 1 niveau<\/p>\n<div class=\"regBloc no1023\">\n<div id=\"gpt-R2-300X250BODY2\" data-google-query-id=\"CISdkK3hmugCFfZYFQgdXFsKPw\"><\/div>\n<div class=\"regTxt\"><\/div>\n<\/div>\n<table class=\"fpDescTb fpDescTbPub\">\n<tbody>\n<tr>\n<th colspan=\"2\">Informations g\u00e9n\u00e9rales sur le produit<\/th>\n<\/tr>\n<tr>\n<td>Marque<\/td>\n<td>SIEMENS<\/td>\n<\/tr>\n<tr>\n<td>Nom du produit<\/td>\n<td>SIEMENS \u2013 HM676G0S6 \u2013 Four avec micro-ondes int\u00e9gr<\/td>\n<\/tr>\n<tr>\n<td>Cat\u00e9gorie<\/td>\n<td>FOUR<\/td>\n<\/tr>\n<tr>\n<th colspan=\"2\">G\u00e9n\u00e9ral<\/th>\n<\/tr>\n<tr>\n<td>Type de produit<\/td>\n<td>Four combin\u00e9 \u2013 \u00e9lectrique<\/td>\n<\/tr>\n<tr>\n<td>Couleur<\/td>\n<td>Acier inoxydable<\/td>\n<\/tr>\n<tr>\n<td>Taille<\/td>\n<td>Grand<\/td>\n<\/tr>\n<tr>\n<td>Fabricant<\/td>\n<td>Siemens<\/td>\n<\/tr>\n<tr>\n<td>Mod\u00e8le<\/td>\n<td>HM676G0S6<\/td>\n<\/tr>\n<tr>\n<td>Volume utile total du four<\/td>\n<td>67 litres<\/td>\n<\/tr>\n<tr>\n<td>Type de porte<\/td>\n<td>Porte vitr\u00e9e<\/td>\n<\/tr>\n<tr>\n<td>Format<\/td>\n<td>Int\u00e9grable<\/td>\n<\/tr>\n<tr>\n<th colspan=\"2\">Four<\/th>\n<\/tr>\n<tr>\n<td>Type du four<\/td>\n<td>Four \u00e9lectrique \u2013 67 litres<\/td>\n<\/tr>\n<tr>\n<td>Nombre de modes de chauffage du four<\/td>\n<td>13<\/td>\n<\/tr>\n<tr>\n<td>Puissance maximale du micro-ondes<\/td>\n<td>900 Watt<\/td>\n<\/tr>\n<tr>\n<td>R\u00e9glages de puissance du micro-ondes<\/td>\n<td>900 W, 600 W, 360 W, 180 W, 90 W<\/td>\n<\/tr>\n<tr>\n<td>Type d\u2019ouverture de porte<\/td>\n<td>Porte abattante<\/td>\n<\/tr>\n<tr>\n<td>Fen\u00eatre du four<\/td>\n<td>Oui<\/td>\n<\/tr>\n<tr>\n<td>Qt\u00e9 de racks<\/td>\n<td>1<\/td>\n<\/tr>\n<tr>\n<th colspan=\"2\">Fonctions du four<\/th>\n<\/tr>\n<tr>\n<td>Auto-nettoyage<\/td>\n<td>Oui, \u00e0 pyrolyse (syst\u00e8me de nettoyage activeClean)<\/td>\n<\/tr>\n<tr>\n<td>Rev\u00eatement int\u00e9rieur<\/td>\n<td>titanGlanz<\/td>\n<\/tr>\n<tr>\n<th colspan=\"2\">R\u00e9glages, commandes et voyants<\/th>\n<\/tr>\n<tr>\n<td>Type de commande<\/td>\n<td>Electronique<\/td>\n<\/tr>\n<tr>\n<td>Emplacement des commandes<\/td>\n<td>Panneau avant<\/td>\n<\/tr>\n<tr>\n<td>Commandes tactiles<\/td>\n<td>Oui<\/td>\n<\/tr>\n<tr>\n<th colspan=\"2\">Consommation<\/th>\n<\/tr>\n<tr>\n<td>Puissance \u00e9lectrique<\/td>\n<td>3650 Watt<\/td>\n<\/tr>\n<tr>\n<td>Alimentation<\/td>\n<td>220 \u2013 240 V \/ 50\/60 Hz<\/td>\n<\/tr>\n<tr>\n<td>Longueur du cordon<\/td>\n<td>1.2 m<\/td>\n<\/tr>\n<tr>\n<th colspan=\"2\">Divers<\/th>\n<\/tr>\n<tr>\n<td>Fonctions de s\u00e9curit\u00e9<\/td>\n<td>S\u00e9curit\u00e9 enfants, commutateur de s\u00e9curit\u00e9, indicateur de chaleur r\u00e9siduelle, fermeture automatique de s\u00e9curit\u00e9 sur ouverture de porte, verrou de porte, porte refroidissante<\/td>\n<\/tr>\n<tr>\n<td>Accessoires inclus<\/td>\n<td>Grille combin\u00e9e<br \/>\nPlateau de cuisson vernis<br \/>\nPo\u00eale universelle<\/td>\n<\/tr>\n<tr>\n<th colspan=\"2\">Dimensions et poids<\/th>\n<\/tr>\n<tr>\n<td>Dimensions de la cavit\u00e9<\/td>\n<td>39.2 cm x 48 cm x 35.7 cm<\/td>\n<\/tr>\n<tr>\n<td>Largeur<\/td>\n<td>59.5 cm<\/td>\n<\/tr>\n<tr>\n<td>Poids<\/td>\n<td>46 kg<\/td>\n<\/tr>\n<tr>\n<td>Hauteur<\/td>\n<td>59.5 cm<\/td>\n<\/tr>\n<tr>\n<td>Profondeur<\/td>\n<td>54.8 cm<\/td>\n<\/tr>\n<tr>\n<th colspan=\"2\">Dimensions et poids (emball\u00e9)<\/th>\n<\/tr>\n<tr>\n<td>Poids (Exp\u00e9dition)<\/td>\n<td>48 kg<\/td>\n<\/tr>\n<tr>\n<th colspan=\"2\">Affichage<\/th>\n<\/tr>\n<tr>\n<td>Type<\/td>\n<td>Ecran LCD<\/td>\n<\/tr>\n<tr>\n<td>Technologie<\/td>\n<td>TFT<\/td>\n<\/tr>\n<tr>\n<td>Ecran tactile<\/td>\n<td>Oui<\/td>\n<\/tr>\n<tr>\n<th colspan=\"2\">Dimensions (Niche)<\/th>\n<\/tr>\n<tr>\n<td>Hauteur minimum<\/td>\n<td>58.5 cm<\/td>\n<\/tr>\n<tr>\n<td>Largeur minimum<\/td>\n<td>56 cm<\/td>\n<\/tr>\n<tr>\n<td>Profondeur minimum<\/td>\n<td>55 cm<\/td>\n<\/tr>\n<\/tbody>\n<\/table>\n<\/div>","protected":false},"excerpt":{"rendered":"<div class=\"woocommerce-product-details__short-description\">\n<ul>\n<li>Volume utile total : 67 litres<\/li>\n<li>Auto-nettoyage : Oui, \u00e0 pyrolyse (syst\u00e8me de nettoyage activeClean)<\/li>\n<li>Puissance \u00e9lectrique : 3650 Watt<\/li>\n<li>Couleur : Acier inoxydable<\/li>\n<\/ul>\n<\/div>\n<form class=\"cart\" action=\"https:\/\/www.gros-menager.com\/boutique\/four-avec-micro-ondes-integre-67l-pyrolyse-inox-siemens-hm676g0s6\/\" enctype=\"multipart\/form-data\" method=\"post\">\n<div class=\"product-button-wrapper\">\n<div class=\"quantity razzi-quantity-dropdown\"><label class=\"screen-reader-text\" for=\"quantity_631d19733c05f\">quantit\u00e9 de Four avec micro-ondes int\u00e9gr\u00e9 &#8211; 67l &#8211; Pyrolyse &#8211; Inox SIEMENS &#8211; HM676G0S6<\/label><\/p>\n<div class=\"qty-dropdown\"><span class=\"current\"><span class=\"value\">1<\/span><\/span><\/div>\n<\/div>\n<\/div>\n<\/form>","protected":false},"featured_media":10864,"comment_status":"open","ping_status":"closed","template":"","meta":{"inline_featured_image":false,"_joinchat":[]},"product_cat":[140,120],"product_tag":[],"class_list":{"0":"post-10759","1":"product","2":"type-product","3":"status-publish","4":"has-post-thumbnail","6":"product_cat-fours","7":"product_cat-gros-electromenagers","9":"first","10":"instock","11":"sale","12":"shipping-taxable","13":"purchasable","14":"product-type-simple"},"_links":{"self":[{"href":"https:\/\/kitchtenstore.com\/fr\/wp-json\/wp\/v2\/product\/10759","targetHints":{"allow":["GET"]}}],"collection":[{"href":"https:\/\/kitchtenstore.com\/fr\/wp-json\/wp\/v2\/product"}],"about":[{"href":"https:\/\/kitchtenstore.com\/fr\/wp-json\/wp\/v2\/types\/product"}],"replies":[{"embeddable":true,"href":"https:\/\/kitchtenstore.com\/fr\/wp-json\/wp\/v2\/comments?post=10759"}],"version-history":[{"count":1,"href":"https:\/\/kitchtenstore.com\/fr\/wp-json\/wp\/v2\/product\/10759\/revisions"}],"predecessor-version":[{"id":10867,"href":"https:\/\/kitchtenstore.com\/fr\/wp-json\/wp\/v2\/product\/10759\/revisions\/10867"}],"wp:featuredmedia":[{"embeddable":true,"href":"https:\/\/kitchtenstore.com\/fr\/wp-json\/wp\/v2\/media\/10864"}],"wp:attachment":[{"href":"https:\/\/kitchtenstore.com\/fr\/wp-json\/wp\/v2\/media?parent=10759"}],"wp:term":[{"taxonomy":"product_cat","embeddable":true,"href":"https:\/\/kitchtenstore.com\/fr\/wp-json\/wp\/v2\/product_cat?post=10759"},{"taxonomy":"product_tag","embeddable":true,"href":"https:\/\/kitchtenstore.com\/fr\/wp-json\/wp\/v2\/product_tag?post=10759"}],"curies":[{"name":"wp","href":"https:\/\/api.w.org\/{rel}","templated":true}]}}