{"id":10758,"date":"2022-10-23T10:27:13","date_gmt":"2022-10-23T10:27:13","guid":{"rendered":"https:\/\/kitchtenstore.com\/?post_type=product&#038;p=10758"},"modified":"2022-10-23T10:28:16","modified_gmt":"2022-10-23T10:28:16","slug":"four-electrique-encastrable-chaleur-pulsee-multifonction-68l-pyrolyse-a-inox-electrolux-eec44549ox","status":"publish","type":"product","link":"https:\/\/kitchtenstore.com\/fr\/produit\/four-electrique-encastrable-chaleur-pulsee-multifonction-68l-pyrolyse-a-inox-electrolux-eec44549ox\/","title":{"rendered":"Four \u00e9lectrique encastrable chaleur puls\u00e9e multifonction-68L-Pyrolyse-A+-Inox ELECTROLUX EEC44549OX \u2013"},"content":{"rendered":"<div class=\"woocommerce-tabs wc-tabs-wrapper\">\n<div id=\"tab-description\" class=\"woocommerce-Tabs-panel woocommerce-Tabs-panel--description panel entry-content wc-tab\" role=\"tabpanel\" aria-labelledby=\"tab-title-description\">\n<p>Four Multifonction \u2013 Volume 68L \u2013 Pyrolyse \u2013 Chaleur tournante \u2013 Classe \u00e9nerg\u00e9tique A+ \u2013 Programmateur \u00e9lectronique \u2013 Affichage LCD ambre \u2013 Pr\u00e9conisation de temp\u00e9rature \u2013 Porte froide 4 verres \u2013 Syst\u00e8me VelvetClosing : pour une fermeture de porte en douceur \u2013 Dimensions d\u2019encastrement HxLxP (mm): : 600x560x550 \u2013 Coloris Inox anti-trace<\/p>\n<\/div>\n<\/div>","protected":false},"excerpt":{"rendered":"<div class=\"flix-std-title flix-mpn-title flix-d-h2\"><strong>Une propret\u00e9 digne des professionnels, mais sans contraintes particuli\u00e8res.<\/strong><\/div>\n<div class=\"flix-std-desc flix-d-p\">\n<div class=\"flix-std-p\">Gr\u00e2ce au four \u00e0 nettoyage pyrolyse, la propret\u00e9 professionnelle s\u2019invite chez vous. \u00c0 partir d\u2019une seule touche, toutes les salissures sont transform\u00e9es en cendre qu\u2019il vous suffit alors d\u2019essuyer avec un chiffon humide.<\/div>\n<\/div>","protected":false},"featured_media":10862,"comment_status":"open","ping_status":"closed","template":"","meta":{"inline_featured_image":false,"_joinchat":[]},"product_cat":[139,120],"product_tag":[],"class_list":{"0":"post-10758","1":"product","2":"type-product","3":"status-publish","4":"has-post-thumbnail","6":"product_cat-cuisiniere","7":"product_cat-gros-electromenagers","9":"first","10":"instock","11":"sale","12":"shipping-taxable","13":"purchasable","14":"product-type-simple"},"_links":{"self":[{"href":"https:\/\/kitchtenstore.com\/fr\/wp-json\/wp\/v2\/product\/10758","targetHints":{"allow":["GET"]}}],"collection":[{"href":"https:\/\/kitchtenstore.com\/fr\/wp-json\/wp\/v2\/product"}],"about":[{"href":"https:\/\/kitchtenstore.com\/fr\/wp-json\/wp\/v2\/types\/product"}],"replies":[{"embeddable":true,"href":"https:\/\/kitchtenstore.com\/fr\/wp-json\/wp\/v2\/comments?post=10758"}],"version-history":[{"count":1,"href":"https:\/\/kitchtenstore.com\/fr\/wp-json\/wp\/v2\/product\/10758\/revisions"}],"predecessor-version":[{"id":10863,"href":"https:\/\/kitchtenstore.com\/fr\/wp-json\/wp\/v2\/product\/10758\/revisions\/10863"}],"wp:featuredmedia":[{"embeddable":true,"href":"https:\/\/kitchtenstore.com\/fr\/wp-json\/wp\/v2\/media\/10862"}],"wp:attachment":[{"href":"https:\/\/kitchtenstore.com\/fr\/wp-json\/wp\/v2\/media?parent=10758"}],"wp:term":[{"taxonomy":"product_cat","embeddable":true,"href":"https:\/\/kitchtenstore.com\/fr\/wp-json\/wp\/v2\/product_cat?post=10758"},{"taxonomy":"product_tag","embeddable":true,"href":"https:\/\/kitchtenstore.com\/fr\/wp-json\/wp\/v2\/product_tag?post=10758"}],"curies":[{"name":"wp","href":"https:\/\/api.w.org\/{rel}","templated":true}]}}