{"id":10757,"date":"2022-10-23T10:27:13","date_gmt":"2022-10-23T10:27:13","guid":{"rendered":"https:\/\/kitchtenstore.com\/?post_type=product&#038;p=10757"},"modified":"2022-10-23T10:28:15","modified_gmt":"2022-10-23T10:28:15","slug":"four-micro-ondes-multifonction-28l-900-w-grill-1500-w-chaleur-tournante-2100-w-noir-samsung-mc28h5125ak","status":"publish","type":"product","link":"https:\/\/kitchtenstore.com\/fr\/produit\/four-micro-ondes-multifonction-28l-900-w-grill-1500-w-chaleur-tournante-2100-w-noir-samsung-mc28h5125ak\/","title":{"rendered":"Four micro-ondes multifonction \u2013 28L \u2013 900 W \u2013 Grill 1500 W \u2013 Chaleur tournante 2100 W \u2013 Noir SAMSUNG MC28H5125AK"},"content":{"rendered":"<div class=\"woocommerce-tabs wc-tabs-wrapper\">\n<div id=\"tab-description\" class=\"woocommerce-Tabs-panel woocommerce-Tabs-panel--description panel entry-content wc-tab\" role=\"tabpanel\" aria-labelledby=\"tab-title-description\">\n<table class=\"fpDescTb fpDescTbPub\">\n<tbody>\n<tr>\n<td>Type de produit<\/td>\n<td>Four micro-ondes grill<\/td>\n<\/tr>\n<tr>\n<td>Puissance maximale du micro-ondes<\/td>\n<td>900 Watt<\/td>\n<\/tr>\n<tr>\n<td>Contenance du four \u00e0 micro-ondes<\/td>\n<td>28 litres<\/td>\n<\/tr>\n<tr>\n<td>Dimensions de la cavit\u00e9<\/td>\n<td>35.8 cm x 32.7 cm x 23.6 cm<\/td>\n<\/tr>\n<tr>\n<td>Rev\u00eatement int\u00e9rieur<\/td>\n<td>Email c\u00e9ramique<\/td>\n<\/tr>\n<tr>\n<td>Programmes de cuisson au micro-ondes<\/td>\n<td>Gril, r\u00f4tissoire, pr\u00e9chauffage, 3 fonctions de rechauffe, 8 fonctions de cuisson par capteur, 15 modes de cuisson automatique, fonction yaourt<\/td>\n<\/tr>\n<tr>\n<td>Format<\/td>\n<td>Pose libre<\/td>\n<\/tr>\n<tr>\n<td>Caract\u00e9ristiques particuli\u00e8res<\/td>\n<td>30 sec plus, capteur d\u2019humidit\u00e9 Smart Moisture Sensor<\/td>\n<\/tr>\n<tr>\n<th colspan=\"2\">R\u00e9glages, commandes et voyants<\/th>\n<\/tr>\n<tr>\n<td>Nbre de niveaux de puissance<\/td>\n<td>6<\/td>\n<\/tr>\n<tr>\n<td>Minuteur<\/td>\n<td>99 min<\/td>\n<\/tr>\n<tr>\n<th colspan=\"2\">Consommation<\/th>\n<\/tr>\n<tr>\n<td>Puissance \u00e9lectrique<\/td>\n<td>1400 Watt<\/td>\n<\/tr>\n<tr>\n<td>Alimentation<\/td>\n<td>230 V \/ 50 Hz<\/td>\n<\/tr>\n<tr>\n<th colspan=\"2\">Divers<\/th>\n<\/tr>\n<tr>\n<td>Caract\u00e9ristiques externes<\/td>\n<td>Design Crystal Gloss<\/td>\n<\/tr>\n<tr>\n<td>Fonctions de s\u00e9curit\u00e9<\/td>\n<td>S\u00e9curit\u00e9 enfants<\/td>\n<\/tr>\n<tr>\n<th colspan=\"2\">Dimensions et poids<\/th>\n<\/tr>\n<tr>\n<td>Largeur<\/td>\n<td>51.7 cm<\/td>\n<\/tr>\n<tr>\n<td>Hauteur<\/td>\n<td>31 cm<\/td>\n<\/tr>\n<tr>\n<td>Profondeur<\/td>\n<td>47.6 cm<\/td>\n<\/tr>\n<tr>\n<td>Poids<\/td>\n<td>17.8 kg<\/td>\n<\/tr>\n<tr>\n<th colspan=\"2\">Dimensions et poids (emball\u00e9)<\/th>\n<\/tr>\n<tr>\n<td>Hauteur (Exp\u00e9dition)<\/td>\n<td>37.1 cm<\/td>\n<\/tr>\n<tr>\n<td>Largeur (emball\u00e9e)<\/td>\n<td>58.6 cm<\/td>\n<\/tr>\n<tr>\n<td>Profondeur (emball\u00e9e)<\/td>\n<td>51.8 cm<\/td>\n<\/tr>\n<tr>\n<td>Poids (Exp\u00e9dition)<\/td>\n<td>20.6 kg<\/td>\n<\/tr>\n<tr>\n<th colspan=\"2\">Affichage<\/th>\n<\/tr>\n<tr>\n<td>Type<\/td>\n<td>Affichage LED<\/td>\n<\/tr>\n<\/tbody>\n<\/table>\n<\/div>\n<\/div>","protected":false},"excerpt":{"rendered":"<div class=\"woocommerce-product-details__short-description\">\n<p class=\"fpMb\">Micro-ondes combin\u00e9 \u2013 Volume : 28L \u2013 Commandes \u00e9lectroniques \u2013 Modes de cuisson : Micro-ondes (900W)\/Gril (1500W)\/Chaleur tournante(2100W) \u2013 Mode ECO \u2013 D\u00e9cong\u00e9lation auto \u2013 R\u00e9chauffage auto \u2013 Minuteur \u2013 Plateau tournant 32cm \u2013 Cavit\u00e9 c\u00e9ramique \u00e9mail \u2013 Design Crystal Gloss \u2013 Coloris : Noir<\/p>\n<div class=\"regBloc no1023\">\n<div id=\"gpt-R2-300X250BODY2\" data-google-query-id=\"CJaM_4-ckegCFQgx0wodmY0COg\"><\/div>\n<\/div>\n<\/div>\n<form class=\"cart\" action=\"https:\/\/www.gros-menager.com\/boutique\/four-micro-ondes-multifonction-28l-900-w-grill-1500-w-chaleur-tournante-2100-w-noir-samsung-mc28h5125ak\/\" enctype=\"multipart\/form-data\" method=\"post\">\n<div class=\"product-button-wrapper\">\n<div class=\"quantity razzi-quantity-dropdown\"><\/div>\n<\/div>\n<\/form>","protected":false},"featured_media":10860,"comment_status":"open","ping_status":"closed","template":"","meta":{"inline_featured_image":false,"_joinchat":[]},"product_cat":[139,120],"product_tag":[],"class_list":{"0":"post-10757","1":"product","2":"type-product","3":"status-publish","4":"has-post-thumbnail","6":"product_cat-cuisiniere","7":"product_cat-gros-electromenagers","9":"first","10":"instock","11":"sale","12":"shipping-taxable","13":"purchasable","14":"product-type-simple"},"_links":{"self":[{"href":"https:\/\/kitchtenstore.com\/fr\/wp-json\/wp\/v2\/product\/10757","targetHints":{"allow":["GET"]}}],"collection":[{"href":"https:\/\/kitchtenstore.com\/fr\/wp-json\/wp\/v2\/product"}],"about":[{"href":"https:\/\/kitchtenstore.com\/fr\/wp-json\/wp\/v2\/types\/product"}],"replies":[{"embeddable":true,"href":"https:\/\/kitchtenstore.com\/fr\/wp-json\/wp\/v2\/comments?post=10757"}],"version-history":[{"count":1,"href":"https:\/\/kitchtenstore.com\/fr\/wp-json\/wp\/v2\/product\/10757\/revisions"}],"predecessor-version":[{"id":10861,"href":"https:\/\/kitchtenstore.com\/fr\/wp-json\/wp\/v2\/product\/10757\/revisions\/10861"}],"wp:featuredmedia":[{"embeddable":true,"href":"https:\/\/kitchtenstore.com\/fr\/wp-json\/wp\/v2\/media\/10860"}],"wp:attachment":[{"href":"https:\/\/kitchtenstore.com\/fr\/wp-json\/wp\/v2\/media?parent=10757"}],"wp:term":[{"taxonomy":"product_cat","embeddable":true,"href":"https:\/\/kitchtenstore.com\/fr\/wp-json\/wp\/v2\/product_cat?post=10757"},{"taxonomy":"product_tag","embeddable":true,"href":"https:\/\/kitchtenstore.com\/fr\/wp-json\/wp\/v2\/product_tag?post=10757"}],"curies":[{"name":"wp","href":"https:\/\/api.w.org\/{rel}","templated":true}]}}