{"id":10725,"date":"2022-10-23T10:26:47","date_gmt":"2022-10-23T10:26:47","guid":{"rendered":"https:\/\/kitchtenstore.com\/?post_type=product&#038;p=10725"},"modified":"2022-10-23T10:28:10","modified_gmt":"2022-10-23T10:28:10","slug":"hotte-decorative-murale-box-90-cm-debit-dair-718-m3-h-inox","status":"publish","type":"product","link":"https:\/\/kitchtenstore.com\/fr\/produit\/hotte-decorative-murale-box-90-cm-debit-dair-718-m3-h-inox\/","title":{"rendered":"Hotte d\u00e9corative murale box 90 cm \u2013 D\u00e9bit d\u2019air 718 m3\/h \u2013 Inox"},"content":{"rendered":"<div class=\"woocommerce-tabs wc-tabs-wrapper\">\n<div id=\"tab-description\" class=\"woocommerce-Tabs-panel woocommerce-Tabs-panel--description panel entry-content wc-tab\" role=\"tabpanel\" aria-labelledby=\"tab-title-description\">\n<div id=\"descContent\" class=\"fpBlk testSep\" data-cs-override-id=\"Descriptif\">\n<table class=\"fpDescTb fpDescTbPub\">\n<tbody>\n<tr>\n<th colspan=\"2\">Informations g\u00e9n\u00e9rales sur le produit<\/th>\n<\/tr>\n<tr>\n<td>Marque<\/td>\n<td>SIEMENS<\/td>\n<\/tr>\n<tr>\n<td>Nom du produit<\/td>\n<td>SIEMENS LC97BCP50 Hotte d\u00e9corative murale box 90 c<\/td>\n<\/tr>\n<tr>\n<td>Cat\u00e9gorie<\/td>\n<td>HOTTE<\/td>\n<\/tr>\n<tr>\n<th colspan=\"2\">G\u00e9n\u00e9ral<\/th>\n<\/tr>\n<tr>\n<td>Couleur<\/td>\n<td>Acier inoxydable<\/td>\n<\/tr>\n<tr>\n<td>Type de hotte<\/td>\n<td>Chemin\u00e9e plate<\/td>\n<\/tr>\n<tr>\n<td>Filtres fournis<\/td>\n<td>Filtre anti-graisse en aluminium (3 \u00e9l\u00e9ments)<\/td>\n<\/tr>\n<tr>\n<td>Eclairage de la table de cuisson<\/td>\n<td>DEL \u2013 4.5 Watt<\/td>\n<\/tr>\n<tr>\n<td>Nbre de lampes<\/td>\n<td>3<\/td>\n<\/tr>\n<tr>\n<td>Hauteur minimum de la lanterne<\/td>\n<td>62.8 cm<\/td>\n<\/tr>\n<tr>\n<td>Hauteur maximum de la lanterne<\/td>\n<td>106.4 cm<\/td>\n<\/tr>\n<tr>\n<td>Nbre de moteurs<\/td>\n<td>1<\/td>\n<\/tr>\n<tr>\n<td>Puissance totale du\/des moteurs<\/td>\n<td>140 Watt<\/td>\n<\/tr>\n<tr>\n<td>Diam\u00e8tre du tuyau d\u2019extraction<\/td>\n<td>15 cm<\/td>\n<\/tr>\n<tr>\n<td>Mode de fonctionnement<\/td>\n<td>Extraction et recirculation (avec kit de recirculation suppl\u00e9mentaire)<\/td>\n<\/tr>\n<tr>\n<td>D\u00e9bit d\u2019evacuation maximum<\/td>\n<td>430 m3\/h<\/td>\n<\/tr>\n<tr>\n<td>D\u00e9bit d\u2019air en recyclage<\/td>\n<td>320 m3\/h<\/td>\n<\/tr>\n<tr>\n<td>Flux d\u2019air (mode intensif ou amplifi\u00e9)<\/td>\n<td>690 m3\/h<\/td>\n<\/tr>\n<tr>\n<td>Flux d\u2019air maximum (mode normal)<\/td>\n<td>430 m3\/h<\/td>\n<\/tr>\n<tr>\n<td>Flux d\u2019air minimum (mode normal)<\/td>\n<td>290 m3\/h<\/td>\n<\/tr>\n<tr>\n<td>Mode intensif<\/td>\n<td>Oui<\/td>\n<\/tr>\n<tr>\n<td>Quantit\u00e9 de modes intensif<\/td>\n<td>2<\/td>\n<\/tr>\n<tr>\n<td>Classe \u00e9nerg\u00e9tique<\/td>\n<td>Classe A<\/td>\n<\/tr>\n<tr>\n<td>Filtre de s\u00e9curit\u00e9 de lave-vaisselle<\/td>\n<td>Oui<\/td>\n<\/tr>\n<tr>\n<th colspan=\"2\">R\u00e9glages, commandes et voyants<\/th>\n<\/tr>\n<tr>\n<td>R\u00e9glages de la vitesse<\/td>\n<td>3 pr\u00e9s\u00e9lections<\/td>\n<\/tr>\n<tr>\n<td>Minuteur<\/td>\n<td>Oui<\/td>\n<\/tr>\n<tr>\n<td>R\u00e9glages de la minuterie<\/td>\n<td>6 minutes de revert intensif<\/td>\n<\/tr>\n<tr>\n<td>Type<\/td>\n<td>Num\u00e9rique<\/td>\n<\/tr>\n<tr>\n<td>Type de commande<\/td>\n<td>Tactile<\/td>\n<\/tr>\n<tr>\n<td>Alarme de saturation de filtre<\/td>\n<td>Oui<\/td>\n<\/tr>\n<tr>\n<th colspan=\"2\">Divers<\/th>\n<\/tr>\n<tr>\n<td>Niveau de bruit minimum<\/td>\n<td>45 dB<\/td>\n<\/tr>\n<tr>\n<td>Accessoires inclus<\/td>\n<td>R\u00e9ducteur (150 mm \u2013 120 mm)<\/td>\n<\/tr>\n<tr>\n<td>Niveau sonore maximum<\/td>\n<td>55 dB<\/td>\n<\/tr>\n<tr>\n<td>Niveau de bruit (mode intensif ou amplifi\u00e9)<\/td>\n<td>66 dB<\/td>\n<\/tr>\n<tr>\n<td>Normes de conformit\u00e9<\/td>\n<td>VDE, Directive 65\/2014\/EU<\/td>\n<\/tr>\n<tr>\n<td>Hauteur au-dessus de la table de cuisson possible<\/td>\n<td>65 cm<\/td>\n<\/tr>\n<tr>\n<td>Mat\u00e9riel d\u2019a\u00e9ration<\/td>\n<td>Acier inoxydable<\/td>\n<\/tr>\n<tr>\n<td>Mat\u00e9riau du boitier<\/td>\n<td>Acier inoxydable<\/td>\n<\/tr>\n<tr>\n<th colspan=\"2\">Consommation<\/th>\n<\/tr>\n<tr>\n<td>Alimentation<\/td>\n<td>220 \u2013 240 V \/ 50\/60 Hz<\/td>\n<\/tr>\n<tr>\n<td>Puissance \u00e9lectrique<\/td>\n<td>145 Watt<\/td>\n<\/tr>\n<tr>\n<td>Longueur du cordon<\/td>\n<td>1.3 m<\/td>\n<\/tr>\n<tr>\n<td>Classe d\u2019efficacit\u00e9 d\u2019\u00e9clairage<\/td>\n<td>A<\/td>\n<\/tr>\n<tr>\n<td>Classe d\u2019efficacit\u00e9 du filtrage des graisses<\/td>\n<td>B<\/td>\n<\/tr>\n<tr>\n<td>Consommation \u00e9lectrique annuelle<\/td>\n<td>30.2 kWh\/an<\/td>\n<\/tr>\n<tr>\n<td>Consommation \u00e9lectrique en mode veille<\/td>\n<td>0.2 Watt<\/td>\n<\/tr>\n<tr>\n<td>Efficacit\u00e9 de la dynamique des fluides<\/td>\n<td>33.9<\/td>\n<\/tr>\n<tr>\n<td>Efficacit\u00e9 du filtrage des graisses<\/td>\n<td>88.5 %<\/td>\n<\/tr>\n<tr>\n<td>Classe d\u2019efficacit\u00e9 d\u2019\u00e9vacuation des flux de vapeur<\/td>\n<td>A<\/td>\n<\/tr>\n<tr>\n<td>Efficacit\u00e9 de l\u2019\u00e9clairage<\/td>\n<td>65 lm\/W<\/td>\n<\/tr>\n<tr>\n<th colspan=\"2\">Dimensions et poids<\/th>\n<\/tr>\n<tr>\n<td>Poids<\/td>\n<td>18.413 kg<\/td>\n<\/tr>\n<tr>\n<td>Largeur<\/td>\n<td>89.8 cm<\/td>\n<\/tr>\n<tr>\n<td>Profondeur<\/td>\n<td>50 cm<\/td>\n<\/tr>\n<\/tbody>\n<\/table>\n<\/div>\n<\/div>\n<\/div>","protected":false},"excerpt":{"rendered":"<ul>\n<li>Garantie (\u00b2) : 2 ans \u2013 pi\u00e8ces, main d\u2019\u0153uvre et d\u00e9placement<\/li>\n<li>Mode de fonctionnement : Extraction et recirculation (avec kit de recirculation suppl\u00e9mentaire)<\/li>\n<li>D\u00e9bit d\u2019evacuation maximum : 430 m3\/h<\/li>\n<li>R\u00e9glages de la vitesse : 3 pr\u00e9s\u00e9lections<\/li>\n<li>Eclairage : DEL \u2013 4.5 Watt<\/li>\n<\/ul>\n<div class=\"jsFpBulletPointMore\">\n<ul>\n<li>Niveau sonore maximal : 55 dB<\/li>\n<li>Filtres fournis : Filtre anti-graisse en aluminium (3 \u00e9l\u00e9ments)<\/li>\n<\/ul>\n<\/div>","protected":false},"featured_media":10852,"comment_status":"open","ping_status":"closed","template":"","meta":{"inline_featured_image":false,"_joinchat":[]},"product_cat":[139,120],"product_tag":[],"class_list":{"0":"post-10725","1":"product","2":"type-product","3":"status-publish","4":"has-post-thumbnail","6":"product_cat-cuisiniere","7":"product_cat-gros-electromenagers","9":"first","10":"instock","11":"sale","12":"shipping-taxable","13":"purchasable","14":"product-type-simple"},"_links":{"self":[{"href":"https:\/\/kitchtenstore.com\/fr\/wp-json\/wp\/v2\/product\/10725","targetHints":{"allow":["GET"]}}],"collection":[{"href":"https:\/\/kitchtenstore.com\/fr\/wp-json\/wp\/v2\/product"}],"about":[{"href":"https:\/\/kitchtenstore.com\/fr\/wp-json\/wp\/v2\/types\/product"}],"replies":[{"embeddable":true,"href":"https:\/\/kitchtenstore.com\/fr\/wp-json\/wp\/v2\/comments?post=10725"}],"version-history":[{"count":1,"href":"https:\/\/kitchtenstore.com\/fr\/wp-json\/wp\/v2\/product\/10725\/revisions"}],"predecessor-version":[{"id":10853,"href":"https:\/\/kitchtenstore.com\/fr\/wp-json\/wp\/v2\/product\/10725\/revisions\/10853"}],"wp:featuredmedia":[{"embeddable":true,"href":"https:\/\/kitchtenstore.com\/fr\/wp-json\/wp\/v2\/media\/10852"}],"wp:attachment":[{"href":"https:\/\/kitchtenstore.com\/fr\/wp-json\/wp\/v2\/media?parent=10725"}],"wp:term":[{"taxonomy":"product_cat","embeddable":true,"href":"https:\/\/kitchtenstore.com\/fr\/wp-json\/wp\/v2\/product_cat?post=10725"},{"taxonomy":"product_tag","embeddable":true,"href":"https:\/\/kitchtenstore.com\/fr\/wp-json\/wp\/v2\/product_tag?post=10725"}],"curies":[{"name":"wp","href":"https:\/\/api.w.org\/{rel}","templated":true}]}}