{"id":10723,"date":"2022-10-23T10:26:47","date_gmt":"2022-10-23T10:26:47","guid":{"rendered":"https:\/\/kitchtenstore.com\/?post_type=product&#038;p=10723"},"modified":"2022-10-23T10:28:01","modified_gmt":"2022-10-23T10:28:01","slug":"cuisiniere-table-vitroceramique-4-zones-6200-w-four-electrique-catalyse-59-l-classe-a-l-60-x-h-85-cm-blanc","status":"publish","type":"product","link":"https:\/\/kitchtenstore.com\/fr\/produit\/cuisiniere-table-vitroceramique-4-zones-6200-w-four-electrique-catalyse-59-l-classe-a-l-60-x-h-85-cm-blanc\/","title":{"rendered":"Cuisini\u00e8re table vitroc\u00e9ramique-4 zones-6200 W-Four \u00e9lectrique-Catalyse-59 L-Classe A-L 60 x H 85 cm-Blanc"},"content":{"rendered":"<table class=\"fpDescTb fpDescTbPub\">\n<tbody>\n<tr>\n<th colspan=\"2\">Informations g\u00e9n\u00e9rales sur le produit<\/th>\n<\/tr>\n<tr>\n<td>Marque<\/td>\n<td>INDESIT<\/td>\n<\/tr>\n<tr>\n<td>Nom du produit<\/td>\n<td>INDESIT I6V6C1AHWFR-Cuisini\u00e8re table vitroc\u00e9ramiqu<\/td>\n<\/tr>\n<tr>\n<td>Cat\u00e9gorie<\/td>\n<td>CUISINI\u00c8RE \u2013 PIANO<\/td>\n<\/tr>\n<tr>\n<th colspan=\"2\">Informations sur le produit<\/th>\n<\/tr>\n<tr>\n<td>Notes<\/td>\n<td>C\u00e2ble d\u2019alimentation \u00e9lectrique non fourni<\/td>\n<\/tr>\n<tr>\n<td>Alimentation \u00e9lectrique<\/td>\n<td>Non incluse<\/td>\n<\/tr>\n<tr>\n<th colspan=\"2\">G\u00e9n\u00e9ral<\/th>\n<\/tr>\n<tr>\n<td>Type de Produit<\/td>\n<td>Cuisini\u00e8re \u2013 \u00e9lectrique<\/td>\n<\/tr>\n<tr>\n<td>Couleur<\/td>\n<td>Blanc<\/td>\n<\/tr>\n<tr>\n<td>Taille<\/td>\n<td>Moyen<\/td>\n<\/tr>\n<tr>\n<td>Fabricant<\/td>\n<td>Indesit<\/td>\n<\/tr>\n<tr>\n<td>Mod\u00e8le<\/td>\n<td>I6V6C1A.H(W)\/FR<\/td>\n<\/tr>\n<tr>\n<td>Volume utile total du four<\/td>\n<td>59 litres<\/td>\n<\/tr>\n<tr>\n<td>Type de porte<\/td>\n<td>Porte vitr\u00e9e<\/td>\n<\/tr>\n<tr>\n<td>Format<\/td>\n<td>Pose libre<\/td>\n<\/tr>\n<tr>\n<td>Classe \u00e9nerg\u00e9tique<\/td>\n<td>Classe A<\/td>\n<\/tr>\n<tr>\n<td>Couleur de la surface<\/td>\n<td>Noir<\/td>\n<\/tr>\n<tr>\n<th colspan=\"2\">Tables de cuisson<\/th>\n<\/tr>\n<tr>\n<td>Type de table de cuisson<\/td>\n<td>Vitroc\u00e9ramique \u2013 4 plaques de cuisson<\/td>\n<\/tr>\n<tr>\n<td>Type d\u2019\u00e9l\u00e9ment chauffant<\/td>\n<td>Table de cuisson Ceramic Radiant<\/td>\n<\/tr>\n<tr>\n<td>D\u00e9tails de la table de cuisson<\/td>\n<td>2 x table de cuisson Ceramic Radiant \u2013 1200 W \u2013 145 mm<br \/>\n1 x table de cuisson Ceramic Radiant \u2013 2100 W \u2013 215 mm<br \/>\n1 x table de cuisson Ceramic Radiant \u2013 1700 W \u2013 180 mm<\/td>\n<\/tr>\n<tr>\n<td>Surface de la table de cuisson<\/td>\n<td>Vitroc\u00e9ramique<\/td>\n<\/tr>\n<tr>\n<th colspan=\"2\">Four<\/th>\n<\/tr>\n<tr>\n<td>Type du four<\/td>\n<td>Four \u00e9lectrique \u2013 multifonctions \u2013 59 litres \u2013 classe A<\/td>\n<\/tr>\n<tr>\n<td>Puissance du gril<\/td>\n<td>2250 Watt<\/td>\n<\/tr>\n<tr>\n<td>Puissance du four<\/td>\n<td>2800 Watt<\/td>\n<\/tr>\n<tr>\n<td>Nombre de modes de chauffage du four<\/td>\n<td>6<\/td>\n<\/tr>\n<tr>\n<td>Type d\u2019ouverture de porte<\/td>\n<td>Porte abattante<\/td>\n<\/tr>\n<tr>\n<td>Consommation \u00e9nerg\u00e9tique par cycle (mode conventionnel soufflant)<\/td>\n<td>0.79 kWh<\/td>\n<\/tr>\n<tr>\n<td>Consommation \u00e9lectrique par cycle (mode conventionnel)<\/td>\n<td>0.99 kWh<\/td>\n<\/tr>\n<tr>\n<td>Couleur de porte<\/td>\n<td>Blanc<\/td>\n<\/tr>\n<tr>\n<td>Lumi\u00e8re du four<\/td>\n<td>Oui<\/td>\n<\/tr>\n<tr>\n<td>Fen\u00eatre du four<\/td>\n<td>Oui<\/td>\n<\/tr>\n<tr>\n<th colspan=\"2\">Fonctions du four<\/th>\n<\/tr>\n<tr>\n<td>Auto-nettoyage<\/td>\n<td>Oui, \u00e0 catalyse<\/td>\n<\/tr>\n<tr>\n<th colspan=\"2\">R\u00e9glages, commandes et voyants<\/th>\n<\/tr>\n<tr>\n<td>Minuteur<\/td>\n<td>Oui<\/td>\n<\/tr>\n<tr>\n<td>Type de commande<\/td>\n<td>M\u00e9canique<\/td>\n<\/tr>\n<tr>\n<td>Emplacement des commandes<\/td>\n<td>Panneau avant<\/td>\n<\/tr>\n<tr>\n<th colspan=\"2\">Consommation<\/th>\n<\/tr>\n<tr>\n<td>Courant nominal<\/td>\n<td>32 A<\/td>\n<\/tr>\n<tr>\n<td>Puissance \u00e9lectrique<\/td>\n<td>9000 Watt<\/td>\n<\/tr>\n<tr>\n<td>Alimentation<\/td>\n<td>230 V<\/td>\n<\/tr>\n<tr>\n<th colspan=\"2\">Divers<\/th>\n<\/tr>\n<tr>\n<td>Fonctions de s\u00e9curit\u00e9<\/td>\n<td>Indicateur de chaleur r\u00e9siduelle<\/td>\n<\/tr>\n<tr>\n<td>Compartiment de rangement<\/td>\n<td>Oui<\/td>\n<\/tr>\n<tr>\n<td>Accessoires inclus<\/td>\n<td>Rack<br \/>\nL\u00e8chefrite<\/td>\n<\/tr>\n<tr>\n<th colspan=\"2\">Dimensions et poids<\/th>\n<\/tr>\n<tr>\n<td>Largeur<\/td>\n<td>60 cm<\/td>\n<\/tr>\n<tr>\n<td>Poids<\/td>\n<td>49.7 kg<\/td>\n<\/tr>\n<tr>\n<td>Hauteur<\/td>\n<td>85 cm<\/td>\n<\/tr>\n<tr>\n<td>Profondeur<\/td>\n<td>60 cm<\/td>\n<\/tr>\n<tr>\n<th colspan=\"2\">Dimensions et poids (emball\u00e9)<\/th>\n<\/tr>\n<tr>\n<td>Poids (Exp\u00e9dition)<\/td>\n<td>50 kg<\/td>\n<\/tr>\n<tr>\n<td>Hauteur (Exp\u00e9dition)<\/td>\n<td>95 cm<\/td>\n<\/tr>\n<tr>\n<td>Largeur (emball\u00e9e)<\/td>\n<td>66 cm<\/td>\n<\/tr>\n<tr>\n<td>Profondeur (emball\u00e9e)<\/td>\n<td>68 cm<\/td>\n<\/tr>\n<\/tbody>\n<\/table>","protected":false},"excerpt":{"rendered":"<ul>\n<li>Garantie (\u00b2) : 2 ans \u2013 pi\u00e8ces, main d\u2019\u0153uvre et d\u00e9placement<\/li>\n<li>Volume utile total : 59 litres<\/li>\n<li>Auto-nettoyage : Oui, \u00e0 catalyse<\/li>\n<li>Puissance \u00e9lectrique : 9000 Watt<\/li>\n<li>Couleur : Blanc<\/li>\n<\/ul>","protected":false},"featured_media":10834,"comment_status":"open","ping_status":"closed","template":"","meta":{"inline_featured_image":false,"_joinchat":[]},"product_cat":[139,120],"product_tag":[],"class_list":{"0":"post-10723","1":"product","2":"type-product","3":"status-publish","4":"has-post-thumbnail","6":"product_cat-cuisiniere","7":"product_cat-gros-electromenagers","9":"first","10":"instock","11":"sale","12":"shipping-taxable","13":"purchasable","14":"product-type-simple"},"_links":{"self":[{"href":"https:\/\/kitchtenstore.com\/fr\/wp-json\/wp\/v2\/product\/10723","targetHints":{"allow":["GET"]}}],"collection":[{"href":"https:\/\/kitchtenstore.com\/fr\/wp-json\/wp\/v2\/product"}],"about":[{"href":"https:\/\/kitchtenstore.com\/fr\/wp-json\/wp\/v2\/types\/product"}],"replies":[{"embeddable":true,"href":"https:\/\/kitchtenstore.com\/fr\/wp-json\/wp\/v2\/comments?post=10723"}],"version-history":[{"count":1,"href":"https:\/\/kitchtenstore.com\/fr\/wp-json\/wp\/v2\/product\/10723\/revisions"}],"predecessor-version":[{"id":10838,"href":"https:\/\/kitchtenstore.com\/fr\/wp-json\/wp\/v2\/product\/10723\/revisions\/10838"}],"wp:featuredmedia":[{"embeddable":true,"href":"https:\/\/kitchtenstore.com\/fr\/wp-json\/wp\/v2\/media\/10834"}],"wp:attachment":[{"href":"https:\/\/kitchtenstore.com\/fr\/wp-json\/wp\/v2\/media?parent=10723"}],"wp:term":[{"taxonomy":"product_cat","embeddable":true,"href":"https:\/\/kitchtenstore.com\/fr\/wp-json\/wp\/v2\/product_cat?post=10723"},{"taxonomy":"product_tag","embeddable":true,"href":"https:\/\/kitchtenstore.com\/fr\/wp-json\/wp\/v2\/product_tag?post=10723"}],"curies":[{"name":"wp","href":"https:\/\/api.w.org\/{rel}","templated":true}]}}