{"id":10722,"date":"2022-10-23T10:26:47","date_gmt":"2022-10-23T10:26:47","guid":{"rendered":"https:\/\/kitchtenstore.com\/?post_type=product&#038;p=10722"},"modified":"2022-10-23T10:27:57","modified_gmt":"2022-10-23T10:27:57","slug":"cuisiniere-table-vitroceramique-4-foyers-1700w-four-electrique-catalyse-61l-a-l60xh85cm-noir-continental-edison-cvmc6060b","status":"publish","type":"product","link":"https:\/\/kitchtenstore.com\/fr\/produit\/cuisiniere-table-vitroceramique-4-foyers-1700w-four-electrique-catalyse-61l-a-l60xh85cm-noir-continental-edison-cvmc6060b\/","title":{"rendered":"Cuisini\u00e8re table vitroc\u00e9ramique- 4 foyers-1700w- Four \u00e9lectrique- Catalyse-61L-A-L60XH85cm-Noir CONTINENTAL EDISON CVMC6060B \u2013"},"content":{"rendered":"<div class=\"woocommerce-tabs wc-tabs-wrapper\">\n<div id=\"tab-description\" class=\"woocommerce-Tabs-panel woocommerce-Tabs-panel--description panel entry-content wc-tab\" role=\"tabpanel\" aria-labelledby=\"tab-title-description\">\n<table class=\"fpDescTb fpDescTbPub\">\n<tbody>\n<tr>\n<td>Type de produit<\/td>\n<td>Cuisini\u00e8re \u2013 \u00e9lectrique<\/td>\n<\/tr>\n<tr>\n<td>Couleur<\/td>\n<td>Noir<\/td>\n<\/tr>\n<tr>\n<td>Taille<\/td>\n<td>Moyen<\/td>\n<\/tr>\n<tr>\n<td>Fabricant<\/td>\n<td>Continental Edison<\/td>\n<\/tr>\n<tr>\n<td>Mod\u00e8le<\/td>\n<td>CECVMC6060B<\/td>\n<\/tr>\n<tr>\n<td>Volume utile total du four<\/td>\n<td>61 litres<\/td>\n<\/tr>\n<tr>\n<td>Consommation d\u2019\u00e9nergie annuelle<\/td>\n<td>295.65 kWh<\/td>\n<\/tr>\n<tr>\n<td>Format<\/td>\n<td>Pose libre<\/td>\n<\/tr>\n<tr>\n<td>Classe \u00e9nerg\u00e9tique<\/td>\n<td>Classe A<\/td>\n<\/tr>\n<tr>\n<td>Couleur de la surface<\/td>\n<td>Noir<\/td>\n<\/tr>\n<tr>\n<th colspan=\"2\">Tables de cuisson<\/th>\n<\/tr>\n<tr>\n<td>Type de table de cuisson<\/td>\n<td>Vitroc\u00e9ramique \u2013 4 plaques de cuisson<\/td>\n<\/tr>\n<tr>\n<td>Type d\u2019\u00e9l\u00e9ment chauffant<\/td>\n<td>Table de cuisson Ceramic Radiant<\/td>\n<\/tr>\n<tr>\n<td>D\u00e9tails de la table de cuisson<\/td>\n<td>2 x table de cuisson Ceramic Radiant \u2013 1200 W<br \/>\n2 x table de cuisson Ceramic Radiant \u2013 1700 W<\/td>\n<\/tr>\n<tr>\n<td>Surface de la table de cuisson<\/td>\n<td>Vitroc\u00e9ramique<\/td>\n<\/tr>\n<tr>\n<th colspan=\"2\">Four<\/th>\n<\/tr>\n<tr>\n<td>Type du four<\/td>\n<td>Four \u00e9lectrique \u2013 multifonctions \u2013 61 litres \u2013 classe A<\/td>\n<\/tr>\n<tr>\n<td>Puissance du gril<\/td>\n<td>1800 Watt<\/td>\n<\/tr>\n<tr>\n<td>Puissance du four<\/td>\n<td>1950 Watt<\/td>\n<\/tr>\n<tr>\n<td>Consommation \u00e9nerg\u00e9tique par cycle (mode conventionnel soufflant)<\/td>\n<td>0.86 kWh<\/td>\n<\/tr>\n<tr>\n<td>Consommation \u00e9lectrique par cycle (mode conventionnel)<\/td>\n<td>0.81 kWh<\/td>\n<\/tr>\n<tr>\n<td>Lumi\u00e8re du four<\/td>\n<td>Oui<\/td>\n<\/tr>\n<tr>\n<th colspan=\"2\">Fonctions du four<\/th>\n<\/tr>\n<tr>\n<td>Auto-nettoyage<\/td>\n<td>Oui, \u00e0 catalyse<\/td>\n<\/tr>\n<tr>\n<td>Rev\u00eatement int\u00e9rieur<\/td>\n<td>Email<\/td>\n<\/tr>\n<tr>\n<th colspan=\"2\">R\u00e9glages, commandes et voyants<\/th>\n<\/tr>\n<tr>\n<td>Minuteur<\/td>\n<td>Oui<\/td>\n<\/tr>\n<tr>\n<td>Type de commande<\/td>\n<td>M\u00e9canique<\/td>\n<\/tr>\n<tr>\n<th colspan=\"2\">Consommation<\/th>\n<\/tr>\n<tr>\n<td>Courant nominal<\/td>\n<td>22 A<\/td>\n<\/tr>\n<tr>\n<td>Puissance \u00e9lectrique<\/td>\n<td>7.803 kWatt<\/td>\n<\/tr>\n<tr>\n<td>Alimentation<\/td>\n<td>230 \/ 400 V \/ 50 Hz<\/td>\n<\/tr>\n<tr>\n<td>Longueur du cordon<\/td>\n<td>1 m<\/td>\n<\/tr>\n<tr>\n<th colspan=\"2\">Divers<\/th>\n<\/tr>\n<tr>\n<td>Fonctions de s\u00e9curit\u00e9<\/td>\n<td>Indicateur de chaleur r\u00e9siduelle<\/td>\n<\/tr>\n<tr>\n<td>Compartiment de rangement<\/td>\n<td>Oui<\/td>\n<\/tr>\n<tr>\n<td>Accessoires inclus<\/td>\n<td>Rack<br \/>\nL\u00e8chefrite<\/td>\n<\/tr>\n<tr>\n<td>Normes de conformit\u00e9<\/td>\n<td>EN 61000-3-2, EN 61000-3-3, EMC, RoHS, LVD, EN 60335-1, EN 60335-2-6, EN 62233, EN 55014-2, EN 50014-1, EN 62324:2009<\/td>\n<\/tr>\n<tr>\n<th colspan=\"2\">Dimensions et poids<\/th>\n<\/tr>\n<tr>\n<td>Largeur<\/td>\n<td>60 cm<\/td>\n<\/tr>\n<tr>\n<td>Poids<\/td>\n<td>39.5 kg<\/td>\n<\/tr>\n<tr>\n<td>Hauteur<\/td>\n<td>85 cm<\/td>\n<\/tr>\n<tr>\n<td>Profondeur<\/td>\n<td>60 cm<\/td>\n<\/tr>\n<tr>\n<th colspan=\"2\">Dimensions et poids (emball\u00e9)<\/th>\n<\/tr>\n<tr>\n<td>Poids (Exp\u00e9dition)<\/td>\n<td>44.5 kg<\/td>\n<\/tr>\n<tr>\n<td>Hauteur (Exp\u00e9dition)<\/td>\n<td>65 cm<\/td>\n<\/tr>\n<tr>\n<td>Largeur (emball\u00e9e)<\/td>\n<td>65 cm<\/td>\n<\/tr>\n<tr>\n<td>Profondeur (emball\u00e9e)<\/td>\n<td>89 cm<\/td>\n<\/tr>\n<\/tbody>\n<\/table>\n<\/div>\n<\/div>","protected":false},"excerpt":{"rendered":"<p>Cuisini\u00e8re vitroc\u00e9ramique \u2013 Largeur : 60cm \u2013 4 foyers \u2013 Commandes par manettes \u2013 T\u00e9moin de chaleur r\u00e9siduelle \u2013 Four catalyse multifonction \u2013 Volume : 61L \u2013 Minuteur \u2013 Porte d\u00e9montable \u2013 Rangement sous four \u2013 Gril 1800W \u2013 Grille et l\u00e8chefrite \u2013 Coloris : Noir<\/p>","protected":false},"featured_media":10832,"comment_status":"open","ping_status":"closed","template":"","meta":{"inline_featured_image":false,"_joinchat":[]},"product_cat":[139,120],"product_tag":[],"class_list":{"0":"post-10722","1":"product","2":"type-product","3":"status-publish","4":"has-post-thumbnail","6":"product_cat-cuisiniere","7":"product_cat-gros-electromenagers","9":"first","10":"instock","11":"shipping-taxable","12":"purchasable","13":"product-type-simple"},"_links":{"self":[{"href":"https:\/\/kitchtenstore.com\/fr\/wp-json\/wp\/v2\/product\/10722","targetHints":{"allow":["GET"]}}],"collection":[{"href":"https:\/\/kitchtenstore.com\/fr\/wp-json\/wp\/v2\/product"}],"about":[{"href":"https:\/\/kitchtenstore.com\/fr\/wp-json\/wp\/v2\/types\/product"}],"replies":[{"embeddable":true,"href":"https:\/\/kitchtenstore.com\/fr\/wp-json\/wp\/v2\/comments?post=10722"}],"version-history":[{"count":1,"href":"https:\/\/kitchtenstore.com\/fr\/wp-json\/wp\/v2\/product\/10722\/revisions"}],"predecessor-version":[{"id":10833,"href":"https:\/\/kitchtenstore.com\/fr\/wp-json\/wp\/v2\/product\/10722\/revisions\/10833"}],"wp:featuredmedia":[{"embeddable":true,"href":"https:\/\/kitchtenstore.com\/fr\/wp-json\/wp\/v2\/media\/10832"}],"wp:attachment":[{"href":"https:\/\/kitchtenstore.com\/fr\/wp-json\/wp\/v2\/media?parent=10722"}],"wp:term":[{"taxonomy":"product_cat","embeddable":true,"href":"https:\/\/kitchtenstore.com\/fr\/wp-json\/wp\/v2\/product_cat?post=10722"},{"taxonomy":"product_tag","embeddable":true,"href":"https:\/\/kitchtenstore.com\/fr\/wp-json\/wp\/v2\/product_tag?post=10722"}],"curies":[{"name":"wp","href":"https:\/\/api.w.org\/{rel}","templated":true}]}}