{"id":10693,"date":"2022-10-23T10:26:21","date_gmt":"2022-10-23T10:26:21","guid":{"rendered":"https:\/\/kitchtenstore.com\/?post_type=product&#038;p=10693"},"modified":"2022-10-23T10:27:45","modified_gmt":"2022-10-23T10:27:45","slug":"cuisiniere-piano-table-gaz-5-foyers-55kwh-triple-cavite-2-fours1-grill-60l79l-a-noir-leisure-ck90f320kg","status":"publish","type":"product","link":"https:\/\/kitchtenstore.com\/fr\/produit\/cuisiniere-piano-table-gaz-5-foyers-55kwh-triple-cavite-2-fours1-grill-60l79l-a-noir-leisure-ck90f320kg\/","title":{"rendered":"Cuisini\u00e8re piano , table gaz-5 foyers-5,5kWh-triple cavit\u00e9-2 fours+1 grill-60L+79L-A-Noir LEISURE CK90F320KG"},"content":{"rendered":"<div class=\"woocommerce-tabs wc-tabs-wrapper\">\n<div id=\"tab-description\" class=\"woocommerce-Tabs-panel woocommerce-Tabs-panel--description panel entry-content wc-tab\" role=\"tabpanel\" aria-labelledby=\"tab-title-description\">\n<div id=\"descContent\" class=\"fpBlk testSep\" data-cs-override-id=\"Descriptif\">\n<table class=\"fpDescTb fpDescTbPub\">\n<tbody>\n<tr>\n<th colspan=\"2\">Informations g\u00e9n\u00e9rales sur le produit<\/th>\n<\/tr>\n<tr>\n<td>Nom du produit<\/td>\n<td>LEISURE CK90F320KG-Piano de cuisson table gaz-5 fo<\/td>\n<\/tr>\n<tr>\n<td>Cat\u00e9gorie<\/td>\n<td>CUISINI\u00c8RE \u2013 PIANO<\/td>\n<\/tr>\n<tr>\n<th colspan=\"2\">Informations sur le produit<\/th>\n<\/tr>\n<tr>\n<td>Marque<\/td>\n<td>LEISURE<\/td>\n<\/tr>\n<tr>\n<th colspan=\"2\">G\u00e9n\u00e9ral<\/th>\n<\/tr>\n<tr>\n<td>Type de produit<\/td>\n<td>Cuisini\u00e8re \u2013 Gaz et \u00e9lectrique (gaz naturel)<\/td>\n<\/tr>\n<tr>\n<td>Couleur<\/td>\n<td>Noir<\/td>\n<\/tr>\n<tr>\n<td>Fabricant<\/td>\n<td>Leisure<\/td>\n<\/tr>\n<tr>\n<td>Mod\u00e8le<\/td>\n<td>CK90F320KG<\/td>\n<\/tr>\n<tr>\n<td>Composants int\u00e9gr\u00e9s<\/td>\n<td>Gril<\/td>\n<\/tr>\n<tr>\n<td>Format<\/td>\n<td>Pose libre<\/td>\n<\/tr>\n<tr>\n<td>Classe \u00e9nerg\u00e9tique<\/td>\n<td>Classe A<\/td>\n<\/tr>\n<tr>\n<th colspan=\"2\">Tables de cuisson<\/th>\n<\/tr>\n<tr>\n<td>Type de table de cuisson<\/td>\n<td>Table de cuisson au gaz \u2013 5 plaques de cuisson<\/td>\n<\/tr>\n<tr>\n<td>Type d\u2019\u00e9l\u00e9ment chauffant<\/td>\n<td>Br\u00fbleur \u00e0 gaz<\/td>\n<\/tr>\n<tr>\n<td>D\u00e9tails de la table de cuisson<\/td>\n<td>1 x br\u00fbleur \u00e0 gaz \u2013 4000 W \u2013 br\u00fbleur double pour wok<br \/>\n1 x zone chauffante<br \/>\n2 x br\u00fbleur \u00e0 gaz \u2013 2000 W<br \/>\n1 x br\u00fbleur \u00e0 gaz \u2013 3000 W<br \/>\n1 x br\u00fbleur \u00e0 gaz \u2013 1000 W<\/td>\n<\/tr>\n<tr>\n<td>Fonctions de la table de cuisson<\/td>\n<td>Grille en fonte, Grilles en fonte<\/td>\n<\/tr>\n<tr>\n<th colspan=\"2\">Four<\/th>\n<\/tr>\n<tr>\n<td>Type du four<\/td>\n<td>Four \u00e9lectrique \u2013 60 litres \u2013 classe A<\/td>\n<\/tr>\n<tr>\n<td>Puissance du four<\/td>\n<td>1900 Watt<\/td>\n<\/tr>\n<tr>\n<td>Type d\u2019ouverture de porte<\/td>\n<td>Porte \u00e0 ouverture sur le c\u00f4t\u00e9<\/td>\n<\/tr>\n<tr>\n<th colspan=\"2\">Fonctions du four<\/th>\n<\/tr>\n<tr>\n<td>Rev\u00eatement int\u00e9rieur<\/td>\n<td>Email<\/td>\n<\/tr>\n<tr>\n<th colspan=\"2\">R\u00e9glages, commandes et voyants<\/th>\n<\/tr>\n<tr>\n<td>Fonctions du minuteur<\/td>\n<td>Programmeur \u00e9lectronique<\/td>\n<\/tr>\n<tr>\n<td>Minuteur<\/td>\n<td>Oui<\/td>\n<\/tr>\n<tr>\n<td>Allumage automatique<\/td>\n<td>Table de cuisson<\/td>\n<\/tr>\n<tr>\n<th colspan=\"2\">Deuxi\u00e8me four<\/th>\n<\/tr>\n<tr>\n<td>Type du deuxi\u00e8me four<\/td>\n<td>Four \u00e9lectrique \u2013 79 litres \u2013 classe A<\/td>\n<\/tr>\n<tr>\n<td>Puissance du deuxi\u00e8me four<\/td>\n<td>1800 Watt<\/td>\n<\/tr>\n<tr>\n<td>Programmes de cuisson du deuxi\u00e8me four<\/td>\n<td>Air puls\u00e9<\/td>\n<\/tr>\n<tr>\n<th colspan=\"2\">Tiroir-gril<\/th>\n<\/tr>\n<tr>\n<td>Puissance du grill<\/td>\n<td>1600 Watt<\/td>\n<\/tr>\n<tr>\n<td>Contenance du gril<\/td>\n<td>31 litres<\/td>\n<\/tr>\n<tr>\n<td>Classe \u00e9nerg\u00e9tique du grill<\/td>\n<td>Classe A<\/td>\n<\/tr>\n<tr>\n<th colspan=\"2\">Consommation<\/th>\n<\/tr>\n<tr>\n<td>Courant nominal<\/td>\n<td>25 A<\/td>\n<\/tr>\n<tr>\n<td>Puissance \u00e9lectrique<\/td>\n<td>5.5 kWatt<\/td>\n<\/tr>\n<tr>\n<td>Alimentation<\/td>\n<td>220 \u2013 240 V \/ 50 Hz<\/td>\n<\/tr>\n<tr>\n<td>Puissance maximum de gaz<\/td>\n<td>12 kWatt<\/td>\n<\/tr>\n<tr>\n<td>Consommation \u00e9nerg\u00e9tique (mode \u00e0 convection naturelle)<\/td>\n<td>0.85 kWh<\/td>\n<\/tr>\n<tr>\n<td>Consommation \u00e9nerg\u00e9tique (mode multifonction)<\/td>\n<td>0.94 kWh<\/td>\n<\/tr>\n<tr>\n<th colspan=\"2\">Divers<\/th>\n<\/tr>\n<tr>\n<td>Fonctions de s\u00e9curit\u00e9<\/td>\n<td>S\u00e9curit\u00e9 gaz, porte froide<\/td>\n<\/tr>\n<tr>\n<td>Fonctions personnalisables<\/td>\n<td>Porte en verre int\u00e9rieure, vitrages de portes amovibles, pied avant ajustable<\/td>\n<\/tr>\n<tr>\n<td>Caract\u00e9ristiques externes<\/td>\n<td>Poign\u00e9e en chrome, boutons chrom\u00e9s<\/td>\n<\/tr>\n<tr>\n<td>Accessoires inclus<\/td>\n<td>Kit de conversion gaz naturel vers LPG<br \/>\nKit pour montage mural<br \/>\nRack (gril)<br \/>\n2 x rack (four pour gaucher)<br \/>\n3 x rack (four pour droitier)<\/td>\n<\/tr>\n<tr>\n<th colspan=\"2\">Dimensions et poids<\/th>\n<\/tr>\n<tr>\n<td>Largeur<\/td>\n<td>90 cm<\/td>\n<\/tr>\n<tr>\n<td>Poids<\/td>\n<td>85.4 kg<\/td>\n<\/tr>\n<tr>\n<td>Hauteur<\/td>\n<td>90 cm<\/td>\n<\/tr>\n<tr>\n<td>Profondeur<\/td>\n<td>60 cm<\/td>\n<\/tr>\n<tr>\n<th colspan=\"2\">Dimensions et poids (emball\u00e9)<\/th>\n<\/tr>\n<tr>\n<td>Poids (Exp\u00e9dition)<\/td>\n<td>94.5 kg<\/td>\n<\/tr>\n<tr>\n<td>Hauteur (Exp\u00e9dition)<\/td>\n<td>107 cm<\/td>\n<\/tr>\n<tr>\n<td>Largeur (emball\u00e9e)<\/td>\n<td>96 cm<\/td>\n<\/tr>\n<tr>\n<td>Profondeur (emball\u00e9e)<\/td>\n<td>70 cm<\/td>\n<\/tr>\n<tr>\n<th colspan=\"2\">Affichage<\/th>\n<\/tr>\n<tr>\n<td>Type<\/td>\n<td>Num\u00e9rique<\/td>\n<\/tr>\n<\/tbody>\n<\/table>\n<\/div>\n<\/div>\n<\/div>","protected":false},"excerpt":{"rendered":"<p>Piano de cuisson \u2013 90 cm \u2013 5 foyers gaz dont 1 wok + zone de maintien au chaud \u2013 Triple cavit\u00e9 : 2 Fours + 1 Grill \u2013 Fours : Convection naturelle + Chaleur puls\u00e9e \u2013 Coloris noir<\/p>","protected":false},"featured_media":10814,"comment_status":"open","ping_status":"closed","template":"","meta":{"inline_featured_image":false,"_joinchat":[]},"product_cat":[139,120],"product_tag":[],"class_list":{"0":"post-10693","1":"product","2":"type-product","3":"status-publish","4":"has-post-thumbnail","6":"product_cat-cuisiniere","7":"product_cat-gros-electromenagers","9":"first","10":"instock","11":"sale","12":"shipping-taxable","13":"purchasable","14":"product-type-simple"},"_links":{"self":[{"href":"https:\/\/kitchtenstore.com\/fr\/wp-json\/wp\/v2\/product\/10693","targetHints":{"allow":["GET"]}}],"collection":[{"href":"https:\/\/kitchtenstore.com\/fr\/wp-json\/wp\/v2\/product"}],"about":[{"href":"https:\/\/kitchtenstore.com\/fr\/wp-json\/wp\/v2\/types\/product"}],"replies":[{"embeddable":true,"href":"https:\/\/kitchtenstore.com\/fr\/wp-json\/wp\/v2\/comments?post=10693"}],"version-history":[{"count":1,"href":"https:\/\/kitchtenstore.com\/fr\/wp-json\/wp\/v2\/product\/10693\/revisions"}],"predecessor-version":[{"id":10817,"href":"https:\/\/kitchtenstore.com\/fr\/wp-json\/wp\/v2\/product\/10693\/revisions\/10817"}],"wp:featuredmedia":[{"embeddable":true,"href":"https:\/\/kitchtenstore.com\/fr\/wp-json\/wp\/v2\/media\/10814"}],"wp:attachment":[{"href":"https:\/\/kitchtenstore.com\/fr\/wp-json\/wp\/v2\/media?parent=10693"}],"wp:term":[{"taxonomy":"product_cat","embeddable":true,"href":"https:\/\/kitchtenstore.com\/fr\/wp-json\/wp\/v2\/product_cat?post=10693"},{"taxonomy":"product_tag","embeddable":true,"href":"https:\/\/kitchtenstore.com\/fr\/wp-json\/wp\/v2\/product_tag?post=10693"}],"curies":[{"name":"wp","href":"https:\/\/api.w.org\/{rel}","templated":true}]}}