{"id":10669,"date":"2022-10-23T10:25:54","date_gmt":"2022-10-23T10:25:54","guid":{"rendered":"https:\/\/kitchtenstore.com\/?post_type=product&#038;p=10669"},"modified":"2022-10-23T10:27:31","modified_gmt":"2022-10-23T10:27:31","slug":"cuisiniere-electrique-66l-4-feux-blanc-hkr39i120-bosch","status":"publish","type":"product","link":"https:\/\/kitchtenstore.com\/fr\/produit\/cuisiniere-electrique-66l-4-feux-blanc-hkr39i120-bosch\/","title":{"rendered":"Cuisini\u00e8re \u00e9lectrique 66l 4 feux blanc \u2013 hkr39i120 Bosch"},"content":{"rendered":"<div class=\"woocommerce-tabs wc-tabs-wrapper\">\n<div id=\"tab-description\" class=\"woocommerce-Tabs-panel woocommerce-Tabs-panel--description panel entry-content wc-tab\" role=\"tabpanel\" aria-labelledby=\"tab-title-description\">\n<table class=\"fpDescTb fpDescTbPub\">\n<tbody>\n<tr>\n<td>Type de produit<\/td>\n<td>Cuisini\u00e8re \u2013 \u00e9lectrique<\/td>\n<\/tr>\n<tr>\n<td>Couleur<\/td>\n<td>Blanc<\/td>\n<\/tr>\n<tr>\n<td>Taille<\/td>\n<td>Grand<\/td>\n<\/tr>\n<tr>\n<td>Fabricant<\/td>\n<td>Bosch<\/td>\n<\/tr>\n<tr>\n<td>Mod\u00e8le<\/td>\n<td>HKR39I120<\/td>\n<\/tr>\n<tr>\n<td>Volume utile total du four<\/td>\n<td>66 litres<\/td>\n<\/tr>\n<tr>\n<td>Type de porte<\/td>\n<td>Porte vitr\u00e9e<\/td>\n<\/tr>\n<tr>\n<td>Format<\/td>\n<td>Pose libre<\/td>\n<\/tr>\n<tr>\n<td>Couleur de la surface<\/td>\n<td>Noir<\/td>\n<\/tr>\n<tr>\n<th colspan=\"2\">Tables de cuisson<\/th>\n<\/tr>\n<tr>\n<td>Type de table de cuisson<\/td>\n<td>Vitroc\u00e9ramique \u2013 4 plaques de cuisson<\/td>\n<\/tr>\n<tr>\n<td>Type d\u2019\u00e9l\u00e9ment chauffant<\/td>\n<td>Table de cuisson Ceramic Radiant<\/td>\n<\/tr>\n<tr>\n<td>D\u00e9tails de la table de cuisson<\/td>\n<td>2 x table de cuisson Ceramic Radiant \u2013 1800 W \u2013 180 mm \u2013 br\u00fbleur standard<br \/>\n1 x table de cuisson Ceramic Radiant \u2013 1200 W \u2013 145 mm<br \/>\n1 x table de cuisson Ceramic Radiant \u2013 2200 W \u2013 120\/210 mm<\/td>\n<\/tr>\n<tr>\n<td>Surface de la table de cuisson<\/td>\n<td>Vitroc\u00e9ramique<\/td>\n<\/tr>\n<tr>\n<th colspan=\"2\">Four<\/th>\n<\/tr>\n<tr>\n<td>Type du four<\/td>\n<td>Four \u00e9lectrique \u2013 66 litres \u2013 classe A<\/td>\n<\/tr>\n<tr>\n<td>Nombre de modes de chauffage du four<\/td>\n<td>7<\/td>\n<\/tr>\n<tr>\n<td>Positions de grille du four<\/td>\n<td>5<\/td>\n<\/tr>\n<tr>\n<td>Type d\u2019ouverture de porte<\/td>\n<td>Porte abattante<\/td>\n<\/tr>\n<tr>\n<td>Consommation \u00e9nerg\u00e9tique par cycle (mode conventionnel soufflant)<\/td>\n<td>0.79 kWh<\/td>\n<\/tr>\n<tr>\n<td>Consommation \u00e9lectrique par cycle (mode conventionnel)<\/td>\n<td>0.98 kWh<\/td>\n<\/tr>\n<tr>\n<td>Couleur de porte<\/td>\n<td>Noir<\/td>\n<\/tr>\n<tr>\n<td>Lumi\u00e8re du four<\/td>\n<td>Oui<\/td>\n<\/tr>\n<tr>\n<td>Fen\u00eatre du four<\/td>\n<td>Oui<\/td>\n<\/tr>\n<tr>\n<th colspan=\"2\">Fonctions du four<\/th>\n<\/tr>\n<tr>\n<td>Auto-nettoyage<\/td>\n<td>Oui (syst\u00e8me de nettoyage facile EasyClean)<\/td>\n<\/tr>\n<tr>\n<th colspan=\"2\">R\u00e9glages, commandes et voyants<\/th>\n<\/tr>\n<tr>\n<td>Minuteur<\/td>\n<td>Oui<\/td>\n<\/tr>\n<tr>\n<td>Type de commande<\/td>\n<td>Electronique<\/td>\n<\/tr>\n<tr>\n<td>Emplacement des commandes<\/td>\n<td>Panneau avant<\/td>\n<\/tr>\n<tr>\n<td>Control Elements<\/td>\n<td>Dial<\/td>\n<\/tr>\n<tr>\n<th colspan=\"2\">Consommation<\/th>\n<\/tr>\n<tr>\n<td>Courant nominal<\/td>\n<td>16 A<\/td>\n<\/tr>\n<tr>\n<td>Puissance \u00e9lectrique<\/td>\n<td>10.2 kWatt<\/td>\n<\/tr>\n<tr>\n<td>Alimentation<\/td>\n<td>220 \u2013 240 V \/ 50\/60 Hz<\/td>\n<\/tr>\n<tr>\n<th colspan=\"2\">Divers<\/th>\n<\/tr>\n<tr>\n<td>Fonctions de s\u00e9curit\u00e9<\/td>\n<td>S\u00e9curit\u00e9 enfants, 4 indicateurs de chaleur r\u00e9siduelle<\/td>\n<\/tr>\n<tr>\n<td>Compartiment de rangement<\/td>\n<td>Oui<\/td>\n<\/tr>\n<tr>\n<td>Accessoires inclus<\/td>\n<td>Plaque en fonte<br \/>\nPo\u00eale universelle<\/td>\n<\/tr>\n<tr>\n<td>Normes de conformit\u00e9<\/td>\n<td>Directive 2010\/30\/EC, Directive 65\/2014\/EU<\/td>\n<\/tr>\n<tr>\n<th colspan=\"2\">Dimensions et poids<\/th>\n<\/tr>\n<tr>\n<td>Dimensions de la cavit\u00e9<\/td>\n<td>48.2 cm x 42 cm x 32.9 cm<\/td>\n<\/tr>\n<tr>\n<td>Largeur<\/td>\n<td>60 cm<\/td>\n<\/tr>\n<tr>\n<td>Poids<\/td>\n<td>49.862 kg<\/td>\n<\/tr>\n<tr>\n<td>Hauteur<\/td>\n<td>85 cm<\/td>\n<\/tr>\n<tr>\n<td>Profondeur<\/td>\n<td>60 cm<\/td>\n<\/tr>\n<tr>\n<td>Informations sur les dimensions<\/td>\n<td>Profondeur avec porte ouverte: 105 cm<\/td>\n<\/tr>\n<tr>\n<th colspan=\"2\">Dimensions et poids (emball\u00e9)<\/th>\n<\/tr>\n<tr>\n<td>Poids (Exp\u00e9dition)<\/td>\n<td>54 kg<\/td>\n<\/tr>\n<tr>\n<th colspan=\"2\">Affichage<\/th>\n<\/tr>\n<tr>\n<td>Type<\/td>\n<td>Affichage LED<\/td>\n<\/tr>\n<\/tbody>\n<\/table>\n<\/div>\n<\/div>","protected":false},"excerpt":{"rendered":"<div class=\"woocommerce-product-details__short-description\">\n<p>La cuisini\u00e8re pose libre HKR39I120 de BOSCH avec table vitroc\u00e9ramique et Air puls\u00e9 3D : d\u2019excellents r\u00e9sultats de cuisson et de r\u00f4tissage simultan\u00e9ment sur plusieurs niveaux.- Air puls\u00e9 3D : r\u00e9sultats de cuisson parfaits gr\u00e2ce \u00e0 la r\u00e9partition de la chaleur de fa\u00e7on homog\u00e8ne sur 3 niveaux.- Display LED, rouge : facile \u00e0 utiliser, gr\u00e2ce aux fonctions de temps.- EcoClean Direct : le rev\u00eatement sp\u00e9cial sur la paroi arri\u00e8re, les parois lat\u00e9rales et la vo\u00fbte du four absorbe les graisses et les r\u00e9sidus et les d\u00e9compose par oxydation. Nettoyer le four fait d\u00e9sormais partie du pass\u00e9.<\/p>\n<\/div>\n<form class=\"cart\" action=\"https:\/\/www.gros-menager.com\/boutique\/cuisiniere-electrique-66l-4-feux-blanc-hkr39i120-bosch\/\" enctype=\"multipart\/form-data\" method=\"post\">\n<div class=\"product-button-wrapper\">\n<div class=\"quantity razzi-quantity-dropdown\"><\/div>\n<\/div>\n<\/form>","protected":false},"featured_media":10792,"comment_status":"open","ping_status":"closed","template":"","meta":{"inline_featured_image":false,"_joinchat":[]},"product_cat":[139,120],"product_tag":[],"class_list":{"0":"post-10669","1":"product","2":"type-product","3":"status-publish","4":"has-post-thumbnail","6":"product_cat-cuisiniere","7":"product_cat-gros-electromenagers","9":"first","10":"instock","11":"sale","12":"shipping-taxable","13":"purchasable","14":"product-type-simple"},"_links":{"self":[{"href":"https:\/\/kitchtenstore.com\/fr\/wp-json\/wp\/v2\/product\/10669","targetHints":{"allow":["GET"]}}],"collection":[{"href":"https:\/\/kitchtenstore.com\/fr\/wp-json\/wp\/v2\/product"}],"about":[{"href":"https:\/\/kitchtenstore.com\/fr\/wp-json\/wp\/v2\/types\/product"}],"replies":[{"embeddable":true,"href":"https:\/\/kitchtenstore.com\/fr\/wp-json\/wp\/v2\/comments?post=10669"}],"version-history":[{"count":1,"href":"https:\/\/kitchtenstore.com\/fr\/wp-json\/wp\/v2\/product\/10669\/revisions"}],"predecessor-version":[{"id":10793,"href":"https:\/\/kitchtenstore.com\/fr\/wp-json\/wp\/v2\/product\/10669\/revisions\/10793"}],"wp:featuredmedia":[{"embeddable":true,"href":"https:\/\/kitchtenstore.com\/fr\/wp-json\/wp\/v2\/media\/10792"}],"wp:attachment":[{"href":"https:\/\/kitchtenstore.com\/fr\/wp-json\/wp\/v2\/media?parent=10669"}],"wp:term":[{"taxonomy":"product_cat","embeddable":true,"href":"https:\/\/kitchtenstore.com\/fr\/wp-json\/wp\/v2\/product_cat?post=10669"},{"taxonomy":"product_tag","embeddable":true,"href":"https:\/\/kitchtenstore.com\/fr\/wp-json\/wp\/v2\/product_tag?post=10669"}],"curies":[{"name":"wp","href":"https:\/\/api.w.org\/{rel}","templated":true}]}}