{"id":10668,"date":"2022-10-23T10:25:54","date_gmt":"2022-10-23T10:25:54","guid":{"rendered":"https:\/\/kitchtenstore.com\/?post_type=product&#038;p=10668"},"modified":"2022-10-23T10:27:30","modified_gmt":"2022-10-23T10:27:30","slug":"cuisiniere-50x60-double-fours-electrique-4-feux-noirc-continental-edison","status":"publish","type":"product","link":"https:\/\/kitchtenstore.com\/fr\/produit\/cuisiniere-50x60-double-fours-electrique-4-feux-noirc-continental-edison\/","title":{"rendered":"Cuisini\u00e8re 50\u00d760 Double fours \u00e9lectrique \u2013 4 feux noirc CONTINENTAL EDISON"},"content":{"rendered":"<table class=\"fpDescTb fpDescTbPub\">\n<tbody>\n<tr>\n<th colspan=\"2\">Informations g\u00e9n\u00e9rales sur le produit<\/th>\n<\/tr>\n<tr>\n<td>Marque<\/td>\n<td>CONTINENTAL EDISON<\/td>\n<\/tr>\n<tr>\n<td>Nom du produit<\/td>\n<td>CONTINENTAL EDISON Cuisini\u00e8re 50\u00d760 Double fours \u00e9<\/td>\n<\/tr>\n<tr>\n<td>Cat\u00e9gorie<\/td>\n<td>CUISINI\u00c8RE \u2013 PIANO<\/td>\n<\/tr>\n<tr>\n<th colspan=\"2\">G\u00e9n\u00e9ral<\/th>\n<\/tr>\n<tr>\n<td>Type de produit<\/td>\n<td>Cuisini\u00e8re \u2013 Gaz et \u00e9lectrique<\/td>\n<\/tr>\n<tr>\n<td>Couleur<\/td>\n<td>Noir<\/td>\n<\/tr>\n<tr>\n<td>Fabricant<\/td>\n<td>Continental Edison<\/td>\n<\/tr>\n<tr>\n<td>Mod\u00e8le<\/td>\n<td>CECDF5060B2<\/td>\n<\/tr>\n<tr>\n<td>Type de porte<\/td>\n<td>Porte vitr\u00e9e<\/td>\n<\/tr>\n<tr>\n<td>Format<\/td>\n<td>Pose libre<\/td>\n<\/tr>\n<tr>\n<th colspan=\"2\">Tables de cuisson<\/th>\n<\/tr>\n<tr>\n<td>Type de table de cuisson<\/td>\n<td>Table de cuisson au gaz \u2013 4 plaques de cuisson<\/td>\n<\/tr>\n<tr>\n<td>Type d\u2019\u00e9l\u00e9ment chauffant<\/td>\n<td>Br\u00fbleur \u00e0 gaz<\/td>\n<\/tr>\n<tr>\n<td>D\u00e9tails de la table de cuisson<\/td>\n<td>2 x br\u00fbleur \u00e0 gaz \u2013 1000 W<br \/>\n1 x br\u00fbleur \u00e0 gaz \u2013 1750 W<br \/>\n1 x br\u00fbleur \u00e0 gaz \u2013 3000 W<\/td>\n<\/tr>\n<tr>\n<th colspan=\"2\">Four<\/th>\n<\/tr>\n<tr>\n<td>Type du four<\/td>\n<td>Four \u00e9lectrique \u2013 multifonctions \u2013 50 litres<\/td>\n<\/tr>\n<tr>\n<td>Puissance du gril<\/td>\n<td>1600 Watt<\/td>\n<\/tr>\n<tr>\n<td>Puissance du four<\/td>\n<td>2000 Watt<\/td>\n<\/tr>\n<tr>\n<td>Couleur de porte<\/td>\n<td>Noir<\/td>\n<\/tr>\n<tr>\n<td>Lumi\u00e8re du four<\/td>\n<td>Oui<\/td>\n<\/tr>\n<tr>\n<th colspan=\"2\">Fonctions du four<\/th>\n<\/tr>\n<tr>\n<td>Auto-nettoyage<\/td>\n<td>Oui, \u00e0 catalyse (four principal)<\/td>\n<\/tr>\n<tr>\n<th colspan=\"2\">R\u00e9glages, commandes et voyants<\/th>\n<\/tr>\n<tr>\n<td>Type de commande<\/td>\n<td>M\u00e9canique<\/td>\n<\/tr>\n<tr>\n<td>Indicateur lumineux de mise sous tension<\/td>\n<td>Oui<\/td>\n<\/tr>\n<tr>\n<th colspan=\"2\">Deuxi\u00e8me four<\/th>\n<\/tr>\n<tr>\n<td>Type du deuxi\u00e8me four<\/td>\n<td>Four \u00e9lectrique \u2013 31 litres<\/td>\n<\/tr>\n<tr>\n<td>Puissance du deuxi\u00e8me four<\/td>\n<td>1100 Watt<\/td>\n<\/tr>\n<tr>\n<td>Programmes de cuisson du deuxi\u00e8me four<\/td>\n<td>Gril, 4 modes de cuisson<\/td>\n<\/tr>\n<tr>\n<td>Puissance du deuxi\u00e8me grill<\/td>\n<td>1900 Watt<\/td>\n<\/tr>\n<tr>\n<th colspan=\"2\">Consommation<\/th>\n<\/tr>\n<tr>\n<td>Puissance maximum de gaz<\/td>\n<td>6750 Watt<\/td>\n<\/tr>\n<\/tbody>\n<\/table>","protected":false},"excerpt":{"rendered":"<div class=\"woocommerce-product-details__short-description\">\n<p class=\"fpMb\">CONTINENTAL EDISON Cuisini\u00e8re 50\u00d760 Double fours \u00e9lectrique \u2013 4 feux noir<\/p>\n<\/div>\n<form class=\"cart\" action=\"https:\/\/www.gros-menager.com\/boutique\/cuisiniere-50x60-double-fours-electrique-4-feux-noirc-continental-edison\/\" enctype=\"multipart\/form-data\" method=\"post\">\n<div class=\"product-button-wrapper\">\n<div class=\"quantity razzi-quantity-dropdown\"><\/div>\n<\/div>\n<\/form>","protected":false},"featured_media":10788,"comment_status":"open","ping_status":"closed","template":"","meta":{"inline_featured_image":false,"_joinchat":[]},"product_cat":[139,120],"product_tag":[],"class_list":{"0":"post-10668","1":"product","2":"type-product","3":"status-publish","4":"has-post-thumbnail","6":"product_cat-cuisiniere","7":"product_cat-gros-electromenagers","9":"first","10":"instock","11":"sale","12":"shipping-taxable","13":"purchasable","14":"product-type-simple"},"_links":{"self":[{"href":"https:\/\/kitchtenstore.com\/fr\/wp-json\/wp\/v2\/product\/10668","targetHints":{"allow":["GET"]}}],"collection":[{"href":"https:\/\/kitchtenstore.com\/fr\/wp-json\/wp\/v2\/product"}],"about":[{"href":"https:\/\/kitchtenstore.com\/fr\/wp-json\/wp\/v2\/types\/product"}],"replies":[{"embeddable":true,"href":"https:\/\/kitchtenstore.com\/fr\/wp-json\/wp\/v2\/comments?post=10668"}],"version-history":[{"count":1,"href":"https:\/\/kitchtenstore.com\/fr\/wp-json\/wp\/v2\/product\/10668\/revisions"}],"predecessor-version":[{"id":10791,"href":"https:\/\/kitchtenstore.com\/fr\/wp-json\/wp\/v2\/product\/10668\/revisions\/10791"}],"wp:featuredmedia":[{"embeddable":true,"href":"https:\/\/kitchtenstore.com\/fr\/wp-json\/wp\/v2\/media\/10788"}],"wp:attachment":[{"href":"https:\/\/kitchtenstore.com\/fr\/wp-json\/wp\/v2\/media?parent=10668"}],"wp:term":[{"taxonomy":"product_cat","embeddable":true,"href":"https:\/\/kitchtenstore.com\/fr\/wp-json\/wp\/v2\/product_cat?post=10668"},{"taxonomy":"product_tag","embeddable":true,"href":"https:\/\/kitchtenstore.com\/fr\/wp-json\/wp\/v2\/product_tag?post=10668"}],"curies":[{"name":"wp","href":"https:\/\/api.w.org\/{rel}","templated":true}]}}