{"id":10630,"date":"2022-10-23T10:25:26","date_gmt":"2022-10-23T10:25:26","guid":{"rendered":"https:\/\/kitchtenstore.com\/?post_type=product&#038;p=10630"},"modified":"2022-10-23T10:27:16","modified_gmt":"2022-10-23T10:27:16","slug":"candy-smart-cst-g282l-47-machine-a-laver-a-ouverture-dessus-50-l-blanc","status":"publish","type":"product","link":"https:\/\/kitchtenstore.com\/fr\/produit\/candy-smart-cst-g282l-47-machine-a-laver-a-ouverture-dessus-50-l-blanc\/","title":{"rendered":"Candy SMART CST G282L-47 Machine \u00e0 laver \u00e0 ouverture dessus \u2013 50 L \u2013 Blanc"},"content":{"rendered":"<div class=\"woocommerce-tabs wc-tabs-wrapper\">\n<div id=\"tab-description\" class=\"woocommerce-Tabs-panel woocommerce-Tabs-panel--description panel entry-content wc-tab\" role=\"tabpanel\" aria-labelledby=\"tab-title-description\">\n<table class=\"fpDescTb fpDescTbPub\">\n<tbody>\n<tr>\n<th colspan=\"2\">Informations g\u00e9n\u00e9rales sur le produit<\/th>\n<\/tr>\n<tr>\n<td>Marque<\/td>\n<td>CANDY<\/td>\n<\/tr>\n<tr>\n<td>Nom du produit<\/td>\n<td>Candy SMART CST G282L-47 Machine \u00e0 laver \u00e0 ouvertu<\/td>\n<\/tr>\n<tr>\n<td>Cat\u00e9gorie<\/td>\n<td>LAVE-LINGE<\/td>\n<\/tr>\n<tr>\n<th colspan=\"2\">G\u00e9n\u00e9ral<\/th>\n<\/tr>\n<tr>\n<td>Type de produit<\/td>\n<td>Machine \u00e0 laver \u2013 chargement par le dessus<\/td>\n<\/tr>\n<tr>\n<td>Consommation d\u2019\u00e9nergie annuelle<\/td>\n<td>197 kWh<\/td>\n<\/tr>\n<tr>\n<td>Consommation d\u2019eau annuelle<\/td>\n<td>9600 litres<\/td>\n<\/tr>\n<tr>\n<td>Classe d\u2019efficacit\u00e9 d\u2019essorage<\/td>\n<td>Classe B<\/td>\n<\/tr>\n<tr>\n<td>Vitesse d\u2019essorage<\/td>\n<td>Variable \u2013 1200 tours\/min (maximum)<\/td>\n<\/tr>\n<tr>\n<td>Mat\u00e9riau du tambour<\/td>\n<td>Acier inoxydable<\/td>\n<\/tr>\n<tr>\n<td>Nombre de programmes<\/td>\n<td>15<\/td>\n<\/tr>\n<tr>\n<td>Caract\u00e9ristiques du tambour<\/td>\n<td>Tambour Shiatsu<\/td>\n<\/tr>\n<tr>\n<td>Niveau sonore maximum<\/td>\n<td>78 dB<\/td>\n<\/tr>\n<tr>\n<td>Niveau sonore (lavage)<\/td>\n<td>61 dB<\/td>\n<\/tr>\n<tr>\n<td>Capacit\u00e9 de lavage du tambour<\/td>\n<td>50 litres<\/td>\n<\/tr>\n<tr>\n<td>Classe \u00e9nerg\u00e9tique<\/td>\n<td>Classe A++<\/td>\n<\/tr>\n<tr>\n<td>Facteur de forme<\/td>\n<td>Ind\u00e9pendant<\/td>\n<\/tr>\n<tr>\n<td>Niveau sonore (essorage)<\/td>\n<td>78 dB<\/td>\n<\/tr>\n<tr>\n<td>Couleur Ext\u00e9rieure<\/td>\n<td>Blanc<\/td>\n<\/tr>\n<tr>\n<td>Capacit\u00e9 de charge<\/td>\n<td>8 kg<\/td>\n<\/tr>\n<tr>\n<th colspan=\"2\">Machine \u00e0 laver<\/th>\n<\/tr>\n<tr>\n<td>Classe de lavage<\/td>\n<td>Classe A<\/td>\n<\/tr>\n<tr>\n<td>Options et programmes sp\u00e9ciaux<\/td>\n<td>Laine, fragile, lavage \u00e0 froid, coton, produits synth\u00e9tiques, rapide 30\u2032 40 \u00b0, EcoMix 20\u00b0<\/td>\n<\/tr>\n<tr>\n<th colspan=\"2\">R\u00e9glages, commandes et voyants<\/th>\n<\/tr>\n<tr>\n<td>T\u00e9moins<\/td>\n<td>Indicateur fermeture de porte, indicateur de progression du lavage<\/td>\n<\/tr>\n<tr>\n<td>Fonctions du minuteur<\/td>\n<td>D\u00e9part diff\u00e9r\u00e9, t\u00e9moins lumineux DEL, commandes Smart Touch<\/td>\n<\/tr>\n<tr>\n<td>D\u00e9part diff\u00e9r\u00e9<\/td>\n<td>9 heures<\/td>\n<\/tr>\n<tr>\n<td>Type de commande<\/td>\n<td>Electronique<\/td>\n<\/tr>\n<tr>\n<td>Emplacement des commandes<\/td>\n<td>Paneau arri\u00e8re<\/td>\n<\/tr>\n<tr>\n<th colspan=\"2\">Consommation<\/th>\n<\/tr>\n<tr>\n<td>Courant nominal<\/td>\n<td>10 A<\/td>\n<\/tr>\n<tr>\n<td>Alimentation<\/td>\n<td>220 \u2013 230 V \/ 50 Hz<\/td>\n<\/tr>\n<tr>\n<th colspan=\"2\">Divers<\/th>\n<\/tr>\n<tr>\n<td>Fonctions de s\u00e9curit\u00e9<\/td>\n<td>Verrou de porte<\/td>\n<\/tr>\n<tr>\n<td>Normes de conformit\u00e9<\/td>\n<td>Directive 2010\/30\/EC<\/td>\n<\/tr>\n<tr>\n<th colspan=\"2\">Dimensions et poids<\/th>\n<\/tr>\n<tr>\n<td>Largeur<\/td>\n<td>40 cm<\/td>\n<\/tr>\n<tr>\n<td>Profondeur<\/td>\n<td>60 cm<\/td>\n<\/tr>\n<tr>\n<td>Hauteur<\/td>\n<td>85 cm<\/td>\n<\/tr>\n<tr>\n<td>Poids<\/td>\n<td>56.5 kg<\/td>\n<\/tr>\n<tr>\n<th colspan=\"2\">Dimensions et poids (emball\u00e9)<\/th>\n<\/tr>\n<tr>\n<td>Largeur (emball\u00e9e)<\/td>\n<td>49.5 cm<\/td>\n<\/tr>\n<tr>\n<td>Profondeur (emball\u00e9e)<\/td>\n<td>66 cm<\/td>\n<\/tr>\n<tr>\n<td>Hauteur (Exp\u00e9dition)<\/td>\n<td>89 cm<\/td>\n<\/tr>\n<tr>\n<td>Poids (Exp\u00e9dition)<\/td>\n<td>59 kg<\/td>\n<\/tr>\n<tr>\n<th colspan=\"2\">Internet des objets (IdO)<\/th>\n<\/tr>\n<tr>\n<td>Technologie des communications<\/td>\n<td>NFC<\/td>\n<\/tr>\n<tr>\n<td>Type de communication<\/td>\n<td>Produit \u00e0 produit<\/td>\n<\/tr>\n<\/tbody>\n<\/table>\n<\/div>\n<\/div>","protected":false},"excerpt":{"rendered":"<ul>\n<li>Capacit\u00e9 de charge : 8 kg<\/li>\n<li>Classe \u00e9nerg\u00e9tique : Classe A++<\/li>\n<li>Vitesse d\u2019essorage : Variable \u2013 1200 tours\/min (maximum)<\/li>\n<li>D\u00e9part diff\u00e9r\u00e9 : 9 heures<\/li>\n<li>Niveau sonore (lavage) : 61 dB<\/li>\n<\/ul>\n<div class=\"jsFpBulletPointMore\">\n<ul>\n<li>Nombre de programmes : 15<\/li>\n<\/ul>\n<\/div>","protected":false},"featured_media":10768,"comment_status":"open","ping_status":"closed","template":"","meta":{"inline_featured_image":false,"_joinchat":[]},"product_cat":[120,121],"product_tag":[],"class_list":{"0":"post-10630","1":"product","2":"type-product","3":"status-publish","4":"has-post-thumbnail","6":"product_cat-gros-electromenagers","7":"product_cat-lave-linge","9":"first","10":"instock","11":"sale","12":"shipping-taxable","13":"purchasable","14":"product-type-simple"},"_links":{"self":[{"href":"https:\/\/kitchtenstore.com\/fr\/wp-json\/wp\/v2\/product\/10630","targetHints":{"allow":["GET"]}}],"collection":[{"href":"https:\/\/kitchtenstore.com\/fr\/wp-json\/wp\/v2\/product"}],"about":[{"href":"https:\/\/kitchtenstore.com\/fr\/wp-json\/wp\/v2\/types\/product"}],"replies":[{"embeddable":true,"href":"https:\/\/kitchtenstore.com\/fr\/wp-json\/wp\/v2\/comments?post=10630"}],"version-history":[{"count":1,"href":"https:\/\/kitchtenstore.com\/fr\/wp-json\/wp\/v2\/product\/10630\/revisions"}],"predecessor-version":[{"id":10769,"href":"https:\/\/kitchtenstore.com\/fr\/wp-json\/wp\/v2\/product\/10630\/revisions\/10769"}],"wp:featuredmedia":[{"embeddable":true,"href":"https:\/\/kitchtenstore.com\/fr\/wp-json\/wp\/v2\/media\/10768"}],"wp:attachment":[{"href":"https:\/\/kitchtenstore.com\/fr\/wp-json\/wp\/v2\/media?parent=10630"}],"wp:term":[{"taxonomy":"product_cat","embeddable":true,"href":"https:\/\/kitchtenstore.com\/fr\/wp-json\/wp\/v2\/product_cat?post=10630"},{"taxonomy":"product_tag","embeddable":true,"href":"https:\/\/kitchtenstore.com\/fr\/wp-json\/wp\/v2\/product_tag?post=10630"}],"curies":[{"name":"wp","href":"https:\/\/api.w.org\/{rel}","templated":true}]}}