{"id":10629,"date":"2022-10-23T10:25:26","date_gmt":"2022-10-23T10:25:26","guid":{"rendered":"https:\/\/kitchtenstore.com\/?post_type=product&#038;p=10629"},"modified":"2022-10-23T10:27:15","modified_gmt":"2022-10-23T10:27:15","slug":"candy-dvs1410thc3b-lave-linge-frontal-10-kg-1400-tours-min-a-moteur-induction-noir","status":"publish","type":"product","link":"https:\/\/kitchtenstore.com\/fr\/produit\/candy-dvs1410thc3b-lave-linge-frontal-10-kg-1400-tours-min-a-moteur-induction-noir\/","title":{"rendered":"CANDY DVS1410THC3B \u2013 Lave linge frontal \u2013 10 kg \u2013 1400 tours \/ min \u2013 A+++ \u2013 Moteur induction \u2013 Noir"},"content":{"rendered":"<table class=\"fpDescTb fpDescTbPub\">\n<tbody>\n<tr>\n<td>Type de produit<\/td>\n<td>Machine \u00e0 laver \u2013 chargement frontal<\/td>\n<\/tr>\n<tr>\n<td>Consommation d\u2019\u00e9nergie annuelle<\/td>\n<td>239 kWh<\/td>\n<\/tr>\n<tr>\n<td>Consommation d\u2019eau annuelle<\/td>\n<td>12900 litres<\/td>\n<\/tr>\n<tr>\n<td>Classe d\u2019efficacit\u00e9 d\u2019essorage<\/td>\n<td>Classe A<\/td>\n<\/tr>\n<tr>\n<td>Vitesse d\u2019essorage<\/td>\n<td>Variable \u2013 1400 tours\/min (maximum)<\/td>\n<\/tr>\n<tr>\n<td>Mat\u00e9riau du tambour<\/td>\n<td>Acier inoxydable<\/td>\n<\/tr>\n<tr>\n<td>Nombre de programmes<\/td>\n<td>15<\/td>\n<\/tr>\n<tr>\n<td>Niveau sonore maximum<\/td>\n<td>81 dB<\/td>\n<\/tr>\n<tr>\n<td>Niveau sonore (lavage)<\/td>\n<td>60 dB<\/td>\n<\/tr>\n<tr>\n<td>Moteur d\u2019onduleur<\/td>\n<td>Oui<\/td>\n<\/tr>\n<tr>\n<td>Capacit\u00e9 de lavage du tambour<\/td>\n<td>66 litres<\/td>\n<\/tr>\n<tr>\n<td>Classe \u00e9nerg\u00e9tique<\/td>\n<td>Classe A+++<\/td>\n<\/tr>\n<tr>\n<td>Facteur de forme<\/td>\n<td>Ind\u00e9pendant<\/td>\n<\/tr>\n<tr>\n<td>Niveau sonore (essorage)<\/td>\n<td>81 dB<\/td>\n<\/tr>\n<tr>\n<td>Couleur Ext\u00e9rieure<\/td>\n<td>Noir brillant<\/td>\n<\/tr>\n<tr>\n<td>Capacit\u00e9 de charge<\/td>\n<td>10 kg<\/td>\n<\/tr>\n<tr>\n<th colspan=\"2\">Machine \u00e0 laver<\/th>\n<\/tr>\n<tr>\n<td>Classe de lavage<\/td>\n<td>Classe A<\/td>\n<\/tr>\n<tr>\n<td>Options et programmes sp\u00e9ciaux<\/td>\n<td>Laine, fragile, coton, produits synth\u00e9tiques, lavage \u00e0 la main, vidange + essorage, v\u00eatements b\u00e9b\u00e9, jean, lavage vapeur, coton avec pr\u00e9lavage, rapide 44 min, rin\u00e7age, programme de lavage t\u00e9l\u00e9charg\u00e9, rapide 14\u2032, quotidien 59 min, rapide 30\u2032, EcoMix 20\u00b0<\/td>\n<\/tr>\n<tr>\n<th colspan=\"2\">R\u00e9glages, commandes et voyants<\/th>\n<\/tr>\n<tr>\n<td>T\u00e9moins<\/td>\n<td>T\u00e9moin de temps restant, indicateur fermeture de porte, indicateur de progression du lavage<\/td>\n<\/tr>\n<tr>\n<td>D\u00e9part diff\u00e9r\u00e9<\/td>\n<td>24 heures<\/td>\n<\/tr>\n<tr>\n<td>Emplacement des commandes<\/td>\n<td>Panneau avant<\/td>\n<\/tr>\n<tr>\n<td>Compatible Smart Phone<\/td>\n<td>Oui<\/td>\n<\/tr>\n<tr>\n<th colspan=\"2\">Consommation<\/th>\n<\/tr>\n<tr>\n<td>Alimentation<\/td>\n<td>220 \u2013 240 V \/ 50 Hz<\/td>\n<\/tr>\n<tr>\n<th colspan=\"2\">Divers<\/th>\n<\/tr>\n<tr>\n<td>Fonctions de s\u00e9curit\u00e9<\/td>\n<td>Verrou de porte<\/td>\n<\/tr>\n<tr>\n<td>Normes de conformit\u00e9<\/td>\n<td>Directive 2010\/30\/EC<\/td>\n<\/tr>\n<tr>\n<th colspan=\"2\">Dimensions et poids<\/th>\n<\/tr>\n<tr>\n<td>Largeur<\/td>\n<td>60 cm<\/td>\n<\/tr>\n<tr>\n<td>Profondeur<\/td>\n<td>54 cm<\/td>\n<\/tr>\n<tr>\n<td>Hauteur<\/td>\n<td>85 cm<\/td>\n<\/tr>\n<tr>\n<td>Poids<\/td>\n<td>70 kg<\/td>\n<\/tr>\n<tr>\n<th colspan=\"2\">Dimensions et poids (emball\u00e9)<\/th>\n<\/tr>\n<tr>\n<td>Largeur (emball\u00e9e)<\/td>\n<td>65 cm<\/td>\n<\/tr>\n<tr>\n<td>Profondeur (emball\u00e9e)<\/td>\n<td>60 cm<\/td>\n<\/tr>\n<tr>\n<td>Hauteur (Exp\u00e9dition)<\/td>\n<td>89 cm<\/td>\n<\/tr>\n<tr>\n<td>Poids (Exp\u00e9dition)<\/td>\n<td>72 kg<\/td>\n<\/tr>\n<tr>\n<th colspan=\"2\">Affichage<\/th>\n<\/tr>\n<tr>\n<td>Type<\/td>\n<td>Num\u00e9rique<\/td>\n<\/tr>\n<\/tbody>\n<\/table>","protected":false},"excerpt":{"rendered":"<ul>\n<li>Capacit\u00e9 de charge : 10 kg<\/li>\n<li>Classe \u00e9nerg\u00e9tique : Classe A+++<\/li>\n<li>Vitesse d\u2019essorage : Variable \u2013 1400 tours\/min (maximum)<\/li>\n<li>D\u00e9part diff\u00e9r\u00e9 : 24 heures<\/li>\n<li>Niveau sonore (lavage) : 60 dB<\/li>\n<\/ul>\n<div class=\"jsFpBulletPointMore\">\n<ul>\n<li>Nombre de programmes : 15<\/li>\n<\/ul>\n<\/div>","protected":false},"featured_media":10766,"comment_status":"open","ping_status":"closed","template":"","meta":{"inline_featured_image":false,"_joinchat":[]},"product_cat":[120],"product_tag":[],"class_list":{"0":"post-10629","1":"product","2":"type-product","3":"status-publish","4":"has-post-thumbnail","6":"product_cat-gros-electromenagers","8":"first","9":"instock","10":"sale","11":"shipping-taxable","12":"purchasable","13":"product-type-simple"},"_links":{"self":[{"href":"https:\/\/kitchtenstore.com\/fr\/wp-json\/wp\/v2\/product\/10629","targetHints":{"allow":["GET"]}}],"collection":[{"href":"https:\/\/kitchtenstore.com\/fr\/wp-json\/wp\/v2\/product"}],"about":[{"href":"https:\/\/kitchtenstore.com\/fr\/wp-json\/wp\/v2\/types\/product"}],"replies":[{"embeddable":true,"href":"https:\/\/kitchtenstore.com\/fr\/wp-json\/wp\/v2\/comments?post=10629"}],"version-history":[{"count":1,"href":"https:\/\/kitchtenstore.com\/fr\/wp-json\/wp\/v2\/product\/10629\/revisions"}],"predecessor-version":[{"id":10767,"href":"https:\/\/kitchtenstore.com\/fr\/wp-json\/wp\/v2\/product\/10629\/revisions\/10767"}],"wp:featuredmedia":[{"embeddable":true,"href":"https:\/\/kitchtenstore.com\/fr\/wp-json\/wp\/v2\/media\/10766"}],"wp:attachment":[{"href":"https:\/\/kitchtenstore.com\/fr\/wp-json\/wp\/v2\/media?parent=10629"}],"wp:term":[{"taxonomy":"product_cat","embeddable":true,"href":"https:\/\/kitchtenstore.com\/fr\/wp-json\/wp\/v2\/product_cat?post=10629"},{"taxonomy":"product_tag","embeddable":true,"href":"https:\/\/kitchtenstore.com\/fr\/wp-json\/wp\/v2\/product_tag?post=10629"}],"curies":[{"name":"wp","href":"https:\/\/api.w.org\/{rel}","templated":true}]}}