{"id":10628,"date":"2022-10-23T10:25:26","date_gmt":"2022-10-23T10:25:26","guid":{"rendered":"https:\/\/kitchtenstore.com\/?post_type=product&#038;p=10628"},"modified":"2022-10-23T10:27:14","modified_gmt":"2022-10-23T10:27:14","slug":"candy-csh8a1le-seche-linge-frontal-8-kg-pompe-a-chaleur-a-blanc","status":"publish","type":"product","link":"https:\/\/kitchtenstore.com\/fr\/produit\/candy-csh8a1le-seche-linge-frontal-8-kg-pompe-a-chaleur-a-blanc\/","title":{"rendered":"CANDY CSH8A1LE \u2013 S\u00e8che-linge frontal \u2013 8 kg \u2013 Pompe \u00e0 chaleur \u2013 A+ \u2013 Blanc"},"content":{"rendered":"<table class=\"fpDescTb fpDescTbPub\">\n<tbody>\n<tr>\n<th colspan=\"2\">Informations g\u00e9n\u00e9rales sur le produit<\/th>\n<\/tr>\n<tr>\n<td>Marque<\/td>\n<td>CANDY<\/td>\n<\/tr>\n<tr>\n<td>Nom du produit<\/td>\n<td>CANDY CSH8A1LE \u2013 S\u00e8che-linge frontal \u2013 8 kg \u2013 Pomp<\/td>\n<\/tr>\n<tr>\n<td>Cat\u00e9gorie<\/td>\n<td>S\u00c8CHE-LINGE<\/td>\n<\/tr>\n<tr>\n<th colspan=\"2\">G\u00e9n\u00e9ral<\/th>\n<\/tr>\n<tr>\n<td>Type de produit<\/td>\n<td>S\u00e8che-linge \u2013 chargement frontal \u2013 \u00e9lectrique<\/td>\n<\/tr>\n<tr>\n<td>Consommation d\u2019\u00e9nergie annuelle<\/td>\n<td>273 kWh<\/td>\n<\/tr>\n<tr>\n<td>Mat\u00e9riau du tambour<\/td>\n<td>Acier galvanis\u00e9<\/td>\n<\/tr>\n<tr>\n<td>Niveau sonore maximum<\/td>\n<td>67 dB<\/td>\n<\/tr>\n<tr>\n<td>Efficacit\u00e9 de la condensation<\/td>\n<td>Classe A<\/td>\n<\/tr>\n<tr>\n<td>Programme de s\u00e9chage standard<\/td>\n<td>Coton<\/td>\n<\/tr>\n<tr>\n<td>D\u00e9tails sur la dur\u00e9e du programme<\/td>\n<td>225 min \u2013 s\u00e9chage \u2013 pleine charge<br \/>\n133 min \u2013 s\u00e9chage \u2013 charge partielle<\/td>\n<\/tr>\n<tr>\n<td>Dur\u00e9e pond\u00e9r\u00e9e du programme de s\u00e9chage<\/td>\n<td>172 min<\/td>\n<\/tr>\n<tr>\n<td>Efficacit\u00e9 de condensation moyenne \u00e0 pleine charge<\/td>\n<td>91 %<\/td>\n<\/tr>\n<tr>\n<td>Efficacit\u00e9 de condensation moyenne avec charge partielle<\/td>\n<td>91 %<\/td>\n<\/tr>\n<tr>\n<td>Efficacit\u00e9 de condensation pond\u00e9r\u00e9e<\/td>\n<td>91 %<\/td>\n<\/tr>\n<tr>\n<td>Capacit\u00e9 de s\u00e9chage du tambour<\/td>\n<td>115 litres<\/td>\n<\/tr>\n<tr>\n<td>Classe \u00e9nerg\u00e9tique<\/td>\n<td>Classe A+<\/td>\n<\/tr>\n<tr>\n<td>Facteur de forme<\/td>\n<td>Ind\u00e9pendant<\/td>\n<\/tr>\n<tr>\n<td>Niveau sonore (s\u00e9chage)<\/td>\n<td>67 dB<\/td>\n<\/tr>\n<tr>\n<td>Nombre de programmes du s\u00e8che-linge<\/td>\n<td>15<\/td>\n<\/tr>\n<tr>\n<td>Couleur Ext\u00e9rieure<\/td>\n<td>Blanc<\/td>\n<\/tr>\n<tr>\n<th colspan=\"2\">S\u00e8che-linge<\/th>\n<\/tr>\n<tr>\n<td>Capacit\u00e9 maximale de s\u00e9chage<\/td>\n<td>8 kg<\/td>\n<\/tr>\n<tr>\n<td>Type de s\u00e9chage<\/td>\n<td>Pompe \u00e0 chaleur<\/td>\n<\/tr>\n<tr>\n<td>Programmes et options de s\u00e9chage<\/td>\n<td>Laine Woolmark, fragile, coton, denim, chemises, synth\u00e9tique, textiles sport, repassage facile, Actualiser, pr\u00eat \u00e0 repasser, b\u00e9b\u00e9, repassage facile, cotons \u00e9co, anti-pli, Mix&amp;Dry, rapide 45\u2032, Fonc\u00e9, blancs, smart<\/td>\n<\/tr>\n<tr>\n<td>S\u00e8che-linge automatique<\/td>\n<td>Oui<\/td>\n<\/tr>\n<tr>\n<td>Capteur d\u2019humidit\u00e9<\/td>\n<td>Oui<\/td>\n<\/tr>\n<tr>\n<th colspan=\"2\">R\u00e9glages, commandes et voyants<\/th>\n<\/tr>\n<tr>\n<td>T\u00e9moins<\/td>\n<td>Fin de cycle<\/td>\n<\/tr>\n<tr>\n<td>Fonctions du minuteur<\/td>\n<td>D\u00e9part diff\u00e9r\u00e9<\/td>\n<\/tr>\n<tr>\n<td>D\u00e9part diff\u00e9r\u00e9<\/td>\n<td>9 heures<\/td>\n<\/tr>\n<tr>\n<td>Type de commande<\/td>\n<td>Electronique<\/td>\n<\/tr>\n<tr>\n<td>Emplacement des commandes<\/td>\n<td>Panneau avant<\/td>\n<\/tr>\n<tr>\n<td>Compatible Smart Phone<\/td>\n<td>Oui<\/td>\n<\/tr>\n<tr>\n<th colspan=\"2\">Consommation<\/th>\n<\/tr>\n<tr>\n<td>Courant nominal<\/td>\n<td>6 A<\/td>\n<\/tr>\n<tr>\n<td>Alimentation<\/td>\n<td>220 \u2013 240 V \/ 50 Hz<\/td>\n<\/tr>\n<tr>\n<td>Type de prise<\/td>\n<td>Schuko<\/td>\n<\/tr>\n<tr>\n<td>Consommation d\u2019\u00e9nergie en mode sous tension<\/td>\n<td>0.75 Watt<\/td>\n<\/tr>\n<tr>\n<td>Consommation \u00e9lectrique en mode Eteint<\/td>\n<td>0.4 Watt<\/td>\n<\/tr>\n<tr>\n<th colspan=\"2\">Consommation d\u2019eau et d\u2019\u00e9nergie<\/th>\n<\/tr>\n<tr>\n<td>Consommation d\u2019\u00e9nergie par cycle<\/td>\n<td>2.3 kWh<\/td>\n<\/tr>\n<tr>\n<td>D\u00e9tails de la consommation \u00e9nerg\u00e9tique<\/td>\n<td>2.3 kWh \u2013 s\u00e9chage \u2013 pleine charge<br \/>\n1.21 kWh \u2013 s\u00e9chage \u2013 charge partielle<\/td>\n<\/tr>\n<tr>\n<th colspan=\"2\">Divers<\/th>\n<\/tr>\n<tr>\n<td>Roulettes \/ pieds<\/td>\n<td>Pieds r\u00e9glables<\/td>\n<\/tr>\n<tr>\n<td>Normes de conformit\u00e9<\/td>\n<td>Directive 392\/2012\/EU, EN 61121, WEEE 2012\/19\/EU, Directive 2014\/53\/EU<\/td>\n<\/tr>\n<tr>\n<th colspan=\"2\">Dimensions et poids<\/th>\n<\/tr>\n<tr>\n<td>Largeur<\/td>\n<td>59.6 cm<\/td>\n<\/tr>\n<tr>\n<td>Profondeur<\/td>\n<td>61 cm<\/td>\n<\/tr>\n<tr>\n<td>Hauteur<\/td>\n<td>85 cm<\/td>\n<\/tr>\n<tr>\n<td>Poids<\/td>\n<td>41 kg<\/td>\n<\/tr>\n<tr>\n<th colspan=\"2\">Dimensions et poids (emball\u00e9)<\/th>\n<\/tr>\n<tr>\n<td>Poids (Exp\u00e9dition)<\/td>\n<td>42.5 kg<\/td>\n<\/tr>\n<tr>\n<th colspan=\"2\">Vos garanties incluses pour les produits vendus par Best-Ediscount<\/th>\n<\/tr>\n<tr>\n<td>Garantie (\u00b2)<\/td>\n<td>2 ans \u2013 pi\u00e8ces, main d\u2019\u0153uvre et d\u00e9placement<\/td>\n<\/tr>\n<\/tbody>\n<\/table>","protected":false},"excerpt":{"rendered":"<div class=\"woocommerce-product-details__short-description\">\n<p>S\u00e8che-linge Frontal \u2013 8 kg \u2013 Pompe \u00e0 chaleur \u2013 A+ \u2013 Blanc \u2013 Interface LED \u2013 D\u00e9part diff\u00e9r\u00e9 \u2013 Programme rapide 40 min \u2013 Hublot XXL \u2013 Cuve rehauss\u00e9e \u2013 Connect\u00e9 NFC \u2013 Bac \u00e0 eau Easy Case \u2013 15 programmes -Certification woolmark \u2013 Tambour acier galvanis\u00e9 \u2013 Syst\u00e8me de contr\u00f4le d\u2019humidit\u00e9 du linge \u2013 Fonction anti-froissage \u2013 Indicateur de fin de cycle<\/p>\n<\/div>\n<form class=\"cart\" action=\"https:\/\/www.gros-menager.com\/boutique\/candy-csh8a1le-seche-linge-frontal-8-kg-pompe-a-chaleur-a-blanc\/\" enctype=\"multipart\/form-data\" method=\"post\">\n<div class=\"product-button-wrapper\">\n<div class=\"quantity razzi-quantity-dropdown\"><\/div>\n<\/div>\n<\/form>","protected":false},"featured_media":10764,"comment_status":"open","ping_status":"closed","template":"","meta":{"inline_featured_image":false,"_joinchat":[]},"product_cat":[120,121],"product_tag":[],"class_list":{"0":"post-10628","1":"product","2":"type-product","3":"status-publish","4":"has-post-thumbnail","6":"product_cat-gros-electromenagers","7":"product_cat-lave-linge","9":"first","10":"instock","11":"sale","12":"shipping-taxable","13":"purchasable","14":"product-type-simple"},"_links":{"self":[{"href":"https:\/\/kitchtenstore.com\/fr\/wp-json\/wp\/v2\/product\/10628","targetHints":{"allow":["GET"]}}],"collection":[{"href":"https:\/\/kitchtenstore.com\/fr\/wp-json\/wp\/v2\/product"}],"about":[{"href":"https:\/\/kitchtenstore.com\/fr\/wp-json\/wp\/v2\/types\/product"}],"replies":[{"embeddable":true,"href":"https:\/\/kitchtenstore.com\/fr\/wp-json\/wp\/v2\/comments?post=10628"}],"version-history":[{"count":1,"href":"https:\/\/kitchtenstore.com\/fr\/wp-json\/wp\/v2\/product\/10628\/revisions"}],"predecessor-version":[{"id":10765,"href":"https:\/\/kitchtenstore.com\/fr\/wp-json\/wp\/v2\/product\/10628\/revisions\/10765"}],"wp:featuredmedia":[{"embeddable":true,"href":"https:\/\/kitchtenstore.com\/fr\/wp-json\/wp\/v2\/media\/10764"}],"wp:attachment":[{"href":"https:\/\/kitchtenstore.com\/fr\/wp-json\/wp\/v2\/media?parent=10628"}],"wp:term":[{"taxonomy":"product_cat","embeddable":true,"href":"https:\/\/kitchtenstore.com\/fr\/wp-json\/wp\/v2\/product_cat?post=10628"},{"taxonomy":"product_tag","embeddable":true,"href":"https:\/\/kitchtenstore.com\/fr\/wp-json\/wp\/v2\/product_tag?post=10628"}],"curies":[{"name":"wp","href":"https:\/\/api.w.org\/{rel}","templated":true}]}}