{"id":10604,"date":"2022-10-23T10:25:02","date_gmt":"2022-10-23T10:25:02","guid":{"rendered":"https:\/\/kitchtenstore.com\/?post_type=product&#038;p=10604"},"modified":"2022-10-23T10:27:07","modified_gmt":"2022-10-23T10:27:07","slug":"aspirateur-robot-irobot-roomba-s9","status":"publish","type":"product","link":"https:\/\/kitchtenstore.com\/fr\/produit\/aspirateur-robot-irobot-roomba-s9\/","title":{"rendered":"Aspirateur robot IROBOT ROOMBA S9+"},"content":{"rendered":"<div id=\"presContent\" class=\"fpBlk testSep extCode\">\n<p class=\"fpOfferCom\">PRODUIT NEUF g\u00e9n\u00e9ralement exp\u00e9di\u00e9 SOUS 5 jours ouvrables en ENVOI SUIVI. Envoi professionnel bien prot\u00e9g\u00e9.<\/p>\n<p>Description . Plus produit : Connexion WiFi, Commande vocal Amazon Alexia et Google Assistant . Caracteristique generale . Produit : Aspirateur robot . Affichage : Non . Gamme : Roomba s\u00e9rie S9+ . Syst\u00e8me de navigation : iAdapt 3.0 : lin\u00e9aire . Commande : Bouton et Via Smartphone . Batterie : Batterie longue dur\u00e9e (Li-Ion) . Capacit\u00e9 du r\u00e9servoir (en l) : Capacit\u00e9 standard (0,5L) . Niveau sonore (en db) : Silencie\u2026<\/p>\n<\/div>\n<div id=\"desc\" class=\"anchor\"><\/div>\n<div id=\"descContent\" class=\"fpBlk testSep\" data-cs-override-id=\"Descriptif\">\n<p class=\"fpMb\">Description . Plus produit : Connexion WiFi, Commande vocal Amazon Alexia et Google Assistant . Caracteristique generale . Produit : Aspirateur robot . Affichage : Non . Gamme : Roomba s\u00e9rie S9+ . Syst\u00e8me de navigation : iAdapt 3.0 : lin\u00e9aire . Commande : Bouton et Via Smartphone . Batterie : Batterie longue dur\u00e9e (Li-Ion) . Capacit\u00e9 du r\u00e9servoir (en l) : Capacit\u00e9 standard (0,5L) . Niveau sonore (en db) : Silencie\u2026<\/p>\n<div class=\"regBloc no1023\">\n<div id=\"gpt-R2-300X250BODY2\" data-google-query-id=\"CJW05t75megCFZbaswodhjkNzg\"><\/div>\n<div class=\"regTxt\"><\/div>\n<\/div>\n<table class=\"fpDescTb fpDescTbPub\">\n<tbody>\n<tr>\n<th colspan=\"2\">Informations g\u00e9n\u00e9rales sur le produit<\/th>\n<\/tr>\n<tr>\n<td>Marque<\/td>\n<td>IROBOT<\/td>\n<\/tr>\n<tr>\n<td>Nom du produit<\/td>\n<td>Aspirateur robot IROBOT ROOMBA S9+<\/td>\n<\/tr>\n<tr>\n<td>Cat\u00e9gorie<\/td>\n<td>ASPIRATEUR ROBOT<\/td>\n<\/tr>\n<tr>\n<th colspan=\"2\">G\u00e9n\u00e9ral<\/th>\n<\/tr>\n<tr>\n<td>Type de produit<\/td>\n<td>Aspirateur<\/td>\n<\/tr>\n<tr>\n<td>Collecte des poussi\u00e8res<\/td>\n<td>Sans sac<\/td>\n<\/tr>\n<tr>\n<td>Capacit\u00e9 du collecteur<\/td>\n<td>0.55 litres<\/td>\n<\/tr>\n<tr>\n<td>Mode de nettoyage<\/td>\n<td>Sec<\/td>\n<\/tr>\n<tr>\n<td>Type de nettoyant<\/td>\n<td>Robot<\/td>\n<\/tr>\n<tr>\n<td>Type d\u2019aspirateur<\/td>\n<td>Usage g\u00e9n\u00e9ral<\/td>\n<\/tr>\n<tr>\n<td>Navigation sur la salle<\/td>\n<td>Oui<\/td>\n<\/tr>\n<tr>\n<td>Caract\u00e9ristiques particuli\u00e8res<\/td>\n<td>Nettoyage de bord<\/td>\n<\/tr>\n<tr>\n<td>Suppression des poils d\u2019animaux<\/td>\n<td>Oui<\/td>\n<\/tr>\n<tr>\n<th colspan=\"2\">R\u00e9glages, commandes et voyants<\/th>\n<\/tr>\n<tr>\n<td>Type de commande<\/td>\n<td>Electronique<\/td>\n<\/tr>\n<tr>\n<td>Compatible Smart Phone<\/td>\n<td>Oui<\/td>\n<\/tr>\n<tr>\n<th colspan=\"2\">Consommation<\/th>\n<\/tr>\n<tr>\n<td>Type d\u2019alimentation<\/td>\n<td>Batteries rechargeables<\/td>\n<\/tr>\n<tr>\n<td>Batterie<\/td>\n<td>Lithium Ion<\/td>\n<\/tr>\n<tr>\n<td>Temps de chargement complet<\/td>\n<td>120 min<\/td>\n<\/tr>\n<tr>\n<td>Autonomie de fonctionnement<\/td>\n<td>120 min<\/td>\n<\/tr>\n<tr>\n<th colspan=\"2\">Divers<\/th>\n<\/tr>\n<tr>\n<td>Outils inclus<\/td>\n<td>Brosse pour angle<\/td>\n<\/tr>\n<tr>\n<td>Niveau sonore maximum<\/td>\n<td>60 dB<\/td>\n<\/tr>\n<tr>\n<th colspan=\"2\">Dimensions et poids<\/th>\n<\/tr>\n<tr>\n<td>Largeur<\/td>\n<td>33.5 cm<\/td>\n<\/tr>\n<tr>\n<td>Profondeur<\/td>\n<td>33.5 cm<\/td>\n<\/tr>\n<tr>\n<td>Hauteur<\/td>\n<td>9.3 cm<\/td>\n<\/tr>\n<tr>\n<td>Poids<\/td>\n<td>8.1 kg<\/td>\n<\/tr>\n<tr>\n<th colspan=\"2\">Dimensions et poids (emball\u00e9)<\/th>\n<\/tr>\n<tr>\n<td>Hauteur (Exp\u00e9dition)<\/td>\n<td>40 cm<\/td>\n<\/tr>\n<tr>\n<td>Largeur (emball\u00e9e)<\/td>\n<td>50 cm<\/td>\n<\/tr>\n<tr>\n<td>Profondeur (emball\u00e9e)<\/td>\n<td>42 cm<\/td>\n<\/tr>\n<tr>\n<td>Poids (Exp\u00e9dition)<\/td>\n<td>12 kg<\/td>\n<\/tr>\n<tr>\n<th colspan=\"2\">Attributs de recherche<\/th>\n<\/tr>\n<tr>\n<td>Nettoyage|Mode de nettoyage<\/td>\n<td>Sec<\/td>\n<\/tr>\n<tr>\n<th colspan=\"2\">Internet des objets (IdO)<\/th>\n<\/tr>\n<tr>\n<td>Technologie des communications<\/td>\n<td>Wi-Fi<\/td>\n<\/tr>\n<tr>\n<td>Compatible avec Assistant Intelligent<\/td>\n<td>Google Assistant, Alexa<\/td>\n<\/tr>\n<tr>\n<td>Compatible avec l\u2019Internet des objets (IdO)<\/td>\n<td>Oui<\/td>\n<\/tr>\n<\/tbody>\n<\/table>\n<\/div>","protected":false},"excerpt":{"rendered":"<ul>\n<li>Collecte des poussi\u00e8res : Sans sac<\/li>\n<li>Mode de nettoyage : Sec<\/li>\n<li>Capacit\u00e9 du collecteur : 0.55 litres<\/li>\n<li>Niveau sonore maximal : 60 dB<\/li>\n<li>Outils inclus : Brosse pour angle<\/li>\n<\/ul>","protected":false},"featured_media":10749,"comment_status":"open","ping_status":"closed","template":"","meta":{"inline_featured_image":false,"_joinchat":[]},"product_cat":[120],"product_tag":[],"class_list":{"0":"post-10604","1":"product","2":"type-product","3":"status-publish","4":"has-post-thumbnail","6":"product_cat-gros-electromenagers","8":"first","9":"instock","10":"sale","11":"shipping-taxable","12":"purchasable","13":"product-type-simple"},"_links":{"self":[{"href":"https:\/\/kitchtenstore.com\/fr\/wp-json\/wp\/v2\/product\/10604","targetHints":{"allow":["GET"]}}],"collection":[{"href":"https:\/\/kitchtenstore.com\/fr\/wp-json\/wp\/v2\/product"}],"about":[{"href":"https:\/\/kitchtenstore.com\/fr\/wp-json\/wp\/v2\/types\/product"}],"replies":[{"embeddable":true,"href":"https:\/\/kitchtenstore.com\/fr\/wp-json\/wp\/v2\/comments?post=10604"}],"version-history":[{"count":1,"href":"https:\/\/kitchtenstore.com\/fr\/wp-json\/wp\/v2\/product\/10604\/revisions"}],"predecessor-version":[{"id":10752,"href":"https:\/\/kitchtenstore.com\/fr\/wp-json\/wp\/v2\/product\/10604\/revisions\/10752"}],"wp:featuredmedia":[{"embeddable":true,"href":"https:\/\/kitchtenstore.com\/fr\/wp-json\/wp\/v2\/media\/10749"}],"wp:attachment":[{"href":"https:\/\/kitchtenstore.com\/fr\/wp-json\/wp\/v2\/media?parent=10604"}],"wp:term":[{"taxonomy":"product_cat","embeddable":true,"href":"https:\/\/kitchtenstore.com\/fr\/wp-json\/wp\/v2\/product_cat?post=10604"},{"taxonomy":"product_tag","embeddable":true,"href":"https:\/\/kitchtenstore.com\/fr\/wp-json\/wp\/v2\/product_tag?post=10604"}],"curies":[{"name":"wp","href":"https:\/\/api.w.org\/{rel}","templated":true}]}}