{"id":10603,"date":"2022-10-23T10:25:02","date_gmt":"2022-10-23T10:25:02","guid":{"rendered":"https:\/\/kitchtenstore.com\/?post_type=product&#038;p=10603"},"modified":"2022-10-23T10:27:04","modified_gmt":"2022-10-23T10:27:04","slug":"aspirateur-robot-33w-61-db-noir-irobot-roomba-650","status":"publish","type":"product","link":"https:\/\/kitchtenstore.com\/fr\/produit\/aspirateur-robot-33w-61-db-noir-irobot-roomba-650\/","title":{"rendered":"Aspirateur robot \u2013 33W \u2013 61 dB \u2013 Noir iROBOT Roomba 650"},"content":{"rendered":"<div id=\"presContent\" class=\"fpBlk testSep extCode\">\n<div><img decoding=\"async\" id=\"img_468648\" src=\"https:\/\/i6.cdscdn.com\/other\/468648.jpeg\" alt=\"irobot roomba 650 aspirateur robot\" \/><\/div>\n<\/div>\n<div id=\"desc\" class=\"anchor\"><\/div>\n<div id=\"descContent\" class=\"fpBlk testSep\" data-cs-override-id=\"Descriptif\">\n<p class=\"fpMb\">Noir \u2013 33W \u2013 61 dB \u2013 Autonomie : 120 min \u2013 Temps de charge : 3h \u2013 Capacit\u00e9 : 380 ml -Navigation iAdapt \u2013 Filtre AeroVac \u2013 Garantie : 2 ans<\/p>\n<div class=\"regBloc no1023\">\n<div id=\"gpt-R2-300X250BODY2\" data-google-query-id=\"CMi32df5megCFY5FNwodYgoKsw\"><\/div>\n<div class=\"regTxt\"><\/div>\n<\/div>\n<table class=\"fpDescTb fpDescTbPub\">\n<tbody>\n<tr>\n<th colspan=\"2\">Informations g\u00e9n\u00e9rales sur le produit<\/th>\n<\/tr>\n<tr>\n<td>Marque<\/td>\n<td>IROBOT<\/td>\n<\/tr>\n<tr>\n<td>Nom du produit<\/td>\n<td>iROBOT Roomba 650 \u2013 Aspirateur robot \u2013 33W \u2013 61 dB<\/td>\n<\/tr>\n<tr>\n<td>Cat\u00e9gorie<\/td>\n<td>ASPIRATEUR ROBOT<\/td>\n<\/tr>\n<tr>\n<th colspan=\"2\">G\u00e9n\u00e9ral<\/th>\n<\/tr>\n<tr>\n<td>Type de produit<\/td>\n<td>Aspirateur<\/td>\n<\/tr>\n<tr>\n<td>Collecte des poussi\u00e8res<\/td>\n<td>Sans sac<\/td>\n<\/tr>\n<tr>\n<td>Capacit\u00e9 du collecteur<\/td>\n<td>0.468 litre<\/td>\n<\/tr>\n<tr>\n<td>Mode de nettoyage<\/td>\n<td>Sec<\/td>\n<\/tr>\n<tr>\n<td>Type de filtre<\/td>\n<td>AeroVac<\/td>\n<\/tr>\n<tr>\n<td>Type de nettoyant<\/td>\n<td>Robot<\/td>\n<\/tr>\n<tr>\n<td>Type d\u2019aspirateur<\/td>\n<td>Usage g\u00e9n\u00e9ral<\/td>\n<\/tr>\n<tr>\n<td>Navigation sur la salle<\/td>\n<td>Oui<\/td>\n<\/tr>\n<tr>\n<td>Suppression des poils d\u2019animaux<\/td>\n<td>Oui<\/td>\n<\/tr>\n<tr>\n<th colspan=\"2\">R\u00e9glages, commandes et voyants<\/th>\n<\/tr>\n<tr>\n<td>Pr\u00e9r\u00e9glages de planification<\/td>\n<td>Oui<\/td>\n<\/tr>\n<tr>\n<td>Quantit\u00e9 de pr\u00e9-r\u00e9glage de planification<\/td>\n<td>7<\/td>\n<\/tr>\n<tr>\n<th colspan=\"2\">Consommation<\/th>\n<\/tr>\n<tr>\n<td>Puissance \u00e9lectrique<\/td>\n<td>33 Watt<\/td>\n<\/tr>\n<tr>\n<td>Type d\u2019alimentation<\/td>\n<td>Batteries rechargeables<\/td>\n<\/tr>\n<tr>\n<th colspan=\"2\">Divers<\/th>\n<\/tr>\n<tr>\n<td>Outils inclus<\/td>\n<td>Brosse lat\u00e9rale<\/td>\n<\/tr>\n<tr>\n<td>Contenu recycl\u00e9 de l\u2019emballage<\/td>\n<td>85 %<\/td>\n<\/tr>\n<tr>\n<td>Normes de conformit\u00e9<\/td>\n<td>TUV GS, SGS GS<\/td>\n<\/tr>\n<tr>\n<th colspan=\"2\">Dimensions et poids<\/th>\n<\/tr>\n<tr>\n<td>Largeur<\/td>\n<td>34 cm<\/td>\n<\/tr>\n<tr>\n<td>Profondeur<\/td>\n<td>34 cm<\/td>\n<\/tr>\n<tr>\n<td>Hauteur<\/td>\n<td>9.2 cm<\/td>\n<\/tr>\n<tr>\n<td>Poids<\/td>\n<td>3.6 kg<\/td>\n<\/tr>\n<tr>\n<th colspan=\"2\">Dimensions et poids (emball\u00e9)<\/th>\n<\/tr>\n<tr>\n<td>Hauteur (Exp\u00e9dition)<\/td>\n<td>45.72 cm<\/td>\n<\/tr>\n<tr>\n<td>Largeur (emball\u00e9e)<\/td>\n<td>43.18 cm<\/td>\n<\/tr>\n<tr>\n<td>Profondeur (emball\u00e9e)<\/td>\n<td>12.7 cm<\/td>\n<\/tr>\n<tr>\n<td>Poids (Exp\u00e9dition)<\/td>\n<td>6.35 kg<\/td>\n<\/tr>\n<tr>\n<th colspan=\"2\">Garantie du fabricant<\/th>\n<\/tr>\n<tr>\n<td>D\u00e9tails de garantie<\/td>\n<td>Garantie de la batterie de 3 ans<\/td>\n<\/tr>\n<tr>\n<th colspan=\"2\">Attributs de recherche<\/th>\n<\/tr>\n<tr>\n<td>Nettoyage|Mode de nettoyage<\/td>\n<td>Sec<\/td>\n<\/tr>\n<\/tbody>\n<\/table>\n<\/div>","protected":false},"excerpt":{"rendered":"<ul>\n<li>Collecte des poussi\u00e8res : Sans sac<\/li>\n<li>Mode de nettoyage : Sec<\/li>\n<li>Capacit\u00e9 du collecteur : 0.468 litre<\/li>\n<li>Puissance \u00e9lectrique : 33 Watt<\/li>\n<li>Type de filtre : AeroVac<\/li>\n<\/ul>\n<div class=\"jsFpBulletPointMore\">\n<ul>\n<li>Outils inclus : Brosse lat\u00e9rale<\/li>\n<\/ul>\n<\/div>","protected":false},"featured_media":10746,"comment_status":"open","ping_status":"closed","template":"","meta":{"inline_featured_image":false,"_joinchat":[]},"product_cat":[120],"product_tag":[],"class_list":{"0":"post-10603","1":"product","2":"type-product","3":"status-publish","4":"has-post-thumbnail","6":"product_cat-gros-electromenagers","8":"first","9":"instock","10":"sale","11":"shipping-taxable","12":"purchasable","13":"product-type-simple"},"_links":{"self":[{"href":"https:\/\/kitchtenstore.com\/fr\/wp-json\/wp\/v2\/product\/10603","targetHints":{"allow":["GET"]}}],"collection":[{"href":"https:\/\/kitchtenstore.com\/fr\/wp-json\/wp\/v2\/product"}],"about":[{"href":"https:\/\/kitchtenstore.com\/fr\/wp-json\/wp\/v2\/types\/product"}],"replies":[{"embeddable":true,"href":"https:\/\/kitchtenstore.com\/fr\/wp-json\/wp\/v2\/comments?post=10603"}],"version-history":[{"count":1,"href":"https:\/\/kitchtenstore.com\/fr\/wp-json\/wp\/v2\/product\/10603\/revisions"}],"predecessor-version":[{"id":10748,"href":"https:\/\/kitchtenstore.com\/fr\/wp-json\/wp\/v2\/product\/10603\/revisions\/10748"}],"wp:featuredmedia":[{"embeddable":true,"href":"https:\/\/kitchtenstore.com\/fr\/wp-json\/wp\/v2\/media\/10746"}],"wp:attachment":[{"href":"https:\/\/kitchtenstore.com\/fr\/wp-json\/wp\/v2\/media?parent=10603"}],"wp:term":[{"taxonomy":"product_cat","embeddable":true,"href":"https:\/\/kitchtenstore.com\/fr\/wp-json\/wp\/v2\/product_cat?post=10603"},{"taxonomy":"product_tag","embeddable":true,"href":"https:\/\/kitchtenstore.com\/fr\/wp-json\/wp\/v2\/product_tag?post=10603"}],"curies":[{"name":"wp","href":"https:\/\/api.w.org\/{rel}","templated":true}]}}