{"id":10602,"date":"2022-10-23T10:25:02","date_gmt":"2022-10-23T10:25:02","guid":{"rendered":"https:\/\/kitchtenstore.com\/?post_type=product&#038;p=10602"},"modified":"2022-10-23T10:27:01","modified_gmt":"2022-10-23T10:27:01","slug":"aspirateur-robot-33w-61-db-gris-irobot-roomba-775","status":"publish","type":"product","link":"https:\/\/kitchtenstore.com\/fr\/produit\/aspirateur-robot-33w-61-db-gris-irobot-roomba-775\/","title":{"rendered":"Aspirateur robot \u2013 33W \u2013 61 dB \u2013 Gris iROBOT Roomba 775"},"content":{"rendered":"<div id=\"presContent\" class=\"fpBlk testSep extCode\">\n<div><img decoding=\"async\" id=\"img_461733\" src=\"https:\/\/i6.cdscdn.com\/other\/461733.JPEG\" alt=\"\" \/><\/div>\n<\/div>\n<div id=\"desc\" class=\"anchor\"><\/div>\n<div id=\"descContent\" class=\"fpBlk testSep\" data-cs-override-id=\"Descriptif\">\n<p class=\"fpMb\">Gris \u2013 33W \u2013 61 dB \u2013 Autonomie : 120 min \u2013 Temps de charge : 3h \u2013 Capacit\u00e9 : 380 ml -Navigation iAdapt \u2013 Filtre AeroVac \u2013 Garantie : 2 ans<\/p>\n<div class=\"regBloc no1023\">\n<div id=\"gpt-R2-300X250BODY2\" data-google-query-id=\"CK7O29f5megCFVZGNwodXl4Aow\"><\/div>\n<div class=\"regTxt\"><\/div>\n<\/div>\n<table class=\"fpDescTb fpDescTbPub\">\n<tbody>\n<tr>\n<th colspan=\"2\">Informations g\u00e9n\u00e9rales sur le produit<\/th>\n<\/tr>\n<tr>\n<td>Marque<\/td>\n<td>IROBOT<\/td>\n<\/tr>\n<tr>\n<td>Nom du produit<\/td>\n<td>iROBOT Roomba 775 \u2013 Aspirateur robot \u2013 33W \u2013 61 dB<\/td>\n<\/tr>\n<tr>\n<td>Cat\u00e9gorie<\/td>\n<td>ASPIRATEUR ROBOT<\/td>\n<\/tr>\n<tr>\n<th colspan=\"2\">G\u00e9n\u00e9ral<\/th>\n<\/tr>\n<tr>\n<td>Type de produit<\/td>\n<td>Aspirateur<\/td>\n<\/tr>\n<tr>\n<td>Collecte des poussi\u00e8res<\/td>\n<td>Sans sac<\/td>\n<\/tr>\n<tr>\n<td>Capacit\u00e9 du collecteur<\/td>\n<td>0.38 litres<\/td>\n<\/tr>\n<tr>\n<td>Mode de nettoyage<\/td>\n<td>Sec<\/td>\n<\/tr>\n<tr>\n<td>Type de filtre<\/td>\n<td>AeroVac<\/td>\n<\/tr>\n<tr>\n<td>Type de nettoyant<\/td>\n<td>Robot<\/td>\n<\/tr>\n<tr>\n<td>Type d\u2019aspirateur<\/td>\n<td>Usage g\u00e9n\u00e9ral<\/td>\n<\/tr>\n<tr>\n<td>Navigation sur la salle<\/td>\n<td>Oui<\/td>\n<\/tr>\n<tr>\n<td>Caract\u00e9ristiques particuli\u00e8res<\/td>\n<td>Poign\u00e9e de rangement, t\u00e9l\u00e9commande, technologie AeroVac, technologie iAdapt, technologie de d\u00e9tection de la salet\u00e9, syst\u00e8me de retour automatique \u00e0 la base de chargement<\/td>\n<\/tr>\n<tr>\n<th colspan=\"2\">R\u00e9glages, commandes et voyants<\/th>\n<\/tr>\n<tr>\n<td>Indicateurs<\/td>\n<td>T\u00e9moin de remplissage du r\u00e9servoir\u2019, indicateur de niveau de batterie, indicateur d\u2019erreur<\/td>\n<\/tr>\n<tr>\n<td>Type de commande<\/td>\n<td>Electronique<\/td>\n<\/tr>\n<tr>\n<th colspan=\"2\">Consommation<\/th>\n<\/tr>\n<tr>\n<td>Puissance \u00e9lectrique<\/td>\n<td>33 Watt<\/td>\n<\/tr>\n<tr>\n<td>Type d\u2019alimentation<\/td>\n<td>Batteries rechargeables<\/td>\n<\/tr>\n<tr>\n<td>Batterie<\/td>\n<td>Nickel Metal Hydride<\/td>\n<\/tr>\n<tr>\n<td>Temps de chargement complet<\/td>\n<td>3 hrs<\/td>\n<\/tr>\n<tr>\n<td>Autonomie de fonctionnement<\/td>\n<td>120 min<\/td>\n<\/tr>\n<tr>\n<th colspan=\"2\">Divers<\/th>\n<\/tr>\n<tr>\n<td>Niveau sonore maximum<\/td>\n<td>60 dB<\/td>\n<\/tr>\n<tr>\n<td>Contenu recycl\u00e9 de l\u2019emballage<\/td>\n<td>En carton recycl\u00e9<\/td>\n<\/tr>\n<tr>\n<th colspan=\"2\">Dimensions et poids<\/th>\n<\/tr>\n<tr>\n<td>Largeur<\/td>\n<td>35 cm<\/td>\n<\/tr>\n<tr>\n<td>Profondeur<\/td>\n<td>35 cm<\/td>\n<\/tr>\n<tr>\n<td>Hauteur<\/td>\n<td>9.2 cm<\/td>\n<\/tr>\n<tr>\n<td>Poids<\/td>\n<td>3.85 kg<\/td>\n<\/tr>\n<tr>\n<th colspan=\"2\">Dimensions et poids (emball\u00e9)<\/th>\n<\/tr>\n<tr>\n<td>Hauteur (Exp\u00e9dition)<\/td>\n<td>57.2 cm<\/td>\n<\/tr>\n<tr>\n<td>Largeur (emball\u00e9e)<\/td>\n<td>49.5 cm<\/td>\n<\/tr>\n<tr>\n<td>Profondeur (emball\u00e9e)<\/td>\n<td>14.6 cm<\/td>\n<\/tr>\n<tr>\n<td>Poids (Exp\u00e9dition)<\/td>\n<td>6.9 kg<\/td>\n<\/tr>\n<tr>\n<th colspan=\"2\">Garantie du fabricant<\/th>\n<\/tr>\n<tr>\n<td>D\u00e9tails de garantie<\/td>\n<td>Garantie de batterie de 1 an<\/td>\n<\/tr>\n<tr>\n<th colspan=\"2\">Attributs de recherche<\/th>\n<\/tr>\n<tr>\n<td>Nettoyage|Mode de nettoyage<\/td>\n<td>Sec<\/td>\n<\/tr>\n<\/tbody>\n<\/table>\n<\/div>","protected":false},"excerpt":{"rendered":"<ul>\n<li>Collecte des poussi\u00e8res : Sans sac<\/li>\n<li>Mode de nettoyage : Sec<\/li>\n<li>Capacit\u00e9 du collecteur : 0.38 litres<\/li>\n<li>Niveau sonore maximal : 60 dB<\/li>\n<li>Puissance \u00e9lectrique : 33 Watt<\/li>\n<\/ul>\n<div class=\"jsFpBulletPointMore\">\n<ul>\n<li>Type de filtre : AeroVac<\/li>\n<\/ul>\n<\/div>","protected":false},"featured_media":10743,"comment_status":"open","ping_status":"closed","template":"","meta":{"inline_featured_image":false,"_joinchat":[]},"product_cat":[120],"product_tag":[],"class_list":{"0":"post-10602","1":"product","2":"type-product","3":"status-publish","4":"has-post-thumbnail","6":"product_cat-gros-electromenagers","8":"first","9":"instock","10":"sale","11":"shipping-taxable","12":"purchasable","13":"product-type-simple"},"_links":{"self":[{"href":"https:\/\/kitchtenstore.com\/fr\/wp-json\/wp\/v2\/product\/10602","targetHints":{"allow":["GET"]}}],"collection":[{"href":"https:\/\/kitchtenstore.com\/fr\/wp-json\/wp\/v2\/product"}],"about":[{"href":"https:\/\/kitchtenstore.com\/fr\/wp-json\/wp\/v2\/types\/product"}],"replies":[{"embeddable":true,"href":"https:\/\/kitchtenstore.com\/fr\/wp-json\/wp\/v2\/comments?post=10602"}],"version-history":[{"count":1,"href":"https:\/\/kitchtenstore.com\/fr\/wp-json\/wp\/v2\/product\/10602\/revisions"}],"predecessor-version":[{"id":10745,"href":"https:\/\/kitchtenstore.com\/fr\/wp-json\/wp\/v2\/product\/10602\/revisions\/10745"}],"wp:featuredmedia":[{"embeddable":true,"href":"https:\/\/kitchtenstore.com\/fr\/wp-json\/wp\/v2\/media\/10743"}],"wp:attachment":[{"href":"https:\/\/kitchtenstore.com\/fr\/wp-json\/wp\/v2\/media?parent=10602"}],"wp:term":[{"taxonomy":"product_cat","embeddable":true,"href":"https:\/\/kitchtenstore.com\/fr\/wp-json\/wp\/v2\/product_cat?post=10602"},{"taxonomy":"product_tag","embeddable":true,"href":"https:\/\/kitchtenstore.com\/fr\/wp-json\/wp\/v2\/product_tag?post=10602"}],"curies":[{"name":"wp","href":"https:\/\/api.w.org\/{rel}","templated":true}]}}