{"id":10564,"date":"2022-10-23T10:24:38","date_gmt":"2022-10-23T10:24:38","guid":{"rendered":"https:\/\/kitchtenstore.com\/?post_type=product&#038;p=10564"},"modified":"2022-10-23T10:26:29","modified_gmt":"2022-10-23T10:26:29","slug":"robot-cuiseur-kitchenaid-tout-en-un-cook-processor-artisan-5kcf0104-preparateur-culinaire-cuiseur","status":"publish","type":"product","link":"https:\/\/kitchtenstore.com\/fr\/produit\/robot-cuiseur-kitchenaid-tout-en-un-cook-processor-artisan-5kcf0104-preparateur-culinaire-cuiseur\/","title":{"rendered":"Robot cuiseur KITCHENAID TOUT-EN-UN (COOK PROCESSOR) ARTISAN 5KCF0104 \u2013 PR\u00c9PARATEUR CULINAIRE CUISEUR"},"content":{"rendered":"<h3 class=\"com-slidetoggle__table-title\">CARACT\u00c9RISTIQUES G\u00c9N\u00c9RALES<\/h3>\n<table class=\"com-slidetoggle__table\">\n<tbody>\n<tr>\n<td>\n<table class=\"com-slidetoggle__table-item\">\n<tbody>\n<tr>\n<td class=\"com-slidetoggle__table-text com-slidetoggle__table-name\">Nom mod\u00e8le<\/td>\n<td class=\"com-slidetoggle__table-text com-slidetoggle__table-value\">5KCF0104<\/td>\n<\/tr>\n<\/tbody>\n<\/table>\n<p>Couleur : Truffe Noire<\/p>\n<table class=\"com-slidetoggle__table-item\">\n<tbody>\n<tr>\n<td class=\"com-slidetoggle__table-text com-slidetoggle__table-name\">Livre de cuisine<\/td>\n<td class=\"com-slidetoggle__table-text com-slidetoggle__table-value\">Printed cookbook<\/td>\n<\/tr>\n<\/tbody>\n<\/table>\n<\/td>\n<\/tr>\n<\/tbody>\n<\/table>\n<hr class=\"com-slidetoggle__hr\" \/>\n<h3 class=\"com-slidetoggle__table-title\">SP\u00c9CIFICATIONS TECHNIQUES<\/h3>\n<table class=\"com-slidetoggle__table\">\n<tbody>\n<tr>\n<td>\n<table class=\"com-slidetoggle__table-item\">\n<tbody>\n<tr>\n<td class=\"com-slidetoggle__table-text com-slidetoggle__table-name\">Puissance maximale (W)<\/td>\n<td class=\"com-slidetoggle__table-text com-slidetoggle__table-value\">1500<\/td>\n<\/tr>\n<\/tbody>\n<\/table>\n<table class=\"com-slidetoggle__table-item\">\n<tbody>\n<tr>\n<td class=\"com-slidetoggle__table-text com-slidetoggle__table-name\">Puissance du moteur (W)<\/td>\n<td class=\"com-slidetoggle__table-text com-slidetoggle__table-value\">450<\/td>\n<\/tr>\n<\/tbody>\n<\/table>\n<table class=\"com-slidetoggle__table-item\">\n<tbody>\n<tr>\n<td class=\"com-slidetoggle__table-text com-slidetoggle__table-name\">Puissance de l\u2019\u00e9l\u00e9ment chauffant (W)<\/td>\n<td class=\"com-slidetoggle__table-text com-slidetoggle__table-value\">1050<\/td>\n<\/tr>\n<\/tbody>\n<\/table>\n<table class=\"com-slidetoggle__table-item\">\n<tbody>\n<tr>\n<td class=\"com-slidetoggle__table-text com-slidetoggle__table-name\">Tension (V)<\/td>\n<td class=\"com-slidetoggle__table-text com-slidetoggle__table-value\">220-240<\/td>\n<\/tr>\n<\/tbody>\n<\/table>\n<table class=\"com-slidetoggle__table-item\">\n<tbody>\n<tr>\n<td class=\"com-slidetoggle__table-text com-slidetoggle__table-name\">Fr\u00e9quence (Hz)<\/td>\n<td class=\"com-slidetoggle__table-text com-slidetoggle__table-value\">50\/60<\/td>\n<\/tr>\n<\/tbody>\n<\/table>\n<table class=\"com-slidetoggle__table-item\">\n<tbody>\n<tr>\n<td class=\"com-slidetoggle__table-text com-slidetoggle__table-name\">Mat\u00e9riau du corps<\/td>\n<td class=\"com-slidetoggle__table-text com-slidetoggle__table-value\">M\u00e9tal coul\u00e9<\/td>\n<\/tr>\n<\/tbody>\n<\/table>\n<table class=\"com-slidetoggle__table-item\">\n<tbody>\n<tr>\n<td class=\"com-slidetoggle__table-text com-slidetoggle__table-name\">Hauteur du produit (mm)<\/td>\n<td class=\"com-slidetoggle__table-text com-slidetoggle__table-value\">411<\/td>\n<\/tr>\n<\/tbody>\n<\/table>\n<table class=\"com-slidetoggle__table-item\">\n<tbody>\n<tr>\n<td class=\"com-slidetoggle__table-text com-slidetoggle__table-name\">Largeur du produit (mm)<\/td>\n<td class=\"com-slidetoggle__table-text com-slidetoggle__table-value\">314<\/td>\n<\/tr>\n<\/tbody>\n<\/table>\n<table class=\"com-slidetoggle__table-item\">\n<tbody>\n<tr>\n<td class=\"com-slidetoggle__table-text com-slidetoggle__table-name\">Profondeur du produit (mm)<\/td>\n<td class=\"com-slidetoggle__table-text com-slidetoggle__table-value\">342<\/td>\n<\/tr>\n<\/tbody>\n<\/table>\n<table class=\"com-slidetoggle__table-item\">\n<tbody>\n<tr>\n<td class=\"com-slidetoggle__table-text com-slidetoggle__table-name\">Hauteur du produit emball\u00e9 (mm)<\/td>\n<td class=\"com-slidetoggle__table-text com-slidetoggle__table-value\">430<\/td>\n<\/tr>\n<\/tbody>\n<\/table>\n<table class=\"com-slidetoggle__table-item\">\n<tbody>\n<tr>\n<td class=\"com-slidetoggle__table-text com-slidetoggle__table-name\">Largeur du produit emball\u00e9 (mm)<\/td>\n<td class=\"com-slidetoggle__table-text com-slidetoggle__table-value\">435<\/td>\n<\/tr>\n<\/tbody>\n<\/table>\n<table class=\"com-slidetoggle__table-item\">\n<tbody>\n<tr>\n<td class=\"com-slidetoggle__table-text com-slidetoggle__table-name\">Profondeur du produit emball\u00e9 (mm)<\/td>\n<td class=\"com-slidetoggle__table-text com-slidetoggle__table-value\">460<\/td>\n<\/tr>\n<\/tbody>\n<\/table>\n<table class=\"com-slidetoggle__table-item\">\n<tbody>\n<tr>\n<td class=\"com-slidetoggle__table-text com-slidetoggle__table-name\">Poids brut (kg)<\/td>\n<td class=\"com-slidetoggle__table-text com-slidetoggle__table-value\">12.4<\/td>\n<\/tr>\n<\/tbody>\n<\/table>\n<table class=\"com-slidetoggle__table-item\">\n<tbody>\n<tr>\n<td class=\"com-slidetoggle__table-text com-slidetoggle__table-name\">Poids net (kg)<\/td>\n<td class=\"com-slidetoggle__table-text com-slidetoggle__table-value\">10.14<\/td>\n<\/tr>\n<\/tbody>\n<\/table>\n<table class=\"com-slidetoggle__table-item\">\n<tbody>\n<tr>\n<td class=\"com-slidetoggle__table-text com-slidetoggle__table-name\">Capacit\u00e9 maximale (L)<\/td>\n<td class=\"com-slidetoggle__table-text com-slidetoggle__table-value\">2.5<\/td>\n<\/tr>\n<\/tbody>\n<\/table>\n<table class=\"com-slidetoggle__table-item\">\n<tbody>\n<tr>\n<td class=\"com-slidetoggle__table-text com-slidetoggle__table-name\">Capacit\u00e9 du bol de cuisson (L)<\/td>\n<td class=\"com-slidetoggle__table-text com-slidetoggle__table-value\">4.5<\/td>\n<\/tr>\n<\/tbody>\n<\/table>\n<table class=\"com-slidetoggle__table-item\">\n<tbody>\n<tr>\n<td class=\"com-slidetoggle__table-text com-slidetoggle__table-name\">Capteur de temp\u00e9rature \u00e9lectronique<\/td>\n<td class=\"com-slidetoggle__table-text com-slidetoggle__table-value\">Oui<\/td>\n<\/tr>\n<\/tbody>\n<\/table>\n<table class=\"com-slidetoggle__table-item\">\n<tbody>\n<tr>\n<td class=\"com-slidetoggle__table-text com-slidetoggle__table-name\">\u00c9cran LCD<\/td>\n<td class=\"com-slidetoggle__table-text com-slidetoggle__table-value\">LCD<\/td>\n<\/tr>\n<\/tbody>\n<\/table>\n<table class=\"com-slidetoggle__table-item\">\n<tbody>\n<tr>\n<td class=\"com-slidetoggle__table-text com-slidetoggle__table-name\">Longueur du cordon (cm)<\/td>\n<td class=\"com-slidetoggle__table-text com-slidetoggle__table-value\">100<\/td>\n<\/tr>\n<\/tbody>\n<\/table>\n<table class=\"com-slidetoggle__table-item\">\n<tbody>\n<tr>\n<td class=\"com-slidetoggle__table-text com-slidetoggle__table-name\">Nombre de tours\/minute (lame)<\/td>\n<td class=\"com-slidetoggle__table-text com-slidetoggle__table-value\">100-2300<\/td>\n<\/tr>\n<\/tbody>\n<\/table>\n<\/td>\n<\/tr>\n<\/tbody>\n<\/table>","protected":false},"excerpt":{"rendered":"<p>Appareil tout-en-un avec une large gamme d\u2019accessoires standard et une grande plage de\u00a0temp\u00e9ratures (de 40\u00a0\u00b0C \u00e0 140\u00a0\u00b0C): Il peut effectuer le travail de nombreux appareils d\u2019une simple pression sur un bouton\u00a0: hacher, piler, \u00e9mincer, m\u00e9langer, mixer, \u00e9mulsionner, p\u00e9trir, cuire \u00e0 la vapeur, bouillir, mijoter, frire<\/p>\n<div class=\"product-details__skill-item\">\n<p class=\"product-details__skill-text\">Cuve de cuisson en acier inoxydable de 4,5\u00a0L au design unique et \u00e9l\u00e9gant avec base large, poign\u00e9es ergonomiques, couvercle articul\u00e9 avec\u00a0bouchon-doseur int\u00e9gr\u00e9 pour pr\u00e9parer ais\u00e9ment de d\u00e9licieux repas pour les petites ou les grandes familles (jusqu\u2019\u00e0\u00a06\u00a0personnes). Le couvercle articul\u00e9 et le bouchon-doseur int\u00e9gr\u00e9 permettent d\u2019ajouter facilement des ingr\u00e9dients et\u00a0des aromates en cours de\u00a0cuisson<\/p>\n<\/div>\n<div class=\"product-details__skill-item\">\n<p class=\"product-details__skill-text\">Plaque en aluminium \u00e9pais garantissant une temp\u00e9rature de cuisson \u00e9lev\u00e9e et pr\u00e9cise (140\u00a0\u00b0C): Chaleur plus \u00e9lev\u00e9e et mieux r\u00e9partie, capteur de temp\u00e9rature pr\u00e9cis et mont\u00e9e rapide en temp\u00e9rature lors de l\u2019ajout d\u2019aliments\u00a0froids<\/p>\n<\/div>\n<div class=\"product-details__skill-item\">\n<p class=\"product-details__skill-text\">Livre de recettes, application et micro-site gratuits avec des recettes de tous les jours expliqu\u00e9es \u00e9tape par\u00a0\u00e9tape et cr\u00e9\u00e9es\u00a0par des ambassadeurs et des chefs locaux<\/p>\n<\/div>","protected":false},"featured_media":10701,"comment_status":"open","ping_status":"closed","template":"","meta":{"inline_featured_image":false,"_joinchat":[]},"product_cat":[122,123],"product_tag":[],"class_list":{"0":"post-10564","1":"product","2":"type-product","3":"status-publish","4":"has-post-thumbnail","6":"product_cat-cuisine-cuisson","7":"product_cat-robot-cuiseur","9":"first","10":"instock","11":"sale","12":"shipping-taxable","13":"purchasable","14":"product-type-simple"},"_links":{"self":[{"href":"https:\/\/kitchtenstore.com\/fr\/wp-json\/wp\/v2\/product\/10564","targetHints":{"allow":["GET"]}}],"collection":[{"href":"https:\/\/kitchtenstore.com\/fr\/wp-json\/wp\/v2\/product"}],"about":[{"href":"https:\/\/kitchtenstore.com\/fr\/wp-json\/wp\/v2\/types\/product"}],"replies":[{"embeddable":true,"href":"https:\/\/kitchtenstore.com\/fr\/wp-json\/wp\/v2\/comments?post=10564"}],"version-history":[{"count":1,"href":"https:\/\/kitchtenstore.com\/fr\/wp-json\/wp\/v2\/product\/10564\/revisions"}],"predecessor-version":[{"id":10704,"href":"https:\/\/kitchtenstore.com\/fr\/wp-json\/wp\/v2\/product\/10564\/revisions\/10704"}],"wp:featuredmedia":[{"embeddable":true,"href":"https:\/\/kitchtenstore.com\/fr\/wp-json\/wp\/v2\/media\/10701"}],"wp:attachment":[{"href":"https:\/\/kitchtenstore.com\/fr\/wp-json\/wp\/v2\/media?parent=10564"}],"wp:term":[{"taxonomy":"product_cat","embeddable":true,"href":"https:\/\/kitchtenstore.com\/fr\/wp-json\/wp\/v2\/product_cat?post=10564"},{"taxonomy":"product_tag","embeddable":true,"href":"https:\/\/kitchtenstore.com\/fr\/wp-json\/wp\/v2\/product_tag?post=10564"}],"curies":[{"name":"wp","href":"https:\/\/api.w.org\/{rel}","templated":true}]}}