{"id":10534,"date":"2022-10-23T10:24:14","date_gmt":"2022-10-23T10:24:14","guid":{"rendered":"https:\/\/kitchtenstore.com\/?post_type=product&#038;p=10534"},"modified":"2022-10-23T10:26:03","modified_gmt":"2022-10-23T10:26:03","slug":"robot-cuiseur-kenwood-cooking-chef-km082","status":"publish","type":"product","link":"https:\/\/kitchtenstore.com\/fr\/produit\/robot-cuiseur-kenwood-cooking-chef-km082\/","title":{"rendered":"Robot cuiseur KENWOOD COOKING CHEF KM082"},"content":{"rendered":"<table class=\"font-2\">\n<tbody>\n<tr class=\"odd\">\n<th scope=\"row\"><b>FONCTIONS<\/b>\u00a0(accessoires fournis et optionnels)<\/th>\n<td class=\"font-2-b\">\n<ul class=\"characteristics\" data-switch=\"\">\n<li class=\"\"><\/li>\n<\/ul>\n<\/td>\n<\/tr>\n<tr class=\"\">\n<th scope=\"row\">Fonctionnalit\u00e9s robot de cuisine \/ blender<\/th>\n<td class=\"font-2-b\">\n<ul class=\"characteristics\" data-switch=\"\">\n<li class=\"\">Arr\u00eat automatique<\/li>\n<\/ul>\n<\/td>\n<\/tr>\n<tr class=\"odd\">\n<th scope=\"row\">Nombre de fonctions<\/th>\n<td class=\"font-2-b\">\n<ul class=\"characteristics\" data-switch=\"\">\n<li class=\"\">15<\/li>\n<\/ul>\n<\/td>\n<\/tr>\n<tr class=\"\">\n<th scope=\"row\"><b>PRODUIT<\/b><\/th>\n<td class=\"font-2-b\">\n<ul class=\"characteristics\" data-switch=\"\">\n<li class=\"\"><\/li>\n<\/ul>\n<\/td>\n<\/tr>\n<tr class=\"odd\">\n<th scope=\"row\">Connect\u00e9<\/th>\n<td class=\"font-2-b\">\n<ul class=\"characteristics\" data-switch=\"\">\n<li class=\"\">Non<\/li>\n<\/ul>\n<\/td>\n<\/tr>\n<tr class=\"\">\n<th scope=\"row\">Capacit\u00e9 du bol<\/th>\n<td class=\"font-2-b\">\n<ul class=\"characteristics\" data-switch=\"\">\n<li class=\"\">6,7 l<\/li>\n<\/ul>\n<\/td>\n<\/tr>\n<tr class=\"odd\">\n<th scope=\"row\">Mati\u00e8re principale<\/th>\n<td class=\"font-2-b\">\n<ul class=\"characteristics\" data-switch=\"\">\n<li class=\"\">M\u00e9tal<\/li>\n<\/ul>\n<\/td>\n<\/tr>\n<tr class=\"\">\n<th scope=\"row\">Puissance<\/th>\n<td class=\"font-2-b\">\n<ul class=\"characteristics\" data-switch=\"\">\n<li class=\"\">1500 W<\/li>\n<\/ul>\n<\/td>\n<\/tr>\n<tr class=\"odd\">\n<th scope=\"row\">Livre de recettes<\/th>\n<td class=\"font-2-b\">\n<ul class=\"characteristics\" data-switch=\"\">\n<li class=\"\">Non<\/li>\n<\/ul>\n<\/td>\n<\/tr>\n<tr class=\"\">\n<th scope=\"row\">Affichage<\/th>\n<td class=\"font-2-b\">\n<ul class=\"characteristics\" data-switch=\"\">\n<li class=\"\">Affichage digital de la temp\u00e9rature; Affichage digital du temps<\/li>\n<\/ul>\n<\/td>\n<\/tr>\n<tr class=\"odd\">\n<th scope=\"row\">Type de moteur<\/th>\n<td class=\"font-2-b\">\n<ul class=\"characteristics\" data-switch=\"\">\n<li class=\"\"><\/li>\n<\/ul>\n<\/td>\n<\/tr>\n<tr class=\"\">\n<th scope=\"row\">Type de bol<\/th>\n<td class=\"font-2-b\">\n<ul class=\"characteristics\" data-switch=\"\">\n<li class=\"\">Bol ouvert pendant la pr\u00e9paration<\/li>\n<\/ul>\n<\/td>\n<\/tr>\n<tr class=\"odd\">\n<th scope=\"row\"><b>MODES DE CUISSON<\/b><\/th>\n<td class=\"font-2-b\">\n<ul class=\"characteristics\" data-switch=\"\">\n<li class=\"\"><\/li>\n<\/ul>\n<\/td>\n<\/tr>\n<tr class=\"\">\n<th scope=\"row\">Mode de cuisson<\/th>\n<td class=\"font-2-b\">\n<ul class=\"characteristics\" data-switch=\"\">\n<li class=\"\">Bouillir<\/li>\n<li class=\"\">Frire<\/li>\n<li class=\"\">Cuire \u00e0 basse temp\u00e9rature<\/li>\n<li class=\"\">Rissoler<\/li>\n<li class=\"\">Mijoter<\/li>\n<\/ul>\n<\/td>\n<\/tr>\n<tr class=\"odd\">\n<th scope=\"row\">Puissance induction<\/th>\n<td class=\"font-2-b\">\n<ul class=\"characteristics\" data-switch=\"\">\n<li class=\"\">1100 W<\/li>\n<\/ul>\n<\/td>\n<\/tr>\n<tr class=\"\">\n<th scope=\"row\">Temp\u00e9rature minimale<\/th>\n<td class=\"font-2-b\">\n<ul class=\"characteristics\" data-switch=\"\">\n<li class=\"\">20 \u00b0C<\/li>\n<\/ul>\n<\/td>\n<\/tr>\n<tr class=\"odd\">\n<th scope=\"row\"><b>VITESSES<\/b><\/th>\n<td class=\"font-2-b\">\n<ul class=\"characteristics\" data-switch=\"\">\n<li class=\"\"><\/li>\n<\/ul>\n<\/td>\n<\/tr>\n<tr class=\"\">\n<th scope=\"row\"><b>AUTRES<\/b><\/th>\n<td class=\"font-2-b\">\n<ul class=\"characteristics\" data-switch=\"\">\n<li class=\"\"><\/li>\n<\/ul>\n<\/td>\n<\/tr>\n<tr class=\"odd\">\n<th scope=\"row\">Accessoires fournis<\/th>\n<td class=\"font-2-b\">\n<ul class=\"characteristics\" data-switch=\"\">\n<li class=\"\">Kit p\u00e2tisserie : crochet, fouet, batteur, m\u00e9langeur, batteur souple, spatule, dessous de bol, couverle anti-projection, protection anti-condensation; Gamme de plus de 30 accessoires<\/li>\n<\/ul>\n<\/td>\n<\/tr>\n<tr class=\"\">\n<th scope=\"row\">Poids<\/th>\n<td class=\"font-2-b\">\n<ul class=\"characteristics\" data-switch=\"\">\n<li class=\"\">13,6 kg<\/li>\n<\/ul>\n<\/td>\n<\/tr>\n<tr class=\"odd\">\n<th scope=\"row\">Hauteur du produit<\/th>\n<td class=\"font-2-b\">\n<ul class=\"characteristics\" data-switch=\"\">\n<li class=\"\">38 cm<\/li>\n<\/ul>\n<\/td>\n<\/tr>\n<tr class=\"\">\n<th scope=\"row\">Origine de fabrication<\/th>\n<td class=\"font-2-b\">\n<ul class=\"characteristics\" data-switch=\"\">\n<li class=\"\">Chine<\/li>\n<\/ul>\n<\/td>\n<\/tr>\n<tr class=\"odd\">\n<th scope=\"row\">Temp\u00e9rature (\u00b0C)<\/th>\n<td class=\"font-2-b\">\n<ul class=\"characteristics\" data-switch=\"\">\n<li class=\"\">Temp\u00e9rature maximale (\u00b0C): 140<\/li>\n<\/ul>\n<\/td>\n<\/tr>\n<tr class=\"\">\n<th scope=\"row\"><b>MINUTERIE<\/b><\/th>\n<td class=\"font-2-b\">\n<ul class=\"characteristics\" data-switch=\"\">\n<li class=\"\"><\/li>\n<\/ul>\n<\/td>\n<\/tr>\n<tr class=\"odd\">\n<th scope=\"row\">Profondeur du produit<\/th>\n<td class=\"font-2-b\">\n<ul class=\"characteristics\" data-switch=\"\">\n<li class=\"\">33,5 cm<\/li>\n<\/ul>\n<\/td>\n<\/tr>\n<tr class=\"\">\n<th scope=\"row\">Largeur<\/th>\n<td class=\"font-2-b\">\n<ul class=\"characteristics\" data-switch=\"\">\n<li class=\"\">41 cm<\/li>\n<\/ul>\n<\/td>\n<\/tr>\n<tr class=\"odd\">\n<th scope=\"row\">Fonctions robot de cuisine \/ blender<\/th>\n<td class=\"font-2-b\">\n<ul class=\"characteristics js-active\" data-switch=\"\">\n<li>\n<ul class=\"characteristics js-active\" data-switch=\"\">\n<li class=\"\">Turbo<\/li>\n<li class=\"\">Cuire<\/li>\n<li class=\"\">Emulsionner<\/li>\n<li class=\"\">Batteur<\/li>\n<li class=\"\">Fouet<\/li>\n<li class=\"more_characteristic\">P\u00e9trin<\/li>\n<li class=\"more_characteristic\">M\u00e9langer<\/li>\n<\/ul>\n<\/li>\n<\/ul>\n<\/td>\n<\/tr>\n<tr class=\"\">\n<th scope=\"row\">Disponibilit\u00e9 des pi\u00e8ces d\u00e9tach\u00e9es<\/th>\n<td class=\"font-2-b\">\n<ul class=\"characteristics\" data-switch=\"\">\n<li class=\"\">10 ans<\/li>\n<\/ul>\n<\/td>\n<\/tr>\n<\/tbody>\n<\/table>","protected":false},"excerpt":{"rendered":"<p class=\"product_section_title font-2-b\">Les points forts :<\/p>\n<ul class=\"product_details_items font-2-l\">\n<li class=\"product_details_item\">Robot cuiseur \u00e0 induction \u2013 Moteur 1500 Watts<\/li>\n<li class=\"product_details_item\">15 fonctions \u2013 6 modes de cuisson + Pulse<\/li>\n<li class=\"product_details_item\">Temp\u00e9rature r\u00e9glable de 20\u00b0C \u00e0 140\u00b0C \u2013 Minuteur 3 heures<\/li>\n<li class=\"product_details_item\">5 accessoires : crochet, fouet, batteur, batteur souple et m\u00e9langeur<\/li>\n<\/ul>","protected":false},"featured_media":10674,"comment_status":"open","ping_status":"closed","template":"","meta":{"inline_featured_image":false,"_joinchat":[]},"product_cat":[122,123],"product_tag":[],"class_list":{"0":"post-10534","1":"product","2":"type-product","3":"status-publish","4":"has-post-thumbnail","6":"product_cat-cuisine-cuisson","7":"product_cat-robot-cuiseur","9":"first","10":"instock","11":"sale","12":"shipping-taxable","13":"purchasable","14":"product-type-simple"},"_links":{"self":[{"href":"https:\/\/kitchtenstore.com\/fr\/wp-json\/wp\/v2\/product\/10534","targetHints":{"allow":["GET"]}}],"collection":[{"href":"https:\/\/kitchtenstore.com\/fr\/wp-json\/wp\/v2\/product"}],"about":[{"href":"https:\/\/kitchtenstore.com\/fr\/wp-json\/wp\/v2\/types\/product"}],"replies":[{"embeddable":true,"href":"https:\/\/kitchtenstore.com\/fr\/wp-json\/wp\/v2\/comments?post=10534"}],"version-history":[{"count":1,"href":"https:\/\/kitchtenstore.com\/fr\/wp-json\/wp\/v2\/product\/10534\/revisions"}],"predecessor-version":[{"id":10678,"href":"https:\/\/kitchtenstore.com\/fr\/wp-json\/wp\/v2\/product\/10534\/revisions\/10678"}],"wp:featuredmedia":[{"embeddable":true,"href":"https:\/\/kitchtenstore.com\/fr\/wp-json\/wp\/v2\/media\/10674"}],"wp:attachment":[{"href":"https:\/\/kitchtenstore.com\/fr\/wp-json\/wp\/v2\/media?parent=10534"}],"wp:term":[{"taxonomy":"product_cat","embeddable":true,"href":"https:\/\/kitchtenstore.com\/fr\/wp-json\/wp\/v2\/product_cat?post=10534"},{"taxonomy":"product_tag","embeddable":true,"href":"https:\/\/kitchtenstore.com\/fr\/wp-json\/wp\/v2\/product_tag?post=10534"}],"curies":[{"name":"wp","href":"https:\/\/api.w.org\/{rel}","templated":true}]}}